{"id":81177,"date":"2026-01-20T22:45:37","date_gmt":"2026-01-20T21:45:37","guid":{"rendered":"https:\/\/lavie.bio\/?post_type=product&#038;p=81177"},"modified":"2026-02-20T12:11:56","modified_gmt":"2026-02-20T11:11:56","slug":"housse-bouteille-1l","status":"publish","type":"product","link":"https:\/\/lavie.bio\/it\/boutique\/produit\/housse-bouteille-1l\/","title":{"rendered":"COPRIBOTTIGLIA DA 1L"},"content":{"rendered":"<p data-start=\"148\" data-end=\"555\">Proteggete e trasportate la vostra bottiglia LAVIE da 1 litro con stile grazie a questa copertura in neoprene nero di alta gamma.<\/p>\n<p data-start=\"148\" data-end=\"555\">Realizzato su misura per adattarsi perfettamente alla bottiglia di vetro borosilicato, combina facilit\u00e0 d'uso e durata.<\/p>\n<p data-start=\"148\" data-end=\"555\">Il neoprene, materiale isolante e resistente, offre una protezione efficace contro gli urti e il deterioramento, mantenendo la temperatura della bevanda.<\/p>\n<p data-start=\"557\" data-end=\"816\">Facile da curare, il coperchio \u00e8 lavabile in lavatrice (programma delicato, colori simili) e si asciuga all'aria per preservarne la qualit\u00e0. \u00c8 completamente intercambiabile, in modo da poter personalizzare la bottiglia in base ai propri gusti.<\/p>","protected":false},"excerpt":{"rendered":"<p><span style=\"font-family: -apple-system, BlinkMacSystemFont, 'Segoe UI', Roboto, 'Helvetica Neue', Arial, 'Noto Sans', sans-serif, 'Apple Color Emoji', 'Segoe UI Emoji', 'Segoe UI Symbol', 'Noto Color Emoji'\">Per il trasporto di bottiglie da 1 litro<\/span><\/p>","protected":false},"featured_media":75510,"template":"","meta":[],"product_brand":[],"product_cat":[719],"product_tag":[],"class_list":{"0":"post-81177","1":"product","2":"type-product","3":"status-publish","4":"has-post-thumbnail","6":"product_cat-accessoires","8":"first","9":"outofstock","10":"taxable","11":"shipping-taxable","12":"purchasable","13":"product-type-simple"},"_links":{"self":[{"href":"https:\/\/lavie.bio\/it\/wp-json\/wp\/v2\/product\/81177","targetHints":{"allow":["GET"]}}],"collection":[{"href":"https:\/\/lavie.bio\/it\/wp-json\/wp\/v2\/product"}],"about":[{"href":"https:\/\/lavie.bio\/it\/wp-json\/wp\/v2\/types\/product"}],"version-history":[{"count":4,"href":"https:\/\/lavie.bio\/it\/wp-json\/wp\/v2\/product\/81177\/revisions"}],"predecessor-version":[{"id":83485,"href":"https:\/\/lavie.bio\/it\/wp-json\/wp\/v2\/product\/81177\/revisions\/83485"}],"wp:featuredmedia":[{"embeddable":true,"href":"https:\/\/lavie.bio\/it\/wp-json\/wp\/v2\/media\/75510"}],"wp:attachment":[{"href":"https:\/\/lavie.bio\/it\/wp-json\/wp\/v2\/media?parent=81177"}],"wp:term":[{"taxonomy":"product_brand","embeddable":true,"href":"https:\/\/lavie.bio\/it\/wp-json\/wp\/v2\/product_brand?post=81177"},{"taxonomy":"product_cat","embeddable":true,"href":"https:\/\/lavie.bio\/it\/wp-json\/wp\/v2\/product_cat?post=81177"},{"taxonomy":"product_tag","embeddable":true,"href":"https:\/\/lavie.bio\/it\/wp-json\/wp\/v2\/product_tag?post=81177"}],"curies":[{"name":"wp","href":"https:\/\/api.w.org\/{rel}","templated":true}]}}