{"id":81171,"date":"2026-01-20T22:40:18","date_gmt":"2026-01-20T21:40:18","guid":{"rendered":"https:\/\/lavie.bio\/?post_type=product&#038;p=81171"},"modified":"2026-01-26T06:50:54","modified_gmt":"2026-01-26T05:50:54","slug":"housse-couleur-bouteille-05l","status":"publish","type":"product","link":"https:\/\/lavie.bio\/it\/boutique\/produit\/housse-couleur-bouteille-05l\/","title":{"rendered":"COPERCHIO PER BOTTIGLIA DA 0,5 L"},"content":{"rendered":"<p data-start=\"148\" data-end=\"555\">Proteggete e trasportate la vostra bottiglia LAVIE 0,5L con stile grazie a queste coloratissime coperture in neoprene di alta gamma.<\/p>\n<p data-start=\"148\" data-end=\"555\">Realizzato su misura per adattarsi perfettamente alla bottiglia di vetro borosilicato, combina facilit\u00e0 d'uso e durata.<\/p>\n<p data-start=\"148\" data-end=\"555\">Il neoprene, materiale isolante e resistente, offre una protezione efficace contro gli urti e il deterioramento, mantenendo la temperatura della bevanda.<\/p>\n<p data-start=\"557\" data-end=\"816\">Facile da curare, il coperchio \u00e8 lavabile in lavatrice (programma delicato, colori simili) e si asciuga all'aria per preservarne la qualit\u00e0. \u00c8 completamente intercambiabile, in modo da poter personalizzare la bottiglia in base ai propri gusti.<\/p>","protected":false},"excerpt":{"rendered":"<p><span style=\"font-family: -apple-system, BlinkMacSystemFont, 'Segoe UI', Roboto, 'Helvetica Neue', Arial, 'Noto Sans', sans-serif, 'Apple Color Emoji', 'Segoe UI Emoji', 'Segoe UI Symbol', 'Noto Color Emoji';\">Per il trasporto delle bottiglie da 0,5L<\/span><\/p>","protected":false},"featured_media":70509,"template":"","meta":[],"product_brand":[],"product_cat":[719],"product_tag":[],"class_list":{"0":"post-81171","1":"product","2":"type-product","3":"status-publish","4":"has-post-thumbnail","6":"product_cat-accessoires","8":"first","9":"instock","10":"taxable","11":"shipping-taxable","12":"purchasable","13":"product-type-variable"},"_links":{"self":[{"href":"https:\/\/lavie.bio\/it\/wp-json\/wp\/v2\/product\/81171","targetHints":{"allow":["GET"]}}],"collection":[{"href":"https:\/\/lavie.bio\/it\/wp-json\/wp\/v2\/product"}],"about":[{"href":"https:\/\/lavie.bio\/it\/wp-json\/wp\/v2\/types\/product"}],"version-history":[{"count":2,"href":"https:\/\/lavie.bio\/it\/wp-json\/wp\/v2\/product\/81171\/revisions"}],"predecessor-version":[{"id":81434,"href":"https:\/\/lavie.bio\/it\/wp-json\/wp\/v2\/product\/81171\/revisions\/81434"}],"wp:featuredmedia":[{"embeddable":true,"href":"https:\/\/lavie.bio\/it\/wp-json\/wp\/v2\/media\/70509"}],"wp:attachment":[{"href":"https:\/\/lavie.bio\/it\/wp-json\/wp\/v2\/media?parent=81171"}],"wp:term":[{"taxonomy":"product_brand","embeddable":true,"href":"https:\/\/lavie.bio\/it\/wp-json\/wp\/v2\/product_brand?post=81171"},{"taxonomy":"product_cat","embeddable":true,"href":"https:\/\/lavie.bio\/it\/wp-json\/wp\/v2\/product_cat?post=81171"},{"taxonomy":"product_tag","embeddable":true,"href":"https:\/\/lavie.bio\/it\/wp-json\/wp\/v2\/product_tag?post=81171"}],"curies":[{"name":"wp","href":"https:\/\/api.w.org\/{rel}","templated":true}]}}