{"id":56301,"date":"2024-08-27T16:32:11","date_gmt":"2024-08-27T14:32:11","guid":{"rendered":"https:\/\/lavie.bio\/?page_id=56301"},"modified":"2026-02-25T07:39:29","modified_gmt":"2026-02-25T06:39:29","slug":"studio-del-depuratore-dacqua-lavie-chloredecone","status":"publish","type":"page","link":"https:\/\/lavie.bio\/it\/notre-technologie\/tests-scientifiques\/etude-purificateur-d-eau-lavie-chloredecone\/","title":{"rendered":"Efficacia del depuratore LAVIE su Chloredecone"},"content":{"rendered":"<div data-elementor-type=\"wp-page\" data-elementor-id=\"56301\" class=\"elementor elementor-56301\" data-elementor-post-type=\"page\">\n\t\t\t\t<div class=\"elementor-element elementor-element-25dd66f e-flex e-con-boxed e-con e-parent\" data-id=\"25dd66f\" data-element_type=\"container\" data-e-type=\"container\">\n\t\t\t\t\t<div class=\"e-con-inner\">\n\t\t\t\t<div class=\"elementor-element elementor-element-0d4bd9d elementor-widget elementor-widget-spacer\" data-id=\"0d4bd9d\" data-element_type=\"widget\" data-e-type=\"widget\" data-widget_type=\"spacer.default\">\n\t\t\t\t\t\t\t<div class=\"elementor-spacer\">\n\t\t\t<div class=\"elementor-spacer-inner\"><\/div>\n\t\t<\/div>\n\t\t\t\t\t\t<\/div>\n\t\t\t\t<div class=\"elementor-element elementor-element-ef24193 elementor-widget elementor-widget-heading\" data-id=\"ef24193\" data-element_type=\"widget\" data-e-type=\"widget\" data-widget_type=\"heading.default\">\n\t\t\t\t\t<h1 class=\"elementor-heading-title elementor-size-default\">Efficacia del depuratore LAVIE su Chloredecone<\/h1>\t\t\t\t<\/div>\n\t\t\t\t\t<\/div>\n\t\t\t\t<\/div>\n\t\t<div class=\"elementor-element elementor-element-3566f1f e-flex e-con-boxed e-con e-parent\" data-id=\"3566f1f\" data-element_type=\"container\" data-e-type=\"container\">\n\t\t\t\t\t<div class=\"e-con-inner\">\n\t\t<div class=\"elementor-element elementor-element-489e7eb e-con-full e-flex e-con e-child\" data-id=\"489e7eb\" data-element_type=\"container\" data-e-type=\"container\">\n\t\t\t\t<div class=\"elementor-element elementor-element-333b5c9 elementor-invisible elementor-widget elementor-widget-image\" data-id=\"333b5c9\" data-element_type=\"widget\" data-e-type=\"widget\" data-settings=\"{&quot;_animation&quot;:&quot;fadeInLeft&quot;}\" data-widget_type=\"image.default\">\n\t\t\t\t\t\t\t\t\t\t\t\t\t\t\t<img decoding=\"async\" src=\"https:\/\/lavie.bio\/wp-content\/uploads\/logo-aix-marseille-universite.svg\" class=\"attachment-large size-large wp-image-2998\" alt=\"Logo dell&#039;universit\u00e0 di Aix Marseille\" \/>\t\t\t\t\t\t\t\t\t\t\t\t\t\t\t<\/div>\n\t\t\t\t<\/div>\n\t\t<div class=\"elementor-element elementor-element-7e41f40 e-con-full e-flex e-con e-child\" data-id=\"7e41f40\" data-element_type=\"container\" data-e-type=\"container\">\n\t\t\t\t<div class=\"elementor-element elementor-element-e385bb5 elementor-widget elementor-widget-image\" data-id=\"e385bb5\" data-element_type=\"widget\" data-e-type=\"widget\" data-widget_type=\"image.default\">\n\t\t\t\t\t\t\t\t\t\t\t\t\t\t\t<img fetchpriority=\"high\" decoding=\"async\" width=\"300\" height=\"168\" src=\"https:\/\/lavie.bio\/wp-content\/uploads\/CNRS-etude-purification-d-eau.jpg\" class=\"attachment-large size-large wp-image-52082\" alt=\"Studio del CNRS sulla depurazione dell&#039;acqua\" srcset=\"https:\/\/lavie.bio\/wp-content\/uploads\/CNRS-etude-purification-d-eau.jpg 300w, https:\/\/lavie.bio\/wp-content\/uploads\/CNRS-etude-purification-d-eau-18x10.jpg 18w\" sizes=\"(max-width: 300px) 100vw, 300px\" \/>\t\t\t\t\t\t\t\t\t\t\t\t\t\t\t<\/div>\n\t\t\t\t<\/div>\n\t\t<div class=\"elementor-element elementor-element-3965cb4 e-con-full e-flex e-con e-child\" data-id=\"3965cb4\" data-element_type=\"container\" data-e-type=\"container\">\n\t\t\t\t<div class=\"elementor-element elementor-element-503f411 elementor-widget elementor-widget-text-editor\" data-id=\"503f411\" data-element_type=\"widget\" data-e-type=\"widget\" data-widget_type=\"text-editor.default\">\n\t\t\t\t\t\t\t\t\tQuesto rapporto scientifico presenta un'analisi dettagliata delle prestazioni del sistema di purificazione dell'acqua LAVIE, con particolare riferimento alla degradazione del clordecone, un pesticida organoclorurato. Ecco una sintesi dei punti chiave del rapporto:\u00a0<a href=\"https:\/\/lavie.bio\/wp-content\/fichiers\/rapport-solable-12-avril.pdf\" target=\"_blank\" rel=\"noopener\">Le prestazioni di purificazione del sistema LAVIE sulla degradazione del clordecone<\/a>\n)\t\t\t\t\t\t\t\t<\/div>\n\t\t\t\t<\/div>\n\t\t\t\t\t<\/div>\n\t\t\t\t<\/div>\n\t\t<div class=\"elementor-element elementor-element-982a6c5 e-flex e-con-boxed e-con e-parent\" data-id=\"982a6c5\" data-element_type=\"container\" data-e-type=\"container\">\n\t\t\t\t\t<div class=\"e-con-inner\">\n\t\t\t\t<div class=\"elementor-element elementor-element-9e0a33c elementor-widget elementor-widget-heading\" data-id=\"9e0a33c\" data-element_type=\"widget\" data-e-type=\"widget\" data-widget_type=\"heading.default\">\n\t\t\t\t\t<h2 class=\"elementor-heading-title elementor-size-default\">Introduzione e obiettivi<\/h2>\t\t\t\t<\/div>\n\t\t\t\t<div class=\"elementor-element elementor-element-737766e elementor-widget elementor-widget-text-editor\" data-id=\"737766e\" data-element_type=\"widget\" data-e-type=\"widget\" data-widget_type=\"text-editor.default\">\n\t\t\t\t\t\t\t\t\t<ul><li><strong>Problemi :<\/strong> La qualit\u00e0 dell'acqua del rubinetto \u00e8 una delle principali preoccupazioni. Il sistema LAVIE mira a fornire acqua pura e di alta qualit\u00e0 eliminando i contaminanti organici e disinfettando l'acqua.<\/li><li><strong>Obiettivo:<\/strong> Dimostrare l'efficacia del sistema LAVIE nell'eliminazione del clordecone* a diverse concentrazioni.<\/li><\/ul>\t\t\t\t\t\t\t\t<\/div>\n\t\t\t\t<div class=\"elementor-element elementor-element-ab994e8 elementor-widget elementor-widget-heading\" data-id=\"ab994e8\" data-element_type=\"widget\" data-e-type=\"widget\" data-widget_type=\"heading.default\">\n\t\t\t\t\t<h2 class=\"elementor-heading-title elementor-size-default\">Materiali e metodi analitici<\/h2>\t\t\t\t<\/div>\n\t\t\t\t<div class=\"elementor-element elementor-element-df38340 elementor-widget elementor-widget-text-editor\" data-id=\"df38340\" data-element_type=\"widget\" data-e-type=\"widget\" data-widget_type=\"text-editor.default\">\n\t\t\t\t\t\t\t\t\t<ul><li><strong>Prodotti e reagenti :<\/strong> Uso di clordecone puro 99% e candeggina (3,6% di cloro attivo).<\/li><li><strong>Preparazione delle soluzioni :<\/strong> Soluzioni preparate con acqua di rubinetto e conservate a 4\u00b0C.<\/li><li><strong>Sistema di purificazione :<\/strong> Sono stati utilizzati due sistemi LAVIE, ciascuno dotato di dieci LED UV-A e di una bottiglia di vetro da 1 L, con tempi di esposizione di 15 e 30 minuti.<\/li><li><strong>Metodi di analisi :<\/strong> Misurazione del cloro libero con un fotometro e analisi della concentrazione di clordecone mediante LC-MS.<\/li><\/ul>\t\t\t\t\t\t\t\t<\/div>\n\t\t\t\t<div class=\"elementor-element elementor-element-7ba2e21 elementor-widget elementor-widget-heading\" data-id=\"7ba2e21\" data-element_type=\"widget\" data-e-type=\"widget\" data-widget_type=\"heading.default\">\n\t\t\t\t\t<h2 class=\"elementor-heading-title elementor-size-default\">Risultati<\/h2>\t\t\t\t<\/div>\n\t\t\t\t<div class=\"elementor-element elementor-element-835c5a4 elementor-widget elementor-widget-heading\" data-id=\"835c5a4\" data-element_type=\"widget\" data-e-type=\"widget\" data-widget_type=\"heading.default\">\n\t\t\t\t\t<h3 class=\"elementor-heading-title elementor-size-default\">1. Esperimenti con alte concentrazioni di clordecone :<\/h3>\t\t\t\t<\/div>\n\t\t\t\t<div class=\"elementor-element elementor-element-e7a4303 elementor-widget elementor-widget-text-editor\" data-id=\"e7a4303\" data-element_type=\"widget\" data-e-type=\"widget\" data-widget_type=\"text-editor.default\">\n\t\t\t\t\t\t\t\t\t<ul><li>Gli esperimenti hanno dimostrato una significativa degradazione del clordecone sotto irradiazione UV-A.<\/li><li>Il cloro libero svolge un ruolo importante nella degradazione, con tassi di rimozione fino a 49%.<\/li><li>Senza l'aggiunta di candeggina, la degradazione rimane significativa a causa del cloro gi\u00e0 presente nell'acqua di rubinetto.<\/li><\/ul>\t\t\t\t\t\t\t\t<\/div>\n\t\t\t\t<div class=\"elementor-element elementor-element-fc46b93 elementor-widget elementor-widget-heading\" data-id=\"fc46b93\" data-element_type=\"widget\" data-e-type=\"widget\" data-widget_type=\"heading.default\">\n\t\t\t\t\t<h3 class=\"elementor-heading-title elementor-size-default\">2. Esperimenti con basse concentrazioni di clordecone :<\/h3>\t\t\t\t<\/div>\n\t\t\t\t<div class=\"elementor-element elementor-element-41c176b elementor-widget elementor-widget-text-editor\" data-id=\"41c176b\" data-element_type=\"widget\" data-e-type=\"widget\" data-widget_type=\"text-editor.default\">\n\t\t\t\t\t\t\t\t\t<ul><li>A concentrazioni inferiori, la fotolisi diretta degrada il 15%.<\/li><li>Con l'aggiunta di cloro libero, la degradazione ha raggiunto 31%, dimostrando l'efficienza combinata della fotolisi e delle reazioni chimiche indotte dal cloro.<\/li><\/ul>\t\t\t\t\t\t\t\t<\/div>\n\t\t\t\t<div class=\"elementor-element elementor-element-15f6f95 elementor-widget elementor-widget-heading\" data-id=\"15f6f95\" data-element_type=\"widget\" data-e-type=\"widget\" data-widget_type=\"heading.default\">\n\t\t\t\t\t<h3 class=\"elementor-heading-title elementor-size-default\">Conclusione<\/h3>\t\t\t\t<\/div>\n\t\t\t\t<div class=\"elementor-element elementor-element-44ac5e2 elementor-widget elementor-widget-text-editor\" data-id=\"44ac5e2\" data-element_type=\"widget\" data-e-type=\"widget\" data-widget_type=\"text-editor.default\">\n\t\t\t\t\t\t\t\t\t<ul><li><strong>Efficienza del sistema LAVIE<\/strong> La tecnologia UV-A di LAVIE \u00e8 efficace nel degradare il clordecone, con tassi di abbattimento fino a 49% a seconda delle condizioni sperimentali.<\/li><li><strong>Meccanismo di degradazione<\/strong> La degradazione \u00e8 dovuta alla fotolisi diretta e alle reazioni chimiche indotte dal cloro libero.<\/li><li><strong>Importanza delle condizioni sperimentali<\/strong> La presenza di cloro libero nell'acqua di rubinetto \u00e8 fondamentale per massimizzare l'efficienza del sistema.<\/li><\/ul>\t\t\t\t\t\t\t\t<\/div>\n\t\t\t\t<div class=\"elementor-element elementor-element-0c0124b elementor-widget elementor-widget-text-editor\" data-id=\"0c0124b\" data-element_type=\"widget\" data-e-type=\"widget\" data-widget_type=\"text-editor.default\">\n\t\t\t\t\t\t\t\t\tQuesto rapporto dimostra che il sistema di purificazione LAVIE \u00e8 una soluzione efficace per rimuovere i contaminanti organici dall'acqua, fornendo acqua di alta qualit\u00e0 per il consumo umano.\t\t\t\t\t\t\t\t<\/div>\n\t\t\t\t<div class=\"elementor-element elementor-element-f7f9997 elementor-widget elementor-widget-heading\" data-id=\"f7f9997\" data-element_type=\"widget\" data-e-type=\"widget\" data-widget_type=\"heading.default\">\n\t\t\t\t\t<h2 class=\"elementor-heading-title elementor-size-default\">Domande e risposte<\/h2>\t\t\t\t<\/div>\n\t\t\t\t<div class=\"elementor-element elementor-element-bd01de8 elementor-widget__width-inherit elementor-widget elementor-widget-toggle\" data-id=\"bd01de8\" data-element_type=\"widget\" data-e-type=\"widget\" data-widget_type=\"toggle.default\">\n\t\t\t\t\t\t\t<div class=\"elementor-toggle\">\n\t\t\t\t\t\t\t<div class=\"elementor-toggle-item\">\n\t\t\t\t\t<h3 id=\"elementor-tab-title-1981\" class=\"elementor-tab-title\" data-tab=\"1\" role=\"button\" aria-controls=\"elementor-tab-content-1981\" aria-expanded=\"false\">\n\t\t\t\t\t\t\t\t\t\t\t\t<span class=\"elementor-toggle-icon elementor-toggle-icon-right\" aria-hidden=\"true\">\n\t\t\t\t\t\t\t\t\t\t\t\t\t\t\t<span class=\"elementor-toggle-icon-closed\"><svg class=\"e-font-icon-svg e-fas-angle-down\" viewbox=\"0 0 320 512\" xmlns=\"http:\/\/www.w3.org\/2000\/svg\"><path d=\"M143 352.3L7 216.3c-9.4-9.4-9.4-24.6 0-33.9l22.6-22.6c9.4-9.4 24.6-9.4 33.9 0l96.4 96.4 96.4-96.4c9.4-9.4 24.6-9.4 33.9 0l22.6 22.6c9.4 9.4 9.4 24.6 0 33.9l-136 136c-9.2 9.4-24.4 9.4-33.8 0z\"><\/path><\/svg><\/span>\n\t\t\t\t\t\t\t\t<span class=\"elementor-toggle-icon-opened\"><svg class=\"elementor-toggle-icon-opened e-font-icon-svg e-fas-angle-up\" viewbox=\"0 0 320 512\" xmlns=\"http:\/\/www.w3.org\/2000\/svg\"><path d=\"M177 159.7l136 136c9.4 9.4 9.4 24.6 0 33.9l-22.6 22.6c-9.4 9.4-24.6 9.4-33.9 0L160 255.9l-96.4 96.4c-9.4 9.4-24.6 9.4-33.9 0L7 329.7c-9.4-9.4-9.4-24.6 0-33.9l136-136c9.4-9.5 24.6-9.5 34-.1z\"><\/path><\/svg><\/span>\n\t\t\t\t\t\t\t\t\t\t\t\t\t<\/span>\n\t\t\t\t\t\t\t\t\t\t\t\t<a class=\"elementor-toggle-title\" tabindex=\"0\">Che cos'\u00e8 il cloredecone?<\/a>\n\t\t\t\t\t<\/h3>\n\n\t\t\t\t\t<div id=\"elementor-tab-content-1981\" class=\"elementor-tab-content elementor-clearfix\" data-tab=\"1\" role=\"region\" aria-labelledby=\"elementor-tab-title-1981\"><p>Il clordecone \u00e8 un pesticida organoclorurato utilizzato principalmente nelle piantagioni di banane per controllare i tonchi delle banane. Estremamente persistente nell'ambiente, ha contaminato il suolo e l'acqua, in particolare in Martinica e Guadalupa. Classificato come probabile cancerogeno, causa disturbi neurologici ed endocrini. Il suo uso \u00e8 stato vietato in Francia nel 1993 e sono in corso sforzi per gestire la contaminazione e proteggere la salute pubblica nelle aree interessate.<\/p><\/div>\n\t\t\t\t<\/div>\n\t\t\t\t\t\t\t<div class=\"elementor-toggle-item\">\n\t\t\t\t\t<h3 id=\"elementor-tab-title-1982\" class=\"elementor-tab-title\" data-tab=\"2\" role=\"button\" aria-controls=\"elementor-tab-content-1982\" aria-expanded=\"false\">\n\t\t\t\t\t\t\t\t\t\t\t\t<span class=\"elementor-toggle-icon elementor-toggle-icon-right\" aria-hidden=\"true\">\n\t\t\t\t\t\t\t\t\t\t\t\t\t\t\t<span class=\"elementor-toggle-icon-closed\"><svg class=\"e-font-icon-svg e-fas-angle-down\" viewbox=\"0 0 320 512\" xmlns=\"http:\/\/www.w3.org\/2000\/svg\"><path d=\"M143 352.3L7 216.3c-9.4-9.4-9.4-24.6 0-33.9l22.6-22.6c9.4-9.4 24.6-9.4 33.9 0l96.4 96.4 96.4-96.4c9.4-9.4 24.6-9.4 33.9 0l22.6 22.6c9.4 9.4 9.4 24.6 0 33.9l-136 136c-9.2 9.4-24.4 9.4-33.8 0z\"><\/path><\/svg><\/span>\n\t\t\t\t\t\t\t\t<span class=\"elementor-toggle-icon-opened\"><svg class=\"elementor-toggle-icon-opened e-font-icon-svg e-fas-angle-up\" viewbox=\"0 0 320 512\" xmlns=\"http:\/\/www.w3.org\/2000\/svg\"><path d=\"M177 159.7l136 136c9.4 9.4 9.4 24.6 0 33.9l-22.6 22.6c-9.4 9.4-24.6 9.4-33.9 0L160 255.9l-96.4 96.4c-9.4 9.4-24.6 9.4-33.9 0L7 329.7c-9.4-9.4-9.4-24.6 0-33.9l136-136c9.4-9.5 24.6-9.5 34-.1z\"><\/path><\/svg><\/span>\n\t\t\t\t\t\t\t\t\t\t\t\t\t<\/span>\n\t\t\t\t\t\t\t\t\t\t\t\t<a class=\"elementor-toggle-title\" tabindex=\"0\">Che cos'\u00e8 un pesticida organoclorurato? <\/a>\n\t\t\t\t\t<\/h3>\n\n\t\t\t\t\t<div id=\"elementor-tab-content-1982\" class=\"elementor-tab-content elementor-clearfix\" data-tab=\"2\" role=\"region\" aria-labelledby=\"elementor-tab-title-1982\">Un pesticida organoclorurato \u00e8 un composto organico contenente cloro, utilizzato per controllare gli insetti nocivi. Questi pesticidi, come il DDT e il clordecone, sono molto stabili e persistenti nell'ambiente, si degradano lentamente e si accumulano nelle catene alimentari. Sebbene siano efficaci, sono potenzialmente cancerogeni e possono causare una serie di problemi di salute, il che li ha portati a essere vietati o strettamente regolamentati in molti Paesi.<\/div>\n\t\t\t\t<\/div>\n\t\t\t\t\t\t\t\t<\/div>\n\t\t\t\t\t\t<\/div>\n\t\t\t\t<div class=\"elementor-element elementor-element-6b1ae84 elementor-widget elementor-widget-spacer\" data-id=\"6b1ae84\" data-element_type=\"widget\" data-e-type=\"widget\" data-widget_type=\"spacer.default\">\n\t\t\t\t\t\t\t<div class=\"elementor-spacer\">\n\t\t\t<div class=\"elementor-spacer-inner\"><\/div>\n\t\t<\/div>\n\t\t\t\t\t\t<\/div>\n\t\t\t\t<div class=\"elementor-element elementor-element-e6bda83 elementor-widget elementor-widget-heading\" data-id=\"e6bda83\" data-element_type=\"widget\" data-e-type=\"widget\" data-widget_type=\"heading.default\">\n\t\t\t\t\t<h2 class=\"elementor-heading-title elementor-size-default\">Altro studio riassunto in francese<\/h2>\t\t\t\t<\/div>\n\t\t\t\t\t<\/div>\n\t\t\t\t<\/div>\n\t\t<div class=\"elementor-element elementor-element-a2fc62e e-flex e-con-boxed e-con e-parent\" data-id=\"a2fc62e\" data-element_type=\"container\" data-e-type=\"container\">\n\t\t\t\t\t<div class=\"e-con-inner\">\n\t\t<div class=\"elementor-element elementor-element-8c461be e-con-full e-flex e-con e-child\" data-id=\"8c461be\" data-element_type=\"container\" data-e-type=\"container\">\n\t\t\t\t<div class=\"elementor-element elementor-element-7c7996a elementor-align-center elementor-widget__width-initial elementor-widget elementor-widget-button\" data-id=\"7c7996a\" data-element_type=\"widget\" data-e-type=\"widget\" data-widget_type=\"button.default\">\n\t\t\t\t\t\t\t\t\t\t<a class=\"elementor-button elementor-button-link elementor-size-sm\" href=\"https:\/\/lavie.bio\/it\/la-nostra-tecnologia\/test-scientifici\/effetto-cloro-prestazioni-di-purificazione\/\" target=\"_blank\">\n\t\t\t\t\t\t<span class=\"elementor-button-content-wrapper\">\n\t\t\t\t\t\t\t\t\t<span class=\"elementor-button-text\">PRESTAZIONI DI DEPURAZIONE: IMPATTO DEL CLORO LIBERO E DELL'OSSIGENO DISCIOLTO<\/span>\n\t\t\t\t\t<\/span>\n\t\t\t\t\t<\/a>\n\t\t\t\t\t\t\t\t<\/div>\n\t\t\t\t<\/div>\n\t\t\t\t\t<\/div>\n\t\t\t\t<\/div>\n\t\t\t\t<\/div>","protected":false},"excerpt":{"rendered":"<p>Efficacit\u00e9 du purificateur d\u2019eau LAVIE sur le Chlored\u00e9cone Ce rapport scientifique pr\u00e9sente une analyse d\u00e9taill\u00e9e de la performance du syst\u00e8me de purification d&#8217;eau LAVIE, en particulier sur la d\u00e9gradation de la chlord\u00e9cone, un pesticide organochlor\u00e9. Voici un r\u00e9sum\u00e9 des points cl\u00e9s du rapport (ici en anglais :\u00a0The purification performance of LAVIE system on the degradation [&hellip;]<\/p>\n","protected":false},"author":3,"featured_media":0,"parent":3389,"menu_order":0,"comment_status":"closed","ping_status":"closed","template":"","meta":{"footnotes":""},"class_list":["post-56301","page","type-page","status-publish","hentry"],"_links":{"self":[{"href":"https:\/\/lavie.bio\/it\/wp-json\/wp\/v2\/pages\/56301","targetHints":{"allow":["GET"]}}],"collection":[{"href":"https:\/\/lavie.bio\/it\/wp-json\/wp\/v2\/pages"}],"about":[{"href":"https:\/\/lavie.bio\/it\/wp-json\/wp\/v2\/types\/page"}],"author":[{"embeddable":true,"href":"https:\/\/lavie.bio\/it\/wp-json\/wp\/v2\/users\/3"}],"replies":[{"embeddable":true,"href":"https:\/\/lavie.bio\/it\/wp-json\/wp\/v2\/comments?post=56301"}],"version-history":[{"count":3,"href":"https:\/\/lavie.bio\/it\/wp-json\/wp\/v2\/pages\/56301\/revisions"}],"predecessor-version":[{"id":83674,"href":"https:\/\/lavie.bio\/it\/wp-json\/wp\/v2\/pages\/56301\/revisions\/83674"}],"up":[{"embeddable":true,"href":"https:\/\/lavie.bio\/it\/wp-json\/wp\/v2\/pages\/3389"}],"wp:attachment":[{"href":"https:\/\/lavie.bio\/it\/wp-json\/wp\/v2\/media?parent=56301"}],"curies":[{"name":"wp","href":"https:\/\/api.w.org\/{rel}","templated":true}]}}