{"id":3366,"date":"2022-11-30T11:35:47","date_gmt":"2022-11-30T11:35:47","guid":{"rendered":"https:\/\/lavie.bio\/?page_id=3366"},"modified":"2025-02-12T17:23:44","modified_gmt":"2025-02-12T16:23:44","slug":"informativa-sulla-privacy","status":"publish","type":"page","link":"https:\/\/lavie.bio\/it\/politique-de-confidentialite\/","title":{"rendered":"Informativa sulla privacy"},"content":{"rendered":"<div data-elementor-type=\"wp-page\" data-elementor-id=\"3366\" class=\"elementor elementor-3366\" data-elementor-post-type=\"page\">\n\t\t\t\t<div class=\"elementor-element elementor-element-db776fe e-flex e-con-boxed e-con e-parent\" data-id=\"db776fe\" data-element_type=\"container\" data-e-type=\"container\">\n\t\t\t\t\t<div class=\"e-con-inner\">\n\t\t\t\t<div class=\"elementor-element elementor-element-a557585 elementor-widget elementor-widget-spacer\" data-id=\"a557585\" data-element_type=\"widget\" data-e-type=\"widget\" data-widget_type=\"spacer.default\">\n\t\t\t\t\t\t\t<div class=\"elementor-spacer\">\n\t\t\t<div class=\"elementor-spacer-inner\"><\/div>\n\t\t<\/div>\n\t\t\t\t\t\t<\/div>\n\t\t\t\t<div class=\"elementor-element elementor-element-65babe3 elementor-widget elementor-widget-heading\" data-id=\"65babe3\" data-element_type=\"widget\" data-e-type=\"widget\" data-widget_type=\"heading.default\">\n\t\t\t\t\t<h1 class=\"elementor-heading-title elementor-size-default\">Informativa sulla privacy<\/h1>\t\t\t\t<\/div>\n\t\t\t\t<div class=\"elementor-element elementor-element-acffded elementor-widget elementor-widget-spacer\" data-id=\"acffded\" data-element_type=\"widget\" data-e-type=\"widget\" data-widget_type=\"spacer.default\">\n\t\t\t\t\t\t\t<div class=\"elementor-spacer\">\n\t\t\t<div class=\"elementor-spacer-inner\"><\/div>\n\t\t<\/div>\n\t\t\t\t\t\t<\/div>\n\t\t\t\t\t<\/div>\n\t\t\t\t<\/div>\n\t\t<div class=\"elementor-element elementor-element-4592510 e-flex e-con-boxed e-con e-parent\" data-id=\"4592510\" data-element_type=\"container\" data-e-type=\"container\">\n\t\t\t\t\t<div class=\"e-con-inner\">\n\t\t\t\t<div class=\"elementor-element elementor-element-8c0e1d9 elementor-widget elementor-widget-text-editor\" data-id=\"8c0e1d9\" data-element_type=\"widget\" data-e-type=\"widget\" data-widget_type=\"text-editor.default\">\n\t\t\t\t\t\t\t\t\t<div id=\"content\" class=\"site-content\"><div class=\"ast-container\"><div id=\"primary\" class=\"content-area primary\"><p>\u00a0<\/p><article id=\"post-3366\" class=\"post-3366 page type-page status-publish has-post-thumbnail ast-article-single\"><div class=\"entry-content clear\"><div class=\"vc_row wpb_row vc_row-fluid\"><div class=\"wpb_column vc_column_container vc_col-sm-12\"><div class=\"vc_column-inner\"><div class=\"wpb_wrapper\"><div class=\"wpb_text_column wpb_content_element\"><div class=\"wpb_wrapper\"><p>Nell'ambito della vendita online dei nostri depuratori, Solable tratta i vostri dati personali su base strettamente necessaria.<\/p><p>Per \"dati personali\" (\"dati personali\") si intendono tutte le informazioni che consentono di identificarvi direttamente o indirettamente.<\/p><p>La riservatezza dei dati personali \u00e8 estremamente importante per Solable, che vuole essere trasparente su come vengono utilizzati i vostri dati personali.<\/p><p>La presente nota legale illustra le condizioni in base alle quali Solable si impegna a rispettare i vostri diritti in materia di dati personali in conformit\u00e0 alle norme applicabili ai dati personali, in particolare :<\/p><p>Regolamento UE 2016\/679 del 27 aprile 2016 (GDPR) relativo alla protezione delle persone fisiche con riguardo al trattamento dei dati personali, nonch\u00e9 alla libera circolazione di tali dati e che abroga la direttiva 95\/46\/CE (Regolamento generale sulla protezione dei dati),<\/p><p>Legge n. 78-17 del 6 gennaio 1978, e successive modifiche, sul trattamento dei dati, sugli archivi di dati e sulle libert\u00e0 individuali e decreto n. 2019-536 del 29 maggio 2019 di attuazione della suddetta legge n. 78-17.<\/p><h2 class=\"title3\">IDENTIT\u00c0 DEL TITOLARE DEL TRATTAMENTO<\/h2><p>Il titolare del trattamento \u00e8 Solable, in qualit\u00e0 di persona giuridica, rappresentata da<\/p><p>Pascal Nuti e Saadi Brahmi co-fondatori<\/p><h2 class=\"title3\">SUBCONTRATTORI<\/h2><p>Solable pu\u00f2 ricorrere a subappaltatori. Solable garantisce di verificare ed esigere che questi subappaltatori presentino garanzie sufficienti in materia di protezione dei dati personali.<\/p><h2 class=\"title3\">FINALIT\u00c0 DEL TRATTAMENTO<\/h2><p>Ogni volta che vengono raccolti i vostri dati personali, indicheremo lo scopo del trattamento in questione. Solable si impegna a raccogliere solo i dati personali strettamente necessari allo scopo del trattamento.<\/p><h2 class=\"title3\">BASE GIURIDICA DEL TRATTAMENTO E SE LA RACCOLTA \u00c8 OBBLIGATORIA O FACOLTATIVA<\/h2><p>Per ogni specifico trattamento di dati personali che raccogliamo da voi, indicheremo la base giuridica di tale trattamento (consenso, adempimento contrattuale, obbligo legale, esecuzione di un compito di interesse pubblico o nell'esercizio di un'autorit\u00e0 ufficiale conferita a Solable).<\/p><p>Verr\u00e0 inoltre specificato se la raccolta dei vostri dati personali \u00e8 obbligatoria o facoltativa, nonch\u00e9 le possibili conseguenze nel caso in cui decidiate di non fornirli.<\/p><p>Se il trattamento si basa sul vostro consenso, potete revocarlo in qualsiasi momento.<\/p><h2 class=\"title3\">DESTINATARI DEI VOSTRI DATI PERSONALI<\/h2><p>Per ogni specifico trattamento di dati personali che Solable raccoglie da voi, Solable vi informer\u00e0 sui destinatari di tali dati. Tali destinatari possono essere i dipartimenti di Solable e i suoi subappaltatori.<\/p><p>I subappaltatori di Solable avranno accesso solo ai dati personali strettamente necessari per l'esecuzione dei servizi in questione e sono contrattualmente obbligati a utilizzare tali dati in conformit\u00e0 alle normative vigenti in materia di dati personali.<\/p><p>Solable si impegna a non trasmettere i vostri dati personali a terzi, ad eccezione dei suoi subappaltatori. In nessun caso Solable vender\u00e0, trasferir\u00e0 o scambier\u00e0 i vostri dati personali a terzi per scopi commerciali.<\/p><h2 class=\"title3\">PERIODO DI CONSERVAZIONE DEI DATI PERSONALI<\/h2><p>La durata della conservazione dei vostri dati personali \u00e8 strettamente legata alla base giuridica del trattamento (contrattuale, legale e regolamentare o altro), alla natura dei dati personali in questione e alla finalit\u00e0 del trattamento.<\/p><p>Per ogni trattamento specifico, Solable vi dir\u00e0 per quanto tempo sar\u00e0 conservato.<\/p><p>Al termine del periodo di conservazione strettamente necessario per la finalit\u00e0 di cui sopra o in caso di esercizio dei Suoi diritti, Solable si impegna a distruggere tutti i Suoi dati personali nei limiti e alle condizioni previste dai propri obblighi legali (si veda il paragrafo \"I Suoi diritti\").<\/p><h2 class=\"title3\">SICUREZZA DEI DATI PERSONALI<\/h2><p>Nell'ambito dell'attuazione delle proprie politiche pubbliche, Solable attribuisce la massima importanza alla sicurezza dei vostri dati personali. Solable si impegna a prendere tutte le precauzioni necessarie e ad attuare misure di sicurezza tecniche e organizzative adeguate per garantire in modo permanente un livello di protezione adeguato ai rischi di violazione della vostra privacy e dei vostri dati personali contro l'alterazione, la distruzione, la violazione e l'accesso non autorizzato.<\/p><p>I dati personali sono memorizzati su server di hosting situati nell'Unione Europea o in paesi terzi il cui livello di sicurezza in materia di protezione dei dati personali \u00e8 equivalente a quello offerto nell'Unione Europea e nello Spazio Economico Europeo.<\/p><p>In conformit\u00e0 alla normativa vigente, Solable tiene un registro delle attivit\u00e0 di trattamento dei dati personali.<\/p><h2 class=\"title3\">I TUOI DIRITTI<\/h2><p class=\"title4\">Diritto di accesso :<\/p><p>Avete il diritto di richiedere informazioni sui dati personali in nostro possesso.<\/p><p class=\"title4\">Il diritto alla portabilit\u00e0 dei dati personali:<\/p><p>Il diritto alla portabilit\u00e0 si applica ai dati trattati automaticamente e raccolti sulla base del vostro consenso preventivo o dell'esecuzione di un contratto.<\/p><p class=\"title4\">Questo diritto di portabilit\u00e0 vi conferisce :<\/p><p>Per recuperare i dati personali forniti dall'utente in un formato strutturato, comunemente utilizzato e leggibile a macchina.<\/p><p>far trasferire i vostri dati personali direttamente a un'altra organizzazione. Si noti che questo diritto al trasferimento non si applica al trattamento necessario per l'esecuzione di un compito svolto nell'interesse pubblico o nell'esercizio di pubblici poteri conferiti al responsabile del trattamento.<\/p><p class=\"title4\">Diritto di rettifica :<\/p><p>L'utente ha il diritto di richiedere la rettifica dei propri dati personali se inesatti, anche per completare i dati personali incompleti.<\/p><p class=\"title4\">Diritto alla cancellazione\/diritto all'oblio:<\/p><p>Avete il diritto di richiedere, in qualsiasi momento, la cancellazione di tutti i vostri dati personali trattati da Solable nei seguenti casi:<\/p><ul><li>I vostri dati personali non sono pi\u00f9 necessari per le finalit\u00e0 per cui sono stati raccolti;<\/li><li>Decidete di revocare il consenso su cui si basa il trattamento e non esiste un'altra base giuridica per il trattamento;<\/li><li>L'utente si oppone al trattamento e non sussistono motivi legittimi cogenti per il trattamento;<\/li><li>I vostri dati personali sono stati trattati illegalmente;<\/li><li>Siamo obbligati per legge a cancellare i vostri dati personali.<\/li><\/ul><p>Tuttavia, tali obblighi non si applicano nella misura in cui il trattamento dei dati \u00e8 necessario:<\/p><ul><li>L'esercizio del diritto alla libert\u00e0 di espressione e di informazione ;<\/li><li>Per adempiere a un obbligo legale a cui il titolare del trattamento \u00e8 soggetto;<\/li><li>Per eseguire un compito svolto nell'interesse pubblico o nell'esercizio dei poteri ufficiali conferiti al responsabile del trattamento;<\/li><li>Per motivi di interesse pubblico nel campo della salute pubblica ;<\/li><li>Per scopi di archiviazione nel pubblico interesse, per la ricerca scientifica o storica o per scopi statistici;<\/li><li>Per stabilire, esercitare o difendere diritti legali.<\/li><\/ul><p class=\"title4\">Diritto di opporsi al trattamento dei dati:<\/p><p>Avete il diritto di opporvi in qualsiasi momento al trattamento dei vostri dati personali, a meno che Solable non dimostri l'esistenza di motivi legittimi impellenti per il trattamento.<\/p><p class=\"title4\">Diritto di limitare il trattamento:<\/p><p>Avete il diritto di chiedere a Solable di limitare l'uso dei vostri dati personali nelle seguenti circostanze:<\/p><ul><li>L'utente contesta l'accuratezza dei propri dati personali;<\/li><li>Il trattamento \u00e8 illecito e l'utente si oppone alla loro cancellazione e chiede invece che ne venga limitato l'uso;<\/li><li>Solable non ha pi\u00f9 bisogno dei vostri dati personali per l'elaborazione, ma sono ancora necessari per stabilire, esercitare o difendere rivendicazioni legali,<\/li><li>Vi siete opposti al trattamento durante la verifica dell'esistenza di motivi legittimi per continuare il trattamento.<\/li><\/ul><p class=\"title4\">Diritto a non essere sottoposti a una decisione individuale, compresa la profilazione:<\/p><p>Avete il diritto di non essere sottoposti a una decisione basata esclusivamente sul trattamento automatizzato, compresa la profilazione, che produca effetti giuridici nei vostri confronti o che vi riguardi in modo significativo.<\/p><p class=\"title4\">Diritto di reclamo a un'autorit\u00e0 di controllo :<\/p><p>Se ritenete che il trattamento dei vostri dati personali costituisca una violazione della normativa vigente, potete presentare un reclamo alla Commission nationale de l'informatique et des libert\u00e9s (CNIL).<\/p><h2 class=\"title3\">ESERCITARE I PROPRI DIRITTI<\/h2><p>\u00c8 possibile contattare Solable per posta:<\/p><p>8, avenue Fernand Julien - Z.A. de Bertoire - 13410 Lambesc - Francia<\/p><p>o via e-mail: contact@lavie.bio<\/p><h2 class=\"title3\">RISERVATEZZA DEI DATI PERSONALI<\/h2><p>Solable garantisce la riservatezza dei vostri dati personali e assicura che anche le persone autorizzate al trattamento si impegnino a rispettare tale obbligo di riservatezza.<\/p><p>I dati personali possono essere utilizzati per personalizzare gli annunci pubblicitari e i cookie possono essere utilizzati per visualizzare annunci pubblicitari (personalizzati o meno).<\/p><p class=\"title4\">Google :<\/p><p>Informativa sulla privacy e condizioni d'uso di Google<\/p><p class=\"title4\">Klavyio, email marketing :<\/p><p>Informativa sulla privacy e condizioni d'uso di Klavyio<\/p><\/div><\/div><\/div><\/div><\/div><\/div><\/div><\/article><p>\u00a0<\/p><\/div><\/div><\/div><div id=\"astra-mobile-cart-drawer\" class=\"astra-cart-drawer\"><div class=\"astra-cart-drawer-content\"><div class=\"widget woocommerce widget_shopping_cart\"><div class=\"widget_shopping_cart_content\"><p class=\"woocommerce-mini-cart__buttons buttons\">\u00a0<\/p><\/div><\/div><\/div><\/div><footer id=\"colophon\" class=\"site-footer\"><div class=\"site-above-footer-wrap ast-builder-grid-row-container site-footer-focus-item ast-builder-grid-row-full ast-builder-grid-row-tablet-full ast-builder-grid-row-mobile-full ast-footer-row-stack ast-footer-row-tablet-stack ast-footer-row-mobile-stack\" data-section=\"section-above-footer-builder\"><div class=\"ast-builder-grid-row-container-inner\"><div class=\"ast-builder-footer-grid-columns site-above-footer-inner-wrap ast-builder-grid-row\"><div class=\"site-footer-above-section-1 site-footer-section site-footer-section-1\"><aside class=\"footer-widget-area widget-area site-footer-focus-item footer-widget-area-inner\" data-section=\"sidebar-widgets-footer-widget-2\" aria-label=\"Widget del pi\u00e8 di pagina 2\"><section id=\"custom_html-17\" class=\"widget_text widget widget_custom_html\"><div class=\"textwidget custom-html-widget\">\u00a0<\/div><\/section><\/aside><\/div><\/div><\/div><\/div><\/footer>\t\t\t\t\t\t\t\t<\/div>\n\t\t\t\t\t<\/div>\n\t\t\t\t<\/div>\n\t\t<div class=\"elementor-element elementor-element-65b1ace e-flex e-con-boxed e-con e-parent\" data-id=\"65b1ace\" data-element_type=\"container\" data-e-type=\"container\">\n\t\t\t\t\t<div class=\"e-con-inner\">\n\t\t\t\t<div class=\"elementor-element elementor-element-20185c0 elementor-widget elementor-widget-spacer\" data-id=\"20185c0\" data-element_type=\"widget\" data-e-type=\"widget\" data-widget_type=\"spacer.default\">\n\t\t\t\t\t\t\t<div class=\"elementor-spacer\">\n\t\t\t<div class=\"elementor-spacer-inner\"><\/div>\n\t\t<\/div>\n\t\t\t\t\t\t<\/div>\n\t\t\t\t\t<\/div>\n\t\t\t\t<\/div>\n\t\t\t\t<\/div>","protected":false},"excerpt":{"rendered":"<p>Politique de confidentialit\u00e9 \u00a0 Dans ce cadre de la vente en ligne de nos purificateurs, la soci\u00e9t\u00e9 Solable est amen\u00e9e \u00e0 traiter vos donn\u00e9es personnelles strictement n\u00e9cessaires. Les \u00ab donn\u00e9es \u00e0 caract\u00e8re personnel \u00bb (\u00ab donn\u00e9es personnelles \u00bb) sont les informations qui permettent de vous identifier directement ou indirectement. La confidentialit\u00e9 des donn\u00e9es personnelles est [&hellip;]<\/p>\n","protected":false},"author":3,"featured_media":3186,"parent":0,"menu_order":200,"comment_status":"closed","ping_status":"closed","template":"","meta":{"footnotes":""},"class_list":["post-3366","page","type-page","status-publish","has-post-thumbnail","hentry"],"_links":{"self":[{"href":"https:\/\/lavie.bio\/it\/wp-json\/wp\/v2\/pages\/3366","targetHints":{"allow":["GET"]}}],"collection":[{"href":"https:\/\/lavie.bio\/it\/wp-json\/wp\/v2\/pages"}],"about":[{"href":"https:\/\/lavie.bio\/it\/wp-json\/wp\/v2\/types\/page"}],"author":[{"embeddable":true,"href":"https:\/\/lavie.bio\/it\/wp-json\/wp\/v2\/users\/3"}],"replies":[{"embeddable":true,"href":"https:\/\/lavie.bio\/it\/wp-json\/wp\/v2\/comments?post=3366"}],"version-history":[{"count":0,"href":"https:\/\/lavie.bio\/it\/wp-json\/wp\/v2\/pages\/3366\/revisions"}],"wp:featuredmedia":[{"embeddable":true,"href":"https:\/\/lavie.bio\/it\/wp-json\/wp\/v2\/media\/3186"}],"wp:attachment":[{"href":"https:\/\/lavie.bio\/it\/wp-json\/wp\/v2\/media?parent=3366"}],"curies":[{"name":"wp","href":"https:\/\/api.w.org\/{rel}","templated":true}]}}