{"id":3274,"date":"2022-11-30T06:59:31","date_gmt":"2022-11-30T06:59:31","guid":{"rendered":"https:\/\/lavie.bio\/?page_id=3274"},"modified":"2025-01-07T13:31:43","modified_gmt":"2025-01-07T12:31:43","slug":"avviso","status":"publish","type":"page","link":"https:\/\/lavie.bio\/it\/notice\/","title":{"rendered":"Foglio informativo"},"content":{"rendered":"<p>[vc_row el_class=&#8221;nopadbot&#8221; css=&#8221;.vc_custom_1665930931022{margin-bottom: 30px !important;}&#8221;][vc_column][vc_column_text]<\/p>\n<h1 class=\"title tcenter\">T\u00e9l\u00e9charger la notice<\/h1>\n<p>[\/vc_column_text][vc_column_text]<\/p>\n<h2 class=\"title2 tcenter\">LaVie PURE, 2GO, PREMIUM XL<\/h2>\n<p>[\/vc_column_text][vc_single_image image=&#8221;3024&#8243; img_size=&#8221;full&#8221; alignment=&#8221;center&#8221; el_class=&#8221;imgnotice&#8221;][vc_column_text]<\/p>\n<p class=\"title1 blue tcenter\">\u2013 Ne pas remplir la bouteille \u00e0 ras bord<br \/>\n\u2013 Essuyer l\u2019ext\u00e9rieur de la bouteille avant de l\u2019ins\u00e9rer dans le purificateur<br \/>\n\u2013 Les purificateurs sont uniquement compatibles avec des bouteilles en verre<\/p>\n<p>[\/vc_column_text][vc_tta_tabs active_section=&#8221;1&#8243; el_class=&#8221;tabsnotice&#8221;][vc_tta_section title=&#8221;Fran\u00e7ais&#8221; tab_id=&#8221;1671029979637-79447214-881e&#8221;][vc_row_inner el_class=&#8221;notice&#8221;][vc_column_inner][vc_btn title=&#8221;T\u00e9l\u00e9charger la notice&#8221; align=&#8221;center&#8221; link=&#8221;url:%2Fwp-content%2Ffichiers%2Flavie-notice-fr.pdf|target:_blank&#8221; el_class=&#8221;btn&#8221;][vc_btn title=&#8221;T\u00e9l\u00e9charger la notice imprimable&#8221; align=&#8221;center&#8221; link=&#8221;url:%2Fwp-content%2Ffichiers%2Flavie-notice-fr-a4.pdf|target:_blank&#8221; el_class=&#8221;btn&#8221;][\/vc_column_inner][\/vc_row_inner][\/vc_tta_section][vc_tta_section title=&#8221;English&#8221; tab_id=&#8221;1671029979682-6fa34ec2-65aa&#8221;][vc_row_inner el_class=&#8221;notice&#8221;][vc_column_inner][vc_btn title=&#8221;Download user manual&#8221; align=&#8221;center&#8221; link=&#8221;url:%2Fwp-content%2Ffichiers%2Flavie-notice-en.pdf|target:_blank&#8221; el_class=&#8221;btn&#8221;][\/vc_column_inner][\/vc_row_inner][\/vc_tta_section][vc_tta_section title=&#8221;Deutsch&#8221; tab_id=&#8221;1671029979713-7215d62a-09a3&#8243;][vc_row_inner el_class=&#8221;notice&#8221;][vc_column_inner][vc_btn title=&#8221;Die brosch\u00fcre herunterladen&#8221; align=&#8221;center&#8221; link=&#8221;url:%2Fwp-content%2Ffichiers%2Flavie-notice-de.pdf|target:_blank&#8221; el_class=&#8221;btn&#8221;][\/vc_column_inner][\/vc_row_inner][\/vc_tta_section][vc_tta_section title=&#8221;Espa\u00f1ola&#8221; tab_id=&#8221;1671029979740-e66a0378-00a9&#8243;][vc_row_inner el_class=&#8221;notice&#8221;][vc_column_inner][vc_btn title=&#8221;Descargar el folleto&#8221; align=&#8221;center&#8221; link=&#8221;url:%2Fwp-content%2Ffichiers%2Flavie-notice-es.pdf|target:_blank&#8221; el_class=&#8221;btn&#8221;][\/vc_column_inner][\/vc_row_inner][\/vc_tta_section][vc_tta_section title=&#8221;Italiano&#8221; tab_id=&#8221;1671029979769-9a1fb5d1-a19b&#8221;][vc_row_inner el_class=&#8221;notice&#8221;][vc_column_inner][vc_btn title=&#8221;Scarica il volantino&#8221; align=&#8221;center&#8221; link=&#8221;url:%2Fwp-content%2Ffichiers%2Flavie-notice-it.pdf|target:_blank&#8221; el_class=&#8221;btn&#8221;][\/vc_column_inner][\/vc_row_inner][\/vc_tta_section][vc_tta_section title=&#8221;Nederlands&#8221; tab_id=&#8221;1671029979801-cb93c887-7243&#8243;][vc_row_inner el_class=&#8221;notice&#8221;][vc_column_inner][vc_btn title=&#8221;De folder downloaden&#8221; align=&#8221;center&#8221; link=&#8221;url:%2Fwp-content%2Ffichiers%2Flavie-notice-nl.pdf|target:_blank&#8221; el_class=&#8221;btn&#8221;][\/vc_column_inner][\/vc_row_inner][\/vc_tta_section][\/vc_tta_tabs][vc_separator el_class=&#8221;line&#8221;][vc_column_text]<\/p>\n<h2 class=\"title2 tcenter\">LaFontaine<\/h2>\n<p>[\/vc_column_text][vc_single_image image=&#8221;13808&#8243; img_size=&#8221;full&#8221; alignment=&#8221;center&#8221; el_class=&#8221;imgnotice&#8221;][vc_row_inner css=&#8221;.vc_custom_1671035892609{margin-bottom: 30px !important;}&#8221; el_class=&#8221;notice&#8221;][vc_column_inner][vc_btn title=&#8221;T\u00e9l\u00e9charger la notice&#8221; align=&#8221;center&#8221; link=&#8221;url:%2Fwp-content%2Ffichiers%2Flavie-notice-lafontaine-fr.pdf|target:_blank&#8221; el_class=&#8221;btn&#8221;][vc_btn title=&#8221;T\u00e9l\u00e9charger la notice imprimable&#8221; align=&#8221;center&#8221; link=&#8221;url:%2Fwp-content%2Ffichiers%2Flavie-notice-lafontaine-a4.pdf|target:_blank&#8221; el_class=&#8221;btn&#8221;][\/vc_column_inner][\/vc_row_inner][vc_column_text]<\/p>\n<h2 class=\"title2 tcenter blue\">0 d\u00e9chet dans nos emballages<\/h2>\n<p class=\"tcenter\">Fabriqu\u00e9s en carton 100% recyclable, les emballages des purificateurs d\u2019eau LaVie\u00ae ne contiennent ni plastique, ni notice imprim\u00e9e. Vous pouvez t\u00e9l\u00e9charger ici les notices d\u2019utilisation de votre purificateur en choisissant la langue souhait\u00e9e.<\/p>\n<p>[\/vc_column_text][\/vc_column][\/vc_row]<\/p>\n","protected":false},"excerpt":{"rendered":"<p>[vc_row el_class=&#8221;nopadbot&#8221; css=&#8221;.vc_custom_1665930931022{margin-bottom: 30px !important;}&#8221;][vc_column][vc_column_text] T\u00e9l\u00e9charger la notice [\/vc_column_text][vc_column_text] LaVie PURE, 2GO, PREMIUM XL [\/vc_column_text][vc_single_image image=&#8221;3024&#8243; img_size=&#8221;full&#8221; alignment=&#8221;center&#8221; el_class=&#8221;imgnotice&#8221;][vc_column_text] \u2013 Ne pas remplir la bouteille \u00e0 ras bord \u2013 Essuyer l\u2019ext\u00e9rieur de la bouteille avant de l\u2019ins\u00e9rer dans le purificateur \u2013 Les purificateurs sont uniquement compatibles avec des bouteilles en verre [\/vc_column_text][vc_tta_tabs active_section=&#8221;1&#8243; el_class=&#8221;tabsnotice&#8221;][vc_tta_section title=&#8221;Fran\u00e7ais&#8221; [&hellip;]<\/p>\n","protected":false},"author":3,"featured_media":3186,"parent":0,"menu_order":55,"comment_status":"closed","ping_status":"closed","template":"","meta":{"footnotes":""},"class_list":["post-3274","page","type-page","status-publish","has-post-thumbnail","hentry"],"_links":{"self":[{"href":"https:\/\/lavie.bio\/it\/wp-json\/wp\/v2\/pages\/3274","targetHints":{"allow":["GET"]}}],"collection":[{"href":"https:\/\/lavie.bio\/it\/wp-json\/wp\/v2\/pages"}],"about":[{"href":"https:\/\/lavie.bio\/it\/wp-json\/wp\/v2\/types\/page"}],"author":[{"embeddable":true,"href":"https:\/\/lavie.bio\/it\/wp-json\/wp\/v2\/users\/3"}],"replies":[{"embeddable":true,"href":"https:\/\/lavie.bio\/it\/wp-json\/wp\/v2\/comments?post=3274"}],"version-history":[{"count":0,"href":"https:\/\/lavie.bio\/it\/wp-json\/wp\/v2\/pages\/3274\/revisions"}],"wp:featuredmedia":[{"embeddable":true,"href":"https:\/\/lavie.bio\/it\/wp-json\/wp\/v2\/media\/3186"}],"wp:attachment":[{"href":"https:\/\/lavie.bio\/it\/wp-json\/wp\/v2\/media?parent=3274"}],"curies":[{"name":"wp","href":"https:\/\/api.w.org\/{rel}","templated":true}]}}