{"id":3269,"date":"2022-11-30T06:49:46","date_gmt":"2022-11-30T06:49:46","guid":{"rendered":"https:\/\/lavie.bio\/?page_id=3269"},"modified":"2025-02-12T17:22:53","modified_gmt":"2025-02-12T16:22:53","slug":"mentions-legales","status":"publish","type":"page","link":"https:\/\/lavie.bio\/it\/mentions-legales\/","title":{"rendered":"Informazioni legali"},"content":{"rendered":"<div data-elementor-type=\"wp-page\" data-elementor-id=\"3269\" class=\"elementor elementor-3269\" data-elementor-post-type=\"page\">\n\t\t\t\t<div class=\"elementor-element elementor-element-fea6dbb e-flex e-con-boxed e-con e-parent\" data-id=\"fea6dbb\" data-element_type=\"container\" data-e-type=\"container\">\n\t\t\t\t\t<div class=\"e-con-inner\">\n\t\t\t\t<div class=\"elementor-element elementor-element-65e25de elementor-widget elementor-widget-spacer\" data-id=\"65e25de\" data-element_type=\"widget\" data-e-type=\"widget\" data-widget_type=\"spacer.default\">\n\t\t\t\t\t\t\t<div class=\"elementor-spacer\">\n\t\t\t<div class=\"elementor-spacer-inner\"><\/div>\n\t\t<\/div>\n\t\t\t\t\t\t<\/div>\n\t\t\t\t<div class=\"elementor-element elementor-element-80d9686 elementor-widget elementor-widget-heading\" data-id=\"80d9686\" data-element_type=\"widget\" data-e-type=\"widget\" data-widget_type=\"heading.default\">\n\t\t\t\t\t<h1 class=\"elementor-heading-title elementor-size-default\">Informazioni legali<\/h1>\t\t\t\t<\/div>\n\t\t\t\t\t<\/div>\n\t\t\t\t<\/div>\n\t\t<div class=\"elementor-element elementor-element-17b601a e-flex e-con-boxed e-con e-parent\" data-id=\"17b601a\" data-element_type=\"container\" data-e-type=\"container\">\n\t\t\t\t\t<div class=\"e-con-inner\">\n\t\t\t\t<div class=\"elementor-element elementor-element-9b10003 elementor-widget elementor-widget-spacer\" data-id=\"9b10003\" data-element_type=\"widget\" data-e-type=\"widget\" data-widget_type=\"spacer.default\">\n\t\t\t\t\t\t\t<div class=\"elementor-spacer\">\n\t\t\t<div class=\"elementor-spacer-inner\"><\/div>\n\t\t<\/div>\n\t\t\t\t\t\t<\/div>\n\t\t\t\t<div class=\"elementor-element elementor-element-2a72df4 elementor-widget elementor-widget-text-editor\" data-id=\"2a72df4\" data-element_type=\"widget\" data-e-type=\"widget\" data-widget_type=\"text-editor.default\">\n\t\t\t\t\t\t\t\t\t<div id=\"content\" class=\"site-content\"><div class=\"ast-container\"><div id=\"primary\" class=\"content-area primary\"><div id=\"content\" class=\"site-content\"><div class=\"ast-container\"><div id=\"primary\" class=\"content-area primary\"><article id=\"post-3269\" class=\"post-3269 page type-page status-publish has-post-thumbnail ast-article-single\"><div class=\"entry-content clear\"><div class=\"vc_row wpb_row vc_row-fluid\"><div class=\"wpb_column vc_column_container vc_col-sm-12\"><div class=\"vc_column-inner\"><div class=\"wpb_wrapper\"><div class=\"wpb_text_column wpb_content_element\"><div class=\"wpb_wrapper\"><h2 class=\"title3\">AVVISI LEGALI\u00a0<\/h2><p>Solubile (LaVie)<br \/>8 AV FERNAND JULIEN 13410 LAMBESC<br \/>SAS con capitale sociale di 13500 euro<br \/>Registrato presso la RCS il 02-06-2015<br \/>811565803<\/p><h2 class=\"title3\">COPYRIGHT - DIRITTI D'AUTORE<\/h2><p>L'intero sito \u00e8 soggetto alla legislazione francese e internazionale sul diritto d'autore e sulla propriet\u00e0 intellettuale. Tutti i diritti di riproduzione sono riservati, compresi i documenti scaricabili e le rappresentazioni iconografiche e fotografiche.<\/p><p>La riproduzione totale o parziale di questo sito su qualsiasi supporto elettronico \u00e8 severamente vietata senza l'espressa autorizzazione del direttore della pubblicazione.<\/p><p>I testi di questo sito possono essere riprodotti su carta per uso personale o didattico a determinate condizioni:<\/p><h2 class=\"title3\">DISTRIBUZIONE GRATUITA<\/h2><p>Rispetto dell'integrit\u00e0 dei documenti riprodotti: nessuna modifica o alterazione di alcun tipo;<\/p><p>Citazione chiara e visibile della fonte di informazione nella forma seguente, ad esempio :<\/p><p>\"Questo documento \u00e8 stato tratto dal sito web www.lavie.bio.<\/p><p>L'indirizzo Internet deve comparire nel riferimento. Per altri usi, contattateci.<\/p><p>\u00c8 vietata la riproduzione di testi, tabelle, grafici, foto, ecc. di questo sito su supporti cartacei o elettronici:<\/p><ul><li>Per scopi commerciali o di distribuzione.<\/li><li>L'estrazione ripetuta o sistematica di materiale protetto o non protetto dal sito web www.lavie.bio, causandogli qualsiasi danno.<\/li><li>Attraverso i link. In particolare, quando una pagina del sito www.lavie.bio viene presentata in cornici che non appartengono al sito www.lavie.bio, utilizzando tecniche di \"framing\", o quando un elemento viene utilizzato in un sito esterno utilizzando tecniche di \"in-line linking\".<\/li><\/ul><h2 class=\"title3\">MODIFICA DEL SITO<\/h2><p>Solable si riserva il diritto di modificare o correggere il contenuto di questo sito e di questa nota legale in qualsiasi momento e senza preavviso.<\/p><h2 class=\"title3\">COMUNICAZIONI CON GLI UTENTI<\/h2><p>\u00c8 espressamente vietato registrare o trasmettere a questo sito o al suo interno comunicazioni illegali, minacciose, ingiuriose, diffamatorie, oscene, pornografiche o che contravvengano alle leggi nazionali, europee o internazionali, con qualsiasi mezzo (e-mail o file video, ecc.).<\/p><h2 class=\"title3\">LINK AD ALTRI SITI WEB<\/h2><p>I link ad altri siti web presenti in questo sito sono forniti esclusivamente per fornire all'utente le informazioni pi\u00f9 complete. Utilizzando questi link, lascerete il sito www.lavie.bio. Solable ha controllato la pagina a cui rimanda il link attivo, ma non ha alcun controllo o responsabilit\u00e0 su questi siti o sul loro contenuto.<\/p><p>Per questo motivo, Solable declina ogni responsabilit\u00e0 riguardo a questi siti o alle informazioni in essi contenute, al software o ad altri documenti in essi presenti o alle conseguenze del loro utilizzo. Se decidete di accedere a siti esterni collegati al nostro sito, lo fate a vostro rischio e pericolo.<\/p><h2 class=\"title3\">ESENZIONE DI RESPONSABILIT\u00c0<\/h2><p>\u00c8 responsabilit\u00e0 degli utenti di questo sito adottare tutte le misure appropriate per proteggere i propri dati e\/o software dalla contaminazione di eventuali virus in circolazione su Internet.<\/p><p>Solable non potr\u00e0 essere ritenuta responsabile di eventuali danni diretti o indiretti derivanti dall'utilizzo del suo sito Internet o di altri siti ad esso collegati, in particolare a causa del mancato accesso al suo sito, di malfunzionamenti legati alla rete Internet, all'host del sito o all'host di una parte del sito o all'interruzione del servizio per manutenzione o aggiornamento.<\/p><p>Questo sito web \u00e8 regolato dalla legge francese.<\/p><\/div><\/div><\/div><\/div><\/div><\/div><\/div><\/article><\/div><\/div><\/div><\/div><\/div><\/div>\t\t\t\t\t\t\t\t<\/div>\n\t\t\t\t\t<\/div>\n\t\t\t\t<\/div>\n\t\t<div class=\"elementor-element elementor-element-b55df53 e-flex e-con-boxed e-con e-parent\" data-id=\"b55df53\" data-element_type=\"container\" data-e-type=\"container\">\n\t\t\t\t\t<div class=\"e-con-inner\">\n\t\t\t\t<div class=\"elementor-element elementor-element-8afa726 elementor-widget elementor-widget-spacer\" data-id=\"8afa726\" data-element_type=\"widget\" data-e-type=\"widget\" data-widget_type=\"spacer.default\">\n\t\t\t\t\t\t\t<div class=\"elementor-spacer\">\n\t\t\t<div class=\"elementor-spacer-inner\"><\/div>\n\t\t<\/div>\n\t\t\t\t\t\t<\/div>\n\t\t\t\t\t<\/div>\n\t\t\t\t<\/div>\n\t\t\t\t<\/div>","protected":false},"excerpt":{"rendered":"<p>Mentions L\u00e9gales MENTIONS L\u00c9GALES\u00a0 Solable (LaVie)8 AV FERNAND JULIEN 13410 LAMBESCSAS au capital social de 13500\u20acImmatricul\u00e9e au RCS le 02-06-2015811565803 DROITS D\u2019AUTEUR \u2013 COPYRIGHT L\u2019ensemble de ce site rel\u00e8ve de la l\u00e9gislation fran\u00e7aise et internationale sur le droit d\u2019auteur et la propri\u00e9t\u00e9 intellectuelle. Tous les droits de reproduction sont r\u00e9serv\u00e9s, y compris les documents t\u00e9l\u00e9chargeables [&hellip;]<\/p>\n","protected":false},"author":3,"featured_media":3186,"parent":0,"menu_order":200,"comment_status":"closed","ping_status":"closed","template":"elementor_header_footer","meta":{"footnotes":""},"class_list":["post-3269","page","type-page","status-publish","has-post-thumbnail","hentry"],"_links":{"self":[{"href":"https:\/\/lavie.bio\/it\/wp-json\/wp\/v2\/pages\/3269","targetHints":{"allow":["GET"]}}],"collection":[{"href":"https:\/\/lavie.bio\/it\/wp-json\/wp\/v2\/pages"}],"about":[{"href":"https:\/\/lavie.bio\/it\/wp-json\/wp\/v2\/types\/page"}],"author":[{"embeddable":true,"href":"https:\/\/lavie.bio\/it\/wp-json\/wp\/v2\/users\/3"}],"replies":[{"embeddable":true,"href":"https:\/\/lavie.bio\/it\/wp-json\/wp\/v2\/comments?post=3269"}],"version-history":[{"count":0,"href":"https:\/\/lavie.bio\/it\/wp-json\/wp\/v2\/pages\/3269\/revisions"}],"wp:featuredmedia":[{"embeddable":true,"href":"https:\/\/lavie.bio\/it\/wp-json\/wp\/v2\/media\/3186"}],"wp:attachment":[{"href":"https:\/\/lavie.bio\/it\/wp-json\/wp\/v2\/media?parent=3269"}],"curies":[{"name":"wp","href":"https:\/\/api.w.org\/{rel}","templated":true}]}}