{"id":3265,"date":"2022-11-30T06:45:29","date_gmt":"2022-11-30T06:45:29","guid":{"rendered":"https:\/\/lavie.bio\/?page_id=3265"},"modified":"2025-10-24T15:02:12","modified_gmt":"2025-10-24T13:02:12","slug":"registrazione","status":"publish","type":"page","link":"https:\/\/lavie.bio\/it\/enregistrement\/","title":{"rendered":"Registrazione"},"content":{"rendered":"<div data-elementor-type=\"wp-page\" data-elementor-id=\"3265\" class=\"elementor elementor-3265\" data-elementor-post-type=\"page\">\n\t\t\t\t\t\t<section class=\"elementor-section elementor-top-section elementor-element elementor-element-56d7974 elementor-section-boxed elementor-section-height-default elementor-section-height-default\" data-id=\"56d7974\" data-element_type=\"section\" data-e-type=\"section\">\n\t\t\t\t\t\t<div class=\"elementor-container elementor-column-gap-default\">\n\t\t\t\t\t<div class=\"elementor-column elementor-col-100 elementor-top-column elementor-element elementor-element-84bec35\" data-id=\"84bec35\" data-element_type=\"column\" data-e-type=\"column\">\n\t\t\t<div class=\"elementor-widget-wrap elementor-element-populated\">\n\t\t\t\t\t\t<div class=\"elementor-element elementor-element-c3fecc2 elementor-widget elementor-widget-spacer\" data-id=\"c3fecc2\" data-element_type=\"widget\" data-e-type=\"widget\" data-widget_type=\"spacer.default\">\n\t\t\t\t\t\t\t<div class=\"elementor-spacer\">\n\t\t\t<div class=\"elementor-spacer-inner\"><\/div>\n\t\t<\/div>\n\t\t\t\t\t\t<\/div>\n\t\t\t\t<div class=\"elementor-element elementor-element-126be8a elementor-widget elementor-widget-heading\" data-id=\"126be8a\" data-element_type=\"widget\" data-e-type=\"widget\" data-widget_type=\"heading.default\">\n\t\t\t\t\t<h1 class=\"elementor-heading-title elementor-size-small\">Voglio registrarmi<\/h1>\t\t\t\t<\/div>\n\t\t\t\t<div class=\"elementor-element elementor-element-239f55e elementor-widget-divider--view-line elementor-widget elementor-widget-divider\" data-id=\"239f55e\" data-element_type=\"widget\" data-e-type=\"widget\" data-widget_type=\"divider.default\">\n\t\t\t\t\t\t\t<div class=\"elementor-divider\">\n\t\t\t<span class=\"elementor-divider-separator\">\n\t\t\t\t\t\t<\/span>\n\t\t<\/div>\n\t\t\t\t\t\t<\/div>\n\t\t\t\t\t<\/div>\n\t\t<\/div>\n\t\t\t\t\t<\/div>\n\t\t<\/section>\n\t\t<div class=\"elementor-element elementor-element-a64dc2d e-flex e-con-boxed e-con e-parent\" data-id=\"a64dc2d\" data-element_type=\"container\" data-e-type=\"container\">\n\t\t\t\t\t<div class=\"e-con-inner\">\n\t\t\t\t<div class=\"elementor-element elementor-element-1c8fd3d elementor-widget elementor-widget-text-editor\" data-id=\"1c8fd3d\" data-element_type=\"widget\" data-e-type=\"widget\" data-widget_type=\"text-editor.default\">\n\t\t\t\t\t\t\t\t\t<p>Iscriviti alla newsletter LaVie con il mio indirizzo e-mail per beneficiare di un anno di estensione gratuita della garanzia.\u00a0<\/p>\t\t\t\t\t\t\t\t<\/div>\n\t\t\t\t\t<\/div>\n\t\t\t\t<\/div>\n\t\t<div class=\"elementor-element elementor-element-18fb817 e-flex e-con-boxed e-con e-parent\" data-id=\"18fb817\" data-element_type=\"container\" data-e-type=\"container\">\n\t\t\t\t\t<div class=\"e-con-inner\">\n\t\t\t\t<div class=\"elementor-element elementor-element-ba2acea elementor-widget elementor-widget-text-editor\" data-id=\"ba2acea\" data-element_type=\"widget\" data-e-type=\"widget\" data-widget_type=\"text-editor.default\">\n\t\t\t\t\t\t\t\t\t<p>Attenzione! Se siete gi\u00e0 iscritti alla nostra Newsletter, la vostra estensione di garanzia \u00e8 gi\u00e0 stata presa in considerazione.<\/p><p>Se si annulla l'iscrizione, l'estensione gratuita della garanzia non sar\u00e0 mantenuta.<\/p>\t\t\t\t\t\t\t\t<\/div>\n\t\t\t\t\t<\/div>\n\t\t\t\t<\/div>\n\t\t<div class=\"elementor-element elementor-element-0683e3f e-flex e-con-boxed e-con e-parent\" data-id=\"0683e3f\" data-element_type=\"container\" data-e-type=\"container\">\n\t\t\t\t\t<div class=\"e-con-inner\">\n\t\t\t\t\t<\/div>\n\t\t\t\t<\/div>\n\t\t<div class=\"elementor-element elementor-element-4ac11d5 e-flex e-con-boxed e-con e-parent\" data-id=\"4ac11d5\" data-element_type=\"container\" data-e-type=\"container\">\n\t\t\t\t\t<div class=\"e-con-inner\">\n\t\t\t\t<div class=\"elementor-element elementor-element-b59b6be elementor-widget elementor-widget-html\" data-id=\"b59b6be\" data-element_type=\"widget\" data-e-type=\"widget\" data-widget_type=\"html.default\">\n\t\t\t\t\t<!-- Begin Brevo Form -->\r\n<!-- START - We recommend to place the below code in head tag of your website html  -->\r\n<style>\r\n  @font-face {\r\n    font-display: block;\r\n    font-family: Roboto;\r\n    src: url(https:\/\/assets.brevo.com\/font\/Roboto\/Latin\/normal\/normal\/7529907e9eaf8ebb5220c5f9850e3811.woff2) format(\"woff2\"), url(https:\/\/assets.brevo.com\/font\/Roboto\/Latin\/normal\/normal\/25c678feafdc175a70922a116c9be3e7.woff) format(\"woff\")\r\n  }\r\n\r\n  @font-face {\r\n    font-display: fallback;\r\n    font-family: Roboto;\r\n    font-weight: 600;\r\n    src: url(https:\/\/assets.brevo.com\/font\/Roboto\/Latin\/medium\/normal\/6e9caeeafb1f3491be3e32744bc30440.woff2) format(\"woff2\"), url(https:\/\/assets.brevo.com\/font\/Roboto\/Latin\/medium\/normal\/71501f0d8d5aa95960f6475d5487d4c2.woff) format(\"woff\")\r\n  }\r\n\r\n  @font-face {\r\n    font-display: fallback;\r\n    font-family: Roboto;\r\n    font-weight: 700;\r\n    src: url(https:\/\/assets.brevo.com\/font\/Roboto\/Latin\/bold\/normal\/3ef7cf158f310cf752d5ad08cd0e7e60.woff2) format(\"woff2\"), url(https:\/\/assets.brevo.com\/font\/Roboto\/Latin\/bold\/normal\/ece3a1d82f18b60bcce0211725c476aa.woff) format(\"woff\")\r\n  }\r\n\r\n  #sib-container input:-ms-input-placeholder {\r\n    text-align: left;\r\n    font-family: Helvetica, sans-serif;\r\n    color: #c0ccda;\r\n  }\r\n\r\n  #sib-container input::placeholder {\r\n    text-align: left;\r\n    font-family: Helvetica, sans-serif;\r\n    color: #c0ccda;\r\n  }\r\n\r\n  #sib-container textarea::placeholder {\r\n    text-align: left;\r\n    font-family: Helvetica, sans-serif;\r\n    color: #c0ccda;\r\n  }\r\n\r\n  #sib-container a {\r\n    text-decoration: underline;\r\n    color: #2BB2FC;\r\n  }\r\n<\/style>\r\n<link rel=\"stylesheet\" href=\"https:\/\/sibforms.com\/forms\/end-form\/build\/sib-styles.css\">\r\n<!--  END - We recommend to place the above code in head tag of your website html -->\r\n\r\n<!-- START - We recommend to place the below code where you want the form in your website html  -->\r\n<div class=\"sib-form\" style=\"text-align: center;         background-color: #ffffff;                                 \">\r\n  <div id=\"sib-form-container\" class=\"sib-form-container\">\r\n    <div id=\"error-message\" class=\"sib-form-message-panel\" style=\"font-size:16px; text-align:left; font-family:Helvetica, sans-serif; color:#661d1d; background-color:#ffeded; border-radius:3px; border-color:#ff4949;max-width:540px;\">\r\n      <div class=\"sib-form-message-panel__text sib-form-message-panel__text--center\">\r\n        <svg viewbox=\"0 0 512 512\" class=\"sib-icon sib-notification__icon\">\r\n          <path d=\"M256 40c118.621 0 216 96.075 216 216 0 119.291-96.61 216-216 216-119.244 0-216-96.562-216-216 0-119.203 96.602-216 216-216m0-32C119.043 8 8 119.083 8 256c0 136.997 111.043 248 248 248s248-111.003 248-248C504 119.083 392.957 8 256 8zm-11.49 120h22.979c6.823 0 12.274 5.682 11.99 12.5l-7 168c-.268 6.428-5.556 11.5-11.99 11.5h-8.979c-6.433 0-11.722-5.073-11.99-11.5l-7-168c-.283-6.818 5.167-12.5 11.99-12.5zM256 340c-15.464 0-28 12.536-28 28s12.536 28 28 28 28-12.536 28-28-12.536-28-28-28z\" \/>\r\n        <\/svg>\r\n        <span class=\"sib-form-message-panel__inner-text\">\r\n                          Non siamo riusciti a confermare la sua iscrizione.\r\n                      <\/span>\r\n      <\/div>\r\n    <\/div>\r\n    <div><\/div>\r\n    <div id=\"success-message\" class=\"sib-form-message-panel\" style=\"font-size:16px; text-align:left; font-family:Helvetica, sans-serif; color:#085229; background-color:#e7faf0; border-radius:3px; border-color:#13ce66;max-width:540px;\">\r\n      <div class=\"sib-form-message-panel__text sib-form-message-panel__text--center\">\r\n        <svg viewbox=\"0 0 512 512\" class=\"sib-icon sib-notification__icon\">\r\n          <path d=\"M256 8C119.033 8 8 119.033 8 256s111.033 248 248 248 248-111.033 248-248S392.967 8 256 8zm0 464c-118.664 0-216-96.055-216-216 0-118.663 96.055-216 216-216 118.664 0 216 96.055 216 216 0 118.663-96.055 216-216 216zm141.63-274.961L217.15 376.071c-4.705 4.667-12.303 4.637-16.97-.068l-85.878-86.572c-4.667-4.705-4.637-12.303.068-16.97l8.52-8.451c4.705-4.667 12.303-4.637 16.97.068l68.976 69.533 163.441-162.13c4.705-4.667 12.303-4.637 16.97.068l8.451 8.52c4.668 4.705 4.637 12.303-.068 16.97z\" \/>\r\n        <\/svg>\r\n        <span class=\"sib-form-message-panel__inner-text\">\r\n                          L'iscrizione \u00e8 confermata.\r\n                      <\/span>\r\n      <\/div>\r\n    <\/div>\r\n    <div><\/div>\r\n    <div id=\"sib-container\" class=\"sib-container--large sib-container--vertical\" style=\"text-align:center; background-color:rgba(255,255,255,1); max-width:540px; border-radius:3px; border-width:1px; border-color:#C0CCD9; border-style:solid; direction:ltr\">\r\n      <form id=\"sib-form\" method=\"POST\" action=\"https:\/\/a0e9c5f6.sibforms.com\/serve\/MUIFAPreisXnkyD0cutY5MlnC6En2cCULPbGoTkPzuJqShz5mQo48hIArEV2CHOQXjjzwRt2NuQBW4YnGc22CkqTys0-wq_ybi5fMVgcjHPR7wyiRtd5XyW9FrxbV7fy3xJSYBj_XowVUNUysi1ZDxv0PbIxM5vOEf7vEBRz2lgjVRvqQQe6DPhEPJOluiRmYPq7IcQKm_RomEni\" data-type=\"subscription\">\r\n        <div style=\"padding: 8px 0;\">\r\n          <div class=\"sib-form-block sib-image-form-block\" style=\"text-align: center\">\r\n            <img decoding=\"async\" src=\"https:\/\/img.mailinblue.com\/9981140\/images\/content_library\/original\/68e7d48fe08854cfc0faa649.png\" style=\"width: 500px;height: 334px;\" alt=\"\" title=\"\" \/>\r\n          <\/div>\r\n        <\/div>\r\n        <div style=\"padding: 8px 0;\">\r\n          <div class=\"sib-form-block\" style=\"font-size:32px; text-align:center; font-weight:700; font-family:Helvetica, sans-serif; color:#22597c; background-color:transparent; text-align:center\">\r\n            <p>Abbonarsi<\/p>\r\n            <p>alla newsletter pi\u00f9 famosa \ud83d\udca6<\/p>\r\n          <\/div>\r\n        <\/div>\r\n        <div style=\"padding: 8px 0;\">\r\n          <div class=\"sib-form-block\" style=\"font-size:22px; text-align:center; font-family:Helvetica, sans-serif; color:#3C4858; background-color:transparent; text-align:center\">\r\n            <p>Ottenere <strong>-5% di sconto sul primo ordine&nbsp;<\/strong><\/p>\r\n            <p><strong>+ 1 anno di garanzia estesa<\/strong> gratuito<\/p>\r\n          <\/div>\r\n        <\/div>\r\n        <div style=\"padding: 8px 0;\">\r\n          <div class=\"sib-form-block\" style=\"font-size:18px; text-align:center; font-family:Helvetica, sans-serif; color:#3C4858; background-color:transparent; text-align:center\">\r\n            <div class=\"sib-text-form-block\">\r\n              <p>Scoprite i nostri consigli per un'acqua pi\u00f9 pura,&nbsp;<\/p>\r\n              <p>pi\u00f9 sano e senza compromessi.<\/p>\r\n            <\/div>\r\n          <\/div>\r\n        <\/div>\r\n        <div style=\"padding: 8px 0;\">\r\n          <div class=\"sib-input sib-form-block\">\r\n            <div class=\"form__entry entry_block\">\r\n              <div class=\"form__label-row\">\r\n                <label class=\"entry__label\" style=\"font-weight: 700; text-align:left; font-size:16px; text-align:left; font-weight:700; font-family:Helvetica, sans-serif; color:#3c4858;\" for=\"EMAIL\" data-required=\"*\">Inserisci il tuo indirizzo e-mail per registrarti<\/label>\r\n\r\n                <div class=\"entry__field\">\r\n                  <input class=\"input\" type=\"text\" id=\"EMAIL\" name=\"EMAIL\" autocomplete=\"off\" placeholder=\"MANDATO\" data-required=\"true\" required \/>\r\n                <\/div>\r\n              <\/div>\r\n\r\n              <label class=\"entry__error entry__error--primary\" style=\"font-size:16px; text-align:left; font-family:Helvetica, sans-serif; color:#661d1d; background-color:#ffeded; border-radius:3px; border-color:#ff4949;\">\r\n              <\/label>\r\n              <label class=\"entry__specification\" style=\"font-size:12px; text-align:left; font-family:Helvetica, sans-serif; color:#8390A4; text-align:left\">\r\n                Per registrarsi, inserire l'indirizzo e-mail. es. abc@xyz.com\r\n              <\/label>\r\n            <\/div>\r\n          <\/div>\r\n        <\/div>\r\n        <div style=\"padding: 8px 0;\">\r\n          <div class=\"sib-optin sib-form-block\">\r\n            <div class=\"form__entry entry_mcq\">\r\n              <div class=\"form__label-row\">\r\n                <div class=\"entry__choice\" style=\"\">\r\n                  <label>\r\n                    <input type=\"checkbox\" class=\"input_replaced\" value=\"1\" id=\"OPT_IN\" name=\"OPT_IN\" \/>\r\n                    <span class=\"checkbox checkbox_tick_positive\"\r\n            style=\"margin-left:\"\r\n            ><\/span><span style=\"font-size:14px; text-align:left; font-family:Helvetica, sans-serif; color:#3C4858; background-color:transparent;\"><p>Vorrei iscrivermi alla newsletter<\/p><\/span> <\/label>\r\n                <\/div>\r\n              <\/div>\r\n              <label class=\"entry__error entry__error--primary\" style=\"font-size:16px; text-align:left; font-family:Helvetica, sans-serif; color:#661d1d; background-color:#ffeded; border-radius:3px; border-color:#ff4949;\">\r\n              <\/label>\r\n              <label class=\"entry__specification\" style=\"font-size:12px; text-align:left; font-family:Helvetica, sans-serif; color:#8390A4; text-align:left\">\r\n                \u00c8 possibile annullare l'iscrizione in qualsiasi momento cliccando sul link presente nelle nostre e-mail.\r\n              <\/label>\r\n            <\/div>\r\n          <\/div>\r\n        <\/div>\r\n        <div style=\"padding: 8px 0;\">\r\n          <div class=\"sib-form-block\" style=\"text-align: center\">\r\n            <button class=\"sib-form-block__button sib-form-block__button-with-loader\" style=\"font-size:13px; text-align:center; font-weight:700; font-family:Helvetica, sans-serif; color:#FFFFFF; background-color:#22597c; border-radius:10px; border-width:0px;\" form=\"sib-form\" type=\"submit\">\r\n              <svg class=\"icon clickable__icon progress-indicator__icon sib-hide-loader-icon\" viewbox=\"0 0 512 512\" style=\"\">\r\n                <path d=\"M460.116 373.846l-20.823-12.022c-5.541-3.199-7.54-10.159-4.663-15.874 30.137-59.886 28.343-131.652-5.386-189.946-33.641-58.394-94.896-95.833-161.827-99.676C261.028 55.961 256 50.751 256 44.352V20.309c0-6.904 5.808-12.337 12.703-11.982 83.556 4.306 160.163 50.864 202.11 123.677 42.063 72.696 44.079 162.316 6.031 236.832-3.14 6.148-10.75 8.461-16.728 5.01z\" \/>\r\n              <\/svg>\r\n              MI ISCRIVO E ACCETTO DI RICEVERE LA NEWSLETTER DI LAVIE\r\n            <\/button>\r\n          <\/div>\r\n        <\/div>\r\n        <div style=\"padding: 8px 0;\">\r\n          <div class=\"sib-form-block\" style=\"font-size:12px; text-align:center; font-family:Helvetica, sans-serif; color:#3C4858; background-color:transparent; text-align:center\">\r\n            <div class=\"sib-text-form-block\">\r\n              <p><strong>*Garanzia estesa di un anno:<\/strong> I nostri depuratori hanno una garanzia di 2 anni. Offriamo un'estensione della garanzia di 1 anno se vi iscrivete a questa mailing list entro un anno dall'acquisto (effettuato sul nostro sito web o tramite un distributore Boulanger, Amazon, ecc.)<\/p>\r\n              <p>L'offerta di estensione della garanzia viene annullata se ci si cancella dalla nostra mailing list.<\/p>\r\n            <\/div>\r\n          <\/div>\r\n        <\/div>\r\n\r\n        <input type=\"text\" name=\"email_address_check\" value=\"\" class=\"input--hidden\">\r\n        <input type=\"hidden\" name=\"locale\" value=\"fr\">\r\n      <\/form>\r\n    <\/div>\r\n  <\/div>\r\n<\/div>\r\n<!-- END - We recommend to place the above code where you want the form in your website html  -->\r\n\r\n<!-- START - We recommend to place the below code in footer or bottom of your website html  -->\r\n<script>\r\n  window.REQUIRED_CODE_ERROR_MESSAGE = 'Veuillez choisir un code pays';\r\n  window.LOCALE = 'fr';\r\n  window.EMAIL_INVALID_MESSAGE = window.SMS_INVALID_MESSAGE = \"Les informations que vous avez fournies ne sont pas valides. Veuillez v\u00e9rifier le format du champ et r\u00e9essayer.\";\r\n\r\n  window.REQUIRED_ERROR_MESSAGE = \"Vous devez renseigner ce champ. \";\r\n\r\n  window.GENERIC_INVALID_MESSAGE = \"Les informations que vous avez fournies ne sont pas valides. Veuillez v\u00e9rifier le format du champ et r\u00e9essayer.\";\r\n\r\n\r\n\r\n\r\n  window.translation = {\r\n    common: {\r\n      selectedList: '{quantity} liste s\u00e9lectionn\u00e9e',\r\n      selectedLists: '{quantity} listes s\u00e9lectionn\u00e9es',\r\n      selectedOption: '{quantity} s\u00e9lectionn\u00e9',\r\n      selectedOptions: '{quantity} s\u00e9lectionn\u00e9s',\r\n    }\r\n  };\r\n\r\n  var AUTOHIDE = Boolean(0);\r\n<\/script>\r\n\r\n<script defer src=\"https:\/\/sibforms.com\/forms\/end-form\/build\/main.js\"><\/script>\r\n\r\n\r\n<!-- END - We recommend to place the above code in footer or bottom of your website html  -->\r\n<!-- End Brevo Form -->\t\t\t\t<\/div>\n\t\t\t\t\t<\/div>\n\t\t\t\t<\/div>\n\t\t<div class=\"elementor-element elementor-element-a2fbff0 e-flex e-con-boxed e-con e-parent\" data-id=\"a2fbff0\" data-element_type=\"container\" data-e-type=\"container\">\n\t\t\t\t\t<div class=\"e-con-inner\">\n\t\t\t\t<div class=\"elementor-element elementor-element-8a090d2 elementor-widget elementor-widget-spacer\" data-id=\"8a090d2\" data-element_type=\"widget\" data-e-type=\"widget\" data-widget_type=\"spacer.default\">\n\t\t\t\t\t\t\t<div class=\"elementor-spacer\">\n\t\t\t<div class=\"elementor-spacer-inner\"><\/div>\n\t\t<\/div>\n\t\t\t\t\t\t<\/div>\n\t\t\t\t\t<\/div>\n\t\t\t\t<\/div>\n\t\t\t\t<\/div>","protected":false},"excerpt":{"rendered":"<p>Je m\u2019enregistre Je m\u2019enregistre \u00e0 la newsletter LaVie avec mon email pour b\u00e9n\u00e9ficier d\u20191 an d\u2019extension de garantie offert.\u00a0 Attention! Si vous \u00eates d\u00e9j\u00e0 inscrit \u00e0 notre Newsletter, votre extension de garantie est d\u00e9j\u00e0 prise en compte. En cas de d\u00e9sabonnement, l\u2019extension de garantie gratuite ne sera pas maintenue. Nous n&#039;avons pas pu confirmer votre [&hellip;]<\/p>\n","protected":false},"author":3,"featured_media":3186,"parent":0,"menu_order":100,"comment_status":"closed","ping_status":"closed","template":"elementor_header_footer","meta":{"footnotes":""},"class_list":["post-3265","page","type-page","status-publish","has-post-thumbnail","hentry"],"_links":{"self":[{"href":"https:\/\/lavie.bio\/it\/wp-json\/wp\/v2\/pages\/3265","targetHints":{"allow":["GET"]}}],"collection":[{"href":"https:\/\/lavie.bio\/it\/wp-json\/wp\/v2\/pages"}],"about":[{"href":"https:\/\/lavie.bio\/it\/wp-json\/wp\/v2\/types\/page"}],"author":[{"embeddable":true,"href":"https:\/\/lavie.bio\/it\/wp-json\/wp\/v2\/users\/3"}],"replies":[{"embeddable":true,"href":"https:\/\/lavie.bio\/it\/wp-json\/wp\/v2\/comments?post=3265"}],"version-history":[{"count":41,"href":"https:\/\/lavie.bio\/it\/wp-json\/wp\/v2\/pages\/3265\/revisions"}],"predecessor-version":[{"id":80383,"href":"https:\/\/lavie.bio\/it\/wp-json\/wp\/v2\/pages\/3265\/revisions\/80383"}],"wp:featuredmedia":[{"embeddable":true,"href":"https:\/\/lavie.bio\/it\/wp-json\/wp\/v2\/media\/3186"}],"wp:attachment":[{"href":"https:\/\/lavie.bio\/it\/wp-json\/wp\/v2\/media?parent=3265"}],"curies":[{"name":"wp","href":"https:\/\/api.w.org\/{rel}","templated":true}]}}