{"id":3254,"date":"2022-11-30T06:07:25","date_gmt":"2022-11-30T06:07:25","guid":{"rendered":"https:\/\/lavie.bio\/?page_id=3254"},"modified":"2026-02-25T09:20:11","modified_gmt":"2026-02-25T08:20:11","slug":"conformite-rgpd","status":"publish","type":"page","link":"https:\/\/lavie.bio\/it\/conformite-rgpd\/","title":{"rendered":"Conformit\u00e0 al RGPD"},"content":{"rendered":"<div data-elementor-type=\"wp-page\" data-elementor-id=\"3254\" class=\"elementor elementor-3254\" data-elementor-post-type=\"page\">\n\t\t\t\t<div class=\"elementor-element elementor-element-ba0cf32 e-flex e-con-boxed e-con e-parent\" data-id=\"ba0cf32\" data-element_type=\"container\" data-e-type=\"container\">\n\t\t\t\t\t<div class=\"e-con-inner\">\n\t\t\t\t<div class=\"elementor-element elementor-element-ea2b8e3 elementor-widget elementor-widget-spacer\" data-id=\"ea2b8e3\" data-element_type=\"widget\" data-e-type=\"widget\" data-widget_type=\"spacer.default\">\n\t\t\t\t\t\t\t<div class=\"elementor-spacer\">\n\t\t\t<div class=\"elementor-spacer-inner\"><\/div>\n\t\t<\/div>\n\t\t\t\t\t\t<\/div>\n\t\t\t\t<div class=\"elementor-element elementor-element-21bd7ee elementor-widget elementor-widget-heading\" data-id=\"21bd7ee\" data-element_type=\"widget\" data-e-type=\"widget\" data-widget_type=\"heading.default\">\n\t\t\t\t\t<h1 class=\"elementor-heading-title elementor-size-default\">Conformit\u00e0 al RGPD<\/h1>\t\t\t\t<\/div>\n\t\t\t\t<div class=\"elementor-element elementor-element-a1f1f2d elementor-widget elementor-widget-spacer\" data-id=\"a1f1f2d\" data-element_type=\"widget\" data-e-type=\"widget\" data-widget_type=\"spacer.default\">\n\t\t\t\t\t\t\t<div class=\"elementor-spacer\">\n\t\t\t<div class=\"elementor-spacer-inner\"><\/div>\n\t\t<\/div>\n\t\t\t\t\t\t<\/div>\n\t\t\t\t\t<\/div>\n\t\t\t\t<\/div>\n\t\t<div class=\"elementor-element elementor-element-63a7988d e-flex e-con-boxed e-con e-parent\" data-id=\"63a7988d\" data-element_type=\"container\" data-e-type=\"container\">\n\t\t\t\t\t<div class=\"e-con-inner\">\n\t\t\t\t<div class=\"elementor-element elementor-element-7c9b6d7e elementor-widget elementor-widget-text-editor\" data-id=\"7c9b6d7e\" data-element_type=\"widget\" data-e-type=\"widget\" data-widget_type=\"text-editor.default\">\n\t\t\t\t\t\t\t\t\t<p class=\"tcenter\">L'applicazione utilizzata per garantire la conformit\u00e0 al RGPD\/CCPA di questo sito raccoglie il vostro indirizzo IP e l'indirizzo e-mail per elaborare i dati.\u00a0 <a href=\"https:\/\/lavie.bio\/it\/politique-de-confidentialite\/\">Informativa sulla privacy<\/a>.<\/p><h2 class=\"title3\">Rettifica dei dati<\/h2><p class=\"tleft\">Per aggiornare i dati del vostro conto, se non sono corretti, potete utilizzare il link sottostante.<\/p><ul><li><a href=\"#\">Modificare i dettagli del proprio account<\/a><\/li><\/ul><h2 class=\"title3\">Portabilit\u00e0 dei dati<\/h2><p class=\"tleft\">Tramite i link sottostanti \u00e8 possibile scaricare tutti i dati che memorizziamo e utilizziamo per una migliore esperienza nel nostro negozio.<\/p><ul><li><a href=\"#\">Applicazione CCPA (Canada)<\/a><\/li><li><a href=\"#\">Informazioni personali<\/a><\/li><li><a href=\"#\">Controlli<\/a><\/li><\/ul><h2 class=\"title3\">Accesso ai dati personali<\/h2><p class=\"tleft\">\u00c8 possibile utilizzare il link sottostante per richiedere un rapporto che conterr\u00e0 tutte le informazioni personali che conserviamo per voi.<\/p><ul><li><a href=\"#\">Richiedi un rapporto<\/a><\/li><\/ul><h2 class=\"title3\">Non vendiamo le vostre informazioni<\/h2><p class=\"tleft\">Tuttavia, \u00e8 possibile inviare una richiesta per comunicarci che non si \u00e8 d'accordo con la raccolta dei propri dati personali.<\/p><ul><li><a href=\"#\">Non raccogliere i miei dati<\/a><\/li><\/ul><h2 class=\"title3\">Diritto all'oblio<\/h2><p class=\"tleft\">Utilizzate questa opzione se desiderate cancellare i vostri dati personali e altri dati dal nostro negozio. Tenete presente che questa procedura canceller\u00e0 il vostro account e non potrete pi\u00f9 accedervi o utilizzarlo.<\/p><ul><li><a href=\"#\">Richiesta di cancellazione dei dati personali<\/a><\/li><\/ul>\t\t\t\t\t\t\t\t<\/div>\n\t\t\t\t\t<\/div>\n\t\t\t\t<\/div>\n\t\t\t\t<\/div>","protected":false},"excerpt":{"rendered":"<p>Conformit\u00e9 RGPD L&#8217;application utilis\u00e9e pour assurer la conformit\u00e9 RGPD\/CCPA de ce site collecte votre adresse IP et l&#8217;adresse e-mail afin de traiter les donn\u00e9es.\u00a0 Politique de confidentialit\u00e9. Rectification des donn\u00e9es Vous pouvez utiliser le lien ci-dessous pour mettre \u00e0 jour les donn\u00e9es de votre compte si elles ne sont pas exactes. Modifiez les informations de [&hellip;]<\/p>\n","protected":false},"author":3,"featured_media":0,"parent":0,"menu_order":200,"comment_status":"closed","ping_status":"closed","template":"elementor_header_footer","meta":{"footnotes":""},"class_list":["post-3254","page","type-page","status-publish","hentry"],"_links":{"self":[{"href":"https:\/\/lavie.bio\/it\/wp-json\/wp\/v2\/pages\/3254","targetHints":{"allow":["GET"]}}],"collection":[{"href":"https:\/\/lavie.bio\/it\/wp-json\/wp\/v2\/pages"}],"about":[{"href":"https:\/\/lavie.bio\/it\/wp-json\/wp\/v2\/types\/page"}],"author":[{"embeddable":true,"href":"https:\/\/lavie.bio\/it\/wp-json\/wp\/v2\/users\/3"}],"replies":[{"embeddable":true,"href":"https:\/\/lavie.bio\/it\/wp-json\/wp\/v2\/comments?post=3254"}],"version-history":[{"count":3,"href":"https:\/\/lavie.bio\/it\/wp-json\/wp\/v2\/pages\/3254\/revisions"}],"predecessor-version":[{"id":83861,"href":"https:\/\/lavie.bio\/it\/wp-json\/wp\/v2\/pages\/3254\/revisions\/83861"}],"wp:attachment":[{"href":"https:\/\/lavie.bio\/it\/wp-json\/wp\/v2\/media?parent=3254"}],"curies":[{"name":"wp","href":"https:\/\/api.w.org\/{rel}","templated":true}]}}