{"id":81375,"date":"2026-01-20T23:30:32","date_gmt":"2026-01-20T22:30:32","guid":{"rendered":"https:\/\/lavie.bio\/?post_type=product&#038;p=81375"},"modified":"2026-04-06T12:47:55","modified_gmt":"2026-04-06T10:47:55","slug":"opropre-1-cartouche","status":"publish","type":"product","link":"https:\/\/lavie.bio\/fr\/boutique\/produit\/opropre-1-cartouche\/","title":{"rendered":"OPROPRE + 1 CARTOUCHE"},"content":{"rendered":"<p data-start=\"144\" data-end=\"302\">Le syst\u00e8me de pr\u00e9filtration OPROPRE \u00e9limine 99,9% des polluants \u00e9ternels naturellement pr\u00e9sents dans l&#8217;eau du robinet.<\/p>\n<p data-start=\"304\" data-end=\"555\">Facile \u00e0 installer sous l&#8217;\u00e9vier, son association exclusive de charbon actif de noix de coco ultra purifi\u00e9 et de r\u00e9sine haute performance d\u00e9livre une eau purifi\u00e9e au go\u00fbt neutre tout en pr\u00e9servant les min\u00e9raux et les oligo-\u00e9l\u00e9ments naturellement pr\u00e9sents.<\/p>\n<p data-start=\"557\" data-end=\"673\">Il est livr\u00e9 avec une cartouche pouvant traiter l&#8217;eau du robinet pendant 6 mois ou 15m\u00b3 d&#8217;utilisation.<\/p>\n<p>&nbsp;<\/p>\n<p>&nbsp;<\/p>\n","protected":false},"excerpt":{"rendered":"<p>\u00c9limine les polluants \u00e9ternels<\/p>\n","protected":false},"featured_media":57712,"template":"","meta":[],"product_brand":[],"product_cat":[711,717],"product_tag":[712,716,685],"class_list":{"0":"post-81375","1":"product","2":"type-product","3":"status-publish","4":"has-post-thumbnail","6":"product_cat-prefiltration-sous-evier","7":"product_cat-populaire","8":"product_tag-bacteries","9":"product_tag-metaux-lourds","10":"product_tag-pfas","12":"first","13":"instock","14":"taxable","15":"shipping-taxable","16":"purchasable","17":"product-type-simple"},"_links":{"self":[{"href":"https:\/\/lavie.bio\/fr\/wp-json\/wp\/v2\/product\/81375","targetHints":{"allow":["GET"]}}],"collection":[{"href":"https:\/\/lavie.bio\/fr\/wp-json\/wp\/v2\/product"}],"about":[{"href":"https:\/\/lavie.bio\/fr\/wp-json\/wp\/v2\/types\/product"}],"version-history":[{"count":3,"href":"https:\/\/lavie.bio\/fr\/wp-json\/wp\/v2\/product\/81375\/revisions"}],"predecessor-version":[{"id":84811,"href":"https:\/\/lavie.bio\/fr\/wp-json\/wp\/v2\/product\/81375\/revisions\/84811"}],"wp:featuredmedia":[{"embeddable":true,"href":"https:\/\/lavie.bio\/fr\/wp-json\/wp\/v2\/media\/57712"}],"wp:attachment":[{"href":"https:\/\/lavie.bio\/fr\/wp-json\/wp\/v2\/media?parent=81375"}],"wp:term":[{"taxonomy":"product_brand","embeddable":true,"href":"https:\/\/lavie.bio\/fr\/wp-json\/wp\/v2\/product_brand?post=81375"},{"taxonomy":"product_cat","embeddable":true,"href":"https:\/\/lavie.bio\/fr\/wp-json\/wp\/v2\/product_cat?post=81375"},{"taxonomy":"product_tag","embeddable":true,"href":"https:\/\/lavie.bio\/fr\/wp-json\/wp\/v2\/product_tag?post=81375"}],"curies":[{"name":"wp","href":"https:\/\/api.w.org\/{rel}","templated":true}]}}