{"id":81199,"date":"2026-01-20T22:15:35","date_gmt":"2026-01-20T21:15:35","guid":{"rendered":"https:\/\/lavie.bio\/?post_type=product&#038;p=81199"},"modified":"2026-02-16T11:17:47","modified_gmt":"2026-02-16T10:17:47","slug":"reparation-lavie-pure-ou-premium","status":"publish","type":"product","link":"https:\/\/lavie.bio\/fr\/boutique\/produit\/reparation-lavie-pure-ou-premium\/","title":{"rendered":"R\u00c9PARATION LAVIE PURE \/ PREMIUM"},"content":{"rendered":"<ul>\n<li>Diagnostic de la panne et r\u00e9paration<\/li>\n<li>Le cas \u00e9chant, mise \u00e0 niveau de votre produit<\/li>\n<li>Renvoi du produit r\u00e9par\u00e9 \u00e0 nos frais<\/li>\n<\/ul>\n","protected":false},"excerpt":{"rendered":"<p>Diagnostic de la panne et r\u00e9paration Le cas \u00e9chant, mise \u00e0 niveau de votre produit Renvoi du produit r\u00e9par\u00e9 \u00e0 nos frais<\/p>\n","protected":false},"featured_media":30880,"template":"","meta":[],"product_brand":[],"product_cat":[70],"product_tag":[],"class_list":{"0":"post-81199","1":"product","2":"type-product","3":"status-publish","4":"has-post-thumbnail","6":"product_cat-accessoires-et-extensions-de-garantie","8":"first","9":"instock","10":"virtual","11":"taxable","12":"purchasable","13":"product-type-simple"},"_links":{"self":[{"href":"https:\/\/lavie.bio\/fr\/wp-json\/wp\/v2\/product\/81199","targetHints":{"allow":["GET"]}}],"collection":[{"href":"https:\/\/lavie.bio\/fr\/wp-json\/wp\/v2\/product"}],"about":[{"href":"https:\/\/lavie.bio\/fr\/wp-json\/wp\/v2\/types\/product"}],"version-history":[{"count":1,"href":"https:\/\/lavie.bio\/fr\/wp-json\/wp\/v2\/product\/81199\/revisions"}],"predecessor-version":[{"id":81200,"href":"https:\/\/lavie.bio\/fr\/wp-json\/wp\/v2\/product\/81199\/revisions\/81200"}],"wp:featuredmedia":[{"embeddable":true,"href":"https:\/\/lavie.bio\/fr\/wp-json\/wp\/v2\/media\/30880"}],"wp:attachment":[{"href":"https:\/\/lavie.bio\/fr\/wp-json\/wp\/v2\/media?parent=81199"}],"wp:term":[{"taxonomy":"product_brand","embeddable":true,"href":"https:\/\/lavie.bio\/fr\/wp-json\/wp\/v2\/product_brand?post=81199"},{"taxonomy":"product_cat","embeddable":true,"href":"https:\/\/lavie.bio\/fr\/wp-json\/wp\/v2\/product_cat?post=81199"},{"taxonomy":"product_tag","embeddable":true,"href":"https:\/\/lavie.bio\/fr\/wp-json\/wp\/v2\/product_tag?post=81199"}],"curies":[{"name":"wp","href":"https:\/\/api.w.org\/{rel}","templated":true}]}}