{"id":81191,"date":"2026-01-20T22:35:19","date_gmt":"2026-01-20T21:35:19","guid":{"rendered":"https:\/\/lavie.bio\/?post_type=product&#038;p=81191"},"modified":"2026-04-05T12:47:13","modified_gmt":"2026-04-05T10:47:13","slug":"joint-bouchon","status":"publish","type":"product","link":"https:\/\/lavie.bio\/fr\/boutique\/produit\/joint-bouchon\/","title":{"rendered":"JOINT"},"content":{"rendered":"<p>Joint d\u2019\u00e9tanch\u00e9it\u00e9 sp\u00e9cialement con\u00e7u pour garantir une fermeture herm\u00e9tique parfaite des bouteilles LAVIE, assurant ainsi une conservation optimale de l\u2019eau trait\u00e9e.<\/p>\n<p>Gr\u00e2ce \u00e0 sa composition et sa r\u00e9sistance exceptionnelle aux variations de temp\u00e9rature et de pression, il emp\u00eache toute infiltration ou \u00e9vaporation, pr\u00e9servant ainsi la puret\u00e9 et les propri\u00e9t\u00e9s de l\u2019eau sur une longue dur\u00e9e.<\/p>\n","protected":false},"excerpt":{"rendered":"<div class=\"lavie-product-description\"><strong>Compatible avec les bouteilles 0,5L &amp; 1L<\/strong><\/div>\n","protected":false},"featured_media":64968,"template":"","meta":[],"product_brand":[],"product_cat":[719],"product_tag":[],"class_list":{"0":"post-81191","1":"product","2":"type-product","3":"status-publish","4":"has-post-thumbnail","6":"product_cat-accessoires","7":"product_shipping_class-leger","9":"first","10":"instock","11":"taxable","12":"shipping-taxable","13":"purchasable","14":"product-type-simple"},"_links":{"self":[{"href":"https:\/\/lavie.bio\/fr\/wp-json\/wp\/v2\/product\/81191","targetHints":{"allow":["GET"]}}],"collection":[{"href":"https:\/\/lavie.bio\/fr\/wp-json\/wp\/v2\/product"}],"about":[{"href":"https:\/\/lavie.bio\/fr\/wp-json\/wp\/v2\/types\/product"}],"version-history":[{"count":4,"href":"https:\/\/lavie.bio\/fr\/wp-json\/wp\/v2\/product\/81191\/revisions"}],"predecessor-version":[{"id":84815,"href":"https:\/\/lavie.bio\/fr\/wp-json\/wp\/v2\/product\/81191\/revisions\/84815"}],"wp:featuredmedia":[{"embeddable":true,"href":"https:\/\/lavie.bio\/fr\/wp-json\/wp\/v2\/media\/64968"}],"wp:attachment":[{"href":"https:\/\/lavie.bio\/fr\/wp-json\/wp\/v2\/media?parent=81191"}],"wp:term":[{"taxonomy":"product_brand","embeddable":true,"href":"https:\/\/lavie.bio\/fr\/wp-json\/wp\/v2\/product_brand?post=81191"},{"taxonomy":"product_cat","embeddable":true,"href":"https:\/\/lavie.bio\/fr\/wp-json\/wp\/v2\/product_cat?post=81191"},{"taxonomy":"product_tag","embeddable":true,"href":"https:\/\/lavie.bio\/fr\/wp-json\/wp\/v2\/product_tag?post=81191"}],"curies":[{"name":"wp","href":"https:\/\/api.w.org\/{rel}","templated":true}]}}