{"id":81186,"date":"2026-01-20T22:55:54","date_gmt":"2026-01-20T21:55:54","guid":{"rendered":"https:\/\/lavie.bio\/?post_type=product&#038;p=81186"},"modified":"2026-01-23T08:55:12","modified_gmt":"2026-01-23T07:55:12","slug":"flacon-doseur","status":"publish","type":"product","link":"https:\/\/lavie.bio\/fr\/boutique\/produit\/flacon-doseur\/","title":{"rendered":"FLACON DOSEUR"},"content":{"rendered":"<p>Il est possible d\u2019utiliser les purificateurs LAVIE avec une eau non chlor\u00e9e, en ajoutant 1 goutte d\u2019eau de javel \u00e0 2,6\u202f% par litre avant traitement :<\/p>\n<p>&#8211; Ajoutez la goutte dans la bouteille vide \u00e0 l\u2019aide d\u2019une pipette.<br \/>\n&#8211; Remplissez avec l\u2019eau \u00e0 traiter (laissez 2\u20133\u202fcm sous le goulot).<br \/>\n&#8211; Essuyez l\u2019ext\u00e9rieur, ins\u00e9rez dans le purificateur.<\/p>\n<p>Sous l\u2019action des UVA, la javel d\u00e9sinfecte et se d\u00e9grade sans laisser de go\u00fbt.<\/p>\n<p>Important : faites analyser l\u2019eau apr\u00e8s traitement pour confirmer sa potabilit\u00e9 (analyse Cofrac recommand\u00e9e, env. 60\u202f\u20ac).<\/p>\n","protected":false},"excerpt":{"rendered":"<p>Pour les eaux non-trait\u00e9es<\/p>\n","protected":false},"featured_media":3180,"template":"","meta":[],"product_brand":[],"product_cat":[719],"product_tag":[],"class_list":{"0":"post-81186","1":"product","2":"type-product","3":"status-publish","4":"has-post-thumbnail","6":"product_cat-accessoires","8":"first","9":"instock","10":"taxable","11":"shipping-taxable","12":"purchasable","13":"product-type-simple"},"_links":{"self":[{"href":"https:\/\/lavie.bio\/fr\/wp-json\/wp\/v2\/product\/81186","targetHints":{"allow":["GET"]}}],"collection":[{"href":"https:\/\/lavie.bio\/fr\/wp-json\/wp\/v2\/product"}],"about":[{"href":"https:\/\/lavie.bio\/fr\/wp-json\/wp\/v2\/types\/product"}],"version-history":[{"count":2,"href":"https:\/\/lavie.bio\/fr\/wp-json\/wp\/v2\/product\/81186\/revisions"}],"predecessor-version":[{"id":81436,"href":"https:\/\/lavie.bio\/fr\/wp-json\/wp\/v2\/product\/81186\/revisions\/81436"}],"wp:featuredmedia":[{"embeddable":true,"href":"https:\/\/lavie.bio\/fr\/wp-json\/wp\/v2\/media\/3180"}],"wp:attachment":[{"href":"https:\/\/lavie.bio\/fr\/wp-json\/wp\/v2\/media?parent=81186"}],"wp:term":[{"taxonomy":"product_brand","embeddable":true,"href":"https:\/\/lavie.bio\/fr\/wp-json\/wp\/v2\/product_brand?post=81186"},{"taxonomy":"product_cat","embeddable":true,"href":"https:\/\/lavie.bio\/fr\/wp-json\/wp\/v2\/product_cat?post=81186"},{"taxonomy":"product_tag","embeddable":true,"href":"https:\/\/lavie.bio\/fr\/wp-json\/wp\/v2\/product_tag?post=81186"}],"curies":[{"name":"wp","href":"https:\/\/api.w.org\/{rel}","templated":true}]}}