{"id":81183,"date":"2026-01-20T23:00:33","date_gmt":"2026-01-20T22:00:33","guid":{"rendered":"https:\/\/lavie.bio\/?post_type=product&#038;p=81183"},"modified":"2026-02-21T06:56:28","modified_gmt":"2026-02-21T05:56:28","slug":"4-verres-lavie","status":"publish","type":"product","link":"https:\/\/lavie.bio\/fr\/boutique\/produit\/4-verres-lavie\/","title":{"rendered":"4 VERRES LAVIE"},"content":{"rendered":"<p>Apportez une touche d\u2019\u00e9l\u00e9gance et de durabilit\u00e9 \u00e0 votre quotidien avec ce lot de 4 verres LAVIE en verre borosilicate ultra transparent.<\/p>\n<p>D\u2019une capacit\u00e9 de 20\u202fcl chacun, ces verres allient finesse et robustesse : parfaits pour accompagner votre quotidien.<\/p>\n","protected":false},"excerpt":{"rendered":"<p>\u00c9l\u00e9gants &amp; durables<\/p>\n","protected":false},"featured_media":81465,"template":"","meta":[],"product_brand":[],"product_cat":[719],"product_tag":[],"class_list":{"0":"post-81183","1":"product","2":"type-product","3":"status-publish","4":"has-post-thumbnail","6":"product_cat-accessoires","8":"first","9":"outofstock","10":"taxable","11":"shipping-taxable","12":"purchasable","13":"product-type-simple"},"_links":{"self":[{"href":"https:\/\/lavie.bio\/fr\/wp-json\/wp\/v2\/product\/81183","targetHints":{"allow":["GET"]}}],"collection":[{"href":"https:\/\/lavie.bio\/fr\/wp-json\/wp\/v2\/product"}],"about":[{"href":"https:\/\/lavie.bio\/fr\/wp-json\/wp\/v2\/types\/product"}],"version-history":[{"count":2,"href":"https:\/\/lavie.bio\/fr\/wp-json\/wp\/v2\/product\/81183\/revisions"}],"predecessor-version":[{"id":81431,"href":"https:\/\/lavie.bio\/fr\/wp-json\/wp\/v2\/product\/81183\/revisions\/81431"}],"wp:featuredmedia":[{"embeddable":true,"href":"https:\/\/lavie.bio\/fr\/wp-json\/wp\/v2\/media\/81465"}],"wp:attachment":[{"href":"https:\/\/lavie.bio\/fr\/wp-json\/wp\/v2\/media?parent=81183"}],"wp:term":[{"taxonomy":"product_brand","embeddable":true,"href":"https:\/\/lavie.bio\/fr\/wp-json\/wp\/v2\/product_brand?post=81183"},{"taxonomy":"product_cat","embeddable":true,"href":"https:\/\/lavie.bio\/fr\/wp-json\/wp\/v2\/product_cat?post=81183"},{"taxonomy":"product_tag","embeddable":true,"href":"https:\/\/lavie.bio\/fr\/wp-json\/wp\/v2\/product_tag?post=81183"}],"curies":[{"name":"wp","href":"https:\/\/api.w.org\/{rel}","templated":true}]}}