{"id":81171,"date":"2026-01-20T22:40:18","date_gmt":"2026-01-20T21:40:18","guid":{"rendered":"https:\/\/lavie.bio\/?post_type=product&#038;p=81171"},"modified":"2026-01-26T06:50:54","modified_gmt":"2026-01-26T05:50:54","slug":"housse-couleur-bouteille-05l","status":"publish","type":"product","link":"https:\/\/lavie.bio\/fr\/boutique\/produit\/housse-couleur-bouteille-05l\/","title":{"rendered":"HOUSSE BOUTEILLE 0,5L"},"content":{"rendered":"<p data-start=\"148\" data-end=\"555\">Prot\u00e9gez et transportez votre bouteille LAVIE 0,5L avec \u00e9l\u00e9gance gr\u00e2ce \u00e0 ces housses color\u00e9es en n\u00e9opr\u00e8ne haut de gamme.<\/p>\n<p data-start=\"148\" data-end=\"555\">Con\u00e7ue sur mesure pour s\u2019adapter parfaitement \u00e0 la bouteille en verre borosilicat\u00e9, elle allie confort d\u2019utilisation et durabilit\u00e9.<\/p>\n<p data-start=\"148\" data-end=\"555\">Le n\u00e9opr\u00e8ne, mat\u00e9riau isolant et r\u00e9sistant, prot\u00e8ge efficacement contre les chocs et la d\u00e9gradation tout en conservant la temp\u00e9rature de votre boisson.<\/p>\n<p data-start=\"557\" data-end=\"816\">Facile d\u2019entretien, la housse est lavable en machine (programme d\u00e9licat, couleurs similaires) et se s\u00e8che \u00e0 l\u2019air libre pour pr\u00e9server sa qualit\u00e9. Enti\u00e8rement interchangeable, elle vous permet de personnaliser votre bouteille selon vos envies.<\/p>\n","protected":false},"excerpt":{"rendered":"<p><span style=\"font-family: -apple-system, BlinkMacSystemFont, 'Segoe UI', Roboto, 'Helvetica Neue', Arial, 'Noto Sans', sans-serif, 'Apple Color Emoji', 'Segoe UI Emoji', 'Segoe UI Symbol', 'Noto Color Emoji';\">Pour le transport de vos bouteilles 0,5L<\/span><\/p>\n","protected":false},"featured_media":70509,"template":"","meta":[],"product_brand":[],"product_cat":[719],"product_tag":[],"class_list":{"0":"post-81171","1":"product","2":"type-product","3":"status-publish","4":"has-post-thumbnail","6":"product_cat-accessoires","8":"first","9":"instock","10":"taxable","11":"shipping-taxable","12":"purchasable","13":"product-type-variable"},"_links":{"self":[{"href":"https:\/\/lavie.bio\/fr\/wp-json\/wp\/v2\/product\/81171","targetHints":{"allow":["GET"]}}],"collection":[{"href":"https:\/\/lavie.bio\/fr\/wp-json\/wp\/v2\/product"}],"about":[{"href":"https:\/\/lavie.bio\/fr\/wp-json\/wp\/v2\/types\/product"}],"version-history":[{"count":2,"href":"https:\/\/lavie.bio\/fr\/wp-json\/wp\/v2\/product\/81171\/revisions"}],"predecessor-version":[{"id":81434,"href":"https:\/\/lavie.bio\/fr\/wp-json\/wp\/v2\/product\/81171\/revisions\/81434"}],"wp:featuredmedia":[{"embeddable":true,"href":"https:\/\/lavie.bio\/fr\/wp-json\/wp\/v2\/media\/70509"}],"wp:attachment":[{"href":"https:\/\/lavie.bio\/fr\/wp-json\/wp\/v2\/media?parent=81171"}],"wp:term":[{"taxonomy":"product_brand","embeddable":true,"href":"https:\/\/lavie.bio\/fr\/wp-json\/wp\/v2\/product_brand?post=81171"},{"taxonomy":"product_cat","embeddable":true,"href":"https:\/\/lavie.bio\/fr\/wp-json\/wp\/v2\/product_cat?post=81171"},{"taxonomy":"product_tag","embeddable":true,"href":"https:\/\/lavie.bio\/fr\/wp-json\/wp\/v2\/product_tag?post=81171"}],"curies":[{"name":"wp","href":"https:\/\/api.w.org\/{rel}","templated":true}]}}