{"id":80626,"date":"2026-01-20T23:20:24","date_gmt":"2026-01-20T22:20:24","guid":{"rendered":"https:\/\/lavie.bio\/?post_type=product&#038;p=80626"},"modified":"2026-03-26T11:27:51","modified_gmt":"2026-03-26T10:27:51","slug":"odouce","status":"publish","type":"product","link":"https:\/\/lavie.bio\/fr\/boutique\/produit\/odouce\/","title":{"rendered":"ODOUCE"},"content":{"rendered":"<p data-start=\"144\" data-end=\"302\">L&#8217;adoucisseur ODOUCE r\u00e9duit jusqu&#8217;\u00e0 76% la formation de calcaire sur les tuyaux, robinets, douches et appareils \u00e9lectrom\u00e9nagers.<\/p>\n<p data-start=\"144\" data-end=\"302\">Facile \u00e0 installer, il fonctionne \u00e0 l\u2019eau froide ou chaude, sans sel, sans entretien ni r\u00e9glage et a une dur\u00e9e de vie jusqu&#8217;\u00e0 10 ans.<\/p>\n","protected":false},"excerpt":{"rendered":"<p>\u00c9limine le calcaire<\/p>\n","protected":false},"featured_media":82773,"template":"","meta":[],"product_brand":[],"product_cat":[15,717],"product_tag":[683],"class_list":{"0":"post-80626","1":"product","2":"type-product","3":"status-publish","4":"has-post-thumbnail","6":"product_cat-adoucisseur-d-eau","7":"product_cat-populaire","8":"product_tag-calcaire","10":"first","11":"instock","12":"sale","13":"taxable","14":"shipping-taxable","15":"purchasable","16":"product-type-simple"},"_links":{"self":[{"href":"https:\/\/lavie.bio\/fr\/wp-json\/wp\/v2\/product\/80626","targetHints":{"allow":["GET"]}}],"collection":[{"href":"https:\/\/lavie.bio\/fr\/wp-json\/wp\/v2\/product"}],"about":[{"href":"https:\/\/lavie.bio\/fr\/wp-json\/wp\/v2\/types\/product"}],"version-history":[{"count":4,"href":"https:\/\/lavie.bio\/fr\/wp-json\/wp\/v2\/product\/80626\/revisions"}],"predecessor-version":[{"id":85020,"href":"https:\/\/lavie.bio\/fr\/wp-json\/wp\/v2\/product\/80626\/revisions\/85020"}],"wp:featuredmedia":[{"embeddable":true,"href":"https:\/\/lavie.bio\/fr\/wp-json\/wp\/v2\/media\/82773"}],"wp:attachment":[{"href":"https:\/\/lavie.bio\/fr\/wp-json\/wp\/v2\/media?parent=80626"}],"wp:term":[{"taxonomy":"product_brand","embeddable":true,"href":"https:\/\/lavie.bio\/fr\/wp-json\/wp\/v2\/product_brand?post=80626"},{"taxonomy":"product_cat","embeddable":true,"href":"https:\/\/lavie.bio\/fr\/wp-json\/wp\/v2\/product_cat?post=80626"},{"taxonomy":"product_tag","embeddable":true,"href":"https:\/\/lavie.bio\/fr\/wp-json\/wp\/v2\/product_tag?post=80626"}],"curies":[{"name":"wp","href":"https:\/\/api.w.org\/{rel}","templated":true}]}}