{"id":80624,"date":"2026-01-20T23:25:05","date_gmt":"2026-01-20T22:25:05","guid":{"rendered":"https:\/\/lavie.bio\/?post_type=product&#038;p=80624"},"modified":"2026-03-24T13:44:26","modified_gmt":"2026-03-24T12:44:26","slug":"cartouche-opropre","status":"publish","type":"product","link":"https:\/\/lavie.bio\/fr\/boutique\/produit\/cartouche-opropre\/","title":{"rendered":"CARTOUCHE OPROPRE turquoise"},"content":{"rendered":"<p data-start=\"144\" data-end=\"302\">Con\u00e7ue pour le syst\u00e8me de pr\u00e9filtration OPROPRE, la cartouche OPROPRE allie puret\u00e9, efficacit\u00e9 et respect de l\u2019environnement.<\/p>\n<p data-start=\"304\" data-end=\"555\">Son m\u00e9lange exclusif de charbon actif de noix de coco ultra purifi\u00e9 et de r\u00e9sine s\u00e9lective \u00e9limine efficacement les polluants \u00e9ternels (PFAS, PFOA\u2026), les m\u00e9taux lourds et les micro plastiques, pour une eau plus saine au quotidien.<\/p>\n","protected":false},"excerpt":{"rendered":"<p>Recharge Opropre<\/p>\n","protected":false},"featured_media":57699,"template":"","meta":[],"product_brand":[],"product_cat":[711],"product_tag":[712,716,685],"class_list":{"0":"post-80624","1":"product","2":"type-product","3":"status-publish","4":"has-post-thumbnail","6":"product_cat-prefiltration-sous-evier","7":"product_tag-bacteries","8":"product_tag-metaux-lourds","9":"product_tag-pfas","11":"first","12":"instock","13":"taxable","14":"shipping-taxable","15":"purchasable","16":"product-type-simple"},"_links":{"self":[{"href":"https:\/\/lavie.bio\/fr\/wp-json\/wp\/v2\/product\/80624","targetHints":{"allow":["GET"]}}],"collection":[{"href":"https:\/\/lavie.bio\/fr\/wp-json\/wp\/v2\/product"}],"about":[{"href":"https:\/\/lavie.bio\/fr\/wp-json\/wp\/v2\/types\/product"}],"version-history":[{"count":4,"href":"https:\/\/lavie.bio\/fr\/wp-json\/wp\/v2\/product\/80624\/revisions"}],"predecessor-version":[{"id":81831,"href":"https:\/\/lavie.bio\/fr\/wp-json\/wp\/v2\/product\/80624\/revisions\/81831"}],"wp:featuredmedia":[{"embeddable":true,"href":"https:\/\/lavie.bio\/fr\/wp-json\/wp\/v2\/media\/57699"}],"wp:attachment":[{"href":"https:\/\/lavie.bio\/fr\/wp-json\/wp\/v2\/media?parent=80624"}],"wp:term":[{"taxonomy":"product_brand","embeddable":true,"href":"https:\/\/lavie.bio\/fr\/wp-json\/wp\/v2\/product_brand?post=80624"},{"taxonomy":"product_cat","embeddable":true,"href":"https:\/\/lavie.bio\/fr\/wp-json\/wp\/v2\/product_cat?post=80624"},{"taxonomy":"product_tag","embeddable":true,"href":"https:\/\/lavie.bio\/fr\/wp-json\/wp\/v2\/product_tag?post=80624"}],"curies":[{"name":"wp","href":"https:\/\/api.w.org\/{rel}","templated":true}]}}