{"id":80609,"date":"2026-01-20T23:35:36","date_gmt":"2026-01-20T22:35:36","guid":{"rendered":"https:\/\/lavie.bio\/?post_type=product&#038;p=80609"},"modified":"2026-03-26T11:27:13","modified_gmt":"2026-03-26T10:27:13","slug":"pack-serenite","status":"publish","type":"product","link":"https:\/\/lavie.bio\/fr\/boutique\/produit\/pack-serenite\/","title":{"rendered":"PACK S\u00c9R\u00c9NIT\u00c9"},"content":{"rendered":"<p data-start=\"35\" data-end=\"222\">Offrez \u00e0 votre foyer une exp\u00e9rience compl\u00e8te de purification de l\u2019eau, en associant deux solutions compl\u00e9mentaires :<\/p>\n<ul>\n<li style=\"list-style-type: none;\">\n<ul>\n<li data-start=\"35\" data-end=\"222\">OPROPRE, le syst\u00e8me de pr\u00e9filtration haute performance<\/li>\n<li data-start=\"35\" data-end=\"222\">LAVIE Pure 4 litres, le purificateur nouvelle g\u00e9n\u00e9ration sans filtre ni consommable<\/li>\n<\/ul>\n<p> L&#8217;association de ces solutions vous permet d&#8217;\u00e9liminer efficacement les polluants courants et les polluants \u00e9ternels de votre eau potable avec une utilisation extr\u00eamement simple au quotidien.<\/li><\/p>\n","protected":false},"excerpt":{"rendered":"<p>\u00c9limine tous les polluants<\/p>\n","protected":false},"featured_media":74675,"template":"","meta":[],"product_brand":[],"product_cat":[72,717,711],"product_tag":[712,687,716,715,685,713,714],"class_list":{"0":"post-80609","1":"product","2":"type-product","3":"status-publish","4":"has-post-thumbnail","6":"product_cat-purificateurs-deau","7":"product_cat-populaire","8":"product_cat-prefiltration-sous-evier","9":"product_tag-bacteries","10":"product_tag-gout-de-chlore","11":"product_tag-metaux-lourds","12":"product_tag-pesticides","13":"product_tag-pfas","14":"product_tag-traces-de-medicaments","15":"product_tag-virus","17":"first","18":"instock","19":"sale","20":"taxable","21":"shipping-taxable","22":"purchasable","23":"product-type-simple"},"_links":{"self":[{"href":"https:\/\/lavie.bio\/fr\/wp-json\/wp\/v2\/product\/80609","targetHints":{"allow":["GET"]}}],"collection":[{"href":"https:\/\/lavie.bio\/fr\/wp-json\/wp\/v2\/product"}],"about":[{"href":"https:\/\/lavie.bio\/fr\/wp-json\/wp\/v2\/types\/product"}],"version-history":[{"count":11,"href":"https:\/\/lavie.bio\/fr\/wp-json\/wp\/v2\/product\/80609\/revisions"}],"predecessor-version":[{"id":85431,"href":"https:\/\/lavie.bio\/fr\/wp-json\/wp\/v2\/product\/80609\/revisions\/85431"}],"wp:featuredmedia":[{"embeddable":true,"href":"https:\/\/lavie.bio\/fr\/wp-json\/wp\/v2\/media\/74675"}],"wp:attachment":[{"href":"https:\/\/lavie.bio\/fr\/wp-json\/wp\/v2\/media?parent=80609"}],"wp:term":[{"taxonomy":"product_brand","embeddable":true,"href":"https:\/\/lavie.bio\/fr\/wp-json\/wp\/v2\/product_brand?post=80609"},{"taxonomy":"product_cat","embeddable":true,"href":"https:\/\/lavie.bio\/fr\/wp-json\/wp\/v2\/product_cat?post=80609"},{"taxonomy":"product_tag","embeddable":true,"href":"https:\/\/lavie.bio\/fr\/wp-json\/wp\/v2\/product_tag?post=80609"}],"curies":[{"name":"wp","href":"https:\/\/api.w.org\/{rel}","templated":true}]}}