{"id":80592,"date":"2026-01-20T23:45:03","date_gmt":"2026-01-20T22:45:03","guid":{"rendered":"https:\/\/lavie.bio\/?post_type=product&#038;p=80592"},"modified":"2026-04-03T07:59:31","modified_gmt":"2026-04-03T05:59:31","slug":"lavie-lafontaine","status":"publish","type":"product","link":"https:\/\/lavie.bio\/fr\/boutique\/produit\/lavie-lafontaine\/","title":{"rendered":"LAVIE LAFONTAINE"},"content":{"rendered":"<p data-start=\"35\" data-end=\"222\">LAVIE Lafontaine \u00e9limine 90% des polluants les plus courants dans l&#8217;eau du robinet gr\u00e2ce \u00e0 sa technologie UVA brevet\u00e9e.<\/p>\n<p data-start=\"35\" data-end=\"222\">Obtenez en 20 minutes une eau purifi\u00e9e au go\u00fbt neutre tout en pr\u00e9servant les min\u00e9raux et les oligo-\u00e9l\u00e9ments naturellement pr\u00e9sents.<\/p>\n<p data-start=\"224\" data-end=\"372\">D&#8217;une capacit\u00e9 de 5 litres, LAVIE Lafontaine convient parfaitement pour les grandes familles, les bureaux et les lieux recevant du public.<\/p>\n","protected":false},"excerpt":{"rendered":"<p>\u00c9limine les polluants courants<\/p>\n","protected":false},"featured_media":84282,"template":"","meta":[],"product_brand":[],"product_cat":[72],"product_tag":[712,687,715,713,714],"class_list":{"0":"post-80592","1":"product","2":"type-product","3":"status-publish","4":"has-post-thumbnail","6":"product_cat-purificateurs-deau","7":"product_tag-bacteries","8":"product_tag-gout-de-chlore","9":"product_tag-pesticides","10":"product_tag-traces-de-medicaments","11":"product_tag-virus","13":"first","14":"instock","15":"sale","16":"taxable","17":"shipping-taxable","18":"purchasable","19":"product-type-simple"},"_links":{"self":[{"href":"https:\/\/lavie.bio\/fr\/wp-json\/wp\/v2\/product\/80592","targetHints":{"allow":["GET"]}}],"collection":[{"href":"https:\/\/lavie.bio\/fr\/wp-json\/wp\/v2\/product"}],"about":[{"href":"https:\/\/lavie.bio\/fr\/wp-json\/wp\/v2\/types\/product"}],"version-history":[{"count":4,"href":"https:\/\/lavie.bio\/fr\/wp-json\/wp\/v2\/product\/80592\/revisions"}],"predecessor-version":[{"id":82545,"href":"https:\/\/lavie.bio\/fr\/wp-json\/wp\/v2\/product\/80592\/revisions\/82545"}],"wp:featuredmedia":[{"embeddable":true,"href":"https:\/\/lavie.bio\/fr\/wp-json\/wp\/v2\/media\/84282"}],"wp:attachment":[{"href":"https:\/\/lavie.bio\/fr\/wp-json\/wp\/v2\/media?parent=80592"}],"wp:term":[{"taxonomy":"product_brand","embeddable":true,"href":"https:\/\/lavie.bio\/fr\/wp-json\/wp\/v2\/product_brand?post=80592"},{"taxonomy":"product_cat","embeddable":true,"href":"https:\/\/lavie.bio\/fr\/wp-json\/wp\/v2\/product_cat?post=80592"},{"taxonomy":"product_tag","embeddable":true,"href":"https:\/\/lavie.bio\/fr\/wp-json\/wp\/v2\/product_tag?post=80592"}],"curies":[{"name":"wp","href":"https:\/\/api.w.org\/{rel}","templated":true}]}}