{"id":80520,"date":"2026-01-20T23:55:12","date_gmt":"2026-01-20T22:55:12","guid":{"rendered":"https:\/\/lavie.bio\/?post_type=product&#038;p=80520"},"modified":"2026-04-05T15:46:23","modified_gmt":"2026-04-05T13:46:23","slug":"lavie-pure","status":"publish","type":"product","link":"https:\/\/lavie.bio\/fr\/boutique\/produit\/lavie-pure\/","title":{"rendered":"LAVIE PURE"},"content":{"rendered":"<p data-start=\"35\" data-end=\"222\">LAVIE Pure \u00e9limine 90% des polluants les plus courants dans l&#8217;eau du robinet gr\u00e2ce \u00e0 sa technologie UVA brevet\u00e9e.<\/p>\n<p data-start=\"35\" data-end=\"222\">Obtenez en 15 minutes une eau purifi\u00e9e au go\u00fbt neutre tout en pr\u00e9servant les min\u00e9raux et les oligo-\u00e9l\u00e9ments naturellement pr\u00e9sents.<\/p>\n<p data-start=\"224\" data-end=\"372\">3 formats adapt\u00e9s \u00e0 chaque foyer :<\/p>\n<ul>\n<li data-start=\"224\" data-end=\"372\">1 L pour une personne<\/li>\n<li data-start=\"224\" data-end=\"372\">4 L pour un couple ou une petite famille<\/li>\n<li data-start=\"224\" data-end=\"372\">6 L pour les foyers de quatre personnes et plus<\/li>\n<\/ul>\n","protected":false},"excerpt":{"rendered":"<p>\u00c9limine les polluants courants<\/p>\n","protected":false},"featured_media":66197,"template":"","meta":[],"product_brand":[],"product_cat":[72,717],"product_tag":[712,687,715,713,714],"class_list":{"0":"post-80520","1":"product","2":"type-product","3":"status-publish","4":"has-post-thumbnail","6":"product_cat-purificateurs-deau","7":"product_cat-populaire","8":"product_tag-bacteries","9":"product_tag-gout-de-chlore","10":"product_tag-pesticides","11":"product_tag-traces-de-medicaments","12":"product_tag-virus","14":"first","15":"instock","16":"taxable","17":"shipping-taxable","18":"purchasable","19":"product-type-variable"},"_links":{"self":[{"href":"https:\/\/lavie.bio\/fr\/wp-json\/wp\/v2\/product\/80520","targetHints":{"allow":["GET"]}}],"collection":[{"href":"https:\/\/lavie.bio\/fr\/wp-json\/wp\/v2\/product"}],"about":[{"href":"https:\/\/lavie.bio\/fr\/wp-json\/wp\/v2\/types\/product"}],"version-history":[{"count":5,"href":"https:\/\/lavie.bio\/fr\/wp-json\/wp\/v2\/product\/80520\/revisions"}],"predecessor-version":[{"id":85693,"href":"https:\/\/lavie.bio\/fr\/wp-json\/wp\/v2\/product\/80520\/revisions\/85693"}],"wp:featuredmedia":[{"embeddable":true,"href":"https:\/\/lavie.bio\/fr\/wp-json\/wp\/v2\/media\/66197"}],"wp:attachment":[{"href":"https:\/\/lavie.bio\/fr\/wp-json\/wp\/v2\/media?parent=80520"}],"wp:term":[{"taxonomy":"product_brand","embeddable":true,"href":"https:\/\/lavie.bio\/fr\/wp-json\/wp\/v2\/product_brand?post=80520"},{"taxonomy":"product_cat","embeddable":true,"href":"https:\/\/lavie.bio\/fr\/wp-json\/wp\/v2\/product_cat?post=80520"},{"taxonomy":"product_tag","embeddable":true,"href":"https:\/\/lavie.bio\/fr\/wp-json\/wp\/v2\/product_tag?post=80520"}],"curies":[{"name":"wp","href":"https:\/\/api.w.org\/{rel}","templated":true}]}}