{"id":36755,"date":"2026-01-20T22:30:47","date_gmt":"2026-01-20T21:30:47","guid":{"rendered":"https:\/\/lavie.bio\/?post_type=product&#038;p=36755"},"modified":"2026-04-30T15:36:41","modified_gmt":"2026-04-30T13:36:41","slug":"bonbonne-en-verre-5-litres-purificateur-fontaine-eau","status":"publish","type":"product","link":"https:\/\/lavie.bio\/fr\/boutique\/produit\/bonbonne-en-verre-5-litres-purificateur-fontaine-eau\/","title":{"rendered":"Bonbonne en verre 5 litres Fontaine"},"content":{"rendered":"<p>Bonbonne en verre borosilicate de 5 litres pour <strong>LaFontaine<\/strong> de LAVIE, le purificateur d&#8217;eau innovant sans filtre physique, pour la famille ou le bureau.<\/p>\n<p>Proposez une eau pure au bureau ou \u00e0 toute votre famille gr\u00e2ce \u00e0 LaFontaine ! Avec sa capacit\u00e9 de 5 litres, elle est parfaitement adapt\u00e9e pour les espaces accueillant du public.<\/p>\n<p><strong>Fontaine \u00e0 eau pure de 5 litres<img fetchpriority=\"high\" decoding=\"async\" class=\"size-medium wp-image-34920 alignleft\" src=\"https:\/\/lavie.bio\/wp-content\/uploads\/fontaine-a-eau-purificateur-LaVie-300x200.webp\" alt=\"fontaine \u00e0 eau purificateur LaVie\" width=\"300\" height=\"200\" \/><\/strong><\/p>\n<p><a href=\"https:\/\/lavie.bio\/produit\/lafontaine-5-litres\/\" target=\"_blank\" rel=\"noopener\">Retrouver les d\u00e9tails de Lafontaine dans notre boutique<\/a><\/p>\n","protected":false},"excerpt":{"rendered":"<p>Bonbonne en verre borosilicate pour LaFontaine de LAVIE, la f<strong>ontaine \u00e0 eau pure de 5 litres<\/strong><\/p>\n","protected":false},"featured_media":37016,"template":"","meta":[],"product_brand":[],"product_cat":[15],"product_tag":[],"class_list":{"0":"post-36755","1":"product","2":"type-product","3":"status-publish","4":"has-post-thumbnail","6":"product_cat-adoucisseur-d-eau","8":"first","9":"instock","10":"taxable","11":"shipping-taxable","12":"purchasable","13":"product-type-simple"},"_links":{"self":[{"href":"https:\/\/lavie.bio\/fr\/wp-json\/wp\/v2\/product\/36755","targetHints":{"allow":["GET"]}}],"collection":[{"href":"https:\/\/lavie.bio\/fr\/wp-json\/wp\/v2\/product"}],"about":[{"href":"https:\/\/lavie.bio\/fr\/wp-json\/wp\/v2\/types\/product"}],"version-history":[{"count":4,"href":"https:\/\/lavie.bio\/fr\/wp-json\/wp\/v2\/product\/36755\/revisions"}],"predecessor-version":[{"id":86551,"href":"https:\/\/lavie.bio\/fr\/wp-json\/wp\/v2\/product\/36755\/revisions\/86551"}],"wp:featuredmedia":[{"embeddable":true,"href":"https:\/\/lavie.bio\/fr\/wp-json\/wp\/v2\/media\/37016"}],"wp:attachment":[{"href":"https:\/\/lavie.bio\/fr\/wp-json\/wp\/v2\/media?parent=36755"}],"wp:term":[{"taxonomy":"product_brand","embeddable":true,"href":"https:\/\/lavie.bio\/fr\/wp-json\/wp\/v2\/product_brand?post=36755"},{"taxonomy":"product_cat","embeddable":true,"href":"https:\/\/lavie.bio\/fr\/wp-json\/wp\/v2\/product_cat?post=36755"},{"taxonomy":"product_tag","embeddable":true,"href":"https:\/\/lavie.bio\/fr\/wp-json\/wp\/v2\/product_tag?post=36755"}],"curies":[{"name":"wp","href":"https:\/\/api.w.org\/{rel}","templated":true}]}}