{"id":56301,"date":"2024-08-27T16:32:11","date_gmt":"2024-08-27T14:32:11","guid":{"rendered":"https:\/\/lavie.bio\/?page_id=56301"},"modified":"2026-02-25T07:39:29","modified_gmt":"2026-02-25T06:39:29","slug":"etude-purificateur-d-eau-lavie-chloredecone","status":"publish","type":"page","link":"https:\/\/lavie.bio\/fr\/notre-technologie\/tests-scientifiques\/etude-purificateur-d-eau-lavie-chloredecone\/","title":{"rendered":"Efficacit\u00e9 du purificateur d\u2019eau LAVIE sur le Chlored\u00e9cone"},"content":{"rendered":"\t\t<div data-elementor-type=\"wp-page\" data-elementor-id=\"56301\" class=\"elementor elementor-56301\" data-elementor-post-type=\"page\">\n\t\t\t\t<div class=\"elementor-element elementor-element-25dd66f e-flex e-con-boxed e-con e-parent\" data-id=\"25dd66f\" data-element_type=\"container\" data-e-type=\"container\">\n\t\t\t\t\t<div class=\"e-con-inner\">\n\t\t\t\t<div class=\"elementor-element elementor-element-0d4bd9d elementor-widget elementor-widget-spacer\" data-id=\"0d4bd9d\" data-element_type=\"widget\" data-e-type=\"widget\" data-widget_type=\"spacer.default\">\n\t\t\t\t\t\t\t<div class=\"elementor-spacer\">\n\t\t\t<div class=\"elementor-spacer-inner\"><\/div>\n\t\t<\/div>\n\t\t\t\t\t\t<\/div>\n\t\t\t\t<div class=\"elementor-element elementor-element-ef24193 elementor-widget elementor-widget-heading\" data-id=\"ef24193\" data-element_type=\"widget\" data-e-type=\"widget\" data-widget_type=\"heading.default\">\n\t\t\t\t\t<h1 class=\"elementor-heading-title elementor-size-default\">Efficacit\u00e9 du purificateur d\u2019eau LAVIE sur le Chlored\u00e9cone<\/h1>\t\t\t\t<\/div>\n\t\t\t\t\t<\/div>\n\t\t\t\t<\/div>\n\t\t<div class=\"elementor-element elementor-element-3566f1f e-flex e-con-boxed e-con e-parent\" data-id=\"3566f1f\" data-element_type=\"container\" data-e-type=\"container\">\n\t\t\t\t\t<div class=\"e-con-inner\">\n\t\t<div class=\"elementor-element elementor-element-489e7eb e-con-full e-flex e-con e-child\" data-id=\"489e7eb\" data-element_type=\"container\" data-e-type=\"container\">\n\t\t\t\t<div class=\"elementor-element elementor-element-333b5c9 elementor-invisible elementor-widget elementor-widget-image\" data-id=\"333b5c9\" data-element_type=\"widget\" data-e-type=\"widget\" data-settings=\"{&quot;_animation&quot;:&quot;fadeInLeft&quot;}\" data-widget_type=\"image.default\">\n\t\t\t\t\t\t\t\t\t\t\t\t\t\t\t<img decoding=\"async\" src=\"https:\/\/lavie.bio\/wp-content\/uploads\/logo-aix-marseille-universite.svg\" class=\"attachment-large size-large wp-image-2998\" alt=\"Logo Aix Marseille universit\u00e9\" \/>\t\t\t\t\t\t\t\t\t\t\t\t\t\t\t<\/div>\n\t\t\t\t<\/div>\n\t\t<div class=\"elementor-element elementor-element-7e41f40 e-con-full e-flex e-con e-child\" data-id=\"7e41f40\" data-element_type=\"container\" data-e-type=\"container\">\n\t\t\t\t<div class=\"elementor-element elementor-element-e385bb5 elementor-widget elementor-widget-image\" data-id=\"e385bb5\" data-element_type=\"widget\" data-e-type=\"widget\" data-widget_type=\"image.default\">\n\t\t\t\t\t\t\t\t\t\t\t\t\t\t\t<img fetchpriority=\"high\" decoding=\"async\" width=\"300\" height=\"168\" src=\"https:\/\/lavie.bio\/wp-content\/uploads\/CNRS-etude-purification-d-eau.jpg\" class=\"attachment-large size-large wp-image-52082\" alt=\"CNRS \u00e9tude purification d&#039;eau\" srcset=\"https:\/\/lavie.bio\/wp-content\/uploads\/CNRS-etude-purification-d-eau.jpg 300w, https:\/\/lavie.bio\/wp-content\/uploads\/CNRS-etude-purification-d-eau-18x10.jpg 18w\" sizes=\"(max-width: 300px) 100vw, 300px\" \/>\t\t\t\t\t\t\t\t\t\t\t\t\t\t\t<\/div>\n\t\t\t\t<\/div>\n\t\t<div class=\"elementor-element elementor-element-3965cb4 e-con-full e-flex e-con e-child\" data-id=\"3965cb4\" data-element_type=\"container\" data-e-type=\"container\">\n\t\t\t\t<div class=\"elementor-element elementor-element-503f411 elementor-widget elementor-widget-text-editor\" data-id=\"503f411\" data-element_type=\"widget\" data-e-type=\"widget\" data-widget_type=\"text-editor.default\">\n\t\t\t\t\t\t\t\t\tCe rapport scientifique pr\u00e9sente une analyse d\u00e9taill\u00e9e de la performance du syst\u00e8me de purification d&#8217;eau LAVIE, en particulier sur la d\u00e9gradation de la chlord\u00e9cone, un pesticide organochlor\u00e9. Voici un r\u00e9sum\u00e9 des points cl\u00e9s du rapport (ici en anglais :\u00a0<a href=\"https:\/\/lavie.bio\/wp-content\/fichiers\/rapport-solable-12-avril.pdf\" target=\"_blank\" rel=\"noopener\">The purification performance of LAVIE system on the degradation of chlordecone<\/a>\n)\t\t\t\t\t\t\t\t<\/div>\n\t\t\t\t<\/div>\n\t\t\t\t\t<\/div>\n\t\t\t\t<\/div>\n\t\t<div class=\"elementor-element elementor-element-982a6c5 e-flex e-con-boxed e-con e-parent\" data-id=\"982a6c5\" data-element_type=\"container\" data-e-type=\"container\">\n\t\t\t\t\t<div class=\"e-con-inner\">\n\t\t\t\t<div class=\"elementor-element elementor-element-9e0a33c elementor-widget elementor-widget-heading\" data-id=\"9e0a33c\" data-element_type=\"widget\" data-e-type=\"widget\" data-widget_type=\"heading.default\">\n\t\t\t\t\t<h2 class=\"elementor-heading-title elementor-size-default\">Introduction et objectifs<\/h2>\t\t\t\t<\/div>\n\t\t\t\t<div class=\"elementor-element elementor-element-737766e elementor-widget elementor-widget-text-editor\" data-id=\"737766e\" data-element_type=\"widget\" data-e-type=\"widget\" data-widget_type=\"text-editor.default\">\n\t\t\t\t\t\t\t\t\t<ul><li><strong>Probl\u00e9matique :<\/strong> La qualit\u00e9 de l&#8217;eau du robinet est une pr\u00e9occupation majeure. Le syst\u00e8me LAVIE vise \u00e0 fournir de l&#8217;eau pure et de haute qualit\u00e9, en \u00e9liminant les contaminants organiques et en d\u00e9sinfectant l&#8217;eau.<\/li><li><strong>Objectif :<\/strong> D\u00e9montrer l&#8217;efficacit\u00e9 du syst\u00e8me LAVIE pour \u00e9liminer la chlord\u00e9cone* \u00e0 diff\u00e9rentes concentrations.<\/li><\/ul>\t\t\t\t\t\t\t\t<\/div>\n\t\t\t\t<div class=\"elementor-element elementor-element-ab994e8 elementor-widget elementor-widget-heading\" data-id=\"ab994e8\" data-element_type=\"widget\" data-e-type=\"widget\" data-widget_type=\"heading.default\">\n\t\t\t\t\t<h2 class=\"elementor-heading-title elementor-size-default\">M\u00e9thodes mat\u00e9rielles et analytiques<\/h2>\t\t\t\t<\/div>\n\t\t\t\t<div class=\"elementor-element elementor-element-df38340 elementor-widget elementor-widget-text-editor\" data-id=\"df38340\" data-element_type=\"widget\" data-e-type=\"widget\" data-widget_type=\"text-editor.default\">\n\t\t\t\t\t\t\t\t\t<ul><li><strong>Produits et r\u00e9actifs :<\/strong> Utilisation de la chlord\u00e9cone pure \u00e0 99% et de l&#8217;eau de Javel (chlore actif \u00e0 3,6%).<\/li><li><strong>Pr\u00e9paration des solutions :<\/strong> Solutions pr\u00e9par\u00e9es avec de l&#8217;eau du robinet et stock\u00e9es \u00e0 4\u00b0C.<\/li><li><strong>Syst\u00e8me de purification :<\/strong> Deux syst\u00e8mes LAVIE ont \u00e9t\u00e9 utilis\u00e9s, chacun \u00e9quip\u00e9 de dix LEDs UV-A et d&#8217;une bouteille en verre de 1 L, avec des dur\u00e9es d&#8217;exposition de 15 et 30 minutes.<\/li><li><strong>M\u00e9thodes analytiques :<\/strong> Mesure du chlore libre avec un photom\u00e8tre et analyse de la concentration de chlord\u00e9cone par LC-MS.<\/li><\/ul>\t\t\t\t\t\t\t\t<\/div>\n\t\t\t\t<div class=\"elementor-element elementor-element-7ba2e21 elementor-widget elementor-widget-heading\" data-id=\"7ba2e21\" data-element_type=\"widget\" data-e-type=\"widget\" data-widget_type=\"heading.default\">\n\t\t\t\t\t<h2 class=\"elementor-heading-title elementor-size-default\">R\u00e9sultats<\/h2>\t\t\t\t<\/div>\n\t\t\t\t<div class=\"elementor-element elementor-element-835c5a4 elementor-widget elementor-widget-heading\" data-id=\"835c5a4\" data-element_type=\"widget\" data-e-type=\"widget\" data-widget_type=\"heading.default\">\n\t\t\t\t\t<h3 class=\"elementor-heading-title elementor-size-default\">1. Exp\u00e9riences \u00e0 haute concentration de chlord\u00e9cone :<\/h3>\t\t\t\t<\/div>\n\t\t\t\t<div class=\"elementor-element elementor-element-e7a4303 elementor-widget elementor-widget-text-editor\" data-id=\"e7a4303\" data-element_type=\"widget\" data-e-type=\"widget\" data-widget_type=\"text-editor.default\">\n\t\t\t\t\t\t\t\t\t<ul><li>Des exp\u00e9riences ont montr\u00e9 une d\u00e9gradation significative de la chlord\u00e9cone sous irradiation UV-A.<\/li><li>Le chlore libre joue un r\u00f4le important dans la d\u00e9gradation, avec des taux d&#8217;abattement atteignant jusqu&#8217;\u00e0 49%.<\/li><li>Sans ajout d&#8217;eau de Javel, la d\u00e9gradation reste significative en raison du chlore d\u00e9j\u00e0 pr\u00e9sent dans l&#8217;eau du robinet.<\/li><\/ul>\t\t\t\t\t\t\t\t<\/div>\n\t\t\t\t<div class=\"elementor-element elementor-element-fc46b93 elementor-widget elementor-widget-heading\" data-id=\"fc46b93\" data-element_type=\"widget\" data-e-type=\"widget\" data-widget_type=\"heading.default\">\n\t\t\t\t\t<h3 class=\"elementor-heading-title elementor-size-default\">2. Exp\u00e9riences \u00e0 basse concentration de chlord\u00e9cone :<\/h3>\t\t\t\t<\/div>\n\t\t\t\t<div class=\"elementor-element elementor-element-41c176b elementor-widget elementor-widget-text-editor\" data-id=\"41c176b\" data-element_type=\"widget\" data-e-type=\"widget\" data-widget_type=\"text-editor.default\">\n\t\t\t\t\t\t\t\t\t<ul><li>\u00c0 des concentrations plus faibles, la photolyse directe permet une d\u00e9gradation de 15%.<\/li><li>Avec l&#8217;ajout de chlore libre, la d\u00e9gradation atteint 31%, montrant l&#8217;efficacit\u00e9 combin\u00e9e de la photolyse et des r\u00e9actions chimiques induites par le chlore.<\/li><\/ul>\t\t\t\t\t\t\t\t<\/div>\n\t\t\t\t<div class=\"elementor-element elementor-element-15f6f95 elementor-widget elementor-widget-heading\" data-id=\"15f6f95\" data-element_type=\"widget\" data-e-type=\"widget\" data-widget_type=\"heading.default\">\n\t\t\t\t\t<h3 class=\"elementor-heading-title elementor-size-default\">Conclusion<\/h3>\t\t\t\t<\/div>\n\t\t\t\t<div class=\"elementor-element elementor-element-44ac5e2 elementor-widget elementor-widget-text-editor\" data-id=\"44ac5e2\" data-element_type=\"widget\" data-e-type=\"widget\" data-widget_type=\"text-editor.default\">\n\t\t\t\t\t\t\t\t\t<ul><li><strong>Efficacit\u00e9 du syst\u00e8me LAVIE<\/strong> : La technologie UV-A de LAVIE est efficace pour d\u00e9grader la chlord\u00e9cone, avec des taux d&#8217;abattement allant jusqu&#8217;\u00e0 49% selon les conditions exp\u00e9rimentales.<\/li><li><strong>M\u00e9canisme de d\u00e9gradation<\/strong> : La d\u00e9gradation est due \u00e0 la photolyse directe et aux r\u00e9actions chimiques induites par le chlore libre.<\/li><li><strong>Importance des conditions exp\u00e9rimentales<\/strong> : La pr\u00e9sence de chlore libre dans l&#8217;eau du robinet est cruciale pour maximiser l&#8217;efficacit\u00e9 du syst\u00e8me.<\/li><\/ul>\t\t\t\t\t\t\t\t<\/div>\n\t\t\t\t<div class=\"elementor-element elementor-element-0c0124b elementor-widget elementor-widget-text-editor\" data-id=\"0c0124b\" data-element_type=\"widget\" data-e-type=\"widget\" data-widget_type=\"text-editor.default\">\n\t\t\t\t\t\t\t\t\tCe rapport d\u00e9montre que le syst\u00e8me de purification LAVIE est une solution puissante pour \u00e9liminer les contaminants organiques de l&#8217;eau, offrant ainsi une eau de haute qualit\u00e9 pour la consommation humaine.\t\t\t\t\t\t\t\t<\/div>\n\t\t\t\t<div class=\"elementor-element elementor-element-f7f9997 elementor-widget elementor-widget-heading\" data-id=\"f7f9997\" data-element_type=\"widget\" data-e-type=\"widget\" data-widget_type=\"heading.default\">\n\t\t\t\t\t<h2 class=\"elementor-heading-title elementor-size-default\">Questions \/ R\u00e9ponses<\/h2>\t\t\t\t<\/div>\n\t\t\t\t<div class=\"elementor-element elementor-element-bd01de8 elementor-widget__width-inherit elementor-widget elementor-widget-toggle\" data-id=\"bd01de8\" data-element_type=\"widget\" data-e-type=\"widget\" data-widget_type=\"toggle.default\">\n\t\t\t\t\t\t\t<div class=\"elementor-toggle\">\n\t\t\t\t\t\t\t<div class=\"elementor-toggle-item\">\n\t\t\t\t\t<h3 id=\"elementor-tab-title-1981\" class=\"elementor-tab-title\" data-tab=\"1\" role=\"button\" aria-controls=\"elementor-tab-content-1981\" aria-expanded=\"false\">\n\t\t\t\t\t\t\t\t\t\t\t\t<span class=\"elementor-toggle-icon elementor-toggle-icon-right\" aria-hidden=\"true\">\n\t\t\t\t\t\t\t\t\t\t\t\t\t\t\t<span class=\"elementor-toggle-icon-closed\"><svg class=\"e-font-icon-svg e-fas-angle-down\" viewBox=\"0 0 320 512\" xmlns=\"http:\/\/www.w3.org\/2000\/svg\"><path d=\"M143 352.3L7 216.3c-9.4-9.4-9.4-24.6 0-33.9l22.6-22.6c9.4-9.4 24.6-9.4 33.9 0l96.4 96.4 96.4-96.4c9.4-9.4 24.6-9.4 33.9 0l22.6 22.6c9.4 9.4 9.4 24.6 0 33.9l-136 136c-9.2 9.4-24.4 9.4-33.8 0z\"><\/path><\/svg><\/span>\n\t\t\t\t\t\t\t\t<span class=\"elementor-toggle-icon-opened\"><svg class=\"elementor-toggle-icon-opened e-font-icon-svg e-fas-angle-up\" viewBox=\"0 0 320 512\" xmlns=\"http:\/\/www.w3.org\/2000\/svg\"><path d=\"M177 159.7l136 136c9.4 9.4 9.4 24.6 0 33.9l-22.6 22.6c-9.4 9.4-24.6 9.4-33.9 0L160 255.9l-96.4 96.4c-9.4 9.4-24.6 9.4-33.9 0L7 329.7c-9.4-9.4-9.4-24.6 0-33.9l136-136c9.4-9.5 24.6-9.5 34-.1z\"><\/path><\/svg><\/span>\n\t\t\t\t\t\t\t\t\t\t\t\t\t<\/span>\n\t\t\t\t\t\t\t\t\t\t\t\t<a class=\"elementor-toggle-title\" tabindex=\"0\">Qu'est ce que la chlored\u00e9cone ?<\/a>\n\t\t\t\t\t<\/h3>\n\n\t\t\t\t\t<div id=\"elementor-tab-content-1981\" class=\"elementor-tab-content elementor-clearfix\" data-tab=\"1\" role=\"region\" aria-labelledby=\"elementor-tab-title-1981\"><p>La chlord\u00e9cone est un pesticide organochlor\u00e9 utilis\u00e9 principalement dans les plantations de bananes pour lutter contre les charan\u00e7ons du bananier. Extr\u00eamement persistante dans l&#8217;environnement, elle a contamin\u00e9 les sols et les eaux, notamment en Martinique et en Guadeloupe. Class\u00e9e comme canc\u00e9rig\u00e8ne probable, elle provoque des troubles neurologiques et endocriniens. Son usage a \u00e9t\u00e9 interdit en France en 1993, et des efforts sont en cours pour g\u00e9rer la contamination et prot\u00e9ger la sant\u00e9 publique dans les zones affect\u00e9es.<\/p><\/div>\n\t\t\t\t<\/div>\n\t\t\t\t\t\t\t<div class=\"elementor-toggle-item\">\n\t\t\t\t\t<h3 id=\"elementor-tab-title-1982\" class=\"elementor-tab-title\" data-tab=\"2\" role=\"button\" aria-controls=\"elementor-tab-content-1982\" aria-expanded=\"false\">\n\t\t\t\t\t\t\t\t\t\t\t\t<span class=\"elementor-toggle-icon elementor-toggle-icon-right\" aria-hidden=\"true\">\n\t\t\t\t\t\t\t\t\t\t\t\t\t\t\t<span class=\"elementor-toggle-icon-closed\"><svg class=\"e-font-icon-svg e-fas-angle-down\" viewBox=\"0 0 320 512\" xmlns=\"http:\/\/www.w3.org\/2000\/svg\"><path d=\"M143 352.3L7 216.3c-9.4-9.4-9.4-24.6 0-33.9l22.6-22.6c9.4-9.4 24.6-9.4 33.9 0l96.4 96.4 96.4-96.4c9.4-9.4 24.6-9.4 33.9 0l22.6 22.6c9.4 9.4 9.4 24.6 0 33.9l-136 136c-9.2 9.4-24.4 9.4-33.8 0z\"><\/path><\/svg><\/span>\n\t\t\t\t\t\t\t\t<span class=\"elementor-toggle-icon-opened\"><svg class=\"elementor-toggle-icon-opened e-font-icon-svg e-fas-angle-up\" viewBox=\"0 0 320 512\" xmlns=\"http:\/\/www.w3.org\/2000\/svg\"><path d=\"M177 159.7l136 136c9.4 9.4 9.4 24.6 0 33.9l-22.6 22.6c-9.4 9.4-24.6 9.4-33.9 0L160 255.9l-96.4 96.4c-9.4 9.4-24.6 9.4-33.9 0L7 329.7c-9.4-9.4-9.4-24.6 0-33.9l136-136c9.4-9.5 24.6-9.5 34-.1z\"><\/path><\/svg><\/span>\n\t\t\t\t\t\t\t\t\t\t\t\t\t<\/span>\n\t\t\t\t\t\t\t\t\t\t\t\t<a class=\"elementor-toggle-title\" tabindex=\"0\">Qu\u2019est ce qu\u2019un pesticide organochlor\u00e9 <\/a>\n\t\t\t\t\t<\/h3>\n\n\t\t\t\t\t<div id=\"elementor-tab-content-1982\" class=\"elementor-tab-content elementor-clearfix\" data-tab=\"2\" role=\"region\" aria-labelledby=\"elementor-tab-title-1982\">Un pesticide organochlor\u00e9 est un compos\u00e9 organique contenant du chlore, utilis\u00e9 pour lutter contre les insectes nuisibles. Ces pesticides, comme le DDT et la chlord\u00e9cone, sont tr\u00e8s stables et persistants dans l&#8217;environnement, se d\u00e9gradant lentement et s&#8217;accumulant dans les cha\u00eenes alimentaires. Bien qu&#8217;efficaces, ils sont potentiellement canc\u00e9rig\u00e8nes et peuvent causer divers probl\u00e8mes de sant\u00e9, ce qui a conduit \u00e0 leur interdiction ou r\u00e9gulation stricte dans de nombreux pays.<\/div>\n\t\t\t\t<\/div>\n\t\t\t\t\t\t\t\t<\/div>\n\t\t\t\t\t\t<\/div>\n\t\t\t\t<div class=\"elementor-element elementor-element-6b1ae84 elementor-widget elementor-widget-spacer\" data-id=\"6b1ae84\" data-element_type=\"widget\" data-e-type=\"widget\" data-widget_type=\"spacer.default\">\n\t\t\t\t\t\t\t<div class=\"elementor-spacer\">\n\t\t\t<div class=\"elementor-spacer-inner\"><\/div>\n\t\t<\/div>\n\t\t\t\t\t\t<\/div>\n\t\t\t\t<div class=\"elementor-element elementor-element-e6bda83 elementor-widget elementor-widget-heading\" data-id=\"e6bda83\" data-element_type=\"widget\" data-e-type=\"widget\" data-widget_type=\"heading.default\">\n\t\t\t\t\t<h2 class=\"elementor-heading-title elementor-size-default\">Autre \u00e9tude r\u00e9sum\u00e9e en fran\u00e7ais<\/h2>\t\t\t\t<\/div>\n\t\t\t\t\t<\/div>\n\t\t\t\t<\/div>\n\t\t<div class=\"elementor-element elementor-element-a2fc62e e-flex e-con-boxed e-con e-parent\" data-id=\"a2fc62e\" data-element_type=\"container\" data-e-type=\"container\">\n\t\t\t\t\t<div class=\"e-con-inner\">\n\t\t<div class=\"elementor-element elementor-element-8c461be e-con-full e-flex e-con e-child\" data-id=\"8c461be\" data-element_type=\"container\" data-e-type=\"container\">\n\t\t\t\t<div class=\"elementor-element elementor-element-7c7996a elementor-align-center elementor-widget__width-initial elementor-widget elementor-widget-button\" data-id=\"7c7996a\" data-element_type=\"widget\" data-e-type=\"widget\" data-widget_type=\"button.default\">\n\t\t\t\t\t\t\t\t\t\t<a class=\"elementor-button elementor-button-link elementor-size-sm\" href=\"https:\/\/lavie.bio\/fr\/notre-technologie\/tests-scientifiques\/performances-de-purification-effet-chlore\/\" target=\"_blank\">\n\t\t\t\t\t\t<span class=\"elementor-button-content-wrapper\">\n\t\t\t\t\t\t\t\t\t<span class=\"elementor-button-text\">PERFORMANCES DE PURIFICATION : IMPACT DU CHLORE LIBRE ET DE L'OXYG\u00c8NE DISSOUS<\/span>\n\t\t\t\t\t<\/span>\n\t\t\t\t\t<\/a>\n\t\t\t\t\t\t\t\t<\/div>\n\t\t\t\t<\/div>\n\t\t\t\t\t<\/div>\n\t\t\t\t<\/div>\n\t\t\t\t<\/div>\n\t\t","protected":false},"excerpt":{"rendered":"<p>Efficacit\u00e9 du purificateur d\u2019eau LAVIE sur le Chlored\u00e9cone Ce rapport scientifique pr\u00e9sente une analyse d\u00e9taill\u00e9e de la performance du syst\u00e8me de purification d&#8217;eau LAVIE, en particulier sur la d\u00e9gradation de la chlord\u00e9cone, un pesticide organochlor\u00e9. Voici un r\u00e9sum\u00e9 des points cl\u00e9s du rapport (ici en anglais :\u00a0The purification performance of LAVIE system on the degradation [&hellip;]<\/p>\n","protected":false},"author":3,"featured_media":0,"parent":3389,"menu_order":0,"comment_status":"closed","ping_status":"closed","template":"","meta":{"footnotes":""},"class_list":["post-56301","page","type-page","status-publish","hentry"],"_links":{"self":[{"href":"https:\/\/lavie.bio\/fr\/wp-json\/wp\/v2\/pages\/56301","targetHints":{"allow":["GET"]}}],"collection":[{"href":"https:\/\/lavie.bio\/fr\/wp-json\/wp\/v2\/pages"}],"about":[{"href":"https:\/\/lavie.bio\/fr\/wp-json\/wp\/v2\/types\/page"}],"author":[{"embeddable":true,"href":"https:\/\/lavie.bio\/fr\/wp-json\/wp\/v2\/users\/3"}],"replies":[{"embeddable":true,"href":"https:\/\/lavie.bio\/fr\/wp-json\/wp\/v2\/comments?post=56301"}],"version-history":[{"count":3,"href":"https:\/\/lavie.bio\/fr\/wp-json\/wp\/v2\/pages\/56301\/revisions"}],"predecessor-version":[{"id":83674,"href":"https:\/\/lavie.bio\/fr\/wp-json\/wp\/v2\/pages\/56301\/revisions\/83674"}],"up":[{"embeddable":true,"href":"https:\/\/lavie.bio\/fr\/wp-json\/wp\/v2\/pages\/3389"}],"wp:attachment":[{"href":"https:\/\/lavie.bio\/fr\/wp-json\/wp\/v2\/media?parent=56301"}],"curies":[{"name":"wp","href":"https:\/\/api.w.org\/{rel}","templated":true}]}}