{"id":3269,"date":"2022-11-30T06:49:46","date_gmt":"2022-11-30T06:49:46","guid":{"rendered":"https:\/\/lavie.bio\/?page_id=3269"},"modified":"2025-02-12T17:22:53","modified_gmt":"2025-02-12T16:22:53","slug":"mentions-legales","status":"publish","type":"page","link":"https:\/\/lavie.bio\/fr\/mentions-legales\/","title":{"rendered":"Mentions l\u00e9gales"},"content":{"rendered":"\t\t<div data-elementor-type=\"wp-page\" data-elementor-id=\"3269\" class=\"elementor elementor-3269\" data-elementor-post-type=\"page\">\n\t\t\t\t<div class=\"elementor-element elementor-element-fea6dbb e-flex e-con-boxed e-con e-parent\" data-id=\"fea6dbb\" data-element_type=\"container\" data-e-type=\"container\">\n\t\t\t\t\t<div class=\"e-con-inner\">\n\t\t\t\t<div class=\"elementor-element elementor-element-65e25de elementor-widget elementor-widget-spacer\" data-id=\"65e25de\" data-element_type=\"widget\" data-e-type=\"widget\" data-widget_type=\"spacer.default\">\n\t\t\t\t\t\t\t<div class=\"elementor-spacer\">\n\t\t\t<div class=\"elementor-spacer-inner\"><\/div>\n\t\t<\/div>\n\t\t\t\t\t\t<\/div>\n\t\t\t\t<div class=\"elementor-element elementor-element-80d9686 elementor-widget elementor-widget-heading\" data-id=\"80d9686\" data-element_type=\"widget\" data-e-type=\"widget\" data-widget_type=\"heading.default\">\n\t\t\t\t\t<h1 class=\"elementor-heading-title elementor-size-default\">Mentions L\u00e9gales<\/h1>\t\t\t\t<\/div>\n\t\t\t\t\t<\/div>\n\t\t\t\t<\/div>\n\t\t<div class=\"elementor-element elementor-element-17b601a e-flex e-con-boxed e-con e-parent\" data-id=\"17b601a\" data-element_type=\"container\" data-e-type=\"container\">\n\t\t\t\t\t<div class=\"e-con-inner\">\n\t\t\t\t<div class=\"elementor-element elementor-element-9b10003 elementor-widget elementor-widget-spacer\" data-id=\"9b10003\" data-element_type=\"widget\" data-e-type=\"widget\" data-widget_type=\"spacer.default\">\n\t\t\t\t\t\t\t<div class=\"elementor-spacer\">\n\t\t\t<div class=\"elementor-spacer-inner\"><\/div>\n\t\t<\/div>\n\t\t\t\t\t\t<\/div>\n\t\t\t\t<div class=\"elementor-element elementor-element-2a72df4 elementor-widget elementor-widget-text-editor\" data-id=\"2a72df4\" data-element_type=\"widget\" data-e-type=\"widget\" data-widget_type=\"text-editor.default\">\n\t\t\t\t\t\t\t\t\t<div id=\"content\" class=\"site-content\"><div class=\"ast-container\"><div id=\"primary\" class=\"content-area primary\"><div id=\"content\" class=\"site-content\"><div class=\"ast-container\"><div id=\"primary\" class=\"content-area primary\"><article id=\"post-3269\" class=\"post-3269 page type-page status-publish has-post-thumbnail ast-article-single\"><div class=\"entry-content clear\"><div class=\"vc_row wpb_row vc_row-fluid\"><div class=\"wpb_column vc_column_container vc_col-sm-12\"><div class=\"vc_column-inner\"><div class=\"wpb_wrapper\"><div class=\"wpb_text_column wpb_content_element \"><div class=\"wpb_wrapper\"><h2 class=\"title3\">MENTIONS L\u00c9GALES\u00a0<\/h2><p>Solable (LaVie)<br \/>8 AV FERNAND JULIEN 13410 LAMBESC<br \/>SAS au capital social de 13500\u20ac<br \/>Immatricul\u00e9e au RCS le 02-06-2015<br \/>811565803<\/p><h2 class=\"title3\">DROITS D\u2019AUTEUR \u2013 COPYRIGHT<\/h2><p>L\u2019ensemble de ce site rel\u00e8ve de la l\u00e9gislation fran\u00e7aise et internationale sur le droit d\u2019auteur et la propri\u00e9t\u00e9 intellectuelle. Tous les droits de reproduction sont r\u00e9serv\u00e9s, y compris les documents t\u00e9l\u00e9chargeables et les repr\u00e9sentations iconographiques et photographiques.<\/p><p>La reproduction de tout ou partie de ce site sur un support \u00e9lectronique, quel qu\u2019il soit, est formellement interdite, sauf autorisation expresse du directeur de la publication.<\/p><p>La reproduction des textes de ce site sur un support papier est possible pour une utilisation personnelle ou \u00e0 titre p\u00e9dagogique sous certaines conditions :<\/p><h2 class=\"title3\">GRATUIT\u00c9 DE LA DIFFUSION<\/h2><p>Respect de l\u2019int\u00e9grit\u00e9 des documents reproduits : pas de modification ni d\u2019alt\u00e9ration d\u2019aucune sorte ;<\/p><p>Citation claire et visible de la source d\u2019information sous la forme suivante, par exemple :<\/p><p>\u00abCe document provient du site Internet www.lavie.bio\u00bb<\/p><p>L\u2019adresse Internet doit imp\u00e9rativement figurer dans la r\u00e9f\u00e9rence. Pour d\u2019autres utilisations, veuillez nous consulter.<\/p><p>La reproduction des textes, tableaux, graphiques, photos\u2026 de ce site sur un support-papier ou \u00e9lectronique est interdite :<\/p><ul><li>Dans un but commercial ou de distribution.<\/li><li>Par extraction r\u00e9p\u00e9t\u00e9e ou syst\u00e9matique d\u2019\u00e9l\u00e9ment prot\u00e9g\u00e9 ou non du site www.lavie.bio lui causant un pr\u00e9judice quelconque.<\/li><li>Par le m\u00e9canisme de liens. Sp\u00e9cialement lors de la pr\u00e9sentation d\u2019une page du site www.lavie.bio dans des cadres ou \u00abframe\u00bb n\u2019appartenant pas au site www.lavie.bio gr\u00e2ce aux techniques de \u00abFraming\u00bb ou l\u2019utilisation d\u2019un \u00e9l\u00e9ment dans un site ext\u00e9rieur gr\u00e2ce \u00e0 la technique du \u00abin line linking\u00bb.<\/li><\/ul><h2 class=\"title3\">MODIFICATION DU SITE<\/h2><p>La soci\u00e9t\u00e9 Solable se r\u00e9serve le droit de modifier ou de corriger le contenu de ce site et cette mention l\u00e9gale \u00e0 tout moment et ceci sans pr\u00e9avis.<\/p><h2 class=\"title3\">COMMUNICATIONS DES UTILISATEURS<\/h2><p>Il vous est express\u00e9ment interdit d\u2019enregistrer ou de transmettre dans et vers ce site, des communications ill\u00e9gales, mena\u00e7antes, insultantes, diffamatoires, obsc\u00e8nes, pornographiques ou contrevenant \u00e0 des lois nationales, europ\u00e9ennes ou internationales, quel que soit le moyen utilis\u00e9 (courrier \u00e9lectronique ou fichier vid\u00e9o\u2026).<\/p><h2 class=\"title3\">LIENS VERS D\u2019AUTRES SITES INTERNET<\/h2><p>Les liens vers d\u2019autres sites Internet pr\u00e9sents sur ce site sont fournis exclusivement pour vous fournir une information la plus compl\u00e8te. Si vous utilisez ces liens, vous quitterez le site www.lavie.bio. La soci\u00e9t\u00e9 Solable a v\u00e9rifi\u00e9 la page point\u00e9e par le lien actif mais il ne contr\u00f4le ni n\u2019est responsable de ces sites ou de leur contenu.<\/p><p>Pour cette raison, La soci\u00e9t\u00e9 Solable d\u00e9cline toute responsabilit\u00e9 concernant ces sites ou les informations y figurant, les logiciels ou autres documents qui s\u2019y trouvent ou concernant les cons\u00e9quences de leur utilisation. Si vous d\u00e9cidez d\u2019acc\u00e9der \u00e0 des sites externes reli\u00e9s \u00e0 notre site, vous le faites sous votre enti\u00e8re responsabilit\u00e9.<\/p><h2 class=\"title3\">EXON\u00c9RATION DE RESPONSABILIT\u00c9<\/h2><p>Il appartient \u00e0 l\u2019utilisateur de ce site de prendre toutes les mesures appropri\u00e9es de fa\u00e7on \u00e0 prot\u00e9ger ses propres donn\u00e9es et\/ou logiciels de contamination par d\u2019\u00e9ventuels virus circulant sur le r\u00e9seau Internet.<\/p><p>La soci\u00e9t\u00e9 Solable ne pourra \u00eatre tenu responsable des dommages directs ou indirects r\u00e9sultant de l\u2019usage de son site Internet ou d\u2019autres sites qui lui sont li\u00e9s, notamment du fait de non-acc\u00e8s \u00e0 son site, de dysfonctionnements li\u00e9s au r\u00e9seau Internet, \u00e0 l\u2019h\u00e9bergeur du site ou l\u2019h\u00e9bergeur d\u2019une partie du site ou d\u2019interruption de service pour cause de maintenance ou de mise \u00e0 jour.<\/p><p>Ce site Internet est r\u00e9gi par le droit fran\u00e7ais.<\/p><\/div><\/div><\/div><\/div><\/div><\/div><\/div><\/article><\/div><\/div><\/div><\/div><\/div><\/div>\t\t\t\t\t\t\t\t<\/div>\n\t\t\t\t\t<\/div>\n\t\t\t\t<\/div>\n\t\t<div class=\"elementor-element elementor-element-b55df53 e-flex e-con-boxed e-con e-parent\" data-id=\"b55df53\" data-element_type=\"container\" data-e-type=\"container\">\n\t\t\t\t\t<div class=\"e-con-inner\">\n\t\t\t\t<div class=\"elementor-element elementor-element-8afa726 elementor-widget elementor-widget-spacer\" data-id=\"8afa726\" data-element_type=\"widget\" data-e-type=\"widget\" data-widget_type=\"spacer.default\">\n\t\t\t\t\t\t\t<div class=\"elementor-spacer\">\n\t\t\t<div class=\"elementor-spacer-inner\"><\/div>\n\t\t<\/div>\n\t\t\t\t\t\t<\/div>\n\t\t\t\t\t<\/div>\n\t\t\t\t<\/div>\n\t\t\t\t<\/div>\n\t\t","protected":false},"excerpt":{"rendered":"<p>Mentions L\u00e9gales MENTIONS L\u00c9GALES\u00a0 Solable (LaVie)8 AV FERNAND JULIEN 13410 LAMBESCSAS au capital social de 13500\u20acImmatricul\u00e9e au RCS le 02-06-2015811565803 DROITS D\u2019AUTEUR \u2013 COPYRIGHT L\u2019ensemble de ce site rel\u00e8ve de la l\u00e9gislation fran\u00e7aise et internationale sur le droit d\u2019auteur et la propri\u00e9t\u00e9 intellectuelle. Tous les droits de reproduction sont r\u00e9serv\u00e9s, y compris les documents t\u00e9l\u00e9chargeables [&hellip;]<\/p>\n","protected":false},"author":3,"featured_media":3186,"parent":0,"menu_order":200,"comment_status":"closed","ping_status":"closed","template":"elementor_header_footer","meta":{"footnotes":""},"class_list":["post-3269","page","type-page","status-publish","has-post-thumbnail","hentry"],"_links":{"self":[{"href":"https:\/\/lavie.bio\/fr\/wp-json\/wp\/v2\/pages\/3269","targetHints":{"allow":["GET"]}}],"collection":[{"href":"https:\/\/lavie.bio\/fr\/wp-json\/wp\/v2\/pages"}],"about":[{"href":"https:\/\/lavie.bio\/fr\/wp-json\/wp\/v2\/types\/page"}],"author":[{"embeddable":true,"href":"https:\/\/lavie.bio\/fr\/wp-json\/wp\/v2\/users\/3"}],"replies":[{"embeddable":true,"href":"https:\/\/lavie.bio\/fr\/wp-json\/wp\/v2\/comments?post=3269"}],"version-history":[{"count":0,"href":"https:\/\/lavie.bio\/fr\/wp-json\/wp\/v2\/pages\/3269\/revisions"}],"wp:featuredmedia":[{"embeddable":true,"href":"https:\/\/lavie.bio\/fr\/wp-json\/wp\/v2\/media\/3186"}],"wp:attachment":[{"href":"https:\/\/lavie.bio\/fr\/wp-json\/wp\/v2\/media?parent=3269"}],"curies":[{"name":"wp","href":"https:\/\/api.w.org\/{rel}","templated":true}]}}