{"id":3254,"date":"2022-11-30T06:07:25","date_gmt":"2022-11-30T06:07:25","guid":{"rendered":"https:\/\/lavie.bio\/?page_id=3254"},"modified":"2026-02-25T09:20:11","modified_gmt":"2026-02-25T08:20:11","slug":"conformite-rgpd","status":"publish","type":"page","link":"https:\/\/lavie.bio\/fr\/conformite-rgpd\/","title":{"rendered":"Conformit\u00e9 RGPD"},"content":{"rendered":"\t\t<div data-elementor-type=\"wp-page\" data-elementor-id=\"3254\" class=\"elementor elementor-3254\" data-elementor-post-type=\"page\">\n\t\t\t\t<div class=\"elementor-element elementor-element-ba0cf32 e-flex e-con-boxed e-con e-parent\" data-id=\"ba0cf32\" data-element_type=\"container\" data-e-type=\"container\">\n\t\t\t\t\t<div class=\"e-con-inner\">\n\t\t\t\t<div class=\"elementor-element elementor-element-ea2b8e3 elementor-widget elementor-widget-spacer\" data-id=\"ea2b8e3\" data-element_type=\"widget\" data-e-type=\"widget\" data-widget_type=\"spacer.default\">\n\t\t\t\t\t\t\t<div class=\"elementor-spacer\">\n\t\t\t<div class=\"elementor-spacer-inner\"><\/div>\n\t\t<\/div>\n\t\t\t\t\t\t<\/div>\n\t\t\t\t<div class=\"elementor-element elementor-element-21bd7ee elementor-widget elementor-widget-heading\" data-id=\"21bd7ee\" data-element_type=\"widget\" data-e-type=\"widget\" data-widget_type=\"heading.default\">\n\t\t\t\t\t<h1 class=\"elementor-heading-title elementor-size-default\">Conformit\u00e9 RGPD<\/h1>\t\t\t\t<\/div>\n\t\t\t\t<div class=\"elementor-element elementor-element-a1f1f2d elementor-widget elementor-widget-spacer\" data-id=\"a1f1f2d\" data-element_type=\"widget\" data-e-type=\"widget\" data-widget_type=\"spacer.default\">\n\t\t\t\t\t\t\t<div class=\"elementor-spacer\">\n\t\t\t<div class=\"elementor-spacer-inner\"><\/div>\n\t\t<\/div>\n\t\t\t\t\t\t<\/div>\n\t\t\t\t\t<\/div>\n\t\t\t\t<\/div>\n\t\t<div class=\"elementor-element elementor-element-63a7988d e-flex e-con-boxed e-con e-parent\" data-id=\"63a7988d\" data-element_type=\"container\" data-e-type=\"container\">\n\t\t\t\t\t<div class=\"e-con-inner\">\n\t\t\t\t<div class=\"elementor-element elementor-element-7c9b6d7e elementor-widget elementor-widget-text-editor\" data-id=\"7c9b6d7e\" data-element_type=\"widget\" data-e-type=\"widget\" data-widget_type=\"text-editor.default\">\n\t\t\t\t\t\t\t\t\t<p class=\"tcenter\">L&#8217;application utilis\u00e9e pour assurer la conformit\u00e9 RGPD\/CCPA de ce site collecte votre adresse IP et l&#8217;adresse e-mail afin de traiter les donn\u00e9es.\u00a0 <a href=\"https:\/\/lavie.bio\/fr\/politique-de-confidentialite\/\">Politique de confidentialit\u00e9<\/a>.<\/p><h2 class=\"title3\">Rectification des donn\u00e9es<\/h2><p class=\"tleft\">Vous pouvez utiliser le lien ci-dessous pour mettre \u00e0 jour les donn\u00e9es de votre compte si elles ne sont pas exactes.<\/p><ul><li><a href=\"#\">Modifiez les informations de votre compte<\/a><\/li><\/ul><h2 class=\"title3\">Portabilit\u00e9 des donn\u00e9es<\/h2><p class=\"tleft\">Vous pouvez utiliser les liens ci-dessous pour t\u00e9l\u00e9charger toutes les donn\u00e9es que nous stockons et utilisons pour une meilleure exp\u00e9rience dans notre magasin.<\/p><ul><li><a href=\"#\">Requ\u00eate CCPA (Canada)<\/a><\/li><li><a href=\"#\">Renseignements personnels<\/a><\/li><li><a href=\"#\">Commandes<\/a><\/li><\/ul><h2 class=\"title3\">Acc\u00e8s aux donn\u00e9es personnelles<\/h2><p class=\"tleft\">Vous pouvez utiliser le lien ci-dessous pour demander un rapport qui contiendra toutes les informations personnelles que nous stockons pour vous.<\/p><ul><li><a href=\"#\">Demandez un rapport<\/a><\/li><\/ul><h2 class=\"title3\">Nous ne vendons pas vos informations<\/h2><p class=\"tleft\">Mais vous pouvez soumettre une demande pour nous faire savoir que vous n&#8217;acceptez pas que vos informations personnelles soient collect\u00e9es.<\/p><ul><li><a href=\"#\">Ne collectez pas mes donn\u00e9es<\/a><\/li><\/ul><h2 class=\"title3\">Droit \u00e0 l&#8217;oubli<\/h2><p class=\"tleft\">Utilisez cette option si vous souhaitez supprimer vos donn\u00e9es personnelles et autres de notre boutique. Garde en t\u00eate que ce processus supprimera votre compte, vous ne pourrez donc plus y acc\u00e9der ni l&#8217;utiliser.<\/p><ul><li><a href=\"#\">Demandez la suppression des donn\u00e9es personnelles<\/a><\/li><\/ul>\t\t\t\t\t\t\t\t<\/div>\n\t\t\t\t\t<\/div>\n\t\t\t\t<\/div>\n\t\t\t\t<\/div>\n\t\t","protected":false},"excerpt":{"rendered":"<p>Conformit\u00e9 RGPD L&#8217;application utilis\u00e9e pour assurer la conformit\u00e9 RGPD\/CCPA de ce site collecte votre adresse IP et l&#8217;adresse e-mail afin de traiter les donn\u00e9es.\u00a0 Politique de confidentialit\u00e9. Rectification des donn\u00e9es Vous pouvez utiliser le lien ci-dessous pour mettre \u00e0 jour les donn\u00e9es de votre compte si elles ne sont pas exactes. Modifiez les informations de [&hellip;]<\/p>\n","protected":false},"author":3,"featured_media":0,"parent":0,"menu_order":200,"comment_status":"closed","ping_status":"closed","template":"elementor_header_footer","meta":{"footnotes":""},"class_list":["post-3254","page","type-page","status-publish","hentry"],"_links":{"self":[{"href":"https:\/\/lavie.bio\/fr\/wp-json\/wp\/v2\/pages\/3254","targetHints":{"allow":["GET"]}}],"collection":[{"href":"https:\/\/lavie.bio\/fr\/wp-json\/wp\/v2\/pages"}],"about":[{"href":"https:\/\/lavie.bio\/fr\/wp-json\/wp\/v2\/types\/page"}],"author":[{"embeddable":true,"href":"https:\/\/lavie.bio\/fr\/wp-json\/wp\/v2\/users\/3"}],"replies":[{"embeddable":true,"href":"https:\/\/lavie.bio\/fr\/wp-json\/wp\/v2\/comments?post=3254"}],"version-history":[{"count":3,"href":"https:\/\/lavie.bio\/fr\/wp-json\/wp\/v2\/pages\/3254\/revisions"}],"predecessor-version":[{"id":83861,"href":"https:\/\/lavie.bio\/fr\/wp-json\/wp\/v2\/pages\/3254\/revisions\/83861"}],"wp:attachment":[{"href":"https:\/\/lavie.bio\/fr\/wp-json\/wp\/v2\/media?parent=3254"}],"curies":[{"name":"wp","href":"https:\/\/api.w.org\/{rel}","templated":true}]}}