{"id":81375,"date":"2026-01-20T23:30:32","date_gmt":"2026-01-20T22:30:32","guid":{"rendered":"https:\/\/lavie.bio\/?post_type=product&#038;p=81375"},"modified":"2026-04-15T12:53:20","modified_gmt":"2026-04-15T10:53:20","slug":"opropre-1-cartouche","status":"publish","type":"product","link":"https:\/\/lavie.bio\/es\/boutique\/produit\/opropre-1-cartouche\/","title":{"rendered":"OPROPRE + 1 CARTUCHO"},"content":{"rendered":"<p data-start=\"144\" data-end=\"302\">El sistema de prefiltraci\u00f3n OPROPRE elimina el 99,9% de los contaminantes eternos presentes de forma natural en el agua del grifo.<\/p>\n<p data-start=\"304\" data-end=\"555\">F\u00e1cil de instalar bajo el fregadero, su exclusiva combinaci\u00f3n de carb\u00f3n activado de coco ultrapurificado y resina de alto rendimiento proporciona agua purificada de sabor neutro, al tiempo que preserva los minerales y oligoelementos presentes de forma natural.<\/p>\n<p data-start=\"557\" data-end=\"673\">Viene con un cartucho que puede tratar el agua del grifo durante 6 meses o 15 m\u00b3 de uso.<\/p>\n<p>&nbsp;<\/p>\n<p>&nbsp;<\/p>","protected":false},"excerpt":{"rendered":"<p>Elimina los contaminantes eternos<\/p>","protected":false},"featured_media":57712,"template":"","meta":[],"product_brand":[],"product_cat":[711,717],"product_tag":[712,716,685],"class_list":{"0":"post-81375","1":"product","2":"type-product","3":"status-publish","4":"has-post-thumbnail","6":"product_cat-prefiltration-sous-evier","7":"product_cat-populaire","8":"product_tag-bacteries","9":"product_tag-metaux-lourds","10":"product_tag-pfas","12":"first","13":"instock","14":"taxable","15":"shipping-taxable","16":"purchasable","17":"product-type-simple"},"_links":{"self":[{"href":"https:\/\/lavie.bio\/es\/wp-json\/wp\/v2\/product\/81375","targetHints":{"allow":["GET"]}}],"collection":[{"href":"https:\/\/lavie.bio\/es\/wp-json\/wp\/v2\/product"}],"about":[{"href":"https:\/\/lavie.bio\/es\/wp-json\/wp\/v2\/types\/product"}],"version-history":[{"count":3,"href":"https:\/\/lavie.bio\/es\/wp-json\/wp\/v2\/product\/81375\/revisions"}],"predecessor-version":[{"id":84811,"href":"https:\/\/lavie.bio\/es\/wp-json\/wp\/v2\/product\/81375\/revisions\/84811"}],"wp:featuredmedia":[{"embeddable":true,"href":"https:\/\/lavie.bio\/es\/wp-json\/wp\/v2\/media\/57712"}],"wp:attachment":[{"href":"https:\/\/lavie.bio\/es\/wp-json\/wp\/v2\/media?parent=81375"}],"wp:term":[{"taxonomy":"product_brand","embeddable":true,"href":"https:\/\/lavie.bio\/es\/wp-json\/wp\/v2\/product_brand?post=81375"},{"taxonomy":"product_cat","embeddable":true,"href":"https:\/\/lavie.bio\/es\/wp-json\/wp\/v2\/product_cat?post=81375"},{"taxonomy":"product_tag","embeddable":true,"href":"https:\/\/lavie.bio\/es\/wp-json\/wp\/v2\/product_tag?post=81375"}],"curies":[{"name":"wp","href":"https:\/\/api.w.org\/{rel}","templated":true}]}}