{"id":81197,"date":"2026-01-20T22:20:00","date_gmt":"2026-01-20T21:20:00","guid":{"rendered":"https:\/\/lavie.bio\/?post_type=product&#038;p=81197"},"modified":"2026-03-25T15:38:51","modified_gmt":"2026-03-25T14:38:51","slug":"bloc-dalimentation-usb","status":"publish","type":"product","link":"https:\/\/lavie.bio\/es\/boutique\/produit\/bloc-dalimentation-usb\/","title":{"rendered":"FUENTE DE ALIMENTACI\u00d3N USB"},"content":{"rendered":"<p>Este producto est\u00e1 destinado \u00fanicamente a la sustituci\u00f3n en caso de rotura o p\u00e9rdida.<\/p>\n<p>Esta fuente de alimentaci\u00f3n y su cable incluido son compatibles con el purificador LAVIE 2Go. <span style=\"text-decoration: underline;\"><strong>antes de<\/strong><\/span> 2021.<\/p>","protected":false},"excerpt":{"rendered":"<p>Ver compatibilidad<\/p>","protected":false},"featured_media":64632,"template":"","meta":[],"product_brand":[],"product_cat":[719],"product_tag":[],"class_list":{"0":"post-81197","1":"product","2":"type-product","3":"status-publish","4":"has-post-thumbnail","6":"product_cat-accessoires","8":"first","9":"instock","10":"taxable","11":"shipping-taxable","12":"purchasable","13":"product-type-simple"},"_links":{"self":[{"href":"https:\/\/lavie.bio\/es\/wp-json\/wp\/v2\/product\/81197","targetHints":{"allow":["GET"]}}],"collection":[{"href":"https:\/\/lavie.bio\/es\/wp-json\/wp\/v2\/product"}],"about":[{"href":"https:\/\/lavie.bio\/es\/wp-json\/wp\/v2\/types\/product"}],"version-history":[{"count":4,"href":"https:\/\/lavie.bio\/es\/wp-json\/wp\/v2\/product\/81197\/revisions"}],"predecessor-version":[{"id":82441,"href":"https:\/\/lavie.bio\/es\/wp-json\/wp\/v2\/product\/81197\/revisions\/82441"}],"wp:featuredmedia":[{"embeddable":true,"href":"https:\/\/lavie.bio\/es\/wp-json\/wp\/v2\/media\/64632"}],"wp:attachment":[{"href":"https:\/\/lavie.bio\/es\/wp-json\/wp\/v2\/media?parent=81197"}],"wp:term":[{"taxonomy":"product_brand","embeddable":true,"href":"https:\/\/lavie.bio\/es\/wp-json\/wp\/v2\/product_brand?post=81197"},{"taxonomy":"product_cat","embeddable":true,"href":"https:\/\/lavie.bio\/es\/wp-json\/wp\/v2\/product_cat?post=81197"},{"taxonomy":"product_tag","embeddable":true,"href":"https:\/\/lavie.bio\/es\/wp-json\/wp\/v2\/product_tag?post=81197"}],"curies":[{"name":"wp","href":"https:\/\/api.w.org\/{rel}","templated":true}]}}