{"id":80624,"date":"2026-01-20T23:25:05","date_gmt":"2026-01-20T22:25:05","guid":{"rendered":"https:\/\/lavie.bio\/?post_type=product&#038;p=80624"},"modified":"2026-03-24T13:44:26","modified_gmt":"2026-03-24T12:44:26","slug":"cartouche-opropre","status":"publish","type":"product","link":"https:\/\/lavie.bio\/es\/boutique\/produit\/cartouche-opropre\/","title":{"rendered":"OPROPRE CARTUCHO turquesa"},"content":{"rendered":"<p data-start=\"144\" data-end=\"302\">Dise\u00f1ado para el sistema de prefiltraci\u00f3n OPROPRE, el cartucho OPROPRE combina pureza, eficacia y respeto por el medio ambiente.<\/p>\n<p data-start=\"304\" data-end=\"555\">Su exclusiva mezcla de carb\u00f3n activado de coco ultrapurificado y resina selectiva elimina eficazmente los contaminantes eternos (PFAS, PFOA...), los metales pesados y los micropl\u00e1sticos, para un agua m\u00e1s sana cada d\u00eda.<\/p>","protected":false},"excerpt":{"rendered":"<p>Recambio Opropre<\/p>","protected":false},"featured_media":57699,"template":"","meta":[],"product_brand":[],"product_cat":[711],"product_tag":[712,716,685],"class_list":{"0":"post-80624","1":"product","2":"type-product","3":"status-publish","4":"has-post-thumbnail","6":"product_cat-prefiltration-sous-evier","7":"product_tag-bacteries","8":"product_tag-metaux-lourds","9":"product_tag-pfas","11":"first","12":"instock","13":"taxable","14":"shipping-taxable","15":"purchasable","16":"product-type-simple"},"_links":{"self":[{"href":"https:\/\/lavie.bio\/es\/wp-json\/wp\/v2\/product\/80624","targetHints":{"allow":["GET"]}}],"collection":[{"href":"https:\/\/lavie.bio\/es\/wp-json\/wp\/v2\/product"}],"about":[{"href":"https:\/\/lavie.bio\/es\/wp-json\/wp\/v2\/types\/product"}],"version-history":[{"count":4,"href":"https:\/\/lavie.bio\/es\/wp-json\/wp\/v2\/product\/80624\/revisions"}],"predecessor-version":[{"id":81831,"href":"https:\/\/lavie.bio\/es\/wp-json\/wp\/v2\/product\/80624\/revisions\/81831"}],"wp:featuredmedia":[{"embeddable":true,"href":"https:\/\/lavie.bio\/es\/wp-json\/wp\/v2\/media\/57699"}],"wp:attachment":[{"href":"https:\/\/lavie.bio\/es\/wp-json\/wp\/v2\/media?parent=80624"}],"wp:term":[{"taxonomy":"product_brand","embeddable":true,"href":"https:\/\/lavie.bio\/es\/wp-json\/wp\/v2\/product_brand?post=80624"},{"taxonomy":"product_cat","embeddable":true,"href":"https:\/\/lavie.bio\/es\/wp-json\/wp\/v2\/product_cat?post=80624"},{"taxonomy":"product_tag","embeddable":true,"href":"https:\/\/lavie.bio\/es\/wp-json\/wp\/v2\/product_tag?post=80624"}],"curies":[{"name":"wp","href":"https:\/\/api.w.org\/{rel}","templated":true}]}}