{"id":80621,"date":"2026-01-20T23:27:52","date_gmt":"2026-01-20T22:27:52","guid":{"rendered":"https:\/\/lavie.bio\/?post_type=product&#038;p=80621"},"modified":"2026-03-26T11:27:39","modified_gmt":"2026-03-26T10:27:39","slug":"opropre-2-cartouche","status":"publish","type":"product","link":"https:\/\/lavie.bio\/es\/boutique\/produit\/opropre-2-cartouche\/","title":{"rendered":"OPROPRE + 2 CARTUCHOS"},"content":{"rendered":"<p data-start=\"144\" data-end=\"302\">El sistema de prefiltraci\u00f3n OPROPRE elimina el 99,9% de los contaminantes eternos presentes de forma natural en el agua del grifo.<\/p>\n<p data-start=\"304\" data-end=\"555\">F\u00e1cil de instalar bajo el fregadero, su exclusiva combinaci\u00f3n de carb\u00f3n activado de coco ultrapurificado y resina de alto rendimiento proporciona agua purificada de sabor neutro, al tiempo que preserva los minerales y oligoelementos presentes de forma natural.<\/p>\n<p data-start=\"557\" data-end=\"673\">Viene con dos cartuchos que pueden tratar el agua del grifo durante 1 a\u00f1o o 30m\u00b3 de uso.<\/p>\n<p>&nbsp;<\/p>\n<p>&nbsp;<\/p>","protected":false},"excerpt":{"rendered":"<p>Elimina los contaminantes eternos<\/p>","protected":false},"featured_media":84246,"template":"","meta":[],"product_brand":[],"product_cat":[711],"product_tag":[712,716,685],"class_list":{"0":"post-80621","1":"product","2":"type-product","3":"status-publish","4":"has-post-thumbnail","6":"product_cat-prefiltration-sous-evier","7":"product_tag-bacteries","8":"product_tag-metaux-lourds","9":"product_tag-pfas","11":"first","12":"instock","13":"sale","14":"taxable","15":"shipping-taxable","16":"purchasable","17":"product-type-simple"},"_links":{"self":[{"href":"https:\/\/lavie.bio\/es\/wp-json\/wp\/v2\/product\/80621","targetHints":{"allow":["GET"]}}],"collection":[{"href":"https:\/\/lavie.bio\/es\/wp-json\/wp\/v2\/product"}],"about":[{"href":"https:\/\/lavie.bio\/es\/wp-json\/wp\/v2\/types\/product"}],"version-history":[{"count":3,"href":"https:\/\/lavie.bio\/es\/wp-json\/wp\/v2\/product\/80621\/revisions"}],"predecessor-version":[{"id":81418,"href":"https:\/\/lavie.bio\/es\/wp-json\/wp\/v2\/product\/80621\/revisions\/81418"}],"wp:featuredmedia":[{"embeddable":true,"href":"https:\/\/lavie.bio\/es\/wp-json\/wp\/v2\/media\/84246"}],"wp:attachment":[{"href":"https:\/\/lavie.bio\/es\/wp-json\/wp\/v2\/media?parent=80621"}],"wp:term":[{"taxonomy":"product_brand","embeddable":true,"href":"https:\/\/lavie.bio\/es\/wp-json\/wp\/v2\/product_brand?post=80621"},{"taxonomy":"product_cat","embeddable":true,"href":"https:\/\/lavie.bio\/es\/wp-json\/wp\/v2\/product_cat?post=80621"},{"taxonomy":"product_tag","embeddable":true,"href":"https:\/\/lavie.bio\/es\/wp-json\/wp\/v2\/product_tag?post=80621"}],"curies":[{"name":"wp","href":"https:\/\/api.w.org\/{rel}","templated":true}]}}