{"id":56301,"date":"2024-08-27T16:32:11","date_gmt":"2024-08-27T14:32:11","guid":{"rendered":"https:\/\/lavie.bio\/?page_id=56301"},"modified":"2026-02-25T07:39:29","modified_gmt":"2026-02-25T06:39:29","slug":"estudio-del-purificador-de-agua-lavie-chloredecone","status":"publish","type":"page","link":"https:\/\/lavie.bio\/es\/notre-technologie\/tests-scientifiques\/etude-purificateur-d-eau-lavie-chloredecone\/","title":{"rendered":"Eficacia del purificador de agua LAVIE en Chloredecone"},"content":{"rendered":"<div data-elementor-type=\"wp-page\" data-elementor-id=\"56301\" class=\"elementor elementor-56301\" data-elementor-post-type=\"page\">\n\t\t\t\t<div class=\"elementor-element elementor-element-25dd66f e-flex e-con-boxed e-con e-parent\" data-id=\"25dd66f\" data-element_type=\"container\" data-e-type=\"container\">\n\t\t\t\t\t<div class=\"e-con-inner\">\n\t\t\t\t<div class=\"elementor-element elementor-element-0d4bd9d elementor-widget elementor-widget-spacer\" data-id=\"0d4bd9d\" data-element_type=\"widget\" data-e-type=\"widget\" data-widget_type=\"spacer.default\">\n\t\t\t\t\t\t\t<div class=\"elementor-spacer\">\n\t\t\t<div class=\"elementor-spacer-inner\"><\/div>\n\t\t<\/div>\n\t\t\t\t\t\t<\/div>\n\t\t\t\t<div class=\"elementor-element elementor-element-ef24193 elementor-widget elementor-widget-heading\" data-id=\"ef24193\" data-element_type=\"widget\" data-e-type=\"widget\" data-widget_type=\"heading.default\">\n\t\t\t\t\t<h1 class=\"elementor-heading-title elementor-size-default\">Eficacia del purificador de agua LAVIE en Chloredecone<\/h1>\t\t\t\t<\/div>\n\t\t\t\t\t<\/div>\n\t\t\t\t<\/div>\n\t\t<div class=\"elementor-element elementor-element-3566f1f e-flex e-con-boxed e-con e-parent\" data-id=\"3566f1f\" data-element_type=\"container\" data-e-type=\"container\">\n\t\t\t\t\t<div class=\"e-con-inner\">\n\t\t<div class=\"elementor-element elementor-element-489e7eb e-con-full e-flex e-con e-child\" data-id=\"489e7eb\" data-element_type=\"container\" data-e-type=\"container\">\n\t\t\t\t<div class=\"elementor-element elementor-element-333b5c9 elementor-invisible elementor-widget elementor-widget-image\" data-id=\"333b5c9\" data-element_type=\"widget\" data-e-type=\"widget\" data-settings=\"{&quot;_animation&quot;:&quot;fadeInLeft&quot;}\" data-widget_type=\"image.default\">\n\t\t\t\t\t\t\t\t\t\t\t\t\t\t\t<img decoding=\"async\" src=\"https:\/\/lavie.bio\/wp-content\/uploads\/logo-aix-marseille-universite.svg\" class=\"attachment-large size-large wp-image-2998\" alt=\"Logotipo de la Universidad de Aix Marseille\" \/>\t\t\t\t\t\t\t\t\t\t\t\t\t\t\t<\/div>\n\t\t\t\t<\/div>\n\t\t<div class=\"elementor-element elementor-element-7e41f40 e-con-full e-flex e-con e-child\" data-id=\"7e41f40\" data-element_type=\"container\" data-e-type=\"container\">\n\t\t\t\t<div class=\"elementor-element elementor-element-e385bb5 elementor-widget elementor-widget-image\" data-id=\"e385bb5\" data-element_type=\"widget\" data-e-type=\"widget\" data-widget_type=\"image.default\">\n\t\t\t\t\t\t\t\t\t\t\t\t\t\t\t<img fetchpriority=\"high\" decoding=\"async\" width=\"300\" height=\"168\" src=\"https:\/\/lavie.bio\/wp-content\/uploads\/CNRS-etude-purification-d-eau.jpg\" class=\"attachment-large size-large wp-image-52082\" alt=\"Estudio del CNRS sobre depuraci\u00f3n de aguas\" srcset=\"https:\/\/lavie.bio\/wp-content\/uploads\/CNRS-etude-purification-d-eau.jpg 300w, https:\/\/lavie.bio\/wp-content\/uploads\/CNRS-etude-purification-d-eau-18x10.jpg 18w\" sizes=\"(max-width: 300px) 100vw, 300px\" \/>\t\t\t\t\t\t\t\t\t\t\t\t\t\t\t<\/div>\n\t\t\t\t<\/div>\n\t\t<div class=\"elementor-element elementor-element-3965cb4 e-con-full e-flex e-con e-child\" data-id=\"3965cb4\" data-element_type=\"container\" data-e-type=\"container\">\n\t\t\t\t<div class=\"elementor-element elementor-element-503f411 elementor-widget elementor-widget-text-editor\" data-id=\"503f411\" data-element_type=\"widget\" data-e-type=\"widget\" data-widget_type=\"text-editor.default\">\n\t\t\t\t\t\t\t\t\tEste informe cient\u00edfico presenta un an\u00e1lisis detallado del rendimiento del sistema de purificaci\u00f3n de agua LAVIE, con especial referencia a la degradaci\u00f3n del pesticida organoclorado clordecona. He aqu\u00ed un resumen de los puntos clave del informe:\u00a0<a href=\"https:\/\/lavie.bio\/wp-content\/fichiers\/rapport-solable-12-avril.pdf\" target=\"_blank\" rel=\"noopener\">El rendimiento de purificaci\u00f3n del sistema LAVIE en la degradaci\u00f3n de la clordecona<\/a>\n)\t\t\t\t\t\t\t\t<\/div>\n\t\t\t\t<\/div>\n\t\t\t\t\t<\/div>\n\t\t\t\t<\/div>\n\t\t<div class=\"elementor-element elementor-element-982a6c5 e-flex e-con-boxed e-con e-parent\" data-id=\"982a6c5\" data-element_type=\"container\" data-e-type=\"container\">\n\t\t\t\t\t<div class=\"e-con-inner\">\n\t\t\t\t<div class=\"elementor-element elementor-element-9e0a33c elementor-widget elementor-widget-heading\" data-id=\"9e0a33c\" data-element_type=\"widget\" data-e-type=\"widget\" data-widget_type=\"heading.default\">\n\t\t\t\t\t<h2 class=\"elementor-heading-title elementor-size-default\">Introducci\u00f3n y objetivos<\/h2>\t\t\t\t<\/div>\n\t\t\t\t<div class=\"elementor-element elementor-element-737766e elementor-widget elementor-widget-text-editor\" data-id=\"737766e\" data-element_type=\"widget\" data-e-type=\"widget\" data-widget_type=\"text-editor.default\">\n\t\t\t\t\t\t\t\t\t<ul><li><strong>Temas :<\/strong> La calidad del agua del grifo es una de las principales preocupaciones. El sistema LAVIE pretende proporcionar agua pura y de alta calidad eliminando los contaminantes org\u00e1nicos y desinfectando el agua.<\/li><li><strong>Objetivo:<\/strong> Demostrar la eficacia del sistema LAVIE para eliminar la clordecona* a diferentes concentraciones.<\/li><\/ul>\t\t\t\t\t\t\t\t<\/div>\n\t\t\t\t<div class=\"elementor-element elementor-element-ab994e8 elementor-widget elementor-widget-heading\" data-id=\"ab994e8\" data-element_type=\"widget\" data-e-type=\"widget\" data-widget_type=\"heading.default\">\n\t\t\t\t\t<h2 class=\"elementor-heading-title elementor-size-default\">Material y m\u00e9todos anal\u00edticos<\/h2>\t\t\t\t<\/div>\n\t\t\t\t<div class=\"elementor-element elementor-element-df38340 elementor-widget elementor-widget-text-editor\" data-id=\"df38340\" data-element_type=\"widget\" data-e-type=\"widget\" data-widget_type=\"text-editor.default\">\n\t\t\t\t\t\t\t\t\t<ul><li><strong>Productos y reactivos :<\/strong> Utilizaci\u00f3n de 99% de clordecona pura y lej\u00eda (3,6% de cloro activo).<\/li><li><strong>Preparaci\u00f3n de soluciones :<\/strong> Soluciones preparadas con agua del grifo y conservadas a 4\u00b0C.<\/li><li><strong>Sistema de depuraci\u00f3n :<\/strong> Se utilizaron dos sistemas LAVIE, cada uno equipado con diez LED UV-A y una botella de vidrio de 1 L, con tiempos de exposici\u00f3n de 15 y 30 minutos.<\/li><li><strong>M\u00e9todos anal\u00edticos :<\/strong> Medici\u00f3n del cloro libre con un fot\u00f3metro y an\u00e1lisis de la concentraci\u00f3n de clordecona mediante LC-MS.<\/li><\/ul>\t\t\t\t\t\t\t\t<\/div>\n\t\t\t\t<div class=\"elementor-element elementor-element-7ba2e21 elementor-widget elementor-widget-heading\" data-id=\"7ba2e21\" data-element_type=\"widget\" data-e-type=\"widget\" data-widget_type=\"heading.default\">\n\t\t\t\t\t<h2 class=\"elementor-heading-title elementor-size-default\">Resultados<\/h2>\t\t\t\t<\/div>\n\t\t\t\t<div class=\"elementor-element elementor-element-835c5a4 elementor-widget elementor-widget-heading\" data-id=\"835c5a4\" data-element_type=\"widget\" data-e-type=\"widget\" data-widget_type=\"heading.default\">\n\t\t\t\t\t<h3 class=\"elementor-heading-title elementor-size-default\">1. Experimentos con altas concentraciones de clordecona :<\/h3>\t\t\t\t<\/div>\n\t\t\t\t<div class=\"elementor-element elementor-element-e7a4303 elementor-widget elementor-widget-text-editor\" data-id=\"e7a4303\" data-element_type=\"widget\" data-e-type=\"widget\" data-widget_type=\"text-editor.default\">\n\t\t\t\t\t\t\t\t\t<ul><li>Los experimentos han demostrado una degradaci\u00f3n significativa de la clordecona bajo irradiaci\u00f3n UV-A.<\/li><li>El cloro libre desempe\u00f1a un papel importante en la degradaci\u00f3n, con \u00edndices de eliminaci\u00f3n de hasta 49%.<\/li><li>Sin a\u00f1adir lej\u00eda, la degradaci\u00f3n sigue siendo significativa debido al cloro ya presente en el agua del grifo.<\/li><\/ul>\t\t\t\t\t\t\t\t<\/div>\n\t\t\t\t<div class=\"elementor-element elementor-element-fc46b93 elementor-widget elementor-widget-heading\" data-id=\"fc46b93\" data-element_type=\"widget\" data-e-type=\"widget\" data-widget_type=\"heading.default\">\n\t\t\t\t\t<h3 class=\"elementor-heading-title elementor-size-default\">2. Experimentos con bajas concentraciones de clordecona :<\/h3>\t\t\t\t<\/div>\n\t\t\t\t<div class=\"elementor-element elementor-element-41c176b elementor-widget elementor-widget-text-editor\" data-id=\"41c176b\" data-element_type=\"widget\" data-e-type=\"widget\" data-widget_type=\"text-editor.default\">\n\t\t\t\t\t\t\t\t\t<ul><li>A concentraciones m\u00e1s bajas, la fot\u00f3lisis directa degrada el 15%.<\/li><li>Con la adici\u00f3n de cloro libre, la degradaci\u00f3n alcanz\u00f3 31%, lo que demuestra la eficacia combinada de la fot\u00f3lisis y las reacciones qu\u00edmicas inducidas por el cloro.<\/li><\/ul>\t\t\t\t\t\t\t\t<\/div>\n\t\t\t\t<div class=\"elementor-element elementor-element-15f6f95 elementor-widget elementor-widget-heading\" data-id=\"15f6f95\" data-element_type=\"widget\" data-e-type=\"widget\" data-widget_type=\"heading.default\">\n\t\t\t\t\t<h3 class=\"elementor-heading-title elementor-size-default\">Conclusi\u00f3n<\/h3>\t\t\t\t<\/div>\n\t\t\t\t<div class=\"elementor-element elementor-element-44ac5e2 elementor-widget elementor-widget-text-editor\" data-id=\"44ac5e2\" data-element_type=\"widget\" data-e-type=\"widget\" data-widget_type=\"text-editor.default\">\n\t\t\t\t\t\t\t\t\t<ul><li><strong>Eficacia del sistema LAVIE<\/strong> La tecnolog\u00eda UV-A de LAVIE es eficaz para degradar la clordecona, con \u00edndices de reducci\u00f3n de hasta 49% en funci\u00f3n de las condiciones experimentales.<\/li><li><strong>Mecanismo de degradaci\u00f3n<\/strong> La degradaci\u00f3n se debe a la fot\u00f3lisis directa y a las reacciones qu\u00edmicas inducidas por el cloro libre.<\/li><li><strong>Importancia de las condiciones experimentales<\/strong> La presencia de cloro libre en el agua del grifo es crucial para maximizar la eficacia del sistema.<\/li><\/ul>\t\t\t\t\t\t\t\t<\/div>\n\t\t\t\t<div class=\"elementor-element elementor-element-0c0124b elementor-widget elementor-widget-text-editor\" data-id=\"0c0124b\" data-element_type=\"widget\" data-e-type=\"widget\" data-widget_type=\"text-editor.default\">\n\t\t\t\t\t\t\t\t\tEste informe demuestra que el sistema de purificaci\u00f3n LAVIE es una potente soluci\u00f3n para eliminar los contaminantes org\u00e1nicos del agua, proporcionando agua de alta calidad para el consumo humano.\t\t\t\t\t\t\t\t<\/div>\n\t\t\t\t<div class=\"elementor-element elementor-element-f7f9997 elementor-widget elementor-widget-heading\" data-id=\"f7f9997\" data-element_type=\"widget\" data-e-type=\"widget\" data-widget_type=\"heading.default\">\n\t\t\t\t\t<h2 class=\"elementor-heading-title elementor-size-default\">Preguntas \/ Respuestas<\/h2>\t\t\t\t<\/div>\n\t\t\t\t<div class=\"elementor-element elementor-element-bd01de8 elementor-widget__width-inherit elementor-widget elementor-widget-toggle\" data-id=\"bd01de8\" data-element_type=\"widget\" data-e-type=\"widget\" data-widget_type=\"toggle.default\">\n\t\t\t\t\t\t\t<div class=\"elementor-toggle\">\n\t\t\t\t\t\t\t<div class=\"elementor-toggle-item\">\n\t\t\t\t\t<h3 id=\"elementor-tab-title-1981\" class=\"elementor-tab-title\" data-tab=\"1\" role=\"button\" aria-controls=\"elementor-tab-content-1981\" aria-expanded=\"false\">\n\t\t\t\t\t\t\t\t\t\t\t\t<span class=\"elementor-toggle-icon elementor-toggle-icon-right\" aria-hidden=\"true\">\n\t\t\t\t\t\t\t\t\t\t\t\t\t\t\t<span class=\"elementor-toggle-icon-closed\"><svg class=\"e-font-icon-svg e-fas-angle-down\" viewbox=\"0 0 320 512\" xmlns=\"http:\/\/www.w3.org\/2000\/svg\"><path d=\"M143 352.3L7 216.3c-9.4-9.4-9.4-24.6 0-33.9l22.6-22.6c9.4-9.4 24.6-9.4 33.9 0l96.4 96.4 96.4-96.4c9.4-9.4 24.6-9.4 33.9 0l22.6 22.6c9.4 9.4 9.4 24.6 0 33.9l-136 136c-9.2 9.4-24.4 9.4-33.8 0z\"><\/path><\/svg><\/span>\n\t\t\t\t\t\t\t\t<span class=\"elementor-toggle-icon-opened\"><svg class=\"elementor-toggle-icon-opened e-font-icon-svg e-fas-angle-up\" viewbox=\"0 0 320 512\" xmlns=\"http:\/\/www.w3.org\/2000\/svg\"><path d=\"M177 159.7l136 136c9.4 9.4 9.4 24.6 0 33.9l-22.6 22.6c-9.4 9.4-24.6 9.4-33.9 0L160 255.9l-96.4 96.4c-9.4 9.4-24.6 9.4-33.9 0L7 329.7c-9.4-9.4-9.4-24.6 0-33.9l136-136c9.4-9.5 24.6-9.5 34-.1z\"><\/path><\/svg><\/span>\n\t\t\t\t\t\t\t\t\t\t\t\t\t<\/span>\n\t\t\t\t\t\t\t\t\t\t\t\t<a class=\"elementor-toggle-title\" tabindex=\"0\">\u00bfQu\u00e9 es la cloredecona?<\/a>\n\t\t\t\t\t<\/h3>\n\n\t\t\t\t\t<div id=\"elementor-tab-content-1981\" class=\"elementor-tab-content elementor-clearfix\" data-tab=\"1\" role=\"region\" aria-labelledby=\"elementor-tab-title-1981\"><p>La clordecona es un plaguicida organoclorado utilizado principalmente en las plantaciones de pl\u00e1tanos para controlar el gorgojo del pl\u00e1tano. Extremadamente persistente en el medio ambiente, ha contaminado el suelo y el agua, sobre todo en Martinica y Guadalupe. Clasificado como probable cancer\u00edgeno, provoca trastornos neurol\u00f3gicos y endocrinos. Su uso se prohibi\u00f3 en Francia en 1993, y se est\u00e1n realizando esfuerzos para gestionar la contaminaci\u00f3n y proteger la salud p\u00fablica en las zonas afectadas.<\/p><\/div>\n\t\t\t\t<\/div>\n\t\t\t\t\t\t\t<div class=\"elementor-toggle-item\">\n\t\t\t\t\t<h3 id=\"elementor-tab-title-1982\" class=\"elementor-tab-title\" data-tab=\"2\" role=\"button\" aria-controls=\"elementor-tab-content-1982\" aria-expanded=\"false\">\n\t\t\t\t\t\t\t\t\t\t\t\t<span class=\"elementor-toggle-icon elementor-toggle-icon-right\" aria-hidden=\"true\">\n\t\t\t\t\t\t\t\t\t\t\t\t\t\t\t<span class=\"elementor-toggle-icon-closed\"><svg class=\"e-font-icon-svg e-fas-angle-down\" viewbox=\"0 0 320 512\" xmlns=\"http:\/\/www.w3.org\/2000\/svg\"><path d=\"M143 352.3L7 216.3c-9.4-9.4-9.4-24.6 0-33.9l22.6-22.6c9.4-9.4 24.6-9.4 33.9 0l96.4 96.4 96.4-96.4c9.4-9.4 24.6-9.4 33.9 0l22.6 22.6c9.4 9.4 9.4 24.6 0 33.9l-136 136c-9.2 9.4-24.4 9.4-33.8 0z\"><\/path><\/svg><\/span>\n\t\t\t\t\t\t\t\t<span class=\"elementor-toggle-icon-opened\"><svg class=\"elementor-toggle-icon-opened e-font-icon-svg e-fas-angle-up\" viewbox=\"0 0 320 512\" xmlns=\"http:\/\/www.w3.org\/2000\/svg\"><path d=\"M177 159.7l136 136c9.4 9.4 9.4 24.6 0 33.9l-22.6 22.6c-9.4 9.4-24.6 9.4-33.9 0L160 255.9l-96.4 96.4c-9.4 9.4-24.6 9.4-33.9 0L7 329.7c-9.4-9.4-9.4-24.6 0-33.9l136-136c9.4-9.5 24.6-9.5 34-.1z\"><\/path><\/svg><\/span>\n\t\t\t\t\t\t\t\t\t\t\t\t\t<\/span>\n\t\t\t\t\t\t\t\t\t\t\t\t<a class=\"elementor-toggle-title\" tabindex=\"0\">\u00bfQu\u00e9 es un plaguicida organoclorado? <\/a>\n\t\t\t\t\t<\/h3>\n\n\t\t\t\t\t<div id=\"elementor-tab-content-1982\" class=\"elementor-tab-content elementor-clearfix\" data-tab=\"2\" role=\"region\" aria-labelledby=\"elementor-tab-title-1982\">Un plaguicida organoclorado es un compuesto org\u00e1nico que contiene cloro, utilizado para controlar las plagas de insectos. Estos plaguicidas, como el DDT y la clordecona, son muy estables y persistentes en el medio ambiente, se degradan lentamente y se acumulan en las cadenas alimentarias. Aunque eficaces, son potencialmente cancer\u00edgenos y pueden causar diversos problemas de salud, lo que ha llevado a prohibirlos o regularlos estrictamente en muchos pa\u00edses.<\/div>\n\t\t\t\t<\/div>\n\t\t\t\t\t\t\t\t<\/div>\n\t\t\t\t\t\t<\/div>\n\t\t\t\t<div class=\"elementor-element elementor-element-6b1ae84 elementor-widget elementor-widget-spacer\" data-id=\"6b1ae84\" data-element_type=\"widget\" data-e-type=\"widget\" data-widget_type=\"spacer.default\">\n\t\t\t\t\t\t\t<div class=\"elementor-spacer\">\n\t\t\t<div class=\"elementor-spacer-inner\"><\/div>\n\t\t<\/div>\n\t\t\t\t\t\t<\/div>\n\t\t\t\t<div class=\"elementor-element elementor-element-e6bda83 elementor-widget elementor-widget-heading\" data-id=\"e6bda83\" data-element_type=\"widget\" data-e-type=\"widget\" data-widget_type=\"heading.default\">\n\t\t\t\t\t<h2 class=\"elementor-heading-title elementor-size-default\">Otro estudio resumido en franc\u00e9s<\/h2>\t\t\t\t<\/div>\n\t\t\t\t\t<\/div>\n\t\t\t\t<\/div>\n\t\t<div class=\"elementor-element elementor-element-a2fc62e e-flex e-con-boxed e-con e-parent\" data-id=\"a2fc62e\" data-element_type=\"container\" data-e-type=\"container\">\n\t\t\t\t\t<div class=\"e-con-inner\">\n\t\t<div class=\"elementor-element elementor-element-8c461be e-con-full e-flex e-con e-child\" data-id=\"8c461be\" data-element_type=\"container\" data-e-type=\"container\">\n\t\t\t\t<div class=\"elementor-element elementor-element-7c7996a elementor-align-center elementor-widget__width-initial elementor-widget elementor-widget-button\" data-id=\"7c7996a\" data-element_type=\"widget\" data-e-type=\"widget\" data-widget_type=\"button.default\">\n\t\t\t\t\t\t\t\t\t\t<a class=\"elementor-button elementor-button-link elementor-size-sm\" href=\"https:\/\/lavie.bio\/es\/nuestra-tecnologia\/pruebas-cientificas\/efecto-del-cloro-rendimiento-de-la-purificacion\/\" target=\"_blank\">\n\t\t\t\t\t\t<span class=\"elementor-button-content-wrapper\">\n\t\t\t\t\t\t\t\t\t<span class=\"elementor-button-text\">RENDIMIENTO DE LA DEPURACI\u00d3N: IMPACTO DEL CLORO LIBRE Y DEL OX\u00cdGENO DISUELTO<\/span>\n\t\t\t\t\t<\/span>\n\t\t\t\t\t<\/a>\n\t\t\t\t\t\t\t\t<\/div>\n\t\t\t\t<\/div>\n\t\t\t\t\t<\/div>\n\t\t\t\t<\/div>\n\t\t\t\t<\/div>","protected":false},"excerpt":{"rendered":"<p>Efficacit\u00e9 du purificateur d\u2019eau LAVIE sur le Chlored\u00e9cone Ce rapport scientifique pr\u00e9sente une analyse d\u00e9taill\u00e9e de la performance du syst\u00e8me de purification d&#8217;eau LAVIE, en particulier sur la d\u00e9gradation de la chlord\u00e9cone, un pesticide organochlor\u00e9. Voici un r\u00e9sum\u00e9 des points cl\u00e9s du rapport (ici en anglais :\u00a0The purification performance of LAVIE system on the degradation [&hellip;]<\/p>\n","protected":false},"author":3,"featured_media":0,"parent":3389,"menu_order":0,"comment_status":"closed","ping_status":"closed","template":"","meta":{"footnotes":""},"class_list":["post-56301","page","type-page","status-publish","hentry"],"_links":{"self":[{"href":"https:\/\/lavie.bio\/es\/wp-json\/wp\/v2\/pages\/56301","targetHints":{"allow":["GET"]}}],"collection":[{"href":"https:\/\/lavie.bio\/es\/wp-json\/wp\/v2\/pages"}],"about":[{"href":"https:\/\/lavie.bio\/es\/wp-json\/wp\/v2\/types\/page"}],"author":[{"embeddable":true,"href":"https:\/\/lavie.bio\/es\/wp-json\/wp\/v2\/users\/3"}],"replies":[{"embeddable":true,"href":"https:\/\/lavie.bio\/es\/wp-json\/wp\/v2\/comments?post=56301"}],"version-history":[{"count":3,"href":"https:\/\/lavie.bio\/es\/wp-json\/wp\/v2\/pages\/56301\/revisions"}],"predecessor-version":[{"id":83674,"href":"https:\/\/lavie.bio\/es\/wp-json\/wp\/v2\/pages\/56301\/revisions\/83674"}],"up":[{"embeddable":true,"href":"https:\/\/lavie.bio\/es\/wp-json\/wp\/v2\/pages\/3389"}],"wp:attachment":[{"href":"https:\/\/lavie.bio\/es\/wp-json\/wp\/v2\/media?parent=56301"}],"curies":[{"name":"wp","href":"https:\/\/api.w.org\/{rel}","templated":true}]}}