{"id":3368,"date":"2022-11-30T11:37:09","date_gmt":"2022-11-30T11:37:09","guid":{"rendered":"https:\/\/lavie.bio\/?page_id=3368"},"modified":"2025-02-12T17:16:04","modified_gmt":"2025-02-12T16:16:04","slug":"politica-de-reembolso","status":"publish","type":"page","link":"https:\/\/lavie.bio\/es\/politique-de-remboursement\/","title":{"rendered":"Pol\u00edtica de devoluciones"},"content":{"rendered":"<div data-elementor-type=\"wp-page\" data-elementor-id=\"3368\" class=\"elementor elementor-3368\" data-elementor-post-type=\"page\">\n\t\t\t\t<div class=\"elementor-element elementor-element-5bd245a e-flex e-con-boxed e-con e-parent\" data-id=\"5bd245a\" data-element_type=\"container\" data-e-type=\"container\">\n\t\t\t\t\t<div class=\"e-con-inner\">\n\t\t\t\t<div class=\"elementor-element elementor-element-c38eb75 elementor-widget elementor-widget-spacer\" data-id=\"c38eb75\" data-element_type=\"widget\" data-e-type=\"widget\" data-widget_type=\"spacer.default\">\n\t\t\t\t\t\t\t<div class=\"elementor-spacer\">\n\t\t\t<div class=\"elementor-spacer-inner\"><\/div>\n\t\t<\/div>\n\t\t\t\t\t\t<\/div>\n\t\t\t\t<div class=\"elementor-element elementor-element-16f2f31 elementor-widget elementor-widget-heading\" data-id=\"16f2f31\" data-element_type=\"widget\" data-e-type=\"widget\" data-widget_type=\"heading.default\">\n\t\t\t\t\t<h1 class=\"elementor-heading-title elementor-size-default\">Pol\u00edtica de devoluciones<\/h1>\t\t\t\t<\/div>\n\t\t\t\t<div class=\"elementor-element elementor-element-ce34843 elementor-widget elementor-widget-spacer\" data-id=\"ce34843\" data-element_type=\"widget\" data-e-type=\"widget\" data-widget_type=\"spacer.default\">\n\t\t\t\t\t\t\t<div class=\"elementor-spacer\">\n\t\t\t<div class=\"elementor-spacer-inner\"><\/div>\n\t\t<\/div>\n\t\t\t\t\t\t<\/div>\n\t\t\t\t\t<\/div>\n\t\t\t\t<\/div>\n\t\t<div class=\"elementor-element elementor-element-3f5c44e6 e-flex e-con-boxed e-con e-parent\" data-id=\"3f5c44e6\" data-element_type=\"container\" data-e-type=\"container\">\n\t\t\t\t\t<div class=\"e-con-inner\">\n\t\t\t\t<div class=\"elementor-element elementor-element-2068c55a elementor-widget elementor-widget-text-editor\" data-id=\"2068c55a\" data-element_type=\"widget\" data-e-type=\"widget\" data-widget_type=\"text-editor.default\">\n\t\t\t\t\t\t\t\t\t<p>Nuestros purificadores tienen una garant\u00eda de devoluci\u00f3n del dinero de 30 d\u00edas.\u00a0<\/p><p>En el improbable caso de que no est\u00e9 totalmente satisfecho con nuestros purificadores, env\u00edenos un mensaje a <a href=\"mailto:contact@lavie.bio\" target=\"_blank\" rel=\"noopener\">contact@lavie.bio<\/a><\/p><p>Le daremos toda la informaci\u00f3n que necesite para realizar la devoluci\u00f3n y recuperar su dinero.<\/p><p>Nuestra pol\u00edtica de reembolso s\u00f3lo se aplica a los purificadores adquiridos en la tienda en l\u00ednea lavie.bio.<\/p><p>Nuestros distribuidores y socios tienen una pol\u00edtica de devoluciones de 14 d\u00edas.<\/p>\t\t\t\t\t\t\t\t<\/div>\n\t\t\t\t\t<\/div>\n\t\t\t\t<\/div>\n\t\t<div class=\"elementor-element elementor-element-f2aaca7 e-flex e-con-boxed e-con e-parent\" data-id=\"f2aaca7\" data-element_type=\"container\" data-e-type=\"container\">\n\t\t\t\t\t<div class=\"e-con-inner\">\n\t\t\t\t<div class=\"elementor-element elementor-element-26f693d elementor-widget elementor-widget-spacer\" data-id=\"26f693d\" data-element_type=\"widget\" data-e-type=\"widget\" data-widget_type=\"spacer.default\">\n\t\t\t\t\t\t\t<div class=\"elementor-spacer\">\n\t\t\t<div class=\"elementor-spacer-inner\"><\/div>\n\t\t<\/div>\n\t\t\t\t\t\t<\/div>\n\t\t\t\t\t<\/div>\n\t\t\t\t<\/div>\n\t\t\t\t<\/div>","protected":false},"excerpt":{"rendered":"<p>Politique de remboursement Nos purificateurs sont garantis 30 jours satisfait ou rembours\u00e9.\u00a0 Dans le cas peu probable que nos purificateurs ne vous donnent pas enti\u00e8re satisfaction, envoyez nous un message \u00e0 contact@lavie.bio Nous vous donnerons les informations pour effectuer le retour et le remboursement. Notre politique de remboursement est valable uniquement pour les purificateurs achet\u00e9s [&hellip;]<\/p>\n","protected":false},"author":3,"featured_media":3186,"parent":0,"menu_order":200,"comment_status":"closed","ping_status":"closed","template":"elementor_header_footer","meta":{"footnotes":""},"class_list":["post-3368","page","type-page","status-publish","has-post-thumbnail","hentry"],"_links":{"self":[{"href":"https:\/\/lavie.bio\/es\/wp-json\/wp\/v2\/pages\/3368","targetHints":{"allow":["GET"]}}],"collection":[{"href":"https:\/\/lavie.bio\/es\/wp-json\/wp\/v2\/pages"}],"about":[{"href":"https:\/\/lavie.bio\/es\/wp-json\/wp\/v2\/types\/page"}],"author":[{"embeddable":true,"href":"https:\/\/lavie.bio\/es\/wp-json\/wp\/v2\/users\/3"}],"replies":[{"embeddable":true,"href":"https:\/\/lavie.bio\/es\/wp-json\/wp\/v2\/comments?post=3368"}],"version-history":[{"count":0,"href":"https:\/\/lavie.bio\/es\/wp-json\/wp\/v2\/pages\/3368\/revisions"}],"wp:featuredmedia":[{"embeddable":true,"href":"https:\/\/lavie.bio\/es\/wp-json\/wp\/v2\/media\/3186"}],"wp:attachment":[{"href":"https:\/\/lavie.bio\/es\/wp-json\/wp\/v2\/media?parent=3368"}],"curies":[{"name":"wp","href":"https:\/\/api.w.org\/{rel}","templated":true}]}}