{"id":3366,"date":"2022-11-30T11:35:47","date_gmt":"2022-11-30T11:35:47","guid":{"rendered":"https:\/\/lavie.bio\/?page_id=3366"},"modified":"2025-02-12T17:23:44","modified_gmt":"2025-02-12T16:23:44","slug":"politica-de-privacidad","status":"publish","type":"page","link":"https:\/\/lavie.bio\/es\/politique-de-confidentialite\/","title":{"rendered":"Pol\u00edtica de privacidad"},"content":{"rendered":"<div data-elementor-type=\"wp-page\" data-elementor-id=\"3366\" class=\"elementor elementor-3366\" data-elementor-post-type=\"page\">\n\t\t\t\t<div class=\"elementor-element elementor-element-db776fe e-flex e-con-boxed e-con e-parent\" data-id=\"db776fe\" data-element_type=\"container\" data-e-type=\"container\">\n\t\t\t\t\t<div class=\"e-con-inner\">\n\t\t\t\t<div class=\"elementor-element elementor-element-a557585 elementor-widget elementor-widget-spacer\" data-id=\"a557585\" data-element_type=\"widget\" data-e-type=\"widget\" data-widget_type=\"spacer.default\">\n\t\t\t\t\t\t\t<div class=\"elementor-spacer\">\n\t\t\t<div class=\"elementor-spacer-inner\"><\/div>\n\t\t<\/div>\n\t\t\t\t\t\t<\/div>\n\t\t\t\t<div class=\"elementor-element elementor-element-65babe3 elementor-widget elementor-widget-heading\" data-id=\"65babe3\" data-element_type=\"widget\" data-e-type=\"widget\" data-widget_type=\"heading.default\">\n\t\t\t\t\t<h1 class=\"elementor-heading-title elementor-size-default\">Pol\u00edtica de privacidad<\/h1>\t\t\t\t<\/div>\n\t\t\t\t<div class=\"elementor-element elementor-element-acffded elementor-widget elementor-widget-spacer\" data-id=\"acffded\" data-element_type=\"widget\" data-e-type=\"widget\" data-widget_type=\"spacer.default\">\n\t\t\t\t\t\t\t<div class=\"elementor-spacer\">\n\t\t\t<div class=\"elementor-spacer-inner\"><\/div>\n\t\t<\/div>\n\t\t\t\t\t\t<\/div>\n\t\t\t\t\t<\/div>\n\t\t\t\t<\/div>\n\t\t<div class=\"elementor-element elementor-element-4592510 e-flex e-con-boxed e-con e-parent\" data-id=\"4592510\" data-element_type=\"container\" data-e-type=\"container\">\n\t\t\t\t\t<div class=\"e-con-inner\">\n\t\t\t\t<div class=\"elementor-element elementor-element-8c0e1d9 elementor-widget elementor-widget-text-editor\" data-id=\"8c0e1d9\" data-element_type=\"widget\" data-e-type=\"widget\" data-widget_type=\"text-editor.default\">\n\t\t\t\t\t\t\t\t\t<div id=\"content\" class=\"site-content\"><div class=\"ast-container\"><div id=\"primary\" class=\"content-area primary\"><p>\u00a0<\/p><article id=\"post-3366\" class=\"post-3366 page type-page status-publish has-post-thumbnail ast-article-single\"><div class=\"entry-content clear\"><div class=\"vc_row wpb_row vc_row-fluid\"><div class=\"wpb_column vc_column_container vc_col-sm-12\"><div class=\"vc_column-inner\"><div class=\"wpb_wrapper\"><div class=\"wpb_text_column wpb_content_element\"><div class=\"wpb_wrapper\"><p>En el marco de la venta en l\u00ednea de nuestros depuradores, Solable trata sus datos personales sobre una base estrictamente necesaria.<\/p><p>Por \"datos personales\" se entiende cualquier informaci\u00f3n que permita identificarle directa o indirectamente.<\/p><p>La confidencialidad de los datos personales es extremadamente importante para Solable, que desea ser transparente sobre c\u00f3mo se utilizan sus datos personales.<\/p><p>El presente aviso legal establece las condiciones en las que Solable se compromete a respetar sus derechos en materia de datos personales de conformidad con la normativa aplicable a los datos personales, en particular :<\/p><p>Reglamento UE 2016\/679, de 27 de abril de 2016 (RGPD), relativo a la protecci\u00f3n de las personas f\u00edsicas en lo que respecta al tratamiento de datos personales y a la libre circulaci\u00f3n de estos datos y por el que se deroga la Directiva 95\/46\/CE (Reglamento general de protecci\u00f3n de datos),<\/p><p>Ley n\u00ba 78-17 de 6 de enero de 1978, modificada, relativa a la inform\u00e1tica, a los ficheros y a las libertades y Decreto n\u00ba 2019-536 de 29 de mayo de 2019 de aplicaci\u00f3n de la citada Ley n\u00ba 78-17.<\/p><h2 class=\"title3\">IDENTIDAD DEL RESPONSABLE DEL TRATAMIENTO<\/h2><p>El responsable del tratamiento de datos es Solable, como persona jur\u00eddica, representada por<\/p><p>Pascal Nuti y Saadi Brahmi cofundadores<\/p><h2 class=\"title3\">SUBCONTRATISTAS<\/h2><p>Solable podr\u00e1 recurrir a subcontratistas. Solable garantiza que verifica y exige que estos subcontratistas presenten garant\u00edas suficientes en materia de protecci\u00f3n de datos personales.<\/p><h2 class=\"title3\">FINALIDAD DEL TRATAMIENTO<\/h2><p>Siempre que se recopilen sus datos personales, indicaremos la finalidad del tratamiento en cuesti\u00f3n. Solable se compromete a recoger \u00fanicamente los datos personales estrictamente necesarios para la finalidad del tratamiento.<\/p><h2 class=\"title3\">BASE JUR\u00cdDICA DEL TRATAMIENTO Y CAR\u00c1CTER OBLIGATORIO O FACULTATIVO DE LA RECOGIDA<\/h2><p>Para cada tratamiento espec\u00edfico de datos personales que recabemos de usted, indicaremos la base jur\u00eddica de dicho tratamiento (consentimiento, cumplimiento contractual, obligaci\u00f3n legal, cumplimiento de una misi\u00f3n de inter\u00e9s p\u00fablico o en el ejercicio de poderes p\u00fablicos conferidos a Solable).<\/p><p>Tambi\u00e9n se especificar\u00e1 si la recogida de sus datos personales es obligatoria o facultativa, as\u00ed como las posibles consecuencias si decide no facilitarlos.<\/p><p>Si el tratamiento se basa en su consentimiento, podr\u00e1 revocarlo en cualquier momento.<\/p><h2 class=\"title3\">DESTINATARIOS DE SUS DATOS PERSONALES<\/h2><p>Para cada tratamiento espec\u00edfico de datos personales que Solable recopile de usted, Solable le informar\u00e1 de los destinatarios de estos datos. Estos destinatarios pueden ser los departamentos de Solable y sus subcontratistas.<\/p><p>Los subcontratistas de Solable s\u00f3lo tendr\u00e1n acceso a los datos personales estrictamente necesarios para la realizaci\u00f3n de los servicios de que se trate, y est\u00e1n obligados contractualmente a utilizar dichos datos de conformidad con la normativa vigente en materia de datos personales.<\/p><p>Solable se compromete a no transmitir sus datos personales a terceros, salvo a sus subcontratistas. En ning\u00fan caso Solable vender\u00e1, transferir\u00e1 o intercambiar\u00e1 sus datos personales a terceros con fines comerciales.<\/p><h2 class=\"title3\">PERIODO DE CONSERVACI\u00d3N DE LOS DATOS PERSONALES<\/h2><p>La duraci\u00f3n de la conservaci\u00f3n de sus datos personales est\u00e1 estrictamente vinculada a la base jur\u00eddica del tratamiento (contractual, legal y reglamentaria u otra), a la naturaleza de los datos personales en cuesti\u00f3n y a la finalidad del tratamiento.<\/p><p>Para cada tratamiento espec\u00edfico, Solable le indicar\u00e1 la duraci\u00f3n de su conservaci\u00f3n.<\/p><p>Al final del periodo de conservaci\u00f3n estrictamente necesario para la finalidad mencionada o en caso de que ejerza sus derechos, Solable se compromete a destruir todos sus datos personales dentro de los l\u00edmites y en las condiciones establecidas con respecto a sus obligaciones legales (v\u00e9ase \"Sus derechos\" a continuaci\u00f3n).<\/p><h2 class=\"title3\">SEGURIDAD DE LOS DATOS PERSONALES<\/h2><p>En el marco de la aplicaci\u00f3n de sus pol\u00edticas p\u00fablicas, Solable concede la m\u00e1xima importancia a la seguridad de sus datos personales. Solable se compromete a tomar todas las precauciones necesarias y a aplicar las medidas de seguridad t\u00e9cnicas y organizativas apropiadas para garantizar permanentemente un nivel de protecci\u00f3n adaptado a los riesgos de violaci\u00f3n de su intimidad y sus datos personales contra la alteraci\u00f3n, destrucci\u00f3n, violaci\u00f3n y acceso no autorizado.<\/p><p>Los datos personales se almacenan en servidores de alojamiento situados en la Uni\u00f3n Europea o en terceros pa\u00edses cuyo nivel de seguridad en materia de protecci\u00f3n de datos personales es equivalente al ofrecido en la Uni\u00f3n Europea y el Espacio Econ\u00f3mico Europeo.<\/p><p>De acuerdo con la normativa vigente, Solable mantiene un registro de las actividades de tratamiento de datos personales.<\/p><h2 class=\"title3\">SUS DERECHOS<\/h2><p class=\"title4\">Derecho de acceso :<\/p><p>Tiene derecho a solicitar informaci\u00f3n sobre los datos personales que tenemos sobre usted.<\/p><p class=\"title4\">Derecho a la portabilidad de los datos personales:<\/p><p>El derecho de portabilidad se aplica a los datos procesados autom\u00e1ticamente y recogidos sobre la base de su consentimiento previo o la ejecuci\u00f3n de un contrato.<\/p><p class=\"title4\">Este derecho de portabilidad le da derecho a :<\/p><p>Recuperar los datos personales que nos ha facilitado en un formato estructurado, de uso com\u00fan y lectura mec\u00e1nica.<\/p><p>Solicitar que sus datos personales se transfieran directamente a otra organizaci\u00f3n. Tenga en cuenta que este derecho de transferencia no se aplica al tratamiento necesario para el cumplimiento de una misi\u00f3n de inter\u00e9s p\u00fablico o en el ejercicio de poderes p\u00fablicos conferidos al responsable del tratamiento.<\/p><p class=\"title4\">Derecho de rectificaci\u00f3n :<\/p><p>Tiene derecho a solicitar la rectificaci\u00f3n de sus datos personales si son inexactos, incluso a completar sus datos personales incompletos.<\/p><p class=\"title4\">Derecho de supresi\u00f3n\/derecho al olvido:<\/p><p>Tiene derecho a solicitar, en cualquier momento, la supresi\u00f3n de todos sus datos personales tratados por Solable en los siguientes casos:<\/p><ul><li>Sus datos personales ya no son necesarios para los fines para los que fueron recogidos;<\/li><li>Usted decide retirar el consentimiento en el que se basa el tratamiento y no existe ning\u00fan otro fundamento jur\u00eddico para el tratamiento;<\/li><li>Usted se opone al tratamiento y no existen motivos leg\u00edtimos imperiosos para el tratamiento;<\/li><li>Sus datos personales han sido tratados ilegalmente;<\/li><li>Estamos legalmente obligados a eliminar sus datos personales.<\/li><\/ul><p>Sin embargo, estas obligaciones no se aplican en la medida en que dicho tratamiento de datos sea necesario:<\/p><ul><li>El ejercicio del derecho a la libertad de expresi\u00f3n e informaci\u00f3n ;<\/li><li>Para cumplir una obligaci\u00f3n legal a la que est\u00e9 sujeto el responsable del tratamiento;<\/li><li>Para llevar a cabo una tarea realizada en inter\u00e9s p\u00fablico o en el ejercicio del poder p\u00fablico conferido al responsable del tratamiento;<\/li><li>Por razones de inter\u00e9s p\u00fablico en el \u00e1mbito de la salud p\u00fablica ;<\/li><li>Con fines de archivo en inter\u00e9s p\u00fablico, de investigaci\u00f3n cient\u00edfica o hist\u00f3rica o con fines estad\u00edsticos;<\/li><li>El establecimiento, ejercicio o defensa de reclamaciones legales.<\/li><\/ul><p class=\"title4\">Derecho a oponerse al tratamiento de sus datos:<\/p><p>Tiene derecho a oponerse en cualquier momento al tratamiento de sus datos personales, a menos que Solable pueda demostrar motivos leg\u00edtimos imperiosos para el tratamiento.<\/p><p class=\"title4\">Derecho a limitar el tratamiento:<\/p><p>Tiene derecho a solicitar que Solable restrinja el uso de sus datos personales en las siguientes circunstancias:<\/p><ul><li>Usted impugna la exactitud de sus datos personales;<\/li><li>El tratamiento es il\u00edcito y usted se opone a su supresi\u00f3n y exige en su lugar que se restrinja su uso;<\/li><li>Solable ya no necesita sus datos personales para fines de procesamiento, pero siguen siendo necesarios para establecer, ejercer o defender reclamaciones legales,<\/li><li>Usted se opuso al tratamiento durante la verificaci\u00f3n de si exist\u00edan motivos leg\u00edtimos para continuar con el tratamiento.<\/li><\/ul><p class=\"title4\">Derecho a no ser objeto de una decisi\u00f3n individual, incluida la elaboraci\u00f3n de perfiles:<\/p><p>Tiene derecho a no ser objeto de una decisi\u00f3n basada exclusivamente en un tratamiento automatizado, incluida la elaboraci\u00f3n de perfiles, que produzca efectos jur\u00eddicos en su persona o que le afecte de forma significativa.<\/p><p class=\"title4\">Derecho de reclamaci\u00f3n ante una autoridad de control :<\/p><p>Si considera que el tratamiento de sus datos personales constituye una infracci\u00f3n de la legislaci\u00f3n vigente, puede presentar una reclamaci\u00f3n ante la Comisi\u00f3n Nacional de Inform\u00e1tica y Libertades (CNIL).<\/p><h2 class=\"title3\">EJERZA SUS DERECHOS<\/h2><p>Puede ponerse en contacto con Solable por correo postal:<\/p><p>8, avenue Fernand Julien - Z.A. de Bertoire - 13410 Lambesc - Francia<\/p><p>o por correo electr\u00f3nico: contact@lavie.bio<\/p><h2 class=\"title3\">CONFIDENCIALIDAD DE LOS DATOS PERSONALES<\/h2><p>Solable garantiza la confidencialidad de sus datos personales y asegura que las personas autorizadas a procesarlos tambi\u00e9n se comprometen a respetar esta obligaci\u00f3n de confidencialidad.<\/p><p>Los datos personales pueden utilizarse para personalizar anuncios y las cookies pueden utilizarse para mostrar anuncios (personalizados o no).<\/p><p class=\"title4\">Google :<\/p><p>Pol\u00edtica de privacidad y condiciones de uso de Google<\/p><p class=\"title4\">Klavyio, marketing por correo electr\u00f3nico :<\/p><p>Pol\u00edtica de privacidad y condiciones de uso de Klavyio<\/p><\/div><\/div><\/div><\/div><\/div><\/div><\/div><\/article><p>\u00a0<\/p><\/div><\/div><\/div><div id=\"astra-mobile-cart-drawer\" class=\"astra-cart-drawer\"><div class=\"astra-cart-drawer-content\"><div class=\"widget woocommerce widget_shopping_cart\"><div class=\"widget_shopping_cart_content\"><p class=\"woocommerce-mini-cart__buttons buttons\">\u00a0<\/p><\/div><\/div><\/div><\/div><footer id=\"colophon\" class=\"site-footer\"><div class=\"site-above-footer-wrap ast-builder-grid-row-container site-footer-focus-item ast-builder-grid-row-full ast-builder-grid-row-tablet-full ast-builder-grid-row-mobile-full ast-footer-row-stack ast-footer-row-tablet-stack ast-footer-row-mobile-stack\" data-section=\"section-above-footer-builder\"><div class=\"ast-builder-grid-row-container-inner\"><div class=\"ast-builder-footer-grid-columns site-above-footer-inner-wrap ast-builder-grid-row\"><div class=\"site-footer-above-section-1 site-footer-section site-footer-section-1\"><aside class=\"footer-widget-area widget-area site-footer-focus-item footer-widget-area-inner\" data-section=\"sidebar-widgets-footer-widget-2\" aria-label=\"Widget de pie de p\u00e1gina 2\"><section id=\"custom_html-17\" class=\"widget_text widget widget_custom_html\"><div class=\"textwidget custom-html-widget\">\u00a0<\/div><\/section><\/aside><\/div><\/div><\/div><\/div><\/footer>\t\t\t\t\t\t\t\t<\/div>\n\t\t\t\t\t<\/div>\n\t\t\t\t<\/div>\n\t\t<div class=\"elementor-element elementor-element-65b1ace e-flex e-con-boxed e-con e-parent\" data-id=\"65b1ace\" data-element_type=\"container\" data-e-type=\"container\">\n\t\t\t\t\t<div class=\"e-con-inner\">\n\t\t\t\t<div class=\"elementor-element elementor-element-20185c0 elementor-widget elementor-widget-spacer\" data-id=\"20185c0\" data-element_type=\"widget\" data-e-type=\"widget\" data-widget_type=\"spacer.default\">\n\t\t\t\t\t\t\t<div class=\"elementor-spacer\">\n\t\t\t<div class=\"elementor-spacer-inner\"><\/div>\n\t\t<\/div>\n\t\t\t\t\t\t<\/div>\n\t\t\t\t\t<\/div>\n\t\t\t\t<\/div>\n\t\t\t\t<\/div>","protected":false},"excerpt":{"rendered":"<p>Politique de confidentialit\u00e9 \u00a0 Dans ce cadre de la vente en ligne de nos purificateurs, la soci\u00e9t\u00e9 Solable est amen\u00e9e \u00e0 traiter vos donn\u00e9es personnelles strictement n\u00e9cessaires. Les \u00ab donn\u00e9es \u00e0 caract\u00e8re personnel \u00bb (\u00ab donn\u00e9es personnelles \u00bb) sont les informations qui permettent de vous identifier directement ou indirectement. La confidentialit\u00e9 des donn\u00e9es personnelles est [&hellip;]<\/p>\n","protected":false},"author":3,"featured_media":3186,"parent":0,"menu_order":200,"comment_status":"closed","ping_status":"closed","template":"","meta":{"footnotes":""},"class_list":["post-3366","page","type-page","status-publish","has-post-thumbnail","hentry"],"_links":{"self":[{"href":"https:\/\/lavie.bio\/es\/wp-json\/wp\/v2\/pages\/3366","targetHints":{"allow":["GET"]}}],"collection":[{"href":"https:\/\/lavie.bio\/es\/wp-json\/wp\/v2\/pages"}],"about":[{"href":"https:\/\/lavie.bio\/es\/wp-json\/wp\/v2\/types\/page"}],"author":[{"embeddable":true,"href":"https:\/\/lavie.bio\/es\/wp-json\/wp\/v2\/users\/3"}],"replies":[{"embeddable":true,"href":"https:\/\/lavie.bio\/es\/wp-json\/wp\/v2\/comments?post=3366"}],"version-history":[{"count":0,"href":"https:\/\/lavie.bio\/es\/wp-json\/wp\/v2\/pages\/3366\/revisions"}],"wp:featuredmedia":[{"embeddable":true,"href":"https:\/\/lavie.bio\/es\/wp-json\/wp\/v2\/media\/3186"}],"wp:attachment":[{"href":"https:\/\/lavie.bio\/es\/wp-json\/wp\/v2\/media?parent=3366"}],"curies":[{"name":"wp","href":"https:\/\/api.w.org\/{rel}","templated":true}]}}