{"id":3269,"date":"2022-11-30T06:49:46","date_gmt":"2022-11-30T06:49:46","guid":{"rendered":"https:\/\/lavie.bio\/?page_id=3269"},"modified":"2025-02-12T17:22:53","modified_gmt":"2025-02-12T16:22:53","slug":"informacion-legal","status":"publish","type":"page","link":"https:\/\/lavie.bio\/es\/mentions-legales\/","title":{"rendered":"Informaci\u00f3n jur\u00eddica"},"content":{"rendered":"<div data-elementor-type=\"wp-page\" data-elementor-id=\"3269\" class=\"elementor elementor-3269\" data-elementor-post-type=\"page\">\n\t\t\t\t<div class=\"elementor-element elementor-element-fea6dbb e-flex e-con-boxed e-con e-parent\" data-id=\"fea6dbb\" data-element_type=\"container\" data-e-type=\"container\">\n\t\t\t\t\t<div class=\"e-con-inner\">\n\t\t\t\t<div class=\"elementor-element elementor-element-65e25de elementor-widget elementor-widget-spacer\" data-id=\"65e25de\" data-element_type=\"widget\" data-e-type=\"widget\" data-widget_type=\"spacer.default\">\n\t\t\t\t\t\t\t<div class=\"elementor-spacer\">\n\t\t\t<div class=\"elementor-spacer-inner\"><\/div>\n\t\t<\/div>\n\t\t\t\t\t\t<\/div>\n\t\t\t\t<div class=\"elementor-element elementor-element-80d9686 elementor-widget elementor-widget-heading\" data-id=\"80d9686\" data-element_type=\"widget\" data-e-type=\"widget\" data-widget_type=\"heading.default\">\n\t\t\t\t\t<h1 class=\"elementor-heading-title elementor-size-default\">Informaci\u00f3n jur\u00eddica<\/h1>\t\t\t\t<\/div>\n\t\t\t\t\t<\/div>\n\t\t\t\t<\/div>\n\t\t<div class=\"elementor-element elementor-element-17b601a e-flex e-con-boxed e-con e-parent\" data-id=\"17b601a\" data-element_type=\"container\" data-e-type=\"container\">\n\t\t\t\t\t<div class=\"e-con-inner\">\n\t\t\t\t<div class=\"elementor-element elementor-element-9b10003 elementor-widget elementor-widget-spacer\" data-id=\"9b10003\" data-element_type=\"widget\" data-e-type=\"widget\" data-widget_type=\"spacer.default\">\n\t\t\t\t\t\t\t<div class=\"elementor-spacer\">\n\t\t\t<div class=\"elementor-spacer-inner\"><\/div>\n\t\t<\/div>\n\t\t\t\t\t\t<\/div>\n\t\t\t\t<div class=\"elementor-element elementor-element-2a72df4 elementor-widget elementor-widget-text-editor\" data-id=\"2a72df4\" data-element_type=\"widget\" data-e-type=\"widget\" data-widget_type=\"text-editor.default\">\n\t\t\t\t\t\t\t\t\t<div id=\"content\" class=\"site-content\"><div class=\"ast-container\"><div id=\"primary\" class=\"content-area primary\"><div id=\"content\" class=\"site-content\"><div class=\"ast-container\"><div id=\"primary\" class=\"content-area primary\"><article id=\"post-3269\" class=\"post-3269 page type-page status-publish has-post-thumbnail ast-article-single\"><div class=\"entry-content clear\"><div class=\"vc_row wpb_row vc_row-fluid\"><div class=\"wpb_column vc_column_container vc_col-sm-12\"><div class=\"vc_column-inner\"><div class=\"wpb_wrapper\"><div class=\"wpb_text_column wpb_content_element\"><div class=\"wpb_wrapper\"><h2 class=\"title3\">AVISOS LEGALES\u00a0<\/h2><p>Solable (LaVie)<br \/>8 AV FERNAND JULIEN 13410 LAMBESC<br \/>SAS con un capital social de 13500 euros<br \/>Inscrito en el RCS el 02-06-2015<br \/>811565803<\/p><h2 class=\"title3\">DERECHOS DE AUTOR<\/h2><p>Todo este sitio est\u00e1 sujeto a la legislaci\u00f3n francesa e internacional sobre derechos de autor y propiedad intelectual. Quedan reservados todos los derechos de reproducci\u00f3n, incluidos los documentos descargables y las representaciones iconogr\u00e1ficas y fotogr\u00e1ficas.<\/p><p>Queda terminantemente prohibida la reproducci\u00f3n total o parcial de este sitio en cualquier soporte electr\u00f3nico sin autorizaci\u00f3n expresa del director de la publicaci\u00f3n.<\/p><p>Los textos de este sitio pueden reproducirse en papel para uso personal o educativo bajo determinadas condiciones:<\/p><h2 class=\"title3\">DISTRIBUCI\u00d3N GRATUITA<\/h2><p>Respeto de la integridad de los documentos reproducidos: sin modificaciones ni alteraciones de ning\u00fan tipo;<\/p><p>Cita clara y visible de la fuente de informaci\u00f3n de la siguiente forma, por ejemplo :<\/p><p>\"Este documento ha sido extra\u00eddo del sitio web www.lavie.bio.<\/p><p>La direcci\u00f3n de Internet debe aparecer en la referencia. Para otros usos, p\u00f3ngase en contacto con nosotros.<\/p><p>Queda prohibida la reproducci\u00f3n de textos, tablas, gr\u00e1ficos, fotos, etc. de este sitio en papel o soporte electr\u00f3nico:<\/p><ul><li>Con fines comerciales o de distribuci\u00f3n.<\/li><li>Extracci\u00f3n repetida o sistem\u00e1tica de material protegido o no protegido del sitio web www.lavie.bio, caus\u00e1ndole cualquier perjuicio.<\/li><li>A trav\u00e9s de enlaces. En particular, cuando una p\u00e1gina del sitio www.lavie.bio se presenta en marcos que no pertenecen al sitio www.lavie.bio, mediante t\u00e9cnicas de \"framing\", o cuando un elemento se utiliza en un sitio externo mediante t\u00e9cnicas de \"in-line linking\".<\/li><\/ul><h2 class=\"title3\">MODIFICACI\u00d3N DEL EMPLAZAMIENTO<\/h2><p>Solable se reserva el derecho a modificar o corregir el contenido de este sitio y de este aviso legal en cualquier momento y sin previo aviso.<\/p><h2 class=\"title3\">COMUNICACIONES DE USUARIO<\/h2><p>Queda expresamente prohibido grabar o transmitir a este sitio o dentro de \u00e9l comunicaciones ilegales, amenazadoras, insultantes, difamatorias, obscenas, pornogr\u00e1ficas o contrarias a las leyes nacionales, europeas o internacionales, por cualquier medio (correo electr\u00f3nico o archivo de v\u00eddeo, etc.).<\/p><h2 class=\"title3\">ENLACES A OTROS SITIOS WEB<\/h2><p>Los enlaces a otros sitios web en este sitio se proporcionan \u00fanicamente para ofrecerle la informaci\u00f3n m\u00e1s completa. Si utiliza estos enlaces, abandonar\u00e1 el sitio www.lavie.bio. Solable ha comprobado la p\u00e1gina a la que apunta el enlace activo, pero no tiene ning\u00fan control ni responsabilidad sobre estos sitios o su contenido.<\/p><p>Por este motivo, Solable declina toda responsabilidad relativa a estos sitios o a la informaci\u00f3n contenida en ellos, al software u otros documentos que se encuentren en los mismos o relativa a las consecuencias de su uso. Si decide acceder a sitios externos vinculados a nuestro sitio, lo har\u00e1 por su cuenta y riesgo.<\/p><h2 class=\"title3\">EXENCI\u00d3N DE RESPONSABILIDAD<\/h2><p>Es responsabilidad de los usuarios de este sitio adoptar todas las medidas adecuadas para proteger sus propios datos y\/o programas inform\u00e1ticos de la contaminaci\u00f3n por cualquier virus que circule por Internet.<\/p><p>Solable no podr\u00e1 ser considerada responsable de cualquier da\u00f1o directo o indirecto resultante de la utilizaci\u00f3n de su sitio Internet o de otros sitios vinculados a \u00e9l, en particular como consecuencia de la falta de acceso a su sitio, de un mal funcionamiento vinculado a la red Internet, del alojamiento del sitio o del alojamiento de una parte del sitio o de la interrupci\u00f3n del servicio por mantenimiento o actualizaci\u00f3n.<\/p><p>Este sitio web se rige por la legislaci\u00f3n francesa.<\/p><\/div><\/div><\/div><\/div><\/div><\/div><\/div><\/article><\/div><\/div><\/div><\/div><\/div><\/div>\t\t\t\t\t\t\t\t<\/div>\n\t\t\t\t\t<\/div>\n\t\t\t\t<\/div>\n\t\t<div class=\"elementor-element elementor-element-b55df53 e-flex e-con-boxed e-con e-parent\" data-id=\"b55df53\" data-element_type=\"container\" data-e-type=\"container\">\n\t\t\t\t\t<div class=\"e-con-inner\">\n\t\t\t\t<div class=\"elementor-element elementor-element-8afa726 elementor-widget elementor-widget-spacer\" data-id=\"8afa726\" data-element_type=\"widget\" data-e-type=\"widget\" data-widget_type=\"spacer.default\">\n\t\t\t\t\t\t\t<div class=\"elementor-spacer\">\n\t\t\t<div class=\"elementor-spacer-inner\"><\/div>\n\t\t<\/div>\n\t\t\t\t\t\t<\/div>\n\t\t\t\t\t<\/div>\n\t\t\t\t<\/div>\n\t\t\t\t<\/div>","protected":false},"excerpt":{"rendered":"<p>Mentions L\u00e9gales MENTIONS L\u00c9GALES\u00a0 Solable (LaVie)8 AV FERNAND JULIEN 13410 LAMBESCSAS au capital social de 13500\u20acImmatricul\u00e9e au RCS le 02-06-2015811565803 DROITS D\u2019AUTEUR \u2013 COPYRIGHT L\u2019ensemble de ce site rel\u00e8ve de la l\u00e9gislation fran\u00e7aise et internationale sur le droit d\u2019auteur et la propri\u00e9t\u00e9 intellectuelle. Tous les droits de reproduction sont r\u00e9serv\u00e9s, y compris les documents t\u00e9l\u00e9chargeables [&hellip;]<\/p>\n","protected":false},"author":3,"featured_media":3186,"parent":0,"menu_order":200,"comment_status":"closed","ping_status":"closed","template":"elementor_header_footer","meta":{"footnotes":""},"class_list":["post-3269","page","type-page","status-publish","has-post-thumbnail","hentry"],"_links":{"self":[{"href":"https:\/\/lavie.bio\/es\/wp-json\/wp\/v2\/pages\/3269","targetHints":{"allow":["GET"]}}],"collection":[{"href":"https:\/\/lavie.bio\/es\/wp-json\/wp\/v2\/pages"}],"about":[{"href":"https:\/\/lavie.bio\/es\/wp-json\/wp\/v2\/types\/page"}],"author":[{"embeddable":true,"href":"https:\/\/lavie.bio\/es\/wp-json\/wp\/v2\/users\/3"}],"replies":[{"embeddable":true,"href":"https:\/\/lavie.bio\/es\/wp-json\/wp\/v2\/comments?post=3269"}],"version-history":[{"count":0,"href":"https:\/\/lavie.bio\/es\/wp-json\/wp\/v2\/pages\/3269\/revisions"}],"wp:featuredmedia":[{"embeddable":true,"href":"https:\/\/lavie.bio\/es\/wp-json\/wp\/v2\/media\/3186"}],"wp:attachment":[{"href":"https:\/\/lavie.bio\/es\/wp-json\/wp\/v2\/media?parent=3269"}],"curies":[{"name":"wp","href":"https:\/\/api.w.org\/{rel}","templated":true}]}}