{"id":3254,"date":"2022-11-30T06:07:25","date_gmt":"2022-11-30T06:07:25","guid":{"rendered":"https:\/\/lavie.bio\/?page_id=3254"},"modified":"2026-02-25T09:20:11","modified_gmt":"2026-02-25T08:20:11","slug":"cumplimiento-de-la-rgpd","status":"publish","type":"page","link":"https:\/\/lavie.bio\/es\/conformite-rgpd\/","title":{"rendered":"Cumplimiento del RGPD"},"content":{"rendered":"<div data-elementor-type=\"wp-page\" data-elementor-id=\"3254\" class=\"elementor elementor-3254\" data-elementor-post-type=\"page\">\n\t\t\t\t<div class=\"elementor-element elementor-element-ba0cf32 e-flex e-con-boxed e-con e-parent\" data-id=\"ba0cf32\" data-element_type=\"container\" data-e-type=\"container\">\n\t\t\t\t\t<div class=\"e-con-inner\">\n\t\t\t\t<div class=\"elementor-element elementor-element-ea2b8e3 elementor-widget elementor-widget-spacer\" data-id=\"ea2b8e3\" data-element_type=\"widget\" data-e-type=\"widget\" data-widget_type=\"spacer.default\">\n\t\t\t\t\t\t\t<div class=\"elementor-spacer\">\n\t\t\t<div class=\"elementor-spacer-inner\"><\/div>\n\t\t<\/div>\n\t\t\t\t\t\t<\/div>\n\t\t\t\t<div class=\"elementor-element elementor-element-21bd7ee elementor-widget elementor-widget-heading\" data-id=\"21bd7ee\" data-element_type=\"widget\" data-e-type=\"widget\" data-widget_type=\"heading.default\">\n\t\t\t\t\t<h1 class=\"elementor-heading-title elementor-size-default\">Cumplimiento del RGPD<\/h1>\t\t\t\t<\/div>\n\t\t\t\t<div class=\"elementor-element elementor-element-a1f1f2d elementor-widget elementor-widget-spacer\" data-id=\"a1f1f2d\" data-element_type=\"widget\" data-e-type=\"widget\" data-widget_type=\"spacer.default\">\n\t\t\t\t\t\t\t<div class=\"elementor-spacer\">\n\t\t\t<div class=\"elementor-spacer-inner\"><\/div>\n\t\t<\/div>\n\t\t\t\t\t\t<\/div>\n\t\t\t\t\t<\/div>\n\t\t\t\t<\/div>\n\t\t<div class=\"elementor-element elementor-element-63a7988d e-flex e-con-boxed e-con e-parent\" data-id=\"63a7988d\" data-element_type=\"container\" data-e-type=\"container\">\n\t\t\t\t\t<div class=\"e-con-inner\">\n\t\t\t\t<div class=\"elementor-element elementor-element-7c9b6d7e elementor-widget elementor-widget-text-editor\" data-id=\"7c9b6d7e\" data-element_type=\"widget\" data-e-type=\"widget\" data-widget_type=\"text-editor.default\">\n\t\t\t\t\t\t\t\t\t<p class=\"tcenter\">La aplicaci\u00f3n utilizada para garantizar el cumplimiento del RGPD\/CCPA de este sitio recopila su direcci\u00f3n IP y su direcci\u00f3n de correo electr\u00f3nico para procesar los datos.\u00a0 <a href=\"https:\/\/lavie.bio\/es\/politica-de-privacidad\/\">Pol\u00edtica de privacidad<\/a>.<\/p><h2 class=\"title3\">Rectificaci\u00f3n de datos<\/h2><p class=\"tleft\">Puede utilizar el siguiente enlace para actualizar los datos de su cuenta si no son correctos.<\/p><ul><li><a href=\"#\">Modificar los datos de su cuenta<\/a><\/li><\/ul><h2 class=\"title3\">Portabilidad de los datos<\/h2><p class=\"tleft\">Puede utilizar los siguientes enlaces para descargar todos los datos que almacenamos y utilizamos para una mejor experiencia en nuestra tienda.<\/p><ul><li><a href=\"#\">Solicitud CCPA (Canad\u00e1)<\/a><\/li><li><a href=\"#\">Informaci\u00f3n personal<\/a><\/li><li><a href=\"#\">Controla<\/a><\/li><\/ul><h2 class=\"title3\">Acceso a los datos personales<\/h2><p class=\"tleft\">Puede utilizar el siguiente enlace para solicitar un informe que contendr\u00e1 toda la informaci\u00f3n personal que almacenamos sobre usted.<\/p><ul><li><a href=\"#\">Solicitar un informe<\/a><\/li><\/ul><h2 class=\"title3\">No vendemos sus datos<\/h2><p class=\"tleft\">Pero puede enviarnos una solicitud para hacernos saber que no est\u00e1 de acuerdo con que se recopilen sus datos personales.<\/p><ul><li><a href=\"#\">No recopiles mis datos<\/a><\/li><\/ul><h2 class=\"title3\">Derecho al olvido<\/h2><p class=\"tleft\">Utilice esta opci\u00f3n si desea eliminar sus datos personales y otros datos de nuestra tienda. Tenga en cuenta que este proceso eliminar\u00e1 su cuenta, por lo que ya no podr\u00e1 acceder a ella ni utilizarla.<\/p><ul><li><a href=\"#\">Solicitar la supresi\u00f3n de datos personales<\/a><\/li><\/ul>\t\t\t\t\t\t\t\t<\/div>\n\t\t\t\t\t<\/div>\n\t\t\t\t<\/div>\n\t\t\t\t<\/div>","protected":false},"excerpt":{"rendered":"<p>Conformit\u00e9 RGPD L&#8217;application utilis\u00e9e pour assurer la conformit\u00e9 RGPD\/CCPA de ce site collecte votre adresse IP et l&#8217;adresse e-mail afin de traiter les donn\u00e9es.\u00a0 Politique de confidentialit\u00e9. Rectification des donn\u00e9es Vous pouvez utiliser le lien ci-dessous pour mettre \u00e0 jour les donn\u00e9es de votre compte si elles ne sont pas exactes. Modifiez les informations de [&hellip;]<\/p>\n","protected":false},"author":3,"featured_media":0,"parent":0,"menu_order":200,"comment_status":"closed","ping_status":"closed","template":"elementor_header_footer","meta":{"footnotes":""},"class_list":["post-3254","page","type-page","status-publish","hentry"],"_links":{"self":[{"href":"https:\/\/lavie.bio\/es\/wp-json\/wp\/v2\/pages\/3254","targetHints":{"allow":["GET"]}}],"collection":[{"href":"https:\/\/lavie.bio\/es\/wp-json\/wp\/v2\/pages"}],"about":[{"href":"https:\/\/lavie.bio\/es\/wp-json\/wp\/v2\/types\/page"}],"author":[{"embeddable":true,"href":"https:\/\/lavie.bio\/es\/wp-json\/wp\/v2\/users\/3"}],"replies":[{"embeddable":true,"href":"https:\/\/lavie.bio\/es\/wp-json\/wp\/v2\/comments?post=3254"}],"version-history":[{"count":3,"href":"https:\/\/lavie.bio\/es\/wp-json\/wp\/v2\/pages\/3254\/revisions"}],"predecessor-version":[{"id":83861,"href":"https:\/\/lavie.bio\/es\/wp-json\/wp\/v2\/pages\/3254\/revisions\/83861"}],"wp:attachment":[{"href":"https:\/\/lavie.bio\/es\/wp-json\/wp\/v2\/media?parent=3254"}],"curies":[{"name":"wp","href":"https:\/\/api.w.org\/{rel}","templated":true}]}}