{"id":75928,"date":"2025-10-11T13:34:40","date_gmt":"2025-10-11T11:34:40","guid":{"rendered":"https:\/\/lavie.bio\/mes-cartes-cadeaux\/"},"modified":"2025-10-11T13:34:40","modified_gmt":"2025-10-11T11:34:40","slug":"my-gift-cards","status":"publish","type":"page","link":"https:\/\/lavie.bio\/en\/mes-cartes-cadeaux\/","title":{"rendered":"My gift cards"},"content":{"rendered":"<h2>Gift cards<\/h2>\n<p>If you have received a gift card, you can enter the code in the tool below. It will credit your wallet with the amount of the gift card.<\/p>\n\n\n<h2>Gift cards received<\/h2>\n<p>Here is a list of all the gift cards you have received<\/p>\n\n\n<h2>Gift cards purchased<\/h2>\n<p>Here is a list of all the gift cards you have purchased on this website<\/p>","protected":false},"excerpt":{"rendered":"<p>Cartes Cadeau Si vous avez re\u00e7u une carte-cadeau, vous pouvez entrer le code dans l\u2019outil ci-dessous. Il cr\u00e9ditera votre portefeuille avec le montant de la carte-cadeau Cartes-cadeaux re\u00e7ues Vous trouverez ici une liste de toutes les cartes-cadeaux que vous avez re\u00e7ues Cartes-cadeaux achet\u00e9es Voici la liste de toutes les cartes-cadeaux que vous avez achet\u00e9es sur [&hellip;]<\/p>\n","protected":false},"author":21631,"featured_media":0,"parent":0,"menu_order":0,"comment_status":"closed","ping_status":"closed","template":"","meta":{"footnotes":""},"class_list":["post-75928","page","type-page","status-publish","hentry"],"_links":{"self":[{"href":"https:\/\/lavie.bio\/en\/wp-json\/wp\/v2\/pages\/75928","targetHints":{"allow":["GET"]}}],"collection":[{"href":"https:\/\/lavie.bio\/en\/wp-json\/wp\/v2\/pages"}],"about":[{"href":"https:\/\/lavie.bio\/en\/wp-json\/wp\/v2\/types\/page"}],"author":[{"embeddable":true,"href":"https:\/\/lavie.bio\/en\/wp-json\/wp\/v2\/users\/21631"}],"replies":[{"embeddable":true,"href":"https:\/\/lavie.bio\/en\/wp-json\/wp\/v2\/comments?post=75928"}],"version-history":[{"count":0,"href":"https:\/\/lavie.bio\/en\/wp-json\/wp\/v2\/pages\/75928\/revisions"}],"wp:attachment":[{"href":"https:\/\/lavie.bio\/en\/wp-json\/wp\/v2\/media?parent=75928"}],"curies":[{"name":"wp","href":"https:\/\/api.w.org\/{rel}","templated":true}]}}