{"id":3269,"date":"2022-11-30T06:49:46","date_gmt":"2022-11-30T06:49:46","guid":{"rendered":"https:\/\/lavie.bio\/?page_id=3269"},"modified":"2025-02-12T17:22:53","modified_gmt":"2025-02-12T16:22:53","slug":"legal-information","status":"publish","type":"page","link":"https:\/\/lavie.bio\/en\/mentions-legales\/","title":{"rendered":"Legal information"},"content":{"rendered":"<div data-elementor-type=\"wp-page\" data-elementor-id=\"3269\" class=\"elementor elementor-3269\" data-elementor-post-type=\"page\">\n\t\t\t\t<div class=\"elementor-element elementor-element-fea6dbb e-flex e-con-boxed e-con e-parent\" data-id=\"fea6dbb\" data-element_type=\"container\" data-e-type=\"container\">\n\t\t\t\t\t<div class=\"e-con-inner\">\n\t\t\t\t<div class=\"elementor-element elementor-element-65e25de elementor-widget elementor-widget-spacer\" data-id=\"65e25de\" data-element_type=\"widget\" data-e-type=\"widget\" data-widget_type=\"spacer.default\">\n\t\t\t\t\t\t\t<div class=\"elementor-spacer\">\n\t\t\t<div class=\"elementor-spacer-inner\"><\/div>\n\t\t<\/div>\n\t\t\t\t\t\t<\/div>\n\t\t\t\t<div class=\"elementor-element elementor-element-80d9686 elementor-widget elementor-widget-heading\" data-id=\"80d9686\" data-element_type=\"widget\" data-e-type=\"widget\" data-widget_type=\"heading.default\">\n\t\t\t\t\t<h1 class=\"elementor-heading-title elementor-size-default\">Legal information<\/h1>\t\t\t\t<\/div>\n\t\t\t\t\t<\/div>\n\t\t\t\t<\/div>\n\t\t<div class=\"elementor-element elementor-element-17b601a e-flex e-con-boxed e-con e-parent\" data-id=\"17b601a\" data-element_type=\"container\" data-e-type=\"container\">\n\t\t\t\t\t<div class=\"e-con-inner\">\n\t\t\t\t<div class=\"elementor-element elementor-element-9b10003 elementor-widget elementor-widget-spacer\" data-id=\"9b10003\" data-element_type=\"widget\" data-e-type=\"widget\" data-widget_type=\"spacer.default\">\n\t\t\t\t\t\t\t<div class=\"elementor-spacer\">\n\t\t\t<div class=\"elementor-spacer-inner\"><\/div>\n\t\t<\/div>\n\t\t\t\t\t\t<\/div>\n\t\t\t\t<div class=\"elementor-element elementor-element-2a72df4 elementor-widget elementor-widget-text-editor\" data-id=\"2a72df4\" data-element_type=\"widget\" data-e-type=\"widget\" data-widget_type=\"text-editor.default\">\n\t\t\t\t\t\t\t\t\t<div id=\"content\" class=\"site-content\"><div class=\"ast-container\"><div id=\"primary\" class=\"content-area primary\"><div id=\"content\" class=\"site-content\"><div class=\"ast-container\"><div id=\"primary\" class=\"content-area primary\"><article id=\"post-3269\" class=\"post-3269 page type-page status-publish has-post-thumbnail ast-article-single\"><div class=\"entry-content clear\"><div class=\"vc_row wpb_row vc_row-fluid\"><div class=\"wpb_column vc_column_container vc_col-sm-12\"><div class=\"vc_column-inner\"><div class=\"wpb_wrapper\"><div class=\"wpb_text_column wpb_content_element\"><div class=\"wpb_wrapper\"><h2 class=\"title3\">LEGAL NOTICES\u00a0<\/h2><p>Solable (LaVie)<br \/>8 AV FERNAND JULIEN 13410 LAMBESC<br \/>SAS with share capital of \u20ac13500<br \/>Registered with the RCS on 02-06-2015<br \/>811565803<\/p><h2 class=\"title3\">COPYRIGHT - DROITS D'AUTEUR<\/h2><p>This entire site is subject to French and international legislation on copyright and intellectual property. All reproduction rights are reserved, including downloadable documents and iconographic and photographic representations.<\/p><p>Reproduction of all or part of this site on any electronic medium whatsoever is strictly prohibited without the express authorisation of the publication director.<\/p><p>Texts from this site may be reproduced on paper for personal or educational use under certain conditions:<\/p><h2 class=\"title3\">FREE DISTRIBUTION<\/h2><p>Respect for the integrity of the documents reproduced: no modifications or alterations of any kind;<\/p><p>Clear and visible citation of the information source in the following form, for example :<\/p><p>\"This document has been taken from the www.lavie.bio website.<\/p><p>The Internet address must appear in the reference. For other uses, please contact us.<\/p><p>The reproduction of texts, tables, graphics, photos, etc. from this site on paper or electronic media is prohibited:<\/p><ul><li>For commercial or distribution purposes.<\/li><li>Repeated or systematic extraction of protected or unprotected material from the www.lavie.bio site, causing it any harm whatsoever.<\/li><li>Through links. In particular, when a page from the www.lavie.bio site is presented in frames that do not belong to the www.lavie.bio site, using \"framing\" techniques, or when an element is used in an external site using \"in-line linking\" techniques.<\/li><\/ul><h2 class=\"title3\">SITE MODIFICATION<\/h2><p>Solable reserves the right to modify or correct the content of this site and this legal notice at any time without prior notice.<\/p><h2 class=\"title3\">USER COMMUNICATIONS<\/h2><p>You are expressly prohibited from recording or transmitting to or within this site any communications that are illegal, threatening, insulting, defamatory, obscene, pornographic or that contravene national, European or international laws, by whatever means (e-mail or video file, etc.).<\/p><h2 class=\"title3\">LINKS TO OTHER WEBSITES<\/h2><p>The links to other websites on this site are provided solely to provide you with the most comprehensive information. If you use these links, you will leave the www.lavie.bio site. Solable has checked the page pointed to by the active link but does not control nor is it responsible for these sites or their content.<\/p><p>For this reason, Solable declines all responsibility concerning these sites or the information contained therein, the software or other documents found therein or concerning the consequences of their use. If you decide to access external sites linked to our site, you do so at your own risk.<\/p><h2 class=\"title3\">EXEMPTION FROM LIABILITY<\/h2><p>It is the responsibility of users of this site to take all appropriate measures to protect their own data and\/or software from contamination by any viruses circulating on the Internet.<\/p><p>Solable may not be held liable for any direct or indirect damage resulting from the use of its Internet site or other sites linked to it, in particular as a result of non-access to its site, malfunctions linked to the Internet network, the site host or the host of part of the site or interruption of service for maintenance or updating.<\/p><p>This website is governed by French law.<\/p><\/div><\/div><\/div><\/div><\/div><\/div><\/div><\/article><\/div><\/div><\/div><\/div><\/div><\/div>\t\t\t\t\t\t\t\t<\/div>\n\t\t\t\t\t<\/div>\n\t\t\t\t<\/div>\n\t\t<div class=\"elementor-element elementor-element-b55df53 e-flex e-con-boxed e-con e-parent\" data-id=\"b55df53\" data-element_type=\"container\" data-e-type=\"container\">\n\t\t\t\t\t<div class=\"e-con-inner\">\n\t\t\t\t<div class=\"elementor-element elementor-element-8afa726 elementor-widget elementor-widget-spacer\" data-id=\"8afa726\" data-element_type=\"widget\" data-e-type=\"widget\" data-widget_type=\"spacer.default\">\n\t\t\t\t\t\t\t<div class=\"elementor-spacer\">\n\t\t\t<div class=\"elementor-spacer-inner\"><\/div>\n\t\t<\/div>\n\t\t\t\t\t\t<\/div>\n\t\t\t\t\t<\/div>\n\t\t\t\t<\/div>\n\t\t\t\t<\/div>","protected":false},"excerpt":{"rendered":"<p>Mentions L\u00e9gales MENTIONS L\u00c9GALES\u00a0 Solable (LaVie)8 AV FERNAND JULIEN 13410 LAMBESCSAS au capital social de 13500\u20acImmatricul\u00e9e au RCS le 02-06-2015811565803 DROITS D\u2019AUTEUR \u2013 COPYRIGHT L\u2019ensemble de ce site rel\u00e8ve de la l\u00e9gislation fran\u00e7aise et internationale sur le droit d\u2019auteur et la propri\u00e9t\u00e9 intellectuelle. Tous les droits de reproduction sont r\u00e9serv\u00e9s, y compris les documents t\u00e9l\u00e9chargeables [&hellip;]<\/p>\n","protected":false},"author":3,"featured_media":3186,"parent":0,"menu_order":200,"comment_status":"closed","ping_status":"closed","template":"elementor_header_footer","meta":{"footnotes":""},"class_list":["post-3269","page","type-page","status-publish","has-post-thumbnail","hentry"],"_links":{"self":[{"href":"https:\/\/lavie.bio\/en\/wp-json\/wp\/v2\/pages\/3269","targetHints":{"allow":["GET"]}}],"collection":[{"href":"https:\/\/lavie.bio\/en\/wp-json\/wp\/v2\/pages"}],"about":[{"href":"https:\/\/lavie.bio\/en\/wp-json\/wp\/v2\/types\/page"}],"author":[{"embeddable":true,"href":"https:\/\/lavie.bio\/en\/wp-json\/wp\/v2\/users\/3"}],"replies":[{"embeddable":true,"href":"https:\/\/lavie.bio\/en\/wp-json\/wp\/v2\/comments?post=3269"}],"version-history":[{"count":0,"href":"https:\/\/lavie.bio\/en\/wp-json\/wp\/v2\/pages\/3269\/revisions"}],"wp:featuredmedia":[{"embeddable":true,"href":"https:\/\/lavie.bio\/en\/wp-json\/wp\/v2\/media\/3186"}],"wp:attachment":[{"href":"https:\/\/lavie.bio\/en\/wp-json\/wp\/v2\/media?parent=3269"}],"curies":[{"name":"wp","href":"https:\/\/api.w.org\/{rel}","templated":true}]}}