{"id":3254,"date":"2022-11-30T06:07:25","date_gmt":"2022-11-30T06:07:25","guid":{"rendered":"https:\/\/lavie.bio\/?page_id=3254"},"modified":"2026-02-25T09:20:11","modified_gmt":"2026-02-25T08:20:11","slug":"conformite-rgpd","status":"publish","type":"page","link":"https:\/\/lavie.bio\/en\/conformite-rgpd\/","title":{"rendered":"RGPD compliance"},"content":{"rendered":"<div data-elementor-type=\"wp-page\" data-elementor-id=\"3254\" class=\"elementor elementor-3254\" data-elementor-post-type=\"page\">\n\t\t\t\t<div class=\"elementor-element elementor-element-ba0cf32 e-flex e-con-boxed e-con e-parent\" data-id=\"ba0cf32\" data-element_type=\"container\" data-e-type=\"container\">\n\t\t\t\t\t<div class=\"e-con-inner\">\n\t\t\t\t<div class=\"elementor-element elementor-element-ea2b8e3 elementor-widget elementor-widget-spacer\" data-id=\"ea2b8e3\" data-element_type=\"widget\" data-e-type=\"widget\" data-widget_type=\"spacer.default\">\n\t\t\t\t\t\t\t<div class=\"elementor-spacer\">\n\t\t\t<div class=\"elementor-spacer-inner\"><\/div>\n\t\t<\/div>\n\t\t\t\t\t\t<\/div>\n\t\t\t\t<div class=\"elementor-element elementor-element-21bd7ee elementor-widget elementor-widget-heading\" data-id=\"21bd7ee\" data-element_type=\"widget\" data-e-type=\"widget\" data-widget_type=\"heading.default\">\n\t\t\t\t\t<h1 class=\"elementor-heading-title elementor-size-default\">RGPD compliance<\/h1>\t\t\t\t<\/div>\n\t\t\t\t<div class=\"elementor-element elementor-element-a1f1f2d elementor-widget elementor-widget-spacer\" data-id=\"a1f1f2d\" data-element_type=\"widget\" data-e-type=\"widget\" data-widget_type=\"spacer.default\">\n\t\t\t\t\t\t\t<div class=\"elementor-spacer\">\n\t\t\t<div class=\"elementor-spacer-inner\"><\/div>\n\t\t<\/div>\n\t\t\t\t\t\t<\/div>\n\t\t\t\t\t<\/div>\n\t\t\t\t<\/div>\n\t\t<div class=\"elementor-element elementor-element-63a7988d e-flex e-con-boxed e-con e-parent\" data-id=\"63a7988d\" data-element_type=\"container\" data-e-type=\"container\">\n\t\t\t\t\t<div class=\"e-con-inner\">\n\t\t\t\t<div class=\"elementor-element elementor-element-7c9b6d7e elementor-widget elementor-widget-text-editor\" data-id=\"7c9b6d7e\" data-element_type=\"widget\" data-e-type=\"widget\" data-widget_type=\"text-editor.default\">\n\t\t\t\t\t\t\t\t\t<p class=\"tcenter\">The application used to ensure the RGPD\/CCPA compliance of this site collects your IP address and e-mail address in order to process the data.\u00a0 <a href=\"https:\/\/lavie.bio\/en\/politique-de-confidentialite\/\">Privacy policy<\/a>.<\/p><h2 class=\"title3\">Data rectification<\/h2><p class=\"tleft\">You can use the link below to update your account details if they are not correct.<\/p><ul><li><a href=\"#\">Modify your account details<\/a><\/li><\/ul><h2 class=\"title3\">Data portability<\/h2><p class=\"tleft\">You can use the links below to download all the data we store and use for a better experience in our shop.<\/p><ul><li><a href=\"#\">CCPA application (Canada)<\/a><\/li><li><a href=\"#\">Personal information<\/a><\/li><li><a href=\"#\">Controls<\/a><\/li><\/ul><h2 class=\"title3\">Access to personal data<\/h2><p class=\"tleft\">You can use the link below to request a report which will contain all the personal information we store for you.<\/p><ul><li><a href=\"#\">Request a report<\/a><\/li><\/ul><h2 class=\"title3\">We do not sell your information<\/h2><p class=\"tleft\">But you can submit a request to let us know that you do not agree to your personal information being collected.<\/p><ul><li><a href=\"#\">Don't collect my data<\/a><\/li><\/ul><h2 class=\"title3\">Right to be forgotten<\/h2><p class=\"tleft\">Use this option if you wish to delete your personal and other data from our shop. Please bear in mind that this process will delete your account, so you will no longer be able to access or use it.<\/p><ul><li><a href=\"#\">Request deletion of personal data<\/a><\/li><\/ul>\t\t\t\t\t\t\t\t<\/div>\n\t\t\t\t\t<\/div>\n\t\t\t\t<\/div>\n\t\t\t\t<\/div>","protected":false},"excerpt":{"rendered":"<p>Conformit\u00e9 RGPD L&#8217;application utilis\u00e9e pour assurer la conformit\u00e9 RGPD\/CCPA de ce site collecte votre adresse IP et l&#8217;adresse e-mail afin de traiter les donn\u00e9es.\u00a0 Politique de confidentialit\u00e9. Rectification des donn\u00e9es Vous pouvez utiliser le lien ci-dessous pour mettre \u00e0 jour les donn\u00e9es de votre compte si elles ne sont pas exactes. Modifiez les informations de [&hellip;]<\/p>\n","protected":false},"author":3,"featured_media":0,"parent":0,"menu_order":200,"comment_status":"closed","ping_status":"closed","template":"elementor_header_footer","meta":{"footnotes":""},"class_list":["post-3254","page","type-page","status-publish","hentry"],"_links":{"self":[{"href":"https:\/\/lavie.bio\/en\/wp-json\/wp\/v2\/pages\/3254","targetHints":{"allow":["GET"]}}],"collection":[{"href":"https:\/\/lavie.bio\/en\/wp-json\/wp\/v2\/pages"}],"about":[{"href":"https:\/\/lavie.bio\/en\/wp-json\/wp\/v2\/types\/page"}],"author":[{"embeddable":true,"href":"https:\/\/lavie.bio\/en\/wp-json\/wp\/v2\/users\/3"}],"replies":[{"embeddable":true,"href":"https:\/\/lavie.bio\/en\/wp-json\/wp\/v2\/comments?post=3254"}],"version-history":[{"count":3,"href":"https:\/\/lavie.bio\/en\/wp-json\/wp\/v2\/pages\/3254\/revisions"}],"predecessor-version":[{"id":83861,"href":"https:\/\/lavie.bio\/en\/wp-json\/wp\/v2\/pages\/3254\/revisions\/83861"}],"wp:attachment":[{"href":"https:\/\/lavie.bio\/en\/wp-json\/wp\/v2\/media?parent=3254"}],"curies":[{"name":"wp","href":"https:\/\/api.w.org\/{rel}","templated":true}]}}