{"id":81183,"date":"2026-01-20T23:00:33","date_gmt":"2026-01-20T22:00:33","guid":{"rendered":"https:\/\/lavie.bio\/?post_type=product&#038;p=81183"},"modified":"2026-02-21T06:56:28","modified_gmt":"2026-02-21T05:56:28","slug":"4-glaser-lavie","status":"publish","type":"product","link":"https:\/\/lavie.bio\/de\/boutique\/produit\/4-verres-lavie\/","title":{"rendered":"4 LAVIE-GL\u00c4SER"},"content":{"rendered":"<p>Bringen Sie einen Hauch von Eleganz und Nachhaltigkeit in Ihren Alltag mit diesem Set aus 4 Gl\u00e4sern LAVIE aus ultraklarem Borosilikatglas.<\/p>\n<p>Mit einem Fassungsverm\u00f6gen von jeweils 20 cl vereinen diese Gl\u00e4ser Feinheit und Robustheit: perfekt als Begleiter f\u00fcr Ihren Alltag.<\/p>","protected":false},"excerpt":{"rendered":"<p>Elegant &amp; langlebig<\/p>","protected":false},"featured_media":81465,"template":"","meta":[],"product_brand":[],"product_cat":[719],"product_tag":[],"class_list":{"0":"post-81183","1":"product","2":"type-product","3":"status-publish","4":"has-post-thumbnail","6":"product_cat-accessoires","8":"first","9":"outofstock","10":"taxable","11":"shipping-taxable","12":"purchasable","13":"product-type-simple"},"_links":{"self":[{"href":"https:\/\/lavie.bio\/de\/wp-json\/wp\/v2\/product\/81183","targetHints":{"allow":["GET"]}}],"collection":[{"href":"https:\/\/lavie.bio\/de\/wp-json\/wp\/v2\/product"}],"about":[{"href":"https:\/\/lavie.bio\/de\/wp-json\/wp\/v2\/types\/product"}],"version-history":[{"count":2,"href":"https:\/\/lavie.bio\/de\/wp-json\/wp\/v2\/product\/81183\/revisions"}],"predecessor-version":[{"id":81431,"href":"https:\/\/lavie.bio\/de\/wp-json\/wp\/v2\/product\/81183\/revisions\/81431"}],"wp:featuredmedia":[{"embeddable":true,"href":"https:\/\/lavie.bio\/de\/wp-json\/wp\/v2\/media\/81465"}],"wp:attachment":[{"href":"https:\/\/lavie.bio\/de\/wp-json\/wp\/v2\/media?parent=81183"}],"wp:term":[{"taxonomy":"product_brand","embeddable":true,"href":"https:\/\/lavie.bio\/de\/wp-json\/wp\/v2\/product_brand?post=81183"},{"taxonomy":"product_cat","embeddable":true,"href":"https:\/\/lavie.bio\/de\/wp-json\/wp\/v2\/product_cat?post=81183"},{"taxonomy":"product_tag","embeddable":true,"href":"https:\/\/lavie.bio\/de\/wp-json\/wp\/v2\/product_tag?post=81183"}],"curies":[{"name":"wp","href":"https:\/\/api.w.org\/{rel}","templated":true}]}}