{"id":81171,"date":"2026-01-20T22:40:18","date_gmt":"2026-01-20T21:40:18","guid":{"rendered":"https:\/\/lavie.bio\/?post_type=product&#038;p=81171"},"modified":"2026-01-26T06:50:54","modified_gmt":"2026-01-26T05:50:54","slug":"housse-couleur-bouteille-05l","status":"publish","type":"product","link":"https:\/\/lavie.bio\/de\/boutique\/produit\/housse-couleur-bouteille-05l\/","title":{"rendered":"H\u00dcLLE FLASCHE 0,5L"},"content":{"rendered":"<p data-start=\"148\" data-end=\"555\">Sch\u00fctzen und transportieren Sie Ihre LAVIE 0,5L-Flasche elegant mit diesen farbenfrohen H\u00fcllen aus hochwertigem Neopren.<\/p>\n<p data-start=\"148\" data-end=\"555\">Ma\u00dfgeschneidert, um perfekt auf die Borosilikatglasflasche zu passen, vereint sie Benutzerkomfort und Haltbarkeit.<\/p>\n<p data-start=\"148\" data-end=\"555\">Neopren, ein isolierendes und widerstandsf\u00e4higes Material, sch\u00fctzt effektiv vor St\u00f6\u00dfen und Besch\u00e4digungen und h\u00e4lt die Temperatur deines Getr\u00e4nks konstant.<\/p>\n<p data-start=\"557\" data-end=\"816\">Der pflegeleichte Bezug kann in der Maschine gewaschen werden (Feinwaschgang, \u00e4hnliche Farben) und an der Luft getrocknet werden, um seine Qualit\u00e4t zu erhalten. Er ist vollst\u00e4ndig austauschbar und erm\u00f6glicht es Ihnen, Ihre Flasche nach Ihren W\u00fcnschen zu gestalten.<\/p>","protected":false},"excerpt":{"rendered":"<p><span style=\"font-family: -apple-system, BlinkMacSystemFont, 'Segoe UI', Roboto, 'Helvetica Neue', Arial, 'Noto Sans', sans-serif, 'Apple Color Emoji', 'Segoe UI Emoji', 'Segoe UI Symbol', 'Noto Color Emoji';\">F\u00fcr den Transport Ihrer 0,5L-Flaschen<\/span><\/p>","protected":false},"featured_media":70509,"template":"","meta":[],"product_brand":[],"product_cat":[719],"product_tag":[],"class_list":{"0":"post-81171","1":"product","2":"type-product","3":"status-publish","4":"has-post-thumbnail","6":"product_cat-accessoires","8":"first","9":"instock","10":"taxable","11":"shipping-taxable","12":"purchasable","13":"product-type-variable"},"_links":{"self":[{"href":"https:\/\/lavie.bio\/de\/wp-json\/wp\/v2\/product\/81171","targetHints":{"allow":["GET"]}}],"collection":[{"href":"https:\/\/lavie.bio\/de\/wp-json\/wp\/v2\/product"}],"about":[{"href":"https:\/\/lavie.bio\/de\/wp-json\/wp\/v2\/types\/product"}],"version-history":[{"count":2,"href":"https:\/\/lavie.bio\/de\/wp-json\/wp\/v2\/product\/81171\/revisions"}],"predecessor-version":[{"id":81434,"href":"https:\/\/lavie.bio\/de\/wp-json\/wp\/v2\/product\/81171\/revisions\/81434"}],"wp:featuredmedia":[{"embeddable":true,"href":"https:\/\/lavie.bio\/de\/wp-json\/wp\/v2\/media\/70509"}],"wp:attachment":[{"href":"https:\/\/lavie.bio\/de\/wp-json\/wp\/v2\/media?parent=81171"}],"wp:term":[{"taxonomy":"product_brand","embeddable":true,"href":"https:\/\/lavie.bio\/de\/wp-json\/wp\/v2\/product_brand?post=81171"},{"taxonomy":"product_cat","embeddable":true,"href":"https:\/\/lavie.bio\/de\/wp-json\/wp\/v2\/product_cat?post=81171"},{"taxonomy":"product_tag","embeddable":true,"href":"https:\/\/lavie.bio\/de\/wp-json\/wp\/v2\/product_tag?post=81171"}],"curies":[{"name":"wp","href":"https:\/\/api.w.org\/{rel}","templated":true}]}}