{"id":80630,"date":"2026-01-20T23:05:38","date_gmt":"2026-01-20T22:05:38","guid":{"rendered":"https:\/\/lavie.bio\/?post_type=product&#038;p=80630"},"modified":"2026-02-10T15:24:46","modified_gmt":"2026-02-10T14:24:46","slug":"flasche-05l","status":"publish","type":"product","link":"https:\/\/lavie.bio\/de\/boutique\/produit\/bouteille-05l\/","title":{"rendered":"FLASCHE 0,5L"},"content":{"rendered":"<p data-start=\"35\" data-end=\"222\">Die elegante und langlebige 0,5L-Flasche passt perfekt zu den Wasserreinigern LAVIE 2Go, LAVIE Pure und LAVIE Premium.<\/p>\n<p data-start=\"35\" data-end=\"222\">Sie wird mit einer Schutzh\u00fclle geliefert und ist dank ihres kompakten Formats ideal f\u00fcr Ihre sportlichen Ausfl\u00fcge - die ideale Verbindung von Stil, Wohlbefinden und Engagement f\u00fcr die Umwelt.<\/p>","protected":false},"excerpt":{"rendered":"<p>Kompatibel mit LAVIE 2Go, Pure &amp; Premium<\/p>","protected":false},"featured_media":61203,"template":"","meta":[],"product_brand":[],"product_cat":[719],"product_tag":[],"class_list":{"0":"post-80630","1":"product","2":"type-product","3":"status-publish","4":"has-post-thumbnail","6":"product_cat-accessoires","8":"first","9":"instock","10":"taxable","11":"shipping-taxable","12":"purchasable","13":"product-type-simple"},"_links":{"self":[{"href":"https:\/\/lavie.bio\/de\/wp-json\/wp\/v2\/product\/80630","targetHints":{"allow":["GET"]}}],"collection":[{"href":"https:\/\/lavie.bio\/de\/wp-json\/wp\/v2\/product"}],"about":[{"href":"https:\/\/lavie.bio\/de\/wp-json\/wp\/v2\/types\/product"}],"version-history":[{"count":4,"href":"https:\/\/lavie.bio\/de\/wp-json\/wp\/v2\/product\/80630\/revisions"}],"predecessor-version":[{"id":82544,"href":"https:\/\/lavie.bio\/de\/wp-json\/wp\/v2\/product\/80630\/revisions\/82544"}],"wp:featuredmedia":[{"embeddable":true,"href":"https:\/\/lavie.bio\/de\/wp-json\/wp\/v2\/media\/61203"}],"wp:attachment":[{"href":"https:\/\/lavie.bio\/de\/wp-json\/wp\/v2\/media?parent=80630"}],"wp:term":[{"taxonomy":"product_brand","embeddable":true,"href":"https:\/\/lavie.bio\/de\/wp-json\/wp\/v2\/product_brand?post=80630"},{"taxonomy":"product_cat","embeddable":true,"href":"https:\/\/lavie.bio\/de\/wp-json\/wp\/v2\/product_cat?post=80630"},{"taxonomy":"product_tag","embeddable":true,"href":"https:\/\/lavie.bio\/de\/wp-json\/wp\/v2\/product_tag?post=80630"}],"curies":[{"name":"wp","href":"https:\/\/api.w.org\/{rel}","templated":true}]}}