{"id":80628,"date":"2026-01-20T23:10:51","date_gmt":"2026-01-20T22:10:51","guid":{"rendered":"https:\/\/lavie.bio\/?post_type=product&#038;p=80628"},"modified":"2026-02-13T19:54:23","modified_gmt":"2026-02-13T18:54:23","slug":"1l-flasche","status":"publish","type":"product","link":"https:\/\/lavie.bio\/de\/boutique\/produit\/bouteille-1l\/","title":{"rendered":"FLASCHE 1L"},"content":{"rendered":"<p data-start=\"35\" data-end=\"222\">Die elegante, robuste und langlebige 1L-Flasche ist perfekt mit den LAVIE Pure und Premium Wasserreinigern kompatibel.<\/p>\n<p data-start=\"35\" data-end=\"222\">Sie erm\u00f6glicht es Ihnen, t\u00e4glich mehr gereinigtes Wasser zu genie\u00dfen - die ideale Kombination aus Stil, Wohlbefinden und Engagement f\u00fcr die Umwelt.<\/p>","protected":false},"excerpt":{"rendered":"<p>Kompatibel mit LAVIE Pure &amp; Premium<\/p>","protected":false},"featured_media":83085,"template":"","meta":[],"product_brand":[],"product_cat":[717,719],"product_tag":[],"class_list":{"0":"post-80628","1":"product","2":"type-product","3":"status-publish","4":"has-post-thumbnail","6":"product_cat-populaire","7":"product_cat-accessoires","9":"first","10":"instock","11":"taxable","12":"shipping-taxable","13":"purchasable","14":"product-type-simple"},"_links":{"self":[{"href":"https:\/\/lavie.bio\/de\/wp-json\/wp\/v2\/product\/80628","targetHints":{"allow":["GET"]}}],"collection":[{"href":"https:\/\/lavie.bio\/de\/wp-json\/wp\/v2\/product"}],"about":[{"href":"https:\/\/lavie.bio\/de\/wp-json\/wp\/v2\/types\/product"}],"version-history":[{"count":3,"href":"https:\/\/lavie.bio\/de\/wp-json\/wp\/v2\/product\/80628\/revisions"}],"predecessor-version":[{"id":81581,"href":"https:\/\/lavie.bio\/de\/wp-json\/wp\/v2\/product\/80628\/revisions\/81581"}],"wp:featuredmedia":[{"embeddable":true,"href":"https:\/\/lavie.bio\/de\/wp-json\/wp\/v2\/media\/83085"}],"wp:attachment":[{"href":"https:\/\/lavie.bio\/de\/wp-json\/wp\/v2\/media?parent=80628"}],"wp:term":[{"taxonomy":"product_brand","embeddable":true,"href":"https:\/\/lavie.bio\/de\/wp-json\/wp\/v2\/product_brand?post=80628"},{"taxonomy":"product_cat","embeddable":true,"href":"https:\/\/lavie.bio\/de\/wp-json\/wp\/v2\/product_cat?post=80628"},{"taxonomy":"product_tag","embeddable":true,"href":"https:\/\/lavie.bio\/de\/wp-json\/wp\/v2\/product_tag?post=80628"}],"curies":[{"name":"wp","href":"https:\/\/api.w.org\/{rel}","templated":true}]}}