{"id":80598,"date":"2026-01-20T23:40:47","date_gmt":"2026-01-20T22:40:47","guid":{"rendered":"https:\/\/lavie.bio\/?post_type=product&#038;p=80598"},"modified":"2026-03-26T11:27:01","modified_gmt":"2026-03-26T10:27:01","slug":"lavie-2go","status":"publish","type":"product","link":"https:\/\/lavie.bio\/de\/boutique\/produit\/lavie-2go\/","title":{"rendered":"LAVIE 2GO"},"content":{"rendered":"<p data-start=\"35\" data-end=\"222\">LAVIE 2Go entfernt mit seiner patentierten UVA-Technologie 90% der h\u00e4ufigsten Schadstoffe aus Leitungswasser.<\/p>\n<p data-start=\"35\" data-end=\"222\">Erhalten Sie in 15 Minuten gereinigtes Wasser mit neutralem Geschmack und ohne Geruch, w\u00e4hrend die nat\u00fcrlich vorkommenden Mineralien und Spurenelemente erhalten bleiben.<\/p>\n<p data-start=\"224\" data-end=\"372\">Mit einem Fassungsverm\u00f6gen von 0,5L und einer Schutzh\u00fclle ist sein kompaktes Format ideal, um Ihr gereinigtes Wasser \u00fcberall mit hinzunehmen.<\/p>","protected":false},"excerpt":{"rendered":"<p>Entfernt h\u00e4ufige Schadstoffe<\/p>","protected":false},"featured_media":54218,"template":"","meta":[],"product_brand":[],"product_cat":[72,717],"product_tag":[712,687,715,713,714],"class_list":{"0":"post-80598","1":"product","2":"type-product","3":"status-publish","4":"has-post-thumbnail","6":"product_cat-purificateurs-deau","7":"product_cat-populaire","8":"product_tag-bacteries","9":"product_tag-gout-de-chlore","10":"product_tag-pesticides","11":"product_tag-traces-de-medicaments","12":"product_tag-virus","14":"first","15":"instock","16":"taxable","17":"shipping-taxable","18":"purchasable","19":"product-type-variable"},"_links":{"self":[{"href":"https:\/\/lavie.bio\/de\/wp-json\/wp\/v2\/product\/80598","targetHints":{"allow":["GET"]}}],"collection":[{"href":"https:\/\/lavie.bio\/de\/wp-json\/wp\/v2\/product"}],"about":[{"href":"https:\/\/lavie.bio\/de\/wp-json\/wp\/v2\/types\/product"}],"version-history":[{"count":4,"href":"https:\/\/lavie.bio\/de\/wp-json\/wp\/v2\/product\/80598\/revisions"}],"predecessor-version":[{"id":81399,"href":"https:\/\/lavie.bio\/de\/wp-json\/wp\/v2\/product\/80598\/revisions\/81399"}],"wp:featuredmedia":[{"embeddable":true,"href":"https:\/\/lavie.bio\/de\/wp-json\/wp\/v2\/media\/54218"}],"wp:attachment":[{"href":"https:\/\/lavie.bio\/de\/wp-json\/wp\/v2\/media?parent=80598"}],"wp:term":[{"taxonomy":"product_brand","embeddable":true,"href":"https:\/\/lavie.bio\/de\/wp-json\/wp\/v2\/product_brand?post=80598"},{"taxonomy":"product_cat","embeddable":true,"href":"https:\/\/lavie.bio\/de\/wp-json\/wp\/v2\/product_cat?post=80598"},{"taxonomy":"product_tag","embeddable":true,"href":"https:\/\/lavie.bio\/de\/wp-json\/wp\/v2\/product_tag?post=80598"}],"curies":[{"name":"wp","href":"https:\/\/api.w.org\/{rel}","templated":true}]}}