{"id":80592,"date":"2026-01-20T23:45:03","date_gmt":"2026-01-20T22:45:03","guid":{"rendered":"https:\/\/lavie.bio\/?post_type=product&#038;p=80592"},"modified":"2026-04-13T12:00:37","modified_gmt":"2026-04-13T10:00:37","slug":"lavie-lafontaine","status":"publish","type":"product","link":"https:\/\/lavie.bio\/de\/boutique\/produit\/lavie-lafontaine\/","title":{"rendered":"LAVIE LAFONTAINE"},"content":{"rendered":"<p data-start=\"35\" data-end=\"222\">LAVIE Lafontaine entfernt mit seiner patentierten UVA-Technologie 90% der h\u00e4ufigsten Schadstoffe aus Leitungswasser.<\/p>\n<p data-start=\"35\" data-end=\"222\">Erhalten Sie in 15 Minuten gereinigtes Wasser mit neutralem Geschmack und ohne Geruch, w\u00e4hrend die nat\u00fcrlich vorkommenden Mineralien und Spurenelemente erhalten bleiben.<\/p>\n<p data-start=\"224\" data-end=\"372\">Mit einem Fassungsverm\u00f6gen von 5 Litern ist LAVIE Lafontaine ideal f\u00fcr gro\u00dfe Familien, B\u00fcros und Orte mit Publikumsverkehr geeignet.<\/p>","protected":false},"excerpt":{"rendered":"<p>Entfernt h\u00e4ufige Schadstoffe<\/p>","protected":false},"featured_media":80224,"template":"","meta":[],"product_brand":[],"product_cat":[72],"product_tag":[712,687,715,713,714],"class_list":{"0":"post-80592","1":"product","2":"type-product","3":"status-publish","4":"has-post-thumbnail","6":"product_cat-purificateurs-deau","7":"product_tag-bacteries","8":"product_tag-gout-de-chlore","9":"product_tag-pesticides","10":"product_tag-traces-de-medicaments","11":"product_tag-virus","13":"first","14":"instock","15":"taxable","16":"shipping-taxable","17":"purchasable","18":"product-type-simple"},"_links":{"self":[{"href":"https:\/\/lavie.bio\/de\/wp-json\/wp\/v2\/product\/80592","targetHints":{"allow":["GET"]}}],"collection":[{"href":"https:\/\/lavie.bio\/de\/wp-json\/wp\/v2\/product"}],"about":[{"href":"https:\/\/lavie.bio\/de\/wp-json\/wp\/v2\/types\/product"}],"version-history":[{"count":4,"href":"https:\/\/lavie.bio\/de\/wp-json\/wp\/v2\/product\/80592\/revisions"}],"predecessor-version":[{"id":82545,"href":"https:\/\/lavie.bio\/de\/wp-json\/wp\/v2\/product\/80592\/revisions\/82545"}],"wp:featuredmedia":[{"embeddable":true,"href":"https:\/\/lavie.bio\/de\/wp-json\/wp\/v2\/media\/80224"}],"wp:attachment":[{"href":"https:\/\/lavie.bio\/de\/wp-json\/wp\/v2\/media?parent=80592"}],"wp:term":[{"taxonomy":"product_brand","embeddable":true,"href":"https:\/\/lavie.bio\/de\/wp-json\/wp\/v2\/product_brand?post=80592"},{"taxonomy":"product_cat","embeddable":true,"href":"https:\/\/lavie.bio\/de\/wp-json\/wp\/v2\/product_cat?post=80592"},{"taxonomy":"product_tag","embeddable":true,"href":"https:\/\/lavie.bio\/de\/wp-json\/wp\/v2\/product_tag?post=80592"}],"curies":[{"name":"wp","href":"https:\/\/api.w.org\/{rel}","templated":true}]}}