{"id":80375,"date":"2026-01-14T18:58:20","date_gmt":"2026-01-14T17:58:20","guid":{"rendered":"https:\/\/lavie.bio\/?page_id=80375"},"modified":"2026-03-02T15:34:43","modified_gmt":"2026-03-02T14:34:43","slug":"newsletter","status":"publish","type":"page","link":"https:\/\/lavie.bio\/de\/newsletter\/","title":{"rendered":"Newsletter"},"content":{"rendered":"\t\t<div data-elementor-type=\"wp-page\" data-elementor-id=\"80375\" class=\"elementor elementor-80375\" data-elementor-post-type=\"page\">\n\t\t\t\t<div class=\"elementor-element elementor-element-5a65ccbc e-flex e-con-boxed e-con e-parent\" data-id=\"5a65ccbc\" data-element_type=\"container\" data-e-type=\"container\">\n\t\t\t\t\t<div class=\"e-con-inner\">\n\t\t\t\t<div class=\"elementor-element elementor-element-217392bc elementor-widget elementor-widget-shortcode\" data-id=\"217392bc\" data-element_type=\"widget\" data-e-type=\"widget\" data-widget_type=\"shortcode.default\">\n\t\t\t\t\t\t\t<div class=\"elementor-shortcode\"><style>\/**\n * Breadcrumbs Styles\n *\n * Styles for custom breadcrumbs.\n *\n * @package HelloElementorChild\n *\/\n\nheader + * .lavie-bc-divider,\nheader ~ * .lavie-bc-divider,\n.elementor-location-header + * .lavie-bc-divider,\n.elementor-location-header ~ * .lavie-bc-divider{margin-top:0 !important;padding-bottom:10px}\n.lavie-breadcrumbs{width:100vw;margin-left:calc(50% - 50vw);margin-right:calc(50% - 50vw);padding:0 clamp(16px,5vw,80px) 8px}\n.lavie-bc-inner{max-width:1280px;margin:0 auto;display:flex;align-items:center;justify-content:center;gap:8px;flex-wrap:wrap}\n.lavie-bc-home{display:inline-flex;width:20px;height:20px;align-items:center;justify-content:center}\n.lavie-bc-dot{width:4px;height:4px;background:#8ACFEE;border-radius:50%;display:inline-block}\n.lavie-bc-link{font-family:Nunito,sans-serif;font-weight:700;font-size:14px;line-height:20px;color:#1882B1;text-decoration:none}\n.lavie-bc-link:hover{text-decoration:none}\n.lavie-bc-current{font-family:Nunito,sans-serif;font-weight:700;font-size:14px;line-height:20px;color:rgba(6,48,67,.6)}\n.lavie-bc-divider{width:720px;height:0;border-top:1px solid #C9E1EB;margin:0 auto;flex:none;order:0;flex-grow:0}\n@media(max-width:600px){.lavie-breadcrumbs{padding:0 16px 6px}.lavie-bc-divider{display:none}}\n<\/style><div class=\"lavie-bc-divider\" aria-hidden=\"true\"><\/div><nav class=\"lavie-breadcrumbs\" aria-label=\"Fil d'Ariane\"><div class=\"lavie-bc-inner\"><a class=\"lavie-bc-home\" href=\"https:\/\/lavie.bio\/de\/\" aria-label=\"Accueil\"><svg width=\"20\" height=\"20\" viewBox=\"0 0 20 20\" fill=\"none\" xmlns=\"http:\/\/www.w3.org\/2000\/svg\" aria-hidden=\"true\"><path d=\"M16.6667 6.66666L11.6667 2.28333C11.2084 1.87337 10.615 1.64672 10.0001 1.64672C9.38513 1.64672 8.79176 1.87337 8.33341 2.28333L3.33341 6.66666C3.06872 6.90339 2.8575 7.19379 2.71381 7.51853C2.57012 7.84327 2.49726 8.1949 2.50008 8.55V15.8333C2.50008 16.4964 2.76347 17.1323 3.23231 17.6011C3.70115 18.0699 4.33704 18.3333 5.00008 18.3333H15.0001C15.6631 18.3333 16.299 18.0699 16.7678 17.6011C17.2367 17.1323 17.5001 16.4964 17.5001 15.8333V8.54166C17.5017 8.18797 17.4283 7.83795 17.2846 7.51473C17.141 7.19152 16.9304 6.90246 16.6667 6.66666ZM11.6667 16.6667H8.33341V12.5C8.33341 12.279 8.42121 12.067 8.57749 11.9107C8.73377 11.7545 8.94573 11.6667 9.16675 11.6667H10.8334C11.0544 11.6667 11.2664 11.7545 11.4227 11.9107C11.5789 12.067 11.6667 12.279 11.6667 12.5V16.6667ZM15.8334 15.8333C15.8334 16.0543 15.7456 16.2663 15.5893 16.4226C15.4331 16.5789 15.2211 16.6667 15.0001 16.6667H13.3334V12.5C13.3334 11.837 13.07 11.2011 12.6012 10.7322C12.1323 10.2634 11.4965 10 10.8334 10H9.16675C8.5037 10 7.86782 10.2634 7.39898 10.7322C6.93014 11.2011 6.66675 11.837 6.66675 12.5V16.6667H5.00008C4.77907 16.6667 4.5671 16.5789 4.41082 16.4226C4.25454 16.2663 4.16675 16.0543 4.16675 15.8333V8.54166C4.1669 8.42334 4.19224 8.30641 4.24109 8.19865C4.28995 8.09088 4.36119 7.99476 4.45008 7.91666L9.45008 3.54166C9.60215 3.40806 9.79766 3.33439 10.0001 3.33439C10.2025 3.33439 10.398 3.40806 10.5501 3.54166L15.5501 7.91666C15.639 7.99476 15.7102 8.09088 15.7591 8.19865C15.8079 8.30641 15.8333 8.42334 15.8334 8.54166V15.8333Z\" fill=\"#1882B1\"\/><\/svg><\/a><span class=\"lavie-bc-dot\" aria-hidden=\"true\"><\/span><span class=\"lavie-bc-current\">Newsletter<\/span><\/div><\/nav><\/div>\n\t\t\t\t\t\t<\/div>\n\t\t\t\t\t<\/div>\n\t\t\t\t<\/div>\n\t\t<div class=\"elementor-element elementor-element-421b4506 e-con-full e-flex e-con e-parent\" data-id=\"421b4506\" data-element_type=\"container\" data-e-type=\"container\" data-settings=\"{&quot;background_background&quot;:&quot;classic&quot;}\">\n\t\t<div class=\"elementor-element elementor-element-3539ccac e-con-full e-flex e-con e-child\" data-id=\"3539ccac\" data-element_type=\"container\" data-e-type=\"container\" data-settings=\"{&quot;background_background&quot;:&quot;classic&quot;}\">\n\t\t\t\t<div class=\"elementor-element elementor-element-12463f54 elementor-widget__width-initial elementor-widget elementor-widget-heading\" data-id=\"12463f54\" data-element_type=\"widget\" data-e-type=\"widget\" data-widget_type=\"heading.default\">\n\t\t\t\t\t<h2 class=\"elementor-heading-title elementor-size-default\">Offrez-vous une eau plus saine et recevez un bonus exclusif<\/h2>\t\t\t\t<\/div>\n\t\t\t\t<\/div>\n\t\t\t\t<\/div>\n\t\t<div class=\"elementor-element elementor-element-acae623 e-con-full e-flex e-con e-parent\" data-id=\"acae623\" data-element_type=\"container\" data-e-type=\"container\">\n\t\t\t\t<div class=\"elementor-element elementor-element-434d8e5 elementor-widget elementor-widget-heading\" data-id=\"434d8e5\" data-element_type=\"widget\" data-e-type=\"widget\" data-widget_type=\"heading.default\">\n\t\t\t\t\t<h2 class=\"elementor-heading-title elementor-size-default\">Rejoignez la communaut\u00e9<br>LaVie et profitez de :<\/h2>\t\t\t\t<\/div>\n\t\t\t\t<div class=\"elementor-element elementor-element-7119664 elementor-align-start elementor-hidden-widescreen elementor-hidden-desktop elementor-hidden-laptop elementor-hidden-tablet_extra elementor-icon-list--layout-traditional elementor-list-item-link-full_width elementor-widget elementor-widget-icon-list\" data-id=\"7119664\" data-element_type=\"widget\" data-e-type=\"widget\" data-widget_type=\"icon-list.default\">\n\t\t\t\t\t\t\t<ul class=\"elementor-icon-list-items\">\n\t\t\t\t\t\t\t<li class=\"elementor-icon-list-item\">\n\t\t\t\t\t\t\t\t\t\t\t<span class=\"elementor-icon-list-icon\">\n\t\t\t\t\t\t\t<svg xmlns=\"http:\/\/www.w3.org\/2000\/svg\" width=\"80\" height=\"80\" viewBox=\"0 0 80 80\" fill=\"none\"><rect x=\"0.5\" y=\"0.5\" width=\"79\" height=\"79\" rx=\"39.5\" fill=\"white\"><\/rect><rect x=\"0.5\" y=\"0.5\" width=\"79\" height=\"79\" rx=\"39.5\" stroke=\"#C9E1EB\"><\/rect><path d=\"M26 35.1621V48.5788C26 51.4604 32.0068 53.7964 39.4167 53.7964C46.8265 53.7964 52.8333 51.4604 52.8333 48.5788C52.8333 43.6303 52.8333 41.3883 52.8333 36.4399\" stroke=\"black\" stroke-width=\"1.2\"><\/path><path d=\"M52.8353 41.8704C52.8353 44.752 46.8284 47.088 39.4186 47.088C32.0088 47.088 26.002 44.752 26.002 41.8704\" stroke=\"black\" stroke-width=\"1.2\"><\/path><path d=\"M31.9649 30.823C28.3693 31.759 26.002 33.353 26.002 35.162C26.002 38.0436 32.0088 40.3796 39.4186 40.3796C44.941 40.3796 50.2457 38.6131 52.3037 36.7592\" stroke=\"black\" stroke-width=\"1.2\"><\/path><path d=\"M31.9648 26.2177V32.1806C31.9648 35.0622 37.9717 37.3982 45.3815 37.3982C52.7913 37.3982 58.7982 35.0622 58.7982 32.1806V26.2177\" stroke=\"black\" stroke-width=\"1.2\"><\/path><path d=\"M45.3815 37.3982C52.7913 37.3982 58.7982 35.0622 58.7982 32.1806V26.2176C58.7982 23.336 52.7913 21.0001 45.3815 21.0001C37.9717 21.0001 31.9648 23.336 31.9648 26.2176V32.1806C31.9648 35.0622 37.9717 37.3982 45.3815 37.3982Z\" fill=\"#8ACFEE\"><\/path><path d=\"M31.9648 26.2177V32.1806C31.9648 35.0622 37.9717 37.3982 45.3815 37.3982C52.7913 37.3982 58.7982 35.0622 58.7982 32.1806V26.2177\" stroke=\"black\" stroke-width=\"1.2\"><\/path><ellipse cx=\"45.3815\" cy=\"26.2176\" rx=\"13.4167\" ry=\"5.21759\" stroke=\"black\" stroke-width=\"1.2\"><\/ellipse><ellipse cx=\"45.3815\" cy=\"26.2177\" rx=\"13.4167\" ry=\"5.21759\" stroke=\"black\" stroke-width=\"1.2\"><\/ellipse><path d=\"M26 41.8704V55.287C26 58.1686 32.0068 60.5046 39.4167 60.5046C46.8265 60.5046 52.8333 58.1686 52.8333 55.287C52.8333 50.3386 52.8333 48.0966 52.8333 43.1481\" stroke=\"black\" stroke-width=\"1.2\"><\/path><\/svg>\t\t\t\t\t\t<\/span>\n\t\t\t\t\t\t\t\t\t\t<span class=\"elementor-icon-list-text\">5\u202f% de r\u00e9duction imm\u00e9diate<br>sur votre premi\u00e8re<br>commande<\/span>\n\t\t\t\t\t\t\t\t\t<\/li>\n\t\t\t\t\t\t\t\t<li class=\"elementor-icon-list-item\">\n\t\t\t\t\t\t\t\t\t\t\t<span class=\"elementor-icon-list-icon\">\n\t\t\t\t\t\t\t\t\t\t\t\t\t<\/span>\n\t\t\t\t\t\t\t\t\t\t<span class=\"elementor-icon-list-text\">1 an de garantie<br>suppl\u00e9mentaire offerte sur<br>tous nos purificateurs *<\/span>\n\t\t\t\t\t\t\t\t\t<\/li>\n\t\t\t\t\t\t<\/ul>\n\t\t\t\t\t\t<\/div>\n\t\t\t\t<div class=\"elementor-element elementor-element-6cfc958 elementor-icon-list--layout-inline elementor-align-start elementor-hidden-tablet elementor-hidden-mobile_extra elementor-hidden-mobile elementor-list-item-link-full_width elementor-widget elementor-widget-icon-list\" data-id=\"6cfc958\" data-element_type=\"widget\" data-e-type=\"widget\" data-widget_type=\"icon-list.default\">\n\t\t\t\t\t\t\t<ul class=\"elementor-icon-list-items elementor-inline-items\">\n\t\t\t\t\t\t\t<li class=\"elementor-icon-list-item elementor-inline-item\">\n\t\t\t\t\t\t\t\t\t\t\t<span class=\"elementor-icon-list-icon\">\n\t\t\t\t\t\t\t<svg xmlns=\"http:\/\/www.w3.org\/2000\/svg\" width=\"80\" height=\"80\" viewBox=\"0 0 80 80\" fill=\"none\"><rect x=\"0.5\" y=\"0.5\" width=\"79\" height=\"79\" rx=\"39.5\" fill=\"white\"><\/rect><rect x=\"0.5\" y=\"0.5\" width=\"79\" height=\"79\" rx=\"39.5\" stroke=\"#C9E1EB\"><\/rect><path d=\"M26 35.1621V48.5788C26 51.4604 32.0068 53.7964 39.4167 53.7964C46.8265 53.7964 52.8333 51.4604 52.8333 48.5788C52.8333 43.6303 52.8333 41.3883 52.8333 36.4399\" stroke=\"black\" stroke-width=\"1.2\"><\/path><path d=\"M52.8353 41.8704C52.8353 44.752 46.8284 47.088 39.4186 47.088C32.0088 47.088 26.002 44.752 26.002 41.8704\" stroke=\"black\" stroke-width=\"1.2\"><\/path><path d=\"M31.9649 30.823C28.3693 31.759 26.002 33.353 26.002 35.162C26.002 38.0436 32.0088 40.3796 39.4186 40.3796C44.941 40.3796 50.2457 38.6131 52.3037 36.7592\" stroke=\"black\" stroke-width=\"1.2\"><\/path><path d=\"M31.9648 26.2177V32.1806C31.9648 35.0622 37.9717 37.3982 45.3815 37.3982C52.7913 37.3982 58.7982 35.0622 58.7982 32.1806V26.2177\" stroke=\"black\" stroke-width=\"1.2\"><\/path><path d=\"M45.3815 37.3982C52.7913 37.3982 58.7982 35.0622 58.7982 32.1806V26.2176C58.7982 23.336 52.7913 21.0001 45.3815 21.0001C37.9717 21.0001 31.9648 23.336 31.9648 26.2176V32.1806C31.9648 35.0622 37.9717 37.3982 45.3815 37.3982Z\" fill=\"#8ACFEE\"><\/path><path d=\"M31.9648 26.2177V32.1806C31.9648 35.0622 37.9717 37.3982 45.3815 37.3982C52.7913 37.3982 58.7982 35.0622 58.7982 32.1806V26.2177\" stroke=\"black\" stroke-width=\"1.2\"><\/path><ellipse cx=\"45.3815\" cy=\"26.2176\" rx=\"13.4167\" ry=\"5.21759\" stroke=\"black\" stroke-width=\"1.2\"><\/ellipse><ellipse cx=\"45.3815\" cy=\"26.2177\" rx=\"13.4167\" ry=\"5.21759\" stroke=\"black\" stroke-width=\"1.2\"><\/ellipse><path d=\"M26 41.8704V55.287C26 58.1686 32.0068 60.5046 39.4167 60.5046C46.8265 60.5046 52.8333 58.1686 52.8333 55.287C52.8333 50.3386 52.8333 48.0966 52.8333 43.1481\" stroke=\"black\" stroke-width=\"1.2\"><\/path><\/svg>\t\t\t\t\t\t<\/span>\n\t\t\t\t\t\t\t\t\t\t<span class=\"elementor-icon-list-text\">5\u202f% de r\u00e9duction imm\u00e9diate<br>sur votre premi\u00e8re<br>commande<\/span>\n\t\t\t\t\t\t\t\t\t<\/li>\n\t\t\t\t\t\t\t\t<li class=\"elementor-icon-list-item elementor-inline-item\">\n\t\t\t\t\t\t\t\t\t\t\t<span class=\"elementor-icon-list-icon\">\n\t\t\t\t\t\t\t\t\t\t\t\t\t<\/span>\n\t\t\t\t\t\t\t\t\t\t<span class=\"elementor-icon-list-text\">1 an de garantie<br>suppl\u00e9mentaire offerte sur<br>tous nos purificateurs *<\/span>\n\t\t\t\t\t\t\t\t\t<\/li>\n\t\t\t\t\t\t<\/ul>\n\t\t\t\t\t\t<\/div>\n\t\t<div class=\"elementor-element elementor-element-f5d447c e-flex e-con-boxed e-con e-child\" data-id=\"f5d447c\" data-element_type=\"container\" data-e-type=\"container\" data-settings=\"{&quot;background_background&quot;:&quot;classic&quot;}\">\n\t\t\t\t\t<div class=\"e-con-inner\">\n\t\t<div class=\"elementor-element elementor-element-7abf55e e-con-full e-flex e-con e-child\" data-id=\"7abf55e\" data-element_type=\"container\" data-e-type=\"container\" data-settings=\"{&quot;background_background&quot;:&quot;classic&quot;}\">\n\t\t\t\t<div class=\"elementor-element elementor-element-838019f elementor-widget elementor-widget-text-editor\" data-id=\"838019f\" data-element_type=\"widget\" data-e-type=\"widget\" data-widget_type=\"text-editor.default\">\n\t\t\t\t\t\t\t\t\tRenseignez votre adresse e-mail pour activer vos avantages\t\t\t\t\t\t\t\t<\/div>\n\t\t\t\t<div class=\"elementor-element elementor-element-67a2c94 elementor-widget elementor-widget-text-editor\" data-id=\"67a2c94\" data-element_type=\"widget\" data-e-type=\"widget\" data-widget_type=\"text-editor.default\">\n\t\t\t\t\t\t\t\t\t<p>D\u00e9j\u00e0 inscrit\u202f? Vous b\u00e9n\u00e9ficiez d\u00e9j\u00e0 de l\u2019extension de garantie.<br \/>La d\u00e9sinscription de la Newsletter annule cette prolongation.<\/p>\t\t\t\t\t\t\t\t<\/div>\n\t\t\t\t<\/div>\n\t\t\t\t\t<\/div>\n\t\t\t\t<\/div>\n\t\t\t\t<div class=\"elementor-element elementor-element-b854ceb elementor-widget-divider--view-line elementor-widget elementor-widget-divider\" data-id=\"b854ceb\" data-element_type=\"widget\" data-e-type=\"widget\" data-widget_type=\"divider.default\">\n\t\t\t\t\t\t\t<div class=\"elementor-divider\">\n\t\t\t<span class=\"elementor-divider-separator\">\n\t\t\t\t\t\t<\/span>\n\t\t<\/div>\n\t\t\t\t\t\t<\/div>\n\t\t\t\t<\/div>\n\t\t<div class=\"elementor-element elementor-element-cb0419f e-flex e-con-boxed e-con e-parent\" data-id=\"cb0419f\" data-element_type=\"container\" data-e-type=\"container\">\n\t\t\t\t\t<div class=\"e-con-inner\">\n\t\t\t\t<div class=\"elementor-element elementor-element-4c11a78 elementor-widget elementor-widget-html\" data-id=\"4c11a78\" data-element_type=\"widget\" data-e-type=\"widget\" data-widget_type=\"html.default\">\n\t\t\t\t\t<iframe width=\"540\" height=\"1100\" src=\"https:\/\/a0e9c5f6.sibforms.com\/serve\/MUIFAPreisXnkyD0cutY5MlnC6En2cCULPbGoTkPzuJqShz5mQo48hIArEV2CHOQXjjzwRt2NuQBW4YnGc22CkqTys0-wq_ybi5fMVgcjHPR7wyiRtd5XyW9FrxbV7fy3xJSYBj_XowVUNUysi1ZDxv0PbIxM5vOEf7vEBRz2lgjVRvqQQe6DPhEPJOluiRmYPq7IcQKm_RomEni\" frameborder=\"0\" scrolling=\"no\" allowfullscreen style=\"display: block;margin-left: auto;margin-right: auto;max-width: 100%;\"><\/iframe>\t\t\t\t<\/div>\n\t\t\t\t\t<\/div>\n\t\t\t\t<\/div>\n\t\t<div class=\"elementor-element elementor-element-5e028a0 elementor-hidden-widescreen elementor-hidden-desktop elementor-hidden-laptop elementor-hidden-tablet_extra elementor-hidden-tablet elementor-hidden-mobile_extra elementor-hidden-mobile e-flex e-con-boxed e-con e-parent\" data-id=\"5e028a0\" data-element_type=\"container\" data-e-type=\"container\">\n\t\t\t\t\t<div class=\"e-con-inner\">\n\t\t<div class=\"elementor-element elementor-element-887e46d e-con-full e-flex e-con e-child\" data-id=\"887e46d\" data-element_type=\"container\" data-e-type=\"container\">\n\t\t\t\t<div class=\"elementor-element elementor-element-84a69b5 elementor-widget elementor-widget-html\" data-id=\"84a69b5\" data-element_type=\"widget\" data-e-type=\"widget\" data-widget_type=\"html.default\">\n\t\t\t\t\t<div style=\"text-align: left\" class=\"sender-form-field\" data-sender-form-id=\"dwpqpr\"><\/div>\t\t\t\t<\/div>\n\t\t\t\t<div class=\"elementor-element elementor-element-b643257 elementor-widget elementor-widget-html\" data-id=\"b643257\" data-element_type=\"widget\" data-e-type=\"widget\" data-widget_type=\"html.default\">\n\t\t\t\t\t<script>\r\n  (fonction (s, e, n, d, er) {\r\n    s['Exp\u00e9diteur'] = er;\r\n    s[er] = s[er] || fonction () {\r\n      (s[er].q = s[er].q || []).push(arguments)\r\n    }, s[er].l = 1 * new Date();\r\n    var a = e.createElement(n),\r\n        m = e.getElementsByTagName(n)[0];\r\n    a.async = 1;\r\n    a.src = d;\r\n    m.parentNode.insertBefore(a, m)\r\n  })(window, document, 'script', 'https:\/\/cdn.sender.net\/accounts_resources\/universal.js', 'sender');\r\n  exp\u00e9diteur('3a2fe338522510')\r\n<\/script>\t\t\t\t<\/div>\n\t\t\t\t<\/div>\n\t\t\t\t\t<\/div>\n\t\t\t\t<\/div>\n\t\t<div class=\"elementor-element elementor-element-3fbf3efe e-con-full e-flex e-con e-parent\" data-id=\"3fbf3efe\" data-element_type=\"container\" data-e-type=\"container\">\n\t\t\t\t<div class=\"elementor-element elementor-element-6725a6b elementor-widget elementor-widget-text-editor\" data-id=\"6725a6b\" data-element_type=\"widget\" data-e-type=\"widget\" data-widget_type=\"text-editor.default\">\n\t\t\t\t\t\t\t\t\t<p>1 an d&#8217;extension de garantie : Nos purificateurs sont garantis 2 ans.<\/p><p>Nous vous offrons 1 an d&#8217;extension de garantie sous r\u00e9serve d&#8217;une inscription sur cette liste de diffusion dans l&#8217;ann\u00e9e suivant votre achat.<\/p>\t\t\t\t\t\t\t\t<\/div>\n\t\t\t\t<div class=\"elementor-element elementor-element-66cc0215 elementor-widget-divider--view-line elementor-widget elementor-widget-divider\" data-id=\"66cc0215\" data-element_type=\"widget\" data-e-type=\"widget\" data-widget_type=\"divider.default\">\n\t\t\t\t\t\t\t<div class=\"elementor-divider\">\n\t\t\t<span class=\"elementor-divider-separator\">\n\t\t\t\t\t\t<\/span>\n\t\t<\/div>\n\t\t\t\t\t\t<\/div>\n\t\t\t\t<\/div>\n\t\t\t\t<\/div>\n\t\t","protected":false},"excerpt":{"rendered":"<p>Offrez-vous une eau plus saine et recevez un bonus exclusif Rejoignez la communaut\u00e9LaVie et profitez de : 5\u202f% de r\u00e9duction imm\u00e9diatesur votre premi\u00e8recommande 1 an de garantiesuppl\u00e9mentaire offerte surtous nos purificateurs * 5\u202f% de r\u00e9duction imm\u00e9diatesur votre premi\u00e8recommande 1 an de garantiesuppl\u00e9mentaire offerte surtous nos purificateurs * Renseignez votre adresse e-mail pour activer vos avantages [&hellip;]<\/p>\n","protected":false},"author":21939,"featured_media":0,"parent":0,"menu_order":0,"comment_status":"closed","ping_status":"closed","template":"elementor_header_footer","meta":{"footnotes":""},"class_list":["post-80375","page","type-page","status-publish","hentry"],"_links":{"self":[{"href":"https:\/\/lavie.bio\/de\/wp-json\/wp\/v2\/pages\/80375","targetHints":{"allow":["GET"]}}],"collection":[{"href":"https:\/\/lavie.bio\/de\/wp-json\/wp\/v2\/pages"}],"about":[{"href":"https:\/\/lavie.bio\/de\/wp-json\/wp\/v2\/types\/page"}],"author":[{"embeddable":true,"href":"https:\/\/lavie.bio\/de\/wp-json\/wp\/v2\/users\/21939"}],"replies":[{"embeddable":true,"href":"https:\/\/lavie.bio\/de\/wp-json\/wp\/v2\/comments?post=80375"}],"version-history":[{"count":52,"href":"https:\/\/lavie.bio\/de\/wp-json\/wp\/v2\/pages\/80375\/revisions"}],"predecessor-version":[{"id":84124,"href":"https:\/\/lavie.bio\/de\/wp-json\/wp\/v2\/pages\/80375\/revisions\/84124"}],"wp:attachment":[{"href":"https:\/\/lavie.bio\/de\/wp-json\/wp\/v2\/media?parent=80375"}],"curies":[{"name":"wp","href":"https:\/\/api.w.org\/{rel}","templated":true}]}}