{"id":80255,"date":"2026-01-12T17:24:46","date_gmt":"2026-01-12T16:24:46","guid":{"rendered":"https:\/\/lavie.bio\/?page_id=80255"},"modified":"2026-01-21T19:17:29","modified_gmt":"2026-01-21T18:17:29","slug":"reparatur","status":"publish","type":"page","link":"https:\/\/lavie.bio\/de\/reparation\/","title":{"rendered":"Reparatur"},"content":{"rendered":"<div data-elementor-type=\"wp-page\" data-elementor-id=\"80255\" class=\"elementor elementor-80255\" data-elementor-post-type=\"page\">\n\t\t\t\t<div class=\"elementor-element elementor-element-36bc1e2e e-con-full e-flex e-con e-parent\" data-id=\"36bc1e2e\" data-element_type=\"container\" data-e-type=\"container\" data-settings=\"{&quot;background_background&quot;:&quot;gradient&quot;}\">\n\t\t<div class=\"elementor-element elementor-element-60ae13c6 e-con-full e-flex e-con e-child\" data-id=\"60ae13c6\" data-element_type=\"container\" data-e-type=\"container\" data-settings=\"{&quot;background_background&quot;:&quot;classic&quot;}\">\n\t\t<div class=\"elementor-element elementor-element-fe2662e e-con-full e-flex e-con e-child\" data-id=\"fe2662e\" data-element_type=\"container\" data-e-type=\"container\">\n\t\t\t\t<div class=\"elementor-element elementor-element-6258a7d0 elementor-widget elementor-widget-heading\" data-id=\"6258a7d0\" data-element_type=\"widget\" data-e-type=\"widget\" data-widget_type=\"heading.default\">\n\t\t\t\t\t<h2 class=\"elementor-heading-title elementor-size-default\">Reparatur<\/h2>\t\t\t\t<\/div>\n\t\t\t\t<div class=\"elementor-element elementor-element-28b46651 elementor-widget elementor-widget-text-editor\" data-id=\"28b46651\" data-element_type=\"widget\" data-e-type=\"widget\" data-widget_type=\"text-editor.default\">\n\t\t\t\t\t\t\t\t\t<p>Geben Sie LAVIE erneut<\/p>\t\t\t\t\t\t\t\t<\/div>\n\t\t\t\t<\/div>\n\t\t\t\t<\/div>\n\t\t\t\t<\/div>\n\t\t<div class=\"elementor-element elementor-element-245e09f9 e-con-full e-flex e-con e-parent\" data-id=\"245e09f9\" data-element_type=\"container\" data-e-type=\"container\" data-settings=\"{&quot;background_background&quot;:&quot;classic&quot;}\">\n\t\t<div class=\"elementor-element elementor-element-795f23ec e-con-full e-flex e-con e-child\" data-id=\"795f23ec\" data-element_type=\"container\" data-e-type=\"container\" data-settings=\"{&quot;background_background&quot;:&quot;classic&quot;}\">\n\t\t<div class=\"elementor-element elementor-element-58e08589 e-con-full e-flex e-con e-child\" data-id=\"58e08589\" data-element_type=\"container\" data-e-type=\"container\">\n\t\t\t\t<div class=\"elementor-element elementor-element-66fceb12 elementor-widget elementor-widget-text-editor\" data-id=\"66fceb12\" data-element_type=\"widget\" data-e-type=\"widget\" data-widget_type=\"text-editor.default\">\n\t\t\t\t\t\t\t\t\t<p><span style=\"color: rgba(6, 48, 67, 0.6);\">Produkt <\/span>unter Garantie<\/p>\t\t\t\t\t\t\t\t<\/div>\n\t\t\t\t<\/div>\n\t\t\t\t<div class=\"elementor-element elementor-element-7b96701b elementor-widget elementor-widget-text-editor\" data-id=\"7b96701b\" data-element_type=\"widget\" data-e-type=\"widget\" data-widget_type=\"text-editor.default\">\n\t\t\t\t\t\t\t\t\t<p>Die Reparatur wird \u00fcbernommen in <strong>unsere Kosten w\u00e4hrend der zweij\u00e4hrigen Garantiezeit<\/strong>, Dies gilt nicht, wenn das Produkt unsachgem\u00e4\u00df verwendet wurde.\u00a0<\/p><p>Wenn Ihr Produkt nach der Diagnose nicht repariert werden kann, senden wir Ihnen kostenlos ein general\u00fcberholtes Modell zu.<\/p><p>Danke von <strong>den Kundenservice unter contact@lavie.bio kontaktieren, um Ihr Produkt im Rahmen der Garantie reparieren zu lassen<\/strong>.<\/p>\t\t\t\t\t\t\t\t<\/div>\n\t\t\t\t<\/div>\n\t\t<div class=\"elementor-element elementor-element-2e35f229 e-con-full e-flex e-con e-child\" data-id=\"2e35f229\" data-element_type=\"container\" data-e-type=\"container\" data-settings=\"{&quot;background_background&quot;:&quot;classic&quot;}\">\n\t\t<div class=\"elementor-element elementor-element-2e97e498 e-con-full e-flex e-con e-child\" data-id=\"2e97e498\" data-element_type=\"container\" data-e-type=\"container\">\n\t\t\t\t<div class=\"elementor-element elementor-element-6bbb44f3 elementor-widget-tablet__width-initial elementor-widget elementor-widget-text-editor\" data-id=\"6bbb44f3\" data-element_type=\"widget\" data-e-type=\"widget\" data-widget_type=\"text-editor.default\">\n\t\t\t\t\t\t\t\t\t<p><span style=\"color: rgba(6, 48, 67, 0.6);\">Produkt <\/span>au\u00dferhalb der Garantie<\/p>\t\t\t\t\t\t\t\t<\/div>\n\t\t\t\t<\/div>\n\t\t\t\t<div class=\"elementor-element elementor-element-674637af elementor-widget elementor-widget-text-editor\" data-id=\"674637af\" data-element_type=\"widget\" data-e-type=\"widget\" data-widget_type=\"text-editor.default\">\n\t\t\t\t\t\t\t\t\t<p>Wenn Ihre zweij\u00e4hrige Garantie abgelaufen ist, k\u00f6nnen Sie sich f\u00fcr unsere\u00a0<strong data-start=\"178\" data-end=\"200\">Reparaturpauschale unten<\/strong><span style=\"font-weight: normal;\" data-start=\"178\" data-end=\"200\">.<\/span><\/p><p data-start=\"336\" data-end=\"447\">Nach der Bezahlung senden Sie Ihr Ger\u00e4t <strong data-start=\"376\" data-end=\"394\">ohne Flasche<\/strong>, Die Datei wird zusammen mit dem Netzteil an die folgende Adresse geschickt:<\/p><p data-start=\"449\" data-end=\"506\"><strong data-start=\"449\" data-end=\"464\">SOLABLE SAS<\/strong><br data-start=\"464\" data-end=\"467\" \/>8 avenue Fernand Julien<br data-start=\"490\" data-end=\"493\" \/>13410 LAMBESC<\/p><p data-start=\"626\" data-end=\"832\">Bitte hinzuf\u00fcgen <strong data-start=\"642\" data-end=\"696\">Ihre Postanschrift und eine Telefonnummer<\/strong> im Paket.<\/p><p data-start=\"626\" data-end=\"832\">Bitte auch an <strong data-start=\"734\" data-end=\"769\">das Netzteil sch\u00fctzen<\/strong> damit er nicht die internen LEDs ber\u00fchrt (Gefahr der Besch\u00e4digung).<\/p>\t\t\t\t\t\t\t\t<\/div>\n\t\t\t\t<\/div>\n\t\t\t\t<\/div>\n\t\t<div class=\"elementor-element elementor-element-34fcf835 e-flex e-con-boxed e-con e-parent\" data-id=\"34fcf835\" data-element_type=\"container\" data-e-type=\"container\" data-settings=\"{&quot;background_background&quot;:&quot;classic&quot;}\">\n\t\t\t\t\t<div class=\"e-con-inner\">\n\t\t\t\t<div class=\"elementor-element elementor-element-a445afd elementor-widget elementor-widget-heading\" data-id=\"a445afd\" data-element_type=\"widget\" data-e-type=\"widget\" data-widget_type=\"heading.default\">\n\t\t\t\t\t<h2 class=\"elementor-heading-title elementor-size-default\">Reparaturpauschalen nach der Garantie :<\/h2>\t\t\t\t<\/div>\n\t\t\t\t\t<\/div>\n\t\t\t\t<\/div>\n\t\t<div class=\"elementor-element elementor-element-67cc9991 e-con-full e-flex e-con e-parent\" data-id=\"67cc9991\" data-element_type=\"container\" data-e-type=\"container\" data-settings=\"{&quot;background_background&quot;:&quot;gradient&quot;}\">\n\t\t\t\t<div class=\"elementor-element elementor-element-77b764d elementor-widget elementor-widget-lavie_product_grid\" data-id=\"77b764d\" data-element_type=\"widget\" data-e-type=\"widget\" data-settings=\"{&quot;columns&quot;:4,&quot;columns_tablet&quot;:2,&quot;columns_mobile&quot;:1,&quot;mobile_scroll_type&quot;:&quot;horizontal&quot;,&quot;mobile_gallery_enabled&quot;:&quot;yes&quot;,&quot;mobile_arrows_enabled&quot;:&quot;yes&quot;,&quot;animation_stagger&quot;:50}\" data-widget_type=\"lavie_product_grid.default\">\n\t\t\t\t<div class=\"elementor-widget-container\">\n\t\t\t\t\t<div class=\"lavie-product-grid-scroll\" data-mobile-scroll=\"horizontal\"><button class=\"lavie-mobile-scroll-arrow lavie-mobile-scroll-arrow-prev\" aria-label=\"Scroll left\"><svg aria-hidden=\"true\" class=\"e-font-icon-svg e-fas-chevron-left\" viewbox=\"0 0 320 512\" xmlns=\"http:\/\/www.w3.org\/2000\/svg\"><path d=\"M34.52 239.03L228.87 44.69c9.37-9.37 24.57-9.37 33.94 0l22.67 22.67c9.36 9.36 9.37 24.52.04 33.9L131.49 256l154.02 154.75c9.34 9.38 9.32 24.54-.04 33.9l-22.67 22.67c-9.37 9.37-24.57 9.37-33.94 0L34.52 272.97c-9.37-9.37-9.37-24.57 0-33.94z\"><\/path><\/svg><\/button><button class=\"lavie-mobile-scroll-arrow lavie-mobile-scroll-arrow-next\" aria-label=\"Scroll rechts\"><svg aria-hidden=\"true\" class=\"e-font-icon-svg e-fas-chevron-right\" viewbox=\"0 0 320 512\" xmlns=\"http:\/\/www.w3.org\/2000\/svg\"><path d=\"M285.476 272.971L91.132 467.314c-9.373 9.373-24.569 9.373-33.941 0l-22.667-22.667c-9.357-9.357-9.375-24.522-.04-33.901L188.505 256 34.484 101.255c-9.335-9.379-9.317-24.544.04-33.901l22.667-22.667c9.373-9.373 24.569-9.373 33.941 0L285.475 239.03c9.373 9.372 9.373 24.568.001 33.941z\"><\/path><\/svg><\/button><div class=\"lavie-product-grid-wrapper\" data-orderby=\"date\" data-order=\"DESC\" data-exclude=\"3436\" data-max=\"10\" data-animation=\"\" data-animation-duration=\"0\" data-animation-stagger=\"50\" data-enable-slider=\"yes\" data-slider-settings=\"{&quot;prev_icon&quot;:{&quot;value&quot;:&quot;fas fa-chevron-left&quot;,&quot;library&quot;:&quot;fa-solid&quot;},&quot;next_icon&quot;:{&quot;value&quot;:&quot;fas fa-chevron-right&quot;,&quot;library&quot;:&quot;fa-solid&quot;}}\" data-mobile-scroll=\"horizontal\" data-mobile-gallery=\"yes\"><div class=\"lavie-product-card lavie-has-rating\"><div class=\"lavie-product-image-wrapper\"><a href=\"https:\/\/lavie.bio\/de\/boutique\/produit\/reparation-lavie-pure-ou-premium\/\"><img fetchpriority=\"high\" decoding=\"async\" width=\"300\" height=\"300\" src=\"https:\/\/lavie.bio\/wp-content\/uploads\/reparation.jpg\" class=\"attachment-large size-large wp-post-image\" alt=\"reparatur wasserreiniger LAVIE\" \/><\/a><\/div><div class=\"lavie-product-details lavie-has-rating\"><h3 class=\"lavie-product-title\"><a href=\"https:\/\/lavie.bio\/de\/boutique\/produit\/reparation-lavie-pure-ou-premium\/\">REPARATUR LAVIE PURE \/ PREMIUM<\/a><\/h3><div class=\"lavie-product-description\">Fehlerdiagnose und Reparatur Falls n\u00f6tig, Upgrade Ihres Produkts R\u00fccksendung des reparierten Produkts auf unsere Kosten<\/div><div class=\"lavie-product-rating\" data-product=\"81199\" style=\"display:flex;align-items:center;gap:8px;\"><span class=\"lavie-rating-icon\" aria-hidden=\"true\" style=\"display:inline-flex;transform:translateY(-1px);\"><svg width=\"19\" height=\"19\" viewbox=\"0 0 19 19\" fill=\"none\" xmlns=\"http:\/\/www.w3.org\/2000\/svg\"><path d=\"M8.47969 1.55501C8.84739 0.814951 9.9031 0.814953 10.2708 1.55501L12.0935 5.22353C12.2391 5.51659 12.5189 5.71987 12.8426 5.76779L16.8948 6.36766C17.7123 6.48867 18.0385 7.49271 17.4483 8.0711L14.5226 10.9382C14.2889 11.1673 14.182 11.4962 14.2365 11.8189L14.9182 15.8581C15.0557 16.673 14.2016 17.2935 13.4691 16.9109L9.83822 15.0144C9.54816 14.8629 9.20233 14.8629 8.91227 15.0144L5.28136 16.9109C4.54889 17.2935 3.69481 16.673 3.83233 15.8581L4.51402 11.8189C4.56848 11.4962 4.46161 11.1673 4.22788 10.9382L1.30216 8.0711C0.711955 7.49271 1.03819 6.48867 1.85565 6.36766L5.90787 5.76779C6.23158 5.71987 6.51137 5.51659 6.65698 5.22353L8.47969 1.55501Z\" fill=\"#f5d700\" stroke=\"#E6AB00\" stroke-width=\"2\" stroke-linecap=\"round\" stroke-linejoin=\"round\" \/><\/svg><\/span><span class=\"lavie-rating-text\" style=\"display:inline-block;width:116px;height:20px;font-family:'Nunito',sans-serif;font-style:normal;font-weight:700;font-size:16px;line-height:20px;color:#05124D;opacity:0.6;\">5,0\/5 (50 Meinungen)<\/span><\/div><div class=\"lavie-product-price\"><span class=\"woocommerce-Price-amount amount\">60,00&nbsp;<span class=\"woocommerce-Price-currencySymbol\">\u20ac<\/span><\/span><\/div><\/div><\/div><div class=\"lavie-product-card lavie-has-rating\"><div class=\"lavie-product-image-wrapper\"><a href=\"https:\/\/lavie.bio\/de\/boutique\/produit\/reparation-lavie-2go\/\"><img fetchpriority=\"high\" decoding=\"async\" width=\"300\" height=\"300\" src=\"https:\/\/lavie.bio\/wp-content\/uploads\/reparation.jpg\" class=\"attachment-large size-large wp-post-image\" alt=\"reparatur wasserreiniger LAVIE\" \/><\/a><\/div><div class=\"lavie-product-details lavie-has-rating\"><h3 class=\"lavie-product-title\"><a href=\"https:\/\/lavie.bio\/de\/boutique\/produit\/reparation-lavie-2go\/\">REPARATUR LAVIE 2GO<\/a><\/h3><div class=\"lavie-product-description\">Fehlerdiagnose und Reparatur Falls n\u00f6tig, Upgrade Ihres Produkts R\u00fccksendung des reparierten Produkts auf unsere Kosten<\/div><div class=\"lavie-product-rating\" data-product=\"81201\" style=\"display:flex;align-items:center;gap:8px;\"><span class=\"lavie-rating-icon\" aria-hidden=\"true\" style=\"display:inline-flex;transform:translateY(-1px);\"><svg width=\"19\" height=\"19\" viewbox=\"0 0 19 19\" fill=\"none\" xmlns=\"http:\/\/www.w3.org\/2000\/svg\"><path d=\"M8.47969 1.55501C8.84739 0.814951 9.9031 0.814953 10.2708 1.55501L12.0935 5.22353C12.2391 5.51659 12.5189 5.71987 12.8426 5.76779L16.8948 6.36766C17.7123 6.48867 18.0385 7.49271 17.4483 8.0711L14.5226 10.9382C14.2889 11.1673 14.182 11.4962 14.2365 11.8189L14.9182 15.8581C15.0557 16.673 14.2016 17.2935 13.4691 16.9109L9.83822 15.0144C9.54816 14.8629 9.20233 14.8629 8.91227 15.0144L5.28136 16.9109C4.54889 17.2935 3.69481 16.673 3.83233 15.8581L4.51402 11.8189C4.56848 11.4962 4.46161 11.1673 4.22788 10.9382L1.30216 8.0711C0.711955 7.49271 1.03819 6.48867 1.85565 6.36766L5.90787 5.76779C6.23158 5.71987 6.51137 5.51659 6.65698 5.22353L8.47969 1.55501Z\" fill=\"#f5d700\" stroke=\"#E6AB00\" stroke-width=\"2\" stroke-linecap=\"round\" stroke-linejoin=\"round\" \/><\/svg><\/span><span class=\"lavie-rating-text\" style=\"display:inline-block;width:116px;height:20px;font-family:'Nunito',sans-serif;font-style:normal;font-weight:700;font-size:16px;line-height:20px;color:#05124D;opacity:0.6;\">5,0\/5 (11 Meinungen)<\/span><\/div><div class=\"lavie-product-price\"><span class=\"woocommerce-Price-amount amount\">30,00&nbsp;<span class=\"woocommerce-Price-currencySymbol\">\u20ac<\/span><\/span><\/div><\/div><\/div><div class=\"lavie-product-card lavie-no-rating\"><div class=\"lavie-product-image-wrapper\"><a href=\"https:\/\/lavie.bio\/de\/boutique\/produit\/reparation-lafontaine\/\"><img fetchpriority=\"high\" decoding=\"async\" width=\"300\" height=\"300\" src=\"https:\/\/lavie.bio\/wp-content\/uploads\/reparation.jpg\" class=\"attachment-large size-large wp-post-image\" alt=\"reparatur wasserreiniger LAVIE\" \/><\/a><\/div><div class=\"lavie-product-details lavie-no-rating\"><h3 class=\"lavie-product-title\"><a href=\"https:\/\/lavie.bio\/de\/boutique\/produit\/reparation-lafontaine\/\">REPARATUR LAFONTAINE<\/a><\/h3><div class=\"lavie-product-description\">Fehlerdiagnose und Reparatur Falls n\u00f6tig, Upgrade Ihres Produkts R\u00fccksendung des reparierten Produkts auf unsere Kosten<\/div><div class=\"lavie-product-price\"><span class=\"woocommerce-Price-amount amount\">149,00&nbsp;<span class=\"woocommerce-Price-currencySymbol\">\u20ac<\/span><\/span><\/div><\/div><\/div><\/div><\/div>\t\t\t\t<\/div>\n\t\t\t\t<\/div>\n\t\t\t\t<\/div>\n\t\t\t\t<\/div>","protected":false},"excerpt":{"rendered":"<p>R\u00e9paration Donnez LAVIE \u00e0 nouveau Produit sous garantie La r\u00e9paration est prise en charge \u00e0 nos frais pendant les 2 ans de garantie, sauf en cas d\u2019utilisation non conforme du produit.\u00a0 Apr\u00e8s diagnostic, si votre produit ne peut pas \u00eatre r\u00e9par\u00e9, nous vous envoyons gratuitement un mod\u00e8le reconditionn\u00e9. Merci de contacter le service client \u00e0 [&hellip;]<\/p>\n","protected":false},"author":21939,"featured_media":0,"parent":0,"menu_order":0,"comment_status":"closed","ping_status":"closed","template":"elementor_header_footer","meta":{"footnotes":""},"class_list":["post-80255","page","type-page","status-publish","hentry"],"_links":{"self":[{"href":"https:\/\/lavie.bio\/de\/wp-json\/wp\/v2\/pages\/80255","targetHints":{"allow":["GET"]}}],"collection":[{"href":"https:\/\/lavie.bio\/de\/wp-json\/wp\/v2\/pages"}],"about":[{"href":"https:\/\/lavie.bio\/de\/wp-json\/wp\/v2\/types\/page"}],"author":[{"embeddable":true,"href":"https:\/\/lavie.bio\/de\/wp-json\/wp\/v2\/users\/21939"}],"replies":[{"embeddable":true,"href":"https:\/\/lavie.bio\/de\/wp-json\/wp\/v2\/comments?post=80255"}],"version-history":[{"count":32,"href":"https:\/\/lavie.bio\/de\/wp-json\/wp\/v2\/pages\/80255\/revisions"}],"predecessor-version":[{"id":81344,"href":"https:\/\/lavie.bio\/de\/wp-json\/wp\/v2\/pages\/80255\/revisions\/81344"}],"wp:attachment":[{"href":"https:\/\/lavie.bio\/de\/wp-json\/wp\/v2\/media?parent=80255"}],"curies":[{"name":"wp","href":"https:\/\/api.w.org\/{rel}","templated":true}]}}