{"id":56301,"date":"2024-08-27T16:32:11","date_gmt":"2024-08-27T14:32:11","guid":{"rendered":"https:\/\/lavie.bio\/?page_id=56301"},"modified":"2026-02-25T07:39:29","modified_gmt":"2026-02-25T06:39:29","slug":"studie-wasserreiniger-lavie-chloredecone","status":"publish","type":"page","link":"https:\/\/lavie.bio\/de\/notre-technologie\/tests-scientifiques\/etude-purificateur-d-eau-lavie-chloredecone\/","title":{"rendered":"Wirksamkeit des LAVIE Wasserreinigers auf Chlorecone"},"content":{"rendered":"<div data-elementor-type=\"wp-page\" data-elementor-id=\"56301\" class=\"elementor elementor-56301\" data-elementor-post-type=\"page\">\n\t\t\t\t<div class=\"elementor-element elementor-element-25dd66f e-flex e-con-boxed e-con e-parent\" data-id=\"25dd66f\" data-element_type=\"container\" data-e-type=\"container\">\n\t\t\t\t\t<div class=\"e-con-inner\">\n\t\t\t\t<div class=\"elementor-element elementor-element-0d4bd9d elementor-widget elementor-widget-spacer\" data-id=\"0d4bd9d\" data-element_type=\"widget\" data-e-type=\"widget\" data-widget_type=\"spacer.default\">\n\t\t\t\t\t\t\t<div class=\"elementor-spacer\">\n\t\t\t<div class=\"elementor-spacer-inner\"><\/div>\n\t\t<\/div>\n\t\t\t\t\t\t<\/div>\n\t\t\t\t<div class=\"elementor-element elementor-element-ef24193 elementor-widget elementor-widget-heading\" data-id=\"ef24193\" data-element_type=\"widget\" data-e-type=\"widget\" data-widget_type=\"heading.default\">\n\t\t\t\t\t<h1 class=\"elementor-heading-title elementor-size-default\">Wirksamkeit des LAVIE Wasserreinigers auf Chlorecone<\/h1>\t\t\t\t<\/div>\n\t\t\t\t\t<\/div>\n\t\t\t\t<\/div>\n\t\t<div class=\"elementor-element elementor-element-3566f1f e-flex e-con-boxed e-con e-parent\" data-id=\"3566f1f\" data-element_type=\"container\" data-e-type=\"container\">\n\t\t\t\t\t<div class=\"e-con-inner\">\n\t\t<div class=\"elementor-element elementor-element-489e7eb e-con-full e-flex e-con e-child\" data-id=\"489e7eb\" data-element_type=\"container\" data-e-type=\"container\">\n\t\t\t\t<div class=\"elementor-element elementor-element-333b5c9 elementor-invisible elementor-widget elementor-widget-image\" data-id=\"333b5c9\" data-element_type=\"widget\" data-e-type=\"widget\" data-settings=\"{&quot;_animation&quot;:&quot;fadeInLeft&quot;}\" data-widget_type=\"image.default\">\n\t\t\t\t\t\t\t\t\t\t\t\t\t\t\t<img decoding=\"async\" src=\"https:\/\/lavie.bio\/wp-content\/uploads\/logo-aix-marseille-universite.svg\" class=\"attachment-large size-large wp-image-2998\" alt=\"Logo Aix Marseille Universit\u00e4t\" \/>\t\t\t\t\t\t\t\t\t\t\t\t\t\t\t<\/div>\n\t\t\t\t<\/div>\n\t\t<div class=\"elementor-element elementor-element-7e41f40 e-con-full e-flex e-con e-child\" data-id=\"7e41f40\" data-element_type=\"container\" data-e-type=\"container\">\n\t\t\t\t<div class=\"elementor-element elementor-element-e385bb5 elementor-widget elementor-widget-image\" data-id=\"e385bb5\" data-element_type=\"widget\" data-e-type=\"widget\" data-widget_type=\"image.default\">\n\t\t\t\t\t\t\t\t\t\t\t\t\t\t\t<img fetchpriority=\"high\" decoding=\"async\" width=\"300\" height=\"168\" src=\"https:\/\/lavie.bio\/wp-content\/uploads\/CNRS-etude-purification-d-eau.jpg\" class=\"attachment-large size-large wp-image-52082\" alt=\"CNRS Studie Wasserreinigung\" srcset=\"https:\/\/lavie.bio\/wp-content\/uploads\/CNRS-etude-purification-d-eau.jpg 300w, https:\/\/lavie.bio\/wp-content\/uploads\/CNRS-etude-purification-d-eau-18x10.jpg 18w\" sizes=\"(max-width: 300px) 100vw, 300px\" \/>\t\t\t\t\t\t\t\t\t\t\t\t\t\t\t<\/div>\n\t\t\t\t<\/div>\n\t\t<div class=\"elementor-element elementor-element-3965cb4 e-con-full e-flex e-con e-child\" data-id=\"3965cb4\" data-element_type=\"container\" data-e-type=\"container\">\n\t\t\t\t<div class=\"elementor-element elementor-element-503f411 elementor-widget elementor-widget-text-editor\" data-id=\"503f411\" data-element_type=\"widget\" data-e-type=\"widget\" data-widget_type=\"text-editor.default\">\n\t\t\t\t\t\t\t\t\tDieser wissenschaftliche Bericht enth\u00e4lt eine detaillierte Analyse der Leistung des LAVIE-Wasserreinigungssystems, insbesondere in Bezug auf den Abbau des chlororganischen Pestizids Chlordecon. Hier ist eine Zusammenfassung der wichtigsten Punkte des Berichts (hier auf Englisch :\u00a0<a href=\"https:\/\/lavie.bio\/wp-content\/fichiers\/rapport-solable-12-avril.pdf\" target=\"_blank\" rel=\"noopener\">The purification performance of LAVIE system on the degradation of chlordecone<\/a>\n)\t\t\t\t\t\t\t\t<\/div>\n\t\t\t\t<\/div>\n\t\t\t\t\t<\/div>\n\t\t\t\t<\/div>\n\t\t<div class=\"elementor-element elementor-element-982a6c5 e-flex e-con-boxed e-con e-parent\" data-id=\"982a6c5\" data-element_type=\"container\" data-e-type=\"container\">\n\t\t\t\t\t<div class=\"e-con-inner\">\n\t\t\t\t<div class=\"elementor-element elementor-element-9e0a33c elementor-widget elementor-widget-heading\" data-id=\"9e0a33c\" data-element_type=\"widget\" data-e-type=\"widget\" data-widget_type=\"heading.default\">\n\t\t\t\t\t<h2 class=\"elementor-heading-title elementor-size-default\">Einleitung und Ziele<\/h2>\t\t\t\t<\/div>\n\t\t\t\t<div class=\"elementor-element elementor-element-737766e elementor-widget elementor-widget-text-editor\" data-id=\"737766e\" data-element_type=\"widget\" data-e-type=\"widget\" data-widget_type=\"text-editor.default\">\n\t\t\t\t\t\t\t\t\t<ul><li><strong>Problemstellung :<\/strong> Die Qualit\u00e4t des Leitungswassers ist ein wichtiges Anliegen. Das LAVIE-System soll reines, qualitativ hochwertiges Wasser liefern, indem es organische Verunreinigungen entfernt und das Wasser desinfiziert.<\/li><li><strong>Ziele:<\/strong> Demonstrieren Sie die Wirksamkeit des LAVIE-Systems bei der Entfernung von Chlordecon* in verschiedenen Konzentrationen.<\/li><\/ul>\t\t\t\t\t\t\t\t<\/div>\n\t\t\t\t<div class=\"elementor-element elementor-element-ab994e8 elementor-widget elementor-widget-heading\" data-id=\"ab994e8\" data-element_type=\"widget\" data-e-type=\"widget\" data-widget_type=\"heading.default\">\n\t\t\t\t\t<h2 class=\"elementor-heading-title elementor-size-default\">Materielle und analytische Methoden<\/h2>\t\t\t\t<\/div>\n\t\t\t\t<div class=\"elementor-element elementor-element-df38340 elementor-widget elementor-widget-text-editor\" data-id=\"df38340\" data-element_type=\"widget\" data-e-type=\"widget\" data-widget_type=\"text-editor.default\">\n\t\t\t\t\t\t\t\t\t<ul><li><strong>Produkte und Reagenzien :<\/strong> Verwendung von reinem Chlordecon mit 99% und Javelwasser (aktives Chlor mit 3,6%).<\/li><li><strong>Zubereitung der L\u00f6sungen :<\/strong> L\u00f6sungen, die mit Leitungswasser hergestellt und bei 4\u00b0C gelagert werden.<\/li><li><strong>Reinigungssystem :<\/strong> Es wurden zwei LAVIE-Systeme verwendet, die jeweils mit zehn UV-A-LEDs und einer 1-L-Glasflasche ausgestattet waren, mit einer Belichtungszeit von 15 und 30 Minuten.<\/li><li><strong>Analytische Methoden :<\/strong> Messung des freien Chlors mit einem Photometer und Analyse der Chlordecon-Konzentration durch LC-MS.<\/li><\/ul>\t\t\t\t\t\t\t\t<\/div>\n\t\t\t\t<div class=\"elementor-element elementor-element-7ba2e21 elementor-widget elementor-widget-heading\" data-id=\"7ba2e21\" data-element_type=\"widget\" data-e-type=\"widget\" data-widget_type=\"heading.default\">\n\t\t\t\t\t<h2 class=\"elementor-heading-title elementor-size-default\">Ergebnisse<\/h2>\t\t\t\t<\/div>\n\t\t\t\t<div class=\"elementor-element elementor-element-835c5a4 elementor-widget elementor-widget-heading\" data-id=\"835c5a4\" data-element_type=\"widget\" data-e-type=\"widget\" data-widget_type=\"heading.default\">\n\t\t\t\t\t<h3 class=\"elementor-heading-title elementor-size-default\">1. Experimente mit hoher Chlordecon-Konzentration :<\/h3>\t\t\t\t<\/div>\n\t\t\t\t<div class=\"elementor-element elementor-element-e7a4303 elementor-widget elementor-widget-text-editor\" data-id=\"e7a4303\" data-element_type=\"widget\" data-e-type=\"widget\" data-widget_type=\"text-editor.default\">\n\t\t\t\t\t\t\t\t\t<ul><li>Experimente haben einen signifikanten Abbau von Chlordecon unter UV-A-Bestrahlung gezeigt.<\/li><li>Freies Chlor spielt beim Abbau eine wichtige Rolle, wobei Abbauraten von bis zu 49% erreicht werden.<\/li><li>Ohne Zugabe von Bleichmittel bleibt die Verschlechterung aufgrund des bereits im Leitungswasser vorhandenen Chlors signifikant.<\/li><\/ul>\t\t\t\t\t\t\t\t<\/div>\n\t\t\t\t<div class=\"elementor-element elementor-element-fc46b93 elementor-widget elementor-widget-heading\" data-id=\"fc46b93\" data-element_type=\"widget\" data-e-type=\"widget\" data-widget_type=\"heading.default\">\n\t\t\t\t\t<h3 class=\"elementor-heading-title elementor-size-default\">2. Experimente mit niedriger Chlordecon-Konzentration :<\/h3>\t\t\t\t<\/div>\n\t\t\t\t<div class=\"elementor-element elementor-element-41c176b elementor-widget elementor-widget-text-editor\" data-id=\"41c176b\" data-element_type=\"widget\" data-e-type=\"widget\" data-widget_type=\"text-editor.default\">\n\t\t\t\t\t\t\t\t\t<ul><li>Bei niedrigeren Konzentrationen f\u00fchrt die direkte Photolyse zu einem Abbau von 15%.<\/li><li>Mit der Zugabe von freiem Chlor erreicht der Abbau 31%, was die kombinierte Wirksamkeit der Photolyse und der chlorinduzierten chemischen Reaktionen zeigt.<\/li><\/ul>\t\t\t\t\t\t\t\t<\/div>\n\t\t\t\t<div class=\"elementor-element elementor-element-15f6f95 elementor-widget elementor-widget-heading\" data-id=\"15f6f95\" data-element_type=\"widget\" data-e-type=\"widget\" data-widget_type=\"heading.default\">\n\t\t\t\t\t<h3 class=\"elementor-heading-title elementor-size-default\">Schlussfolgerung<\/h3>\t\t\t\t<\/div>\n\t\t\t\t<div class=\"elementor-element elementor-element-44ac5e2 elementor-widget elementor-widget-text-editor\" data-id=\"44ac5e2\" data-element_type=\"widget\" data-e-type=\"widget\" data-widget_type=\"text-editor.default\">\n\t\t\t\t\t\t\t\t\t<ul><li><strong>Effektivit\u00e4t des LAVIE-Systems<\/strong> : Die UV-A-Technologie von LAVIE ist wirksam beim Abbau von Chlordecon, mit Abbauraten von bis zu 49% je nach Versuchsbedingungen.<\/li><li><strong>Mechanismus des Abbaus<\/strong> : Der Abbau erfolgt durch direkte Photolyse und durch chemische Reaktionen, die durch freies Chlor induziert werden.<\/li><li><strong>Bedeutung der Versuchsbedingungen<\/strong> : Das Vorhandensein von freiem Chlor im Leitungswasser ist entscheidend, um die Wirksamkeit des Systems zu maximieren.<\/li><\/ul>\t\t\t\t\t\t\t\t<\/div>\n\t\t\t\t<div class=\"elementor-element elementor-element-0c0124b elementor-widget elementor-widget-text-editor\" data-id=\"0c0124b\" data-element_type=\"widget\" data-e-type=\"widget\" data-widget_type=\"text-editor.default\">\n\t\t\t\t\t\t\t\t\tDieser Bericht zeigt, dass das LAVIE-Reinigungssystem eine leistungsstarke L\u00f6sung zur Entfernung organischer Verunreinigungen aus dem Wasser ist und somit qualitativ hochwertiges Wasser f\u00fcr den menschlichen Verzehr bietet.\t\t\t\t\t\t\t\t<\/div>\n\t\t\t\t<div class=\"elementor-element elementor-element-f7f9997 elementor-widget elementor-widget-heading\" data-id=\"f7f9997\" data-element_type=\"widget\" data-e-type=\"widget\" data-widget_type=\"heading.default\">\n\t\t\t\t\t<h2 class=\"elementor-heading-title elementor-size-default\">Fragen \/ Antworten<\/h2>\t\t\t\t<\/div>\n\t\t\t\t<div class=\"elementor-element elementor-element-bd01de8 elementor-widget__width-inherit elementor-widget elementor-widget-toggle\" data-id=\"bd01de8\" data-element_type=\"widget\" data-e-type=\"widget\" data-widget_type=\"toggle.default\">\n\t\t\t\t\t\t\t<div class=\"elementor-toggle\">\n\t\t\t\t\t\t\t<div class=\"elementor-toggle-item\">\n\t\t\t\t\t<h3 id=\"elementor-tab-title-1981\" class=\"elementor-tab-title\" data-tab=\"1\" role=\"button\" aria-controls=\"elementor-tab-content-1981\" aria-expanded=\"false\">\n\t\t\t\t\t\t\t\t\t\t\t\t<span class=\"elementor-toggle-icon elementor-toggle-icon-right\" aria-hidden=\"true\">\n\t\t\t\t\t\t\t\t\t\t\t\t\t\t\t<span class=\"elementor-toggle-icon-closed\"><svg class=\"e-font-icon-svg e-fas-angle-down\" viewbox=\"0 0 320 512\" xmlns=\"http:\/\/www.w3.org\/2000\/svg\"><path d=\"M143 352.3L7 216.3c-9.4-9.4-9.4-24.6 0-33.9l22.6-22.6c9.4-9.4 24.6-9.4 33.9 0l96.4 96.4 96.4-96.4c9.4-9.4 24.6-9.4 33.9 0l22.6 22.6c9.4 9.4 9.4 24.6 0 33.9l-136 136c-9.2 9.4-24.4 9.4-33.8 0z\"><\/path><\/svg><\/span>\n\t\t\t\t\t\t\t\t<span class=\"elementor-toggle-icon-opened\"><svg class=\"elementor-toggle-icon-opened e-font-icon-svg e-fas-angle-up\" viewbox=\"0 0 320 512\" xmlns=\"http:\/\/www.w3.org\/2000\/svg\"><path d=\"M177 159.7l136 136c9.4 9.4 9.4 24.6 0 33.9l-22.6 22.6c-9.4 9.4-24.6 9.4-33.9 0L160 255.9l-96.4 96.4c-9.4 9.4-24.6 9.4-33.9 0L7 329.7c-9.4-9.4-9.4-24.6 0-33.9l136-136c9.4-9.5 24.6-9.5 34-.1z\"><\/path><\/svg><\/span>\n\t\t\t\t\t\t\t\t\t\t\t\t\t<\/span>\n\t\t\t\t\t\t\t\t\t\t\t\t<a class=\"elementor-toggle-title\" tabindex=\"0\">Was ist Chlorecone?<\/a>\n\t\t\t\t\t<\/h3>\n\n\t\t\t\t\t<div id=\"elementor-tab-content-1981\" class=\"elementor-tab-content elementor-clearfix\" data-tab=\"1\" role=\"region\" aria-labelledby=\"elementor-tab-title-1981\"><p>Chlordecon ist ein chlororganisches Pestizid, das vor allem auf Bananenplantagen zur Bek\u00e4mpfung des Bananenr\u00fcsselk\u00e4fers eingesetzt wurde. Es ist extrem umweltbest\u00e4ndig und hat vor allem in Martinique und Guadeloupe B\u00f6den und Gew\u00e4sser kontaminiert. Es wird als wahrscheinlich krebserregend eingestuft und verursacht neurologische und endokrine St\u00f6rungen. Seine Verwendung wurde 1993 in Frankreich verboten, und es werden Anstrengungen unternommen, um die Kontamination in den betroffenen Gebieten in den Griff zu bekommen und die \u00f6ffentliche Gesundheit zu sch\u00fctzen.<\/p><\/div>\n\t\t\t\t<\/div>\n\t\t\t\t\t\t\t<div class=\"elementor-toggle-item\">\n\t\t\t\t\t<h3 id=\"elementor-tab-title-1982\" class=\"elementor-tab-title\" data-tab=\"2\" role=\"button\" aria-controls=\"elementor-tab-content-1982\" aria-expanded=\"false\">\n\t\t\t\t\t\t\t\t\t\t\t\t<span class=\"elementor-toggle-icon elementor-toggle-icon-right\" aria-hidden=\"true\">\n\t\t\t\t\t\t\t\t\t\t\t\t\t\t\t<span class=\"elementor-toggle-icon-closed\"><svg class=\"e-font-icon-svg e-fas-angle-down\" viewbox=\"0 0 320 512\" xmlns=\"http:\/\/www.w3.org\/2000\/svg\"><path d=\"M143 352.3L7 216.3c-9.4-9.4-9.4-24.6 0-33.9l22.6-22.6c9.4-9.4 24.6-9.4 33.9 0l96.4 96.4 96.4-96.4c9.4-9.4 24.6-9.4 33.9 0l22.6 22.6c9.4 9.4 9.4 24.6 0 33.9l-136 136c-9.2 9.4-24.4 9.4-33.8 0z\"><\/path><\/svg><\/span>\n\t\t\t\t\t\t\t\t<span class=\"elementor-toggle-icon-opened\"><svg class=\"elementor-toggle-icon-opened e-font-icon-svg e-fas-angle-up\" viewbox=\"0 0 320 512\" xmlns=\"http:\/\/www.w3.org\/2000\/svg\"><path d=\"M177 159.7l136 136c9.4 9.4 9.4 24.6 0 33.9l-22.6 22.6c-9.4 9.4-24.6 9.4-33.9 0L160 255.9l-96.4 96.4c-9.4 9.4-24.6 9.4-33.9 0L7 329.7c-9.4-9.4-9.4-24.6 0-33.9l136-136c9.4-9.5 24.6-9.5 34-.1z\"><\/path><\/svg><\/span>\n\t\t\t\t\t\t\t\t\t\t\t\t\t<\/span>\n\t\t\t\t\t\t\t\t\t\t\t\t<a class=\"elementor-toggle-title\" tabindex=\"0\">Was ist ein chlororganisches Pestizid? <\/a>\n\t\t\t\t\t<\/h3>\n\n\t\t\t\t\t<div id=\"elementor-tab-content-1982\" class=\"elementor-tab-content elementor-clearfix\" data-tab=\"2\" role=\"region\" aria-labelledby=\"elementor-tab-title-1982\">Ein chlororganisches Pestizid ist eine chlorhaltige organische Verbindung, die zur Bek\u00e4mpfung von Schadinsekten eingesetzt wird. Diese Pestizide, wie DDT und Chlordecon, sind in der Umwelt sehr stabil und persistent, werden langsam abgebaut und reichern sich in den Nahrungsketten an. Obwohl sie wirksam sind, sind sie potenziell krebserregend und k\u00f6nnen verschiedene Gesundheitsprobleme verursachen, was dazu gef\u00fchrt hat, dass sie in vielen L\u00e4ndern verboten oder streng reguliert werden.<\/div>\n\t\t\t\t<\/div>\n\t\t\t\t\t\t\t\t<\/div>\n\t\t\t\t\t\t<\/div>\n\t\t\t\t<div class=\"elementor-element elementor-element-6b1ae84 elementor-widget elementor-widget-spacer\" data-id=\"6b1ae84\" data-element_type=\"widget\" data-e-type=\"widget\" data-widget_type=\"spacer.default\">\n\t\t\t\t\t\t\t<div class=\"elementor-spacer\">\n\t\t\t<div class=\"elementor-spacer-inner\"><\/div>\n\t\t<\/div>\n\t\t\t\t\t\t<\/div>\n\t\t\t\t<div class=\"elementor-element elementor-element-e6bda83 elementor-widget elementor-widget-heading\" data-id=\"e6bda83\" data-element_type=\"widget\" data-e-type=\"widget\" data-widget_type=\"heading.default\">\n\t\t\t\t\t<h2 class=\"elementor-heading-title elementor-size-default\">Andere zusammengefasste Studie auf Franz\u00f6sisch<\/h2>\t\t\t\t<\/div>\n\t\t\t\t\t<\/div>\n\t\t\t\t<\/div>\n\t\t<div class=\"elementor-element elementor-element-a2fc62e e-flex e-con-boxed e-con e-parent\" data-id=\"a2fc62e\" data-element_type=\"container\" data-e-type=\"container\">\n\t\t\t\t\t<div class=\"e-con-inner\">\n\t\t<div class=\"elementor-element elementor-element-8c461be e-con-full e-flex e-con e-child\" data-id=\"8c461be\" data-element_type=\"container\" data-e-type=\"container\">\n\t\t\t\t<div class=\"elementor-element elementor-element-7c7996a elementor-align-center elementor-widget__width-initial elementor-widget elementor-widget-button\" data-id=\"7c7996a\" data-element_type=\"widget\" data-e-type=\"widget\" data-widget_type=\"button.default\">\n\t\t\t\t\t\t\t\t\t\t<a class=\"elementor-button elementor-button-link elementor-size-sm\" href=\"https:\/\/lavie.bio\/de\/unsere-technologie\/wissenschaftliche-tests\/reinigungsleistung-chloreffekt\/\" target=\"_blank\">\n\t\t\t\t\t\t<span class=\"elementor-button-content-wrapper\">\n\t\t\t\t\t\t\t\t\t<span class=\"elementor-button-text\">REINIGUNGSLEISTUNG: AUSWIRKUNGEN VON FREIEM CHLOR UND GEL\u00d6STEM SAUERSTOFF<\/span>\n\t\t\t\t\t<\/span>\n\t\t\t\t\t<\/a>\n\t\t\t\t\t\t\t\t<\/div>\n\t\t\t\t<\/div>\n\t\t\t\t\t<\/div>\n\t\t\t\t<\/div>\n\t\t\t\t<\/div>","protected":false},"excerpt":{"rendered":"<p>Efficacit\u00e9 du purificateur d\u2019eau LAVIE sur le Chlored\u00e9cone Ce rapport scientifique pr\u00e9sente une analyse d\u00e9taill\u00e9e de la performance du syst\u00e8me de purification d&#8217;eau LAVIE, en particulier sur la d\u00e9gradation de la chlord\u00e9cone, un pesticide organochlor\u00e9. Voici un r\u00e9sum\u00e9 des points cl\u00e9s du rapport (ici en anglais :\u00a0The purification performance of LAVIE system on the degradation [&hellip;]<\/p>\n","protected":false},"author":3,"featured_media":0,"parent":3389,"menu_order":0,"comment_status":"closed","ping_status":"closed","template":"","meta":{"footnotes":""},"class_list":["post-56301","page","type-page","status-publish","hentry"],"_links":{"self":[{"href":"https:\/\/lavie.bio\/de\/wp-json\/wp\/v2\/pages\/56301","targetHints":{"allow":["GET"]}}],"collection":[{"href":"https:\/\/lavie.bio\/de\/wp-json\/wp\/v2\/pages"}],"about":[{"href":"https:\/\/lavie.bio\/de\/wp-json\/wp\/v2\/types\/page"}],"author":[{"embeddable":true,"href":"https:\/\/lavie.bio\/de\/wp-json\/wp\/v2\/users\/3"}],"replies":[{"embeddable":true,"href":"https:\/\/lavie.bio\/de\/wp-json\/wp\/v2\/comments?post=56301"}],"version-history":[{"count":3,"href":"https:\/\/lavie.bio\/de\/wp-json\/wp\/v2\/pages\/56301\/revisions"}],"predecessor-version":[{"id":83674,"href":"https:\/\/lavie.bio\/de\/wp-json\/wp\/v2\/pages\/56301\/revisions\/83674"}],"up":[{"embeddable":true,"href":"https:\/\/lavie.bio\/de\/wp-json\/wp\/v2\/pages\/3389"}],"wp:attachment":[{"href":"https:\/\/lavie.bio\/de\/wp-json\/wp\/v2\/media?parent=56301"}],"curies":[{"name":"wp","href":"https:\/\/api.w.org\/{rel}","templated":true}]}}