{"id":3389,"date":"2022-11-30T13:48:43","date_gmt":"2022-11-30T13:48:43","guid":{"rendered":"https:\/\/lavie.bio\/?page_id=3389"},"modified":"2026-02-25T07:34:00","modified_gmt":"2026-02-25T06:34:00","slug":"wissenschaftliche-tests","status":"publish","type":"page","link":"https:\/\/lavie.bio\/de\/notre-technologie\/tests-scientifiques\/","title":{"rendered":"Wissenschaftliche Tests"},"content":{"rendered":"<div data-elementor-type=\"wp-page\" data-elementor-id=\"3389\" class=\"elementor elementor-3389\" data-elementor-post-type=\"page\">\n\t\t\t\t<div class=\"elementor-element elementor-element-95b6d45 e-flex e-con-boxed e-con e-parent\" data-id=\"95b6d45\" data-element_type=\"container\" data-e-type=\"container\">\n\t\t\t\t\t<div class=\"e-con-inner\">\n\t\t\t\t<div class=\"elementor-element elementor-element-5495532 elementor-widget elementor-widget-spacer\" data-id=\"5495532\" data-element_type=\"widget\" data-e-type=\"widget\" data-widget_type=\"spacer.default\">\n\t\t\t\t\t\t\t<div class=\"elementor-spacer\">\n\t\t\t<div class=\"elementor-spacer-inner\"><\/div>\n\t\t<\/div>\n\t\t\t\t\t\t<\/div>\n\t\t\t\t<div class=\"elementor-element elementor-element-528c024 elementor-widget elementor-widget-heading\" data-id=\"528c024\" data-element_type=\"widget\" data-e-type=\"widget\" data-widget_type=\"heading.default\">\n\t\t\t\t\t<h1 class=\"elementor-heading-title elementor-size-default\">Wissenschaftliche Tests<\/h1>\t\t\t\t<\/div>\n\t\t\t\t<div class=\"elementor-element elementor-element-8ca578e elementor-widget elementor-widget-heading\" data-id=\"8ca578e\" data-element_type=\"widget\" data-e-type=\"widget\" data-widget_type=\"heading.default\">\n\t\t\t\t\t<div class=\"elementor-heading-title elementor-size-default\">Entfernung von Verunreinigungen aus Leitungswasser<\/div>\t\t\t\t<\/div>\n\t\t\t\t<div class=\"elementor-element elementor-element-d4f0681 elementor-widget elementor-widget-spacer\" data-id=\"d4f0681\" data-element_type=\"widget\" data-e-type=\"widget\" data-widget_type=\"spacer.default\">\n\t\t\t\t\t\t\t<div class=\"elementor-spacer\">\n\t\t\t<div class=\"elementor-spacer-inner\"><\/div>\n\t\t<\/div>\n\t\t\t\t\t\t<\/div>\n\t\t\t\t\t<\/div>\n\t\t\t\t<\/div>\n\t\t<div class=\"elementor-element elementor-element-7b2c395 e-flex e-con-boxed e-con e-parent\" data-id=\"7b2c395\" data-element_type=\"container\" data-e-type=\"container\">\n\t\t\t\t\t<div class=\"e-con-inner\">\n\t\t<div class=\"elementor-element elementor-element-5bbf720 e-con-full e-flex e-con e-child\" data-id=\"5bbf720\" data-element_type=\"container\" data-e-type=\"container\">\n\t\t\t\t<div class=\"elementor-element elementor-element-441e339 elementor-invisible elementor-widget elementor-widget-image\" data-id=\"441e339\" data-element_type=\"widget\" data-e-type=\"widget\" data-settings=\"{&quot;_animation&quot;:&quot;fadeInLeft&quot;}\" data-widget_type=\"image.default\">\n\t\t\t\t\t\t\t\t\t\t\t\t\t\t\t<img decoding=\"async\" src=\"https:\/\/lavie.bio\/wp-content\/uploads\/logo-aix-marseille-universite.svg\" class=\"attachment-large size-large wp-image-2998\" alt=\"Logo Aix Marseille Universit\u00e4t\" \/>\t\t\t\t\t\t\t\t\t\t\t\t\t\t\t<\/div>\n\t\t\t\t<\/div>\n\t\t<div class=\"elementor-element elementor-element-da835f7 e-con-full e-flex e-con e-child\" data-id=\"da835f7\" data-element_type=\"container\" data-e-type=\"container\">\n\t\t\t\t<div class=\"elementor-element elementor-element-7c040d6 elementor-invisible elementor-widget elementor-widget-text-editor\" data-id=\"7c040d6\" data-element_type=\"widget\" data-e-type=\"widget\" data-settings=\"{&quot;_animation&quot;:&quot;fadeInRight&quot;}\" data-widget_type=\"text-editor.default\">\n\t\t\t\t\t\t\t\t\t<div class=\"wpb_text_column wpb_content_element\"><div class=\"wpb_wrapper\"><p class=\"title2 tcenter\">Das Laboratoire Chimie Environnement der Universit\u00e4t Aix-Marseille hat die positiven Auswirkungen der UV-A-Strahlung von LaVie Wasserreinigern auf Ihr Leitungswasser gemessen.<\/p><\/div><\/div><div class=\"wpb_single_image wpb_content_element vc_align_center\">\u00a0<\/div>\t\t\t\t\t\t\t\t<\/div>\n\t\t\t\t<\/div>\n\t\t\t\t\t<\/div>\n\t\t\t\t<\/div>\n\t\t<div class=\"elementor-element elementor-element-487a789 e-flex e-con-boxed e-con e-parent\" data-id=\"487a789\" data-element_type=\"container\" data-e-type=\"container\">\n\t\t\t\t\t<div class=\"e-con-inner\">\n\t\t\t\t<div class=\"elementor-element elementor-element-83cb650 elementor-widget elementor-widget-text-editor\" data-id=\"83cb650\" data-element_type=\"widget\" data-e-type=\"widget\" data-settings=\"{&quot;_animation&quot;:&quot;none&quot;}\" data-widget_type=\"text-editor.default\">\n\t\t\t\t\t\t\t\t\t<div class=\"wpb_text_column wpb_content_element\"><div class=\"wpb_wrapper\"><div class=\"vc_row wpb_row vc_row-fluid nopadbot\"><div class=\"wpb_column vc_column_container vc_col-sm-12\"><div class=\"vc_column-inner\"><div class=\"wpb_wrapper\"><div class=\"wpb_text_column wpb_content_element\"><div class=\"wpb_wrapper\"><p>UV-A-Licht zerst\u00f6rt das im Leitungswasser enthaltene Chlor und l\u00f6st damit eine Kettenreaktion aus, die das Wasser von anderen Schadstoffen reinigt.\u00a0<\/p><\/div><\/div><\/div><\/div><\/div><\/div><\/div><\/div>\t\t\t\t\t\t\t\t<\/div>\n\t\t\t\t\t<\/div>\n\t\t\t\t<\/div>\n\t\t<div class=\"elementor-element elementor-element-a425457 e-flex e-con-boxed e-con e-parent\" data-id=\"a425457\" data-element_type=\"container\" data-e-type=\"container\">\n\t\t\t\t\t<div class=\"e-con-inner\">\n\t\t<div class=\"elementor-element elementor-element-628ef36 e-con-full e-flex e-con e-child\" data-id=\"628ef36\" data-element_type=\"container\" data-e-type=\"container\">\n\t\t\t\t<div class=\"elementor-element elementor-element-1ac7257 elementor-align-center elementor-widget__width-initial elementor-widget elementor-widget-button\" data-id=\"1ac7257\" data-element_type=\"widget\" data-e-type=\"widget\" data-widget_type=\"button.default\">\n\t\t\t\t\t\t\t\t\t\t<a class=\"elementor-button elementor-button-link elementor-size-sm\" href=\"https:\/\/lavie.bio\/de\/unsere-technologie\/wissenschaftliche-tests\/reinigungsleistung-chloreffekt\/\" target=\"_blank\">\n\t\t\t\t\t\t<span class=\"elementor-button-content-wrapper\">\n\t\t\t\t\t\t\t\t\t<span class=\"elementor-button-text\">DIE ZUSAMMENFASSUNG DES TESTS AUF FRANZ\u00d6SISCH KONSULTIEREN<\/span>\n\t\t\t\t\t<\/span>\n\t\t\t\t\t<\/a>\n\t\t\t\t\t\t\t\t<\/div>\n\t\t\t\t<\/div>\n\t\t<div class=\"elementor-element elementor-element-ca2d5c1 e-con-full e-flex e-con e-child\" data-id=\"ca2d5c1\" data-element_type=\"container\" data-e-type=\"container\">\n\t\t\t\t<div class=\"elementor-element elementor-element-f475edb elementor-align-center elementor-widget__width-initial elementor-widget elementor-widget-button\" data-id=\"f475edb\" data-element_type=\"widget\" data-e-type=\"widget\" data-widget_type=\"button.default\">\n\t\t\t\t\t\t\t\t\t\t<a class=\"elementor-button elementor-button-link elementor-size-sm\" href=\"https:\/\/lavie.bio\/wp-content\/fichiers\/rapport-solable-2-mars-2020.pdf\" target=\"_blank\">\n\t\t\t\t\t\t<span class=\"elementor-button-content-wrapper\">\n\t\t\t\t\t\t\t\t\t<span class=\"elementor-button-text\">DEN TEST AUF ENGLISCH ANSEHEN<\/span>\n\t\t\t\t\t<\/span>\n\t\t\t\t\t<\/a>\n\t\t\t\t\t\t\t\t<\/div>\n\t\t\t\t<\/div>\n\t\t\t\t\t<\/div>\n\t\t\t\t<\/div>\n\t\t<div class=\"elementor-element elementor-element-b9734fd e-flex e-con-boxed e-con e-parent\" data-id=\"b9734fd\" data-element_type=\"container\" data-e-type=\"container\">\n\t\t\t\t\t<div class=\"e-con-inner\">\n\t\t<div class=\"elementor-element elementor-element-8c40cb6 e-con-full e-flex e-con e-child\" data-id=\"8c40cb6\" data-element_type=\"container\" data-e-type=\"container\">\n\t\t\t\t<div class=\"elementor-element elementor-element-83309e0 elementor-widget elementor-widget-image\" data-id=\"83309e0\" data-element_type=\"widget\" data-e-type=\"widget\" data-widget_type=\"image.default\">\n\t\t\t\t\t\t\t\t\t\t\t\t\t\t\t<img fetchpriority=\"high\" decoding=\"async\" width=\"300\" height=\"300\" src=\"https:\/\/lavie.bio\/wp-content\/uploads\/icon-destruction-bacteries-purificateur-eau.webp\" class=\"attachment-medium size-medium wp-image-35377\" alt=\"Icon Bakterienvernichtung Wasserreiniger\" srcset=\"https:\/\/lavie.bio\/wp-content\/uploads\/icon-destruction-bacteries-purificateur-eau.webp 300w, https:\/\/lavie.bio\/wp-content\/uploads\/icon-destruction-bacteries-purificateur-eau-100x100.webp 100w, https:\/\/lavie.bio\/wp-content\/uploads\/icon-destruction-bacteries-purificateur-eau-150x150.webp 150w, https:\/\/lavie.bio\/wp-content\/uploads\/icon-destruction-bacteries-purificateur-eau-12x12.webp 12w\" sizes=\"(max-width: 300px) 100vw, 300px\" \/>\t\t\t\t\t\t\t\t\t\t\t\t\t\t\t<\/div>\n\t\t\t\t<div class=\"elementor-element elementor-element-9a34df1 elementor-widget elementor-widget-heading\" data-id=\"9a34df1\" data-element_type=\"widget\" data-e-type=\"widget\" data-widget_type=\"heading.default\">\n\t\t\t\t\t<h2 class=\"elementor-heading-title elementor-size-default\">Abt\u00f6tung von Bakterien<\/h2>\t\t\t\t<\/div>\n\t\t\t\t<div class=\"elementor-element elementor-element-039bdc5 elementor-widget elementor-widget-text-editor\" data-id=\"039bdc5\" data-element_type=\"widget\" data-e-type=\"widget\" data-widget_type=\"text-editor.default\">\n\t\t\t\t\t\t\t\t\tDie Bakterienzelle ist vollst\u00e4ndig<br>\nw\u00e4hrend des LaVie-Prozesses zerst\u00f6rt.\t\t\t\t\t\t\t\t<\/div>\n\t\t\t\t<div class=\"elementor-element elementor-element-0a19575 elementor-align-center elementor-widget elementor-widget-button\" data-id=\"0a19575\" data-element_type=\"widget\" data-e-type=\"widget\" data-widget_type=\"button.default\">\n\t\t\t\t\t\t\t\t\t\t<a class=\"elementor-button elementor-button-link elementor-size-sm\" href=\"https:\/\/lavie.bio\/wp-content\/fichiers\/a5-rapport-faisabilite-lavie-2023-01.pdf\" target=\"_blank\">\n\t\t\t\t\t\t<span class=\"elementor-button-content-wrapper\">\n\t\t\t\t\t\t\t\t\t<span class=\"elementor-button-text\">DEN WISSENSCHAFTLICHEN TEST EINSEHEN<br>\u00dcBER BAKTERIEN<\/span>\n\t\t\t\t\t<\/span>\n\t\t\t\t\t<\/a>\n\t\t\t\t\t\t\t\t<\/div>\n\t\t\t\t<\/div>\n\t\t<div class=\"elementor-element elementor-element-cfee4e3 e-con-full e-flex e-con e-child\" data-id=\"cfee4e3\" data-element_type=\"container\" data-e-type=\"container\">\n\t\t\t\t<div class=\"elementor-element elementor-element-81d3cf3 elementor-widget elementor-widget-image\" data-id=\"81d3cf3\" data-element_type=\"widget\" data-e-type=\"widget\" data-widget_type=\"image.default\">\n\t\t\t\t\t\t\t\t\t\t\t\t\t\t\t<img decoding=\"async\" width=\"300\" height=\"300\" src=\"https:\/\/lavie.bio\/wp-content\/uploads\/icon-destruction-pesticides-purificateur-eau.webp\" class=\"attachment-medium size-medium wp-image-35380\" alt=\"Ikone Pestizidzerst\u00f6rung\" srcset=\"https:\/\/lavie.bio\/wp-content\/uploads\/icon-destruction-pesticides-purificateur-eau.webp 300w, https:\/\/lavie.bio\/wp-content\/uploads\/icon-destruction-pesticides-purificateur-eau-100x100.webp 100w, https:\/\/lavie.bio\/wp-content\/uploads\/icon-destruction-pesticides-purificateur-eau-150x150.webp 150w, https:\/\/lavie.bio\/wp-content\/uploads\/icon-destruction-pesticides-purificateur-eau-12x12.webp 12w\" sizes=\"(max-width: 300px) 100vw, 300px\" \/>\t\t\t\t\t\t\t\t\t\t\t\t\t\t\t<\/div>\n\t\t\t\t<div class=\"elementor-element elementor-element-518f631 elementor-widget elementor-widget-heading\" data-id=\"518f631\" data-element_type=\"widget\" data-e-type=\"widget\" data-widget_type=\"heading.default\">\n\t\t\t\t\t<h2 class=\"elementor-heading-title elementor-size-default\">Pestizid-Abbau<\/h2>\t\t\t\t<\/div>\n\t\t\t\t<div class=\"elementor-element elementor-element-52bac87 elementor-widget elementor-widget-text-editor\" data-id=\"52bac87\" data-element_type=\"widget\" data-e-type=\"widget\" data-widget_type=\"text-editor.default\">\n\t\t\t\t\t\t\t\t\t<p>Die gef\u00e4hrlichen Molek\u00fcle der Pestizide werden durch freie Radikale abgebaut, die bei der Zerst\u00f6rung von Chlor freigesetzt werden.<\/p>\t\t\t\t\t\t\t\t<\/div>\n\t\t\t\t<div class=\"elementor-element elementor-element-4cc2bf6 elementor-align-center elementor-widget elementor-widget-button\" data-id=\"4cc2bf6\" data-element_type=\"widget\" data-e-type=\"widget\" data-widget_type=\"button.default\">\n\t\t\t\t\t\t\t\t\t\t<a class=\"elementor-button elementor-button-link elementor-size-sm\" href=\"https:\/\/lavie.bio\/de\/unsere-technologie\/wissenschaftliche-tests\/studie-wasserreiniger-lavie-chloredecone\/\" target=\"_blank\">\n\t\t\t\t\t\t<span class=\"elementor-button-content-wrapper\">\n\t\t\t\t\t\t\t\t\t<span class=\"elementor-button-text\">Lesen Sie den wissenschaftlichen Test zu Chlordecon (FR und EN)<\/span>\n\t\t\t\t\t<\/span>\n\t\t\t\t\t<\/a>\n\t\t\t\t\t\t\t\t<\/div>\n\t\t\t\t<div class=\"elementor-element elementor-element-4e0922f elementor-align-center elementor-widget elementor-widget-button\" data-id=\"4e0922f\" data-element_type=\"widget\" data-e-type=\"widget\" data-widget_type=\"button.default\">\n\t\t\t\t\t\t\t\t\t\t<a class=\"elementor-button elementor-button-link elementor-size-sm\" href=\"https:\/\/lavie.bio\/wp-content\/uploads\/Rapport-Solable-decembre-2022-revised-20-avril-2023-1-1.pdf\" target=\"_blank\">\n\t\t\t\t\t\t<span class=\"elementor-button-content-wrapper\">\n\t\t\t\t\t\t\t\t\t<span class=\"elementor-button-text\">Lesen Sie den wissenschaftlichen Test \u00fcber Glyphosat ( auf Englisch)<\/span>\n\t\t\t\t\t<\/span>\n\t\t\t\t\t<\/a>\n\t\t\t\t\t\t\t\t<\/div>\n\t\t\t\t<\/div>\n\t\t<div class=\"elementor-element elementor-element-85b534b e-con-full e-flex e-con e-child\" data-id=\"85b534b\" data-element_type=\"container\" data-e-type=\"container\">\n\t\t\t\t<div class=\"elementor-element elementor-element-790603c elementor-widget elementor-widget-image\" data-id=\"790603c\" data-element_type=\"widget\" data-e-type=\"widget\" data-widget_type=\"image.default\">\n\t\t\t\t\t\t\t\t\t\t\t\t\t\t\t<img decoding=\"async\" width=\"300\" height=\"300\" src=\"https:\/\/lavie.bio\/wp-content\/uploads\/picto-produits-pharmaceutiques-300x300.webp\" class=\"attachment-medium size-medium wp-image-41261\" alt=\"pharmazeutische Produkte dank LAVIE-Reinigern entfernt\" srcset=\"https:\/\/lavie.bio\/wp-content\/uploads\/picto-produits-pharmaceutiques-300x300.webp 300w, https:\/\/lavie.bio\/wp-content\/uploads\/picto-produits-pharmaceutiques-350x350.webp 350w, https:\/\/lavie.bio\/wp-content\/uploads\/picto-produits-pharmaceutiques-100x100.webp 100w, https:\/\/lavie.bio\/wp-content\/uploads\/picto-produits-pharmaceutiques-150x150.webp 150w, https:\/\/lavie.bio\/wp-content\/uploads\/picto-produits-pharmaceutiques-12x12.webp 12w, https:\/\/lavie.bio\/wp-content\/uploads\/picto-produits-pharmaceutiques.webp 400w\" sizes=\"(max-width: 300px) 100vw, 300px\" \/>\t\t\t\t\t\t\t\t\t\t\t\t\t\t\t<\/div>\n\t\t\t\t<div class=\"elementor-element elementor-element-79c2842 elementor-widget elementor-widget-heading\" data-id=\"79c2842\" data-element_type=\"widget\" data-e-type=\"widget\" data-widget_type=\"heading.default\">\n\t\t\t\t\t<h2 class=\"elementor-heading-title elementor-size-default\">Abschlag f\u00fcr pharmazeutische Produkte<\/h2>\t\t\t\t<\/div>\n\t\t\t\t<div class=\"elementor-element elementor-element-e9b4529 elementor-widget elementor-widget-text-editor\" data-id=\"e9b4529\" data-element_type=\"widget\" data-e-type=\"widget\" data-widget_type=\"text-editor.default\">\n\t\t\t\t\t\t\t\t\tDie im Leitungswasser enthaltenen Spuren von Pharmazeutika sind<br>w\u00e4hrend des Prozesses verschlechtert.\t\t\t\t\t\t\t\t<\/div>\n\t\t\t\t<div class=\"elementor-element elementor-element-c4d8b91 elementor-align-center elementor-widget elementor-widget-button\" data-id=\"c4d8b91\" data-element_type=\"widget\" data-e-type=\"widget\" data-widget_type=\"button.default\">\n\t\t\t\t\t\t\t\t\t\t<a class=\"elementor-button elementor-button-link elementor-size-sm\" href=\"https:\/\/lavie.bio\/wp-content\/fichiers\/first-results-on-the-purification-performance-of-lavie-system-uam-cnrs.pdf\" target=\"_blank\">\n\t\t\t\t\t\t<span class=\"elementor-button-content-wrapper\">\n\t\t\t\t\t\t\t\t\t<span class=\"elementor-button-text\">Lesen Sie den wissenschaftlichen Test zu Carbamazepin und Diclofenac (auf Englisch)<\/span>\n\t\t\t\t\t<\/span>\n\t\t\t\t\t<\/a>\n\t\t\t\t\t\t\t\t<\/div>\n\t\t\t\t<\/div>\n\t\t\t\t\t<\/div>\n\t\t\t\t<\/div>\n\t\t<div class=\"elementor-element elementor-element-273081c e-con-full e-flex e-con e-child\" data-id=\"273081c\" data-element_type=\"container\" data-e-type=\"container\">\n\t\t\t\t<div class=\"elementor-element elementor-element-65fe27a elementor-widget elementor-widget-image\" data-id=\"65fe27a\" data-element_type=\"widget\" data-e-type=\"widget\" data-widget_type=\"image.default\">\n\t\t\t\t\t\t\t\t\t\t\t\t\t\t\t<img loading=\"lazy\" decoding=\"async\" width=\"300\" height=\"300\" src=\"https:\/\/lavie.bio\/wp-content\/uploads\/Opropre-Turquoise-300x300.png\" class=\"attachment-medium size-medium wp-image-66195\" alt=\"\" srcset=\"https:\/\/lavie.bio\/wp-content\/uploads\/Opropre-Turquoise-300x300.png 300w, https:\/\/lavie.bio\/wp-content\/uploads\/Opropre-Turquoise-350x350.png 350w, https:\/\/lavie.bio\/wp-content\/uploads\/Opropre-Turquoise-100x100.png 100w, https:\/\/lavie.bio\/wp-content\/uploads\/Opropre-Turquoise-150x150.png 150w, https:\/\/lavie.bio\/wp-content\/uploads\/Opropre-Turquoise-768x768.png 768w, https:\/\/lavie.bio\/wp-content\/uploads\/Opropre-Turquoise-12x12.png 12w, https:\/\/lavie.bio\/wp-content\/uploads\/Opropre-Turquoise.png 800w\" sizes=\"(max-width: 300px) 100vw, 300px\" \/>\t\t\t\t\t\t\t\t\t\t\t\t\t\t\t<\/div>\n\t\t\t\t<div class=\"elementor-element elementor-element-88ffd19 elementor-widget elementor-widget-heading\" data-id=\"88ffd19\" data-element_type=\"widget\" data-e-type=\"widget\" data-widget_type=\"heading.default\">\n\t\t\t\t\t<h2 class=\"elementor-heading-title elementor-size-default\">Filtration von Schwermetallen, Mikroplastik, Nanoplastik und ewigen Schadstoffen<\/h2>\t\t\t\t<\/div>\n\t\t\t\t<div class=\"elementor-element elementor-element-9d003ee elementor-widget elementor-widget-text-editor\" data-id=\"9d003ee\" data-element_type=\"widget\" data-e-type=\"widget\" data-widget_type=\"text-editor.default\">\n\t\t\t\t\t\t\t\t\t<p>Aktivkohle adsorbiert Schwermetalle und Kunststoffe, Pfas werden auf einem speziellen Harz ausgetauscht.<\/p>\t\t\t\t\t\t\t\t<\/div>\n\t\t\t\t<div class=\"elementor-element elementor-element-cb0d61b elementor-align-center elementor-widget elementor-widget-button\" data-id=\"cb0d61b\" data-element_type=\"widget\" data-e-type=\"widget\" data-widget_type=\"button.default\">\n\t\t\t\t\t\t\t\t\t\t<a class=\"elementor-button elementor-button-link elementor-size-sm\" href=\"https:\/\/lavie.bio\/wp-content\/uploads\/Rapport-flitration-Onyx-Turquoise.pdf\" target=\"_blank\">\n\t\t\t\t\t\t<span class=\"elementor-button-content-wrapper\">\n\t\t\t\t\t\t\t\t\t<span class=\"elementor-button-text\">Labortests Filtration Pfas, Schwermetalle und Chlorthalonil<\/span>\n\t\t\t\t\t<\/span>\n\t\t\t\t\t<\/a>\n\t\t\t\t\t\t\t\t<\/div>\n\t\t\t\t<div class=\"elementor-element elementor-element-64f00ad elementor-align-center elementor-widget elementor-widget-button\" data-id=\"64f00ad\" data-element_type=\"widget\" data-e-type=\"widget\" data-widget_type=\"button.default\">\n\t\t\t\t\t\t\t\t\t\t<a class=\"elementor-button elementor-button-link elementor-size-sm\" href=\"https:\/\/lavie.bio\/wp-content\/uploads\/capacites-epuratoires-Opropre.pdf\" target=\"_blank\">\n\t\t\t\t\t\t<span class=\"elementor-button-content-wrapper\">\n\t\t\t\t\t\t\t\t\t<span class=\"elementor-button-text\">bis zu 99.9% Pfas-Reduktion mit Opropre<\/span>\n\t\t\t\t\t<\/span>\n\t\t\t\t\t<\/a>\n\t\t\t\t\t\t\t\t<\/div>\n\t\t\t\t<div class=\"elementor-element elementor-element-3a973ff elementor-align-center elementor-widget elementor-widget-button\" data-id=\"3a973ff\" data-element_type=\"widget\" data-e-type=\"widget\" data-widget_type=\"button.default\">\n\t\t\t\t\t\t\t\t\t\t<a class=\"elementor-button elementor-button-link elementor-size-sm\" href=\"https:\/\/lavie.bio\/wp-content\/uploads\/Opropre-TFA.pdf\" target=\"_blank\">\n\t\t\t\t\t\t<span class=\"elementor-button-content-wrapper\">\n\t\t\t\t\t\t\t\t\t<span class=\"elementor-button-text\">ERGEBNISSE DES TFA-TESTS: REKORDVERD\u00c4CHTIGE EFFIZIENZ<\/span>\n\t\t\t\t\t<\/span>\n\t\t\t\t\t<\/a>\n\t\t\t\t\t\t\t\t<\/div>\n\t\t<div class=\"elementor-element elementor-element-321d7ad e-flex e-con-boxed e-con e-child\" data-id=\"321d7ad\" data-element_type=\"container\" data-e-type=\"container\">\n\t\t\t\t\t<div class=\"e-con-inner\">\n\t\t\t\t<div class=\"elementor-element elementor-element-b5d7299 elementor-align-center elementor-widget elementor-widget-button\" data-id=\"b5d7299\" data-element_type=\"widget\" data-e-type=\"widget\" data-widget_type=\"button.default\">\n\t\t\t\t\t\t\t\t\t\t<a class=\"elementor-button elementor-button-link elementor-size-sm\" href=\"https:\/\/lavie.bio\/wp-content\/uploads\/WQA-2026.pdf\" target=\"_blank\">\n\t\t\t\t\t\t<span class=\"elementor-button-content-wrapper\">\n\t\t\t\t\t\t\t\t\t<span class=\"elementor-button-text\">Unser Ger\u00e4t ist NSF-zertifiziert<\/span>\n\t\t\t\t\t<\/span>\n\t\t\t\t\t<\/a>\n\t\t\t\t\t\t\t\t<\/div>\n\t\t\t\t<div class=\"elementor-element elementor-element-722fe01 elementor-widget__width-initial elementor-widget elementor-widget-image\" data-id=\"722fe01\" data-element_type=\"widget\" data-e-type=\"widget\" data-widget_type=\"image.default\">\n\t\t\t\t\t\t\t\t\t\t\t\t\t\t\t<img loading=\"lazy\" decoding=\"async\" width=\"290\" height=\"300\" src=\"https:\/\/lavie.bio\/wp-content\/uploads\/image-1-1-290x300.png\" class=\"attachment-medium size-medium wp-image-83417\" alt=\"\" srcset=\"https:\/\/lavie.bio\/wp-content\/uploads\/image-1-1-290x300.png 290w, https:\/\/lavie.bio\/wp-content\/uploads\/image-1-1-990x1024.png 990w, https:\/\/lavie.bio\/wp-content\/uploads\/image-1-1-768x794.png 768w, https:\/\/lavie.bio\/wp-content\/uploads\/image-1-1-1485x1536.png 1485w, https:\/\/lavie.bio\/wp-content\/uploads\/image-1-1-12x12.png 12w, https:\/\/lavie.bio\/wp-content\/uploads\/image-1-1-920x951.png 920w, https:\/\/lavie.bio\/wp-content\/uploads\/image-1-1.png 1817w\" sizes=\"(max-width: 290px) 100vw, 290px\" \/>\t\t\t\t\t\t\t\t\t\t\t\t\t\t\t<\/div>\n\t\t\t\t\t<\/div>\n\t\t\t\t<\/div>\n\t\t\t\t<\/div>\n\t\t<div class=\"elementor-element elementor-element-b1d4e16 e-flex e-con-boxed e-con e-parent\" data-id=\"b1d4e16\" data-element_type=\"container\" data-e-type=\"container\" data-settings=\"{&quot;background_background&quot;:&quot;classic&quot;}\">\n\t\t\t\t\t<div class=\"e-con-inner\">\n\t\t\t\t<div class=\"elementor-element elementor-element-ec95604 elementor-widget elementor-widget-image\" data-id=\"ec95604\" data-element_type=\"widget\" data-e-type=\"widget\" data-widget_type=\"image.default\">\n\t\t\t\t\t\t\t\t\t\t\t\t\t\t\t<img decoding=\"async\" src=\"https:\/\/lavie.bio\/wp-content\/uploads\/molecul-stop.svg\" class=\"attachment-large size-large wp-image-3063\" alt=\"Chlor entfernen\" \/>\t\t\t\t\t\t\t\t\t\t\t\t\t\t\t<\/div>\n\t\t\t\t<div class=\"elementor-element elementor-element-bfeaa71 elementor-widget elementor-widget-heading\" data-id=\"bfeaa71\" data-element_type=\"widget\" data-e-type=\"widget\" data-widget_type=\"heading.default\">\n\t\t\t\t\t<h2 class=\"elementor-heading-title elementor-size-default\">Abbau von Chlor, Erhaltung von Spurenelementen und Sicherheit des LaVie-Systems<\/h2>\t\t\t\t<\/div>\n\t\t\t\t<div class=\"elementor-element elementor-element-59eaa75 elementor-widget elementor-widget-image\" data-id=\"59eaa75\" data-element_type=\"widget\" data-e-type=\"widget\" data-widget_type=\"image.default\">\n\t\t\t\t\t\t\t\t\t\t\t\t\t\t\t<img decoding=\"async\" src=\"https:\/\/lavie.bio\/wp-content\/uploads\/molecular-stop.svg\" class=\"attachment-large size-large wp-image-3062\" alt=\"Zerst\u00f6rung von Chlor durch UV-A-Licht\" \/>\t\t\t\t\t\t\t\t\t\t\t\t\t\t\t<\/div>\n\t\t\t\t<div class=\"elementor-element elementor-element-03196ad elementor-widget elementor-widget-heading\" data-id=\"03196ad\" data-element_type=\"widget\" data-e-type=\"widget\" data-widget_type=\"heading.default\">\n\t\t\t\t\t<div class=\"elementor-heading-title elementor-size-default\">Mit UV-A-Licht bombardiert, verschwindet das Chlor innerhalb von 15 Minuten.\n<br>\nSo setzt er starke freie Radikale frei, die reinigen werden <br>das Wasser von anderen Verunreinigungen.<\/div>\t\t\t\t<\/div>\n\t\t\t\t<div class=\"elementor-element elementor-element-fa368a4 elementor-align-center elementor-widget elementor-widget-button\" data-id=\"fa368a4\" data-element_type=\"widget\" data-e-type=\"widget\" data-widget_type=\"button.default\">\n\t\t\t\t\t\t\t\t\t\t<a class=\"elementor-button elementor-button-link elementor-size-sm\" href=\"https:\/\/lavie.bio\/de\/blog\/bericht-uber-die-dechlorierungsleistung-des-lavie-verfahrens-bei-verbraucherwasser-durch-professor-nicolas-roche-aix-marseille-universite\/\">\n\t\t\t\t\t\t<span class=\"elementor-button-content-wrapper\">\n\t\t\t\t\t\t\t\t\t<span class=\"elementor-button-text\">Lesen Sie den wissenschaftlichen Test \u00fcber Chlor<\/span>\n\t\t\t\t\t<\/span>\n\t\t\t\t\t<\/a>\n\t\t\t\t\t\t\t\t<\/div>\n\t\t\t\t\t<\/div>\n\t\t\t\t<\/div>\n\t\t<div class=\"elementor-element elementor-element-5a73d2e e-flex e-con-boxed e-con e-parent\" data-id=\"5a73d2e\" data-element_type=\"container\" data-e-type=\"container\">\n\t\t\t\t\t<div class=\"e-con-inner\">\n\t\t\t\t<div class=\"elementor-element elementor-element-9e3cfee elementor-widget elementor-widget-spacer\" data-id=\"9e3cfee\" data-element_type=\"widget\" data-e-type=\"widget\" data-widget_type=\"spacer.default\">\n\t\t\t\t\t\t\t<div class=\"elementor-spacer\">\n\t\t\t<div class=\"elementor-spacer-inner\"><\/div>\n\t\t<\/div>\n\t\t\t\t\t\t<\/div>\n\t\t\t\t\t<\/div>\n\t\t\t\t<\/div>\n\t\t\t\t<\/div>","protected":false},"excerpt":{"rendered":"<p>Tests scientifiques \u00c9limination de contaminants de l\u2019eau du robinet Le Laboratoire Chimie Environnement de l\u2019Universit\u00e9 d\u2019Aix-Marseille a mesur\u00e9 les effets b\u00e9n\u00e9fiques du rayonnement UV-A des purificateurs d\u2019eau LaVie sur l\u2019eau de votre robinet. \u00a0 La lumi\u00e8re UV-A d\u00e9truit le chlore pr\u00e9sent dans l\u2019eau du robinet, cr\u00e9ant ainsi une r\u00e9action en cha\u00eene qui va purifier l\u2019eau [&hellip;]<\/p>\n","protected":false},"author":3,"featured_media":3186,"parent":31485,"menu_order":0,"comment_status":"closed","ping_status":"closed","template":"","meta":{"footnotes":""},"class_list":["post-3389","page","type-page","status-publish","has-post-thumbnail","hentry"],"_links":{"self":[{"href":"https:\/\/lavie.bio\/de\/wp-json\/wp\/v2\/pages\/3389","targetHints":{"allow":["GET"]}}],"collection":[{"href":"https:\/\/lavie.bio\/de\/wp-json\/wp\/v2\/pages"}],"about":[{"href":"https:\/\/lavie.bio\/de\/wp-json\/wp\/v2\/types\/page"}],"author":[{"embeddable":true,"href":"https:\/\/lavie.bio\/de\/wp-json\/wp\/v2\/users\/3"}],"replies":[{"embeddable":true,"href":"https:\/\/lavie.bio\/de\/wp-json\/wp\/v2\/comments?post=3389"}],"version-history":[{"count":27,"href":"https:\/\/lavie.bio\/de\/wp-json\/wp\/v2\/pages\/3389\/revisions"}],"predecessor-version":[{"id":83671,"href":"https:\/\/lavie.bio\/de\/wp-json\/wp\/v2\/pages\/3389\/revisions\/83671"}],"up":[{"embeddable":true,"href":"https:\/\/lavie.bio\/de\/wp-json\/wp\/v2\/pages\/31485"}],"wp:featuredmedia":[{"embeddable":true,"href":"https:\/\/lavie.bio\/de\/wp-json\/wp\/v2\/media\/3186"}],"wp:attachment":[{"href":"https:\/\/lavie.bio\/de\/wp-json\/wp\/v2\/media?parent=3389"}],"curies":[{"name":"wp","href":"https:\/\/api.w.org\/{rel}","templated":true}]}}