{"id":3366,"date":"2022-11-30T11:35:47","date_gmt":"2022-11-30T11:35:47","guid":{"rendered":"https:\/\/lavie.bio\/?page_id=3366"},"modified":"2025-02-12T17:23:44","modified_gmt":"2025-02-12T16:23:44","slug":"datenschutzrichtlinie","status":"publish","type":"page","link":"https:\/\/lavie.bio\/de\/politique-de-confidentialite\/","title":{"rendered":"Datenschutzrichtlinie"},"content":{"rendered":"<div data-elementor-type=\"wp-page\" data-elementor-id=\"3366\" class=\"elementor elementor-3366\" data-elementor-post-type=\"page\">\n\t\t\t\t<div class=\"elementor-element elementor-element-db776fe e-flex e-con-boxed e-con e-parent\" data-id=\"db776fe\" data-element_type=\"container\" data-e-type=\"container\">\n\t\t\t\t\t<div class=\"e-con-inner\">\n\t\t\t\t<div class=\"elementor-element elementor-element-a557585 elementor-widget elementor-widget-spacer\" data-id=\"a557585\" data-element_type=\"widget\" data-e-type=\"widget\" data-widget_type=\"spacer.default\">\n\t\t\t\t\t\t\t<div class=\"elementor-spacer\">\n\t\t\t<div class=\"elementor-spacer-inner\"><\/div>\n\t\t<\/div>\n\t\t\t\t\t\t<\/div>\n\t\t\t\t<div class=\"elementor-element elementor-element-65babe3 elementor-widget elementor-widget-heading\" data-id=\"65babe3\" data-element_type=\"widget\" data-e-type=\"widget\" data-widget_type=\"heading.default\">\n\t\t\t\t\t<h1 class=\"elementor-heading-title elementor-size-default\">Datenschutzrichtlinie<\/h1>\t\t\t\t<\/div>\n\t\t\t\t<div class=\"elementor-element elementor-element-acffded elementor-widget elementor-widget-spacer\" data-id=\"acffded\" data-element_type=\"widget\" data-e-type=\"widget\" data-widget_type=\"spacer.default\">\n\t\t\t\t\t\t\t<div class=\"elementor-spacer\">\n\t\t\t<div class=\"elementor-spacer-inner\"><\/div>\n\t\t<\/div>\n\t\t\t\t\t\t<\/div>\n\t\t\t\t\t<\/div>\n\t\t\t\t<\/div>\n\t\t<div class=\"elementor-element elementor-element-4592510 e-flex e-con-boxed e-con e-parent\" data-id=\"4592510\" data-element_type=\"container\" data-e-type=\"container\">\n\t\t\t\t\t<div class=\"e-con-inner\">\n\t\t\t\t<div class=\"elementor-element elementor-element-8c0e1d9 elementor-widget elementor-widget-text-editor\" data-id=\"8c0e1d9\" data-element_type=\"widget\" data-e-type=\"widget\" data-widget_type=\"text-editor.default\">\n\t\t\t\t\t\t\t\t\t<div id=\"content\" class=\"site-content\"><div class=\"ast-container\"><div id=\"primary\" class=\"content-area primary\"><p>\u00a0<\/p><article id=\"post-3366\" class=\"post-3366 page type-page status-publish has-post-thumbnail ast-article-single\"><div class=\"entry-content clear\"><div class=\"vc_row wpb_row vc_row-fluid\"><div class=\"wpb_column vc_column_container vc_col-sm-12\"><div class=\"vc_column-inner\"><div class=\"wpb_wrapper\"><div class=\"wpb_text_column wpb_content_element\"><div class=\"wpb_wrapper\"><p>In diesem Rahmen des Online-Verkaufs unserer Luftreiniger muss die Firma Solable Ihre pers\u00f6nlichen Daten verarbeiten, die unbedingt erforderlich sind.<\/p><p>Personenbezogene Daten\" (\"personenbezogene Daten\") sind Informationen, anhand derer Sie direkt oder indirekt identifiziert werden k\u00f6nnen.<\/p><p>Die Vertraulichkeit pers\u00f6nlicher Daten ist f\u00fcr Solable \u00e4u\u00dferst wichtig. Solable m\u00f6chte transparent machen, wie Ihre pers\u00f6nlichen Daten verwendet werden.<\/p><p>Die vorliegenden rechtlichen Hinweise enthalten Einzelheiten zu den Bedingungen, unter denen sich die Firma Solable verpflichtet, Ihre Rechte in Bezug auf personenbezogene Daten gem\u00e4\u00df den geltenden Vorschriften \u00fcber personenbezogene Daten zu respektieren, d. h. insbesondere :<\/p><p>Die Verordnung EU 2016\/679 vom 27. April 2016 (DSGVO) zum Schutz nat\u00fcrlicher Personen bei der Verarbeitung personenbezogener Daten und zum freien Datenverkehr und zur Aufhebung der Richtlinie 95\/46\/EG (Allgemeine Datenschutzverordnung),<\/p><p>Das ge\u00e4nderte Gesetz Nr. 78-17 vom 6. Januar 1978 \u00fcber Informatik, Dateien und Freiheiten und das Dekret Nr. 2019-536 vom 29. Mai 2019, das zur Anwendung des oben genannten Gesetzes Nr. 78-17 erlassen wurde.<\/p><h2 class=\"title3\">IDENTIT\u00c4T DES F\u00dcR DIE VERARBEITUNG VERANTWORTLICHEN<\/h2><p>Der Verantwortliche f\u00fcr die Verarbeitung ist die Firma Solable als juristische Person, vertreten durch<\/p><p>Herr Pascal Nuti und Herr Saadi Brahmi Mitbegr\u00fcnder<\/p><h2 class=\"title3\">DIE SUBUNTERNEHMER<\/h2><p>Die Firma Solable kann Subunternehmer beauftragen. Die Firma Solable garantiert Ihnen, dass sie \u00fcberpr\u00fcft und verlangt, dass diese Subunternehmer ausreichende Garantien f\u00fcr den Schutz personenbezogener Daten bieten.<\/p><h2 class=\"title3\">VERARBEITUNGSZWECK<\/h2><p>Bei jeder Erhebung Ihrer personenbezogenen Daten werden wir Ihnen den Zweck der jeweiligen Verarbeitung mitteilen. Die Firma Solable verpflichtet sich, nur die pers\u00f6nlichen Daten zu sammeln, die f\u00fcr den Zweck der Verarbeitung unbedingt erforderlich sind.<\/p><h2 class=\"title3\">RECHTSGRUNDLAGE DER VERARBEITUNG UND OBLIGATORISCHER ODER FREIWILLIGER CHARAKTER DER ERHEBUNG<\/h2><p>F\u00fcr jede spezifische Verarbeitung personenbezogener Daten, die wir von Ihnen erheben, werden wir Ihnen die Rechtsgrundlage f\u00fcr diese Verarbeitung nennen (Einwilligung, Vertragserf\u00fcllung, gesetzliche Verpflichtung, Erf\u00fcllung einer Aufgabe, die im \u00f6ffentlichen Interesse liegt oder in Aus\u00fcbung \u00f6ffentlicher Gewalt erfolgt, mit der die Firma Solable betraut ist).<\/p><p>Es wird auch angegeben, ob die Erhebung Ihrer pers\u00f6nlichen Daten obligatorisch oder freiwillig ist, sowie die m\u00f6glichen Konsequenzen, wenn Sie sich entscheiden, Ihre Daten nicht anzugeben.<\/p><p>Wenn die Verarbeitung auf Ihrer Einwilligung beruht, k\u00f6nnen Sie Ihre Einwilligung jederzeit widerrufen.<\/p><h2 class=\"title3\">EMPF\u00c4NGER IHRER PERS\u00d6NLICHEN DATEN<\/h2><p>F\u00fcr jede spezifische Verarbeitung personenbezogener Daten, die Solable von Ihnen erhebt, teilt Solable Ihnen mit, wer die Empf\u00e4nger dieser Daten sind. Diese Empf\u00e4nger k\u00f6nnen die Abteilungen der Firma Solable und ihre Subunternehmer sein.<\/p><p>Die Subunternehmer der Firma Solable haben einen beschr\u00e4nkten Zugang zu den personenbezogenen Daten, die f\u00fcr die Ausf\u00fchrung der betreffenden Leistungen unbedingt erforderlich sind, und sind vertraglich verpflichtet, diese Daten in \u00dcbereinstimmung mit den geltenden Vorschriften \u00fcber personenbezogene Daten zu verwenden.<\/p><p>Die Firma Solable verpflichtet sich, Ihre pers\u00f6nlichen Daten nicht an Dritte weiterzugeben, au\u00dfer an ihre Subunternehmer. Unter keinen Umst\u00e4nden wird Solable Ihre pers\u00f6nlichen Daten zu kommerziellen Zwecken an Dritte verkaufen, \u00fcbertragen oder austauschen.<\/p><h2 class=\"title3\">DAUER DER SPEICHERUNG VON PERSONENBEZOGENEN DATEN<\/h2><p>Die Dauer der Speicherung Ihrer personenbezogenen Daten ist strikt an die Rechtsgrundlage der Verarbeitung (vertraglich, gesetzlich und regulatorisch oder anderweitig), die Art der betreffenden personenbezogenen Daten und den Zweck der Verarbeitung gebunden.<\/p><p>Bei jeder spezifischen Behandlung wird die Firma Solable Ihnen die Dauer der Aufbewahrung mitteilen.<\/p><p>Nach Ablauf der f\u00fcr den oben genannten Zweck unbedingt erforderlichen Aufbewahrungsdauer oder im Falle der Aus\u00fcbung Ihrer Rechte verpflichtet sich die Firma Solable, alle Ihre personenbezogenen Daten im Rahmen und unter den Bedingungen zu vernichten, die f\u00fcr die Einhaltung ihrer gesetzlichen Verpflichtungen vorgesehen sind (siehe unten \"Ihre Rechte\").<\/p><h2 class=\"title3\">SICHERHEIT VON PERS\u00d6NLICHEN DATEN<\/h2><p>Im Rahmen der Umsetzung ihrer \u00f6ffentlichen Politik legt die Firma Solable gr\u00f6\u00dften Wert auf die Sicherheit Ihrer pers\u00f6nlichen Daten. Die Firma Solable verpflichtet sich, alle angemessenen Vorsichtsma\u00dfnahmen zu treffen und setzt geeignete technische und organisatorische Sicherheitsma\u00dfnahmen ein, um dauerhaft ein Schutzniveau zu gew\u00e4hrleisten, das den Risiken f\u00fcr Ihre Privatsph\u00e4re und Ihre personenbezogenen Daten gegen Ver\u00e4nderung, Zerst\u00f6rung, Verletzung und unberechtigten Zugriff angemessen ist.<\/p><p>Personenbezogene Daten werden auf Hosting-Servern in der Europ\u00e4ischen Union oder in Drittl\u00e4ndern gespeichert, deren Sicherheitsniveau in Bezug auf den Schutz personenbezogener Daten dem in der Europ\u00e4ischen Union und im Europ\u00e4ischen Wirtschaftsraum angebotenen Niveau entspricht.<\/p><p>Gem\u00e4\u00df den geltenden Vorschriften f\u00fchrt Solable ein Verzeichnis der Aktivit\u00e4ten zur Verarbeitung personenbezogener Daten.<\/p><h2 class=\"title3\">IHRE RECHTE<\/h2><p class=\"title4\">Recht auf Zugang :<\/p><p>Sie haben das Recht, Auskunft \u00fcber die personenbezogenen Daten zu verlangen, die wir \u00fcber Sie gespeichert haben.<\/p><p class=\"title4\">Recht auf \u00dcbertragbarkeit von personenbezogenen Daten:<\/p><p>Das Recht auf Daten\u00fcbertragbarkeit gilt f\u00fcr automatisiert verarbeitete Daten, die auf der Grundlage Ihrer vorherigen Einwilligung oder der Erf\u00fcllung eines Vertrags erhoben wurden.<\/p><p class=\"title4\">Dieses Recht auf \u00dcbertragbarkeit gibt Ihnen das Recht :<\/p><p>Die von Ihnen zur Verf\u00fcgung gestellten pers\u00f6nlichen Daten in einem strukturierten, h\u00e4ufig verwendeten und maschinenlesbaren Format abzurufen.<\/p><p>zu verlangen, dass Ihre personenbezogenen Daten direkt an eine andere Stelle weitergeleitet werden. Beachten Sie, dass dieses Recht auf \u00dcbertragung nicht f\u00fcr eine Verarbeitung gilt, die f\u00fcr die Wahrnehmung einer Aufgabe erforderlich ist, die im \u00f6ffentlichen Interesse liegt oder in Aus\u00fcbung \u00f6ffentlicher Gewalt erfolgt, die dem f\u00fcr die Verarbeitung Verantwortlichen \u00fcbertragen wurde.<\/p><p class=\"title4\">Recht auf Berichtigung :<\/p><p>Sie haben das Recht, die Berichtigung Ihrer personenbezogenen Daten zu verlangen, wenn diese unrichtig sind, einschlie\u00dflich der Vervollst\u00e4ndigung Ihrer unvollst\u00e4ndigen personenbezogenen Daten.<\/p><p class=\"title4\">Recht auf L\u00f6schung\/Recht auf Vergessenwerden:<\/p><p>Sie haben das Recht, jederzeit die L\u00f6schung all Ihrer personenbezogenen Daten zu verlangen, die von der Firma Solable in den folgenden F\u00e4llen verarbeitet werden:<\/p><ul><li>Ihre pers\u00f6nlichen Daten sind f\u00fcr die Zwecke, f\u00fcr die sie gesammelt wurden, nicht mehr erforderlich ;<\/li><li>Sie beschlie\u00dfen, Ihre Einwilligung, auf die sich die Verarbeitung st\u00fctzt, zu widerrufen, und es gibt keine andere Rechtsgrundlage f\u00fcr die Verarbeitung ;<\/li><li>Sie legen Widerspruch gegen die Verarbeitung ein und es gibt keinen zwingenden berechtigten Grund f\u00fcr die Verarbeitung ;<\/li><li>Ihre personenbezogenen Daten wurden unrechtm\u00e4\u00dfig verarbeitet ;<\/li><li>Eine gesetzliche Verpflichtung erfordert die L\u00f6schung Ihrer pers\u00f6nlichen Daten.<\/li><\/ul><p>Diese Verpflichtungen gelten jedoch nicht, soweit diese Datenverarbeitung notwendig ist :<\/p><ul><li>Auf die Aus\u00fcbung des Rechts auf freie Meinungs\u00e4u\u00dferung und Informationsfreiheit ;<\/li><li>Um einer gesetzlichen Verpflichtung nachzukommen, der der f\u00fcr die Verarbeitung Verantwortliche unterliegt ;<\/li><li>Um eine Aufgabe auszuf\u00fchren, die im \u00f6ffentlichen Interesse liegt oder in Aus\u00fcbung \u00f6ffentlicher Gewalt erfolgt, die dem f\u00fcr die Verarbeitung Verantwortlichen \u00fcbertragen wurde ;<\/li><li>Aus Gr\u00fcnden des \u00f6ffentlichen Interesses im Bereich der \u00f6ffentlichen Gesundheit ;<\/li><li>F\u00fcr Archivzwecke im \u00f6ffentlichen Interesse, f\u00fcr wissenschaftliche oder historische Forschungszwecke oder f\u00fcr statistische Zwecke ;<\/li><li>Zur Feststellung, Aus\u00fcbung oder Verteidigung von Rechten vor Gericht.<\/li><\/ul><p class=\"title4\">Recht auf Widerspruch gegen die Verarbeitung Ihrer Daten :<\/p><p>Sie haben das Recht, jederzeit gegen die Verarbeitung Ihrer personenbezogenen Daten Widerspruch einzulegen, es sei denn, die Firma Solable kann zwingende und legitime Gr\u00fcnde f\u00fcr die Verarbeitung vorweisen.<\/p><p class=\"title4\">Recht auf Einschr\u00e4nkung der Verarbeitung:<\/p><p>Sie haben das Recht zu verlangen, dass Solable die Verwendung Ihrer personenbezogenen Daten unter den folgenden Umst\u00e4nden einschr\u00e4nkt:<\/p><ul><li>Sie bestreiten die Richtigkeit Ihrer pers\u00f6nlichen Daten ;<\/li><li>Die Verarbeitung ist unrechtm\u00e4\u00dfig, und Sie widersetzen sich ihrer L\u00f6schung und verlangen stattdessen die Einschr\u00e4nkung ihrer Nutzung ;<\/li><li>Die Firma Solable ben\u00f6tigt Ihre personenbezogenen Daten nicht mehr f\u00fcr die Zwecke der Verarbeitung, aber Sie ben\u00f6tigen sie weiterhin f\u00fcr die Feststellung, Aus\u00fcbung oder Verteidigung von Rechtsanspr\u00fcchen vor Gericht,<\/li><li>Sie haben w\u00e4hrend der \u00dcberpr\u00fcfung, ob es berechtigte Gr\u00fcnde f\u00fcr die Fortsetzung der Verarbeitung gibt, Widerspruch gegen die Verarbeitung eingelegt.<\/li><\/ul><p class=\"title4\">Recht, nicht Gegenstand einer individuellen Entscheidung einschlie\u00dflich Profiling zu sein :<\/p><p>Sie haben das Recht, nicht einer Entscheidung unterworfen zu werden, die ausschlie\u00dflich auf einer automatisierten Verarbeitung, einschlie\u00dflich Profiling, beruht und Rechtswirkungen erzeugt, die Sie betreffen oder Sie erheblich beeintr\u00e4chtigen.<\/p><p class=\"title4\">Recht auf Beschwerde bei einer Aufsichtsbeh\u00f6rde :<\/p><p>Wenn Sie der Ansicht sind, dass die Verarbeitung Ihrer personenbezogenen Daten gegen geltendes Recht verst\u00f6\u00dft, haben Sie die M\u00f6glichkeit, eine Beschwerde bei der Commission nationale de l'informatique et des libert\u00e9s (CNIL) einzureichen.<\/p><h2 class=\"title3\">IHRE RECHTE AUS\u00dcBEN<\/h2><p>Sie k\u00f6nnen die Firma Solable per Post kontaktieren:<\/p><p>8, avenue Fernand Julien - Z.A. de Bertoire - 13410 Lambesc - Frankreich<\/p><p>oder per E-Mail: contact@lavie.bio<\/p><h2 class=\"title3\">VERTRAULICHKEIT VON PERS\u00d6NLICHEN DATEN<\/h2><p>Das Unternehmen Solable garantiert die Vertraulichkeit Ihrer verarbeiteten personenbezogenen Daten und stellt sicher, dass die zur Verarbeitung dieser Daten befugten Personen sich ebenfalls zur Einhaltung dieser Vertraulichkeitsverpflichtung verpflichten.<\/p><p>Personenbezogene Daten k\u00f6nnen verwendet werden, um Anzeigen zu personalisieren, und Cookies k\u00f6nnen verwendet werden, um (personalisierte oder nicht personalisierte) Werbung zu schalten.<\/p><p class=\"title4\">Google:<\/p><p>Datenschutzbestimmungen und Nutzungsbedingungen von Google<\/p><p class=\"title4\">Klavyio, Marketing-E-Mails :<\/p><p>Datenschutzbestimmungen und Nutzungsbedingungen von Klavyio<\/p><\/div><\/div><\/div><\/div><\/div><\/div><\/div><\/article><p>\u00a0<\/p><\/div><\/div><\/div><div id=\"astra-mobile-cart-drawer\" class=\"astra-cart-drawer\"><div class=\"astra-cart-drawer-content\"><div class=\"widget woocommerce widget_shopping_cart\"><div class=\"widget_shopping_cart_content\"><p class=\"woocommerce-mini-cart__buttons buttons\">\u00a0<\/p><\/div><\/div><\/div><\/div><footer id=\"colophon\" class=\"site-footer\"><div class=\"site-above-footer-wrap ast-builder-grid-row-container site-footer-focus-item ast-builder-grid-row-full ast-builder-grid-row-tablet-full ast-builder-grid-row-mobile-full ast-footer-row-stack ast-footer-row-tablet-stack ast-footer-row-mobile-stack\" data-section=\"section-above-footer-builder\"><div class=\"ast-builder-grid-row-container-inner\"><div class=\"ast-builder-footer-grid-columns site-above-footer-inner-wrap ast-builder-grid-row\"><div class=\"site-footer-above-section-1 site-footer-section site-footer-section-1\"><aside class=\"footer-widget-area widget-area site-footer-focus-item footer-widget-area-inner\" data-section=\"sidebar-widgets-footer-widget-2\" aria-label=\"Footer Widget 2\"><section id=\"custom_html-17\" class=\"widget_text widget widget_custom_html\"><div class=\"textwidget custom-html-widget\">\u00a0<\/div><\/section><\/aside><\/div><\/div><\/div><\/div><\/footer>\t\t\t\t\t\t\t\t<\/div>\n\t\t\t\t\t<\/div>\n\t\t\t\t<\/div>\n\t\t<div class=\"elementor-element elementor-element-65b1ace e-flex e-con-boxed e-con e-parent\" data-id=\"65b1ace\" data-element_type=\"container\" data-e-type=\"container\">\n\t\t\t\t\t<div class=\"e-con-inner\">\n\t\t\t\t<div class=\"elementor-element elementor-element-20185c0 elementor-widget elementor-widget-spacer\" data-id=\"20185c0\" data-element_type=\"widget\" data-e-type=\"widget\" data-widget_type=\"spacer.default\">\n\t\t\t\t\t\t\t<div class=\"elementor-spacer\">\n\t\t\t<div class=\"elementor-spacer-inner\"><\/div>\n\t\t<\/div>\n\t\t\t\t\t\t<\/div>\n\t\t\t\t\t<\/div>\n\t\t\t\t<\/div>\n\t\t\t\t<\/div>","protected":false},"excerpt":{"rendered":"<p>Politique de confidentialit\u00e9 \u00a0 Dans ce cadre de la vente en ligne de nos purificateurs, la soci\u00e9t\u00e9 Solable est amen\u00e9e \u00e0 traiter vos donn\u00e9es personnelles strictement n\u00e9cessaires. Les \u00ab donn\u00e9es \u00e0 caract\u00e8re personnel \u00bb (\u00ab donn\u00e9es personnelles \u00bb) sont les informations qui permettent de vous identifier directement ou indirectement. La confidentialit\u00e9 des donn\u00e9es personnelles est [&hellip;]<\/p>\n","protected":false},"author":3,"featured_media":3186,"parent":0,"menu_order":200,"comment_status":"closed","ping_status":"closed","template":"","meta":{"footnotes":""},"class_list":["post-3366","page","type-page","status-publish","has-post-thumbnail","hentry"],"_links":{"self":[{"href":"https:\/\/lavie.bio\/de\/wp-json\/wp\/v2\/pages\/3366","targetHints":{"allow":["GET"]}}],"collection":[{"href":"https:\/\/lavie.bio\/de\/wp-json\/wp\/v2\/pages"}],"about":[{"href":"https:\/\/lavie.bio\/de\/wp-json\/wp\/v2\/types\/page"}],"author":[{"embeddable":true,"href":"https:\/\/lavie.bio\/de\/wp-json\/wp\/v2\/users\/3"}],"replies":[{"embeddable":true,"href":"https:\/\/lavie.bio\/de\/wp-json\/wp\/v2\/comments?post=3366"}],"version-history":[{"count":0,"href":"https:\/\/lavie.bio\/de\/wp-json\/wp\/v2\/pages\/3366\/revisions"}],"wp:featuredmedia":[{"embeddable":true,"href":"https:\/\/lavie.bio\/de\/wp-json\/wp\/v2\/media\/3186"}],"wp:attachment":[{"href":"https:\/\/lavie.bio\/de\/wp-json\/wp\/v2\/media?parent=3366"}],"curies":[{"name":"wp","href":"https:\/\/api.w.org\/{rel}","templated":true}]}}