{"id":3269,"date":"2022-11-30T06:49:46","date_gmt":"2022-11-30T06:49:46","guid":{"rendered":"https:\/\/lavie.bio\/?page_id=3269"},"modified":"2025-02-12T17:22:53","modified_gmt":"2025-02-12T16:22:53","slug":"rechtliche-hinweise","status":"publish","type":"page","link":"https:\/\/lavie.bio\/de\/mentions-legales\/","title":{"rendered":"Rechtliche Hinweise"},"content":{"rendered":"<div data-elementor-type=\"wp-page\" data-elementor-id=\"3269\" class=\"elementor elementor-3269\" data-elementor-post-type=\"page\">\n\t\t\t\t<div class=\"elementor-element elementor-element-fea6dbb e-flex e-con-boxed e-con e-parent\" data-id=\"fea6dbb\" data-element_type=\"container\" data-e-type=\"container\">\n\t\t\t\t\t<div class=\"e-con-inner\">\n\t\t\t\t<div class=\"elementor-element elementor-element-65e25de elementor-widget elementor-widget-spacer\" data-id=\"65e25de\" data-element_type=\"widget\" data-e-type=\"widget\" data-widget_type=\"spacer.default\">\n\t\t\t\t\t\t\t<div class=\"elementor-spacer\">\n\t\t\t<div class=\"elementor-spacer-inner\"><\/div>\n\t\t<\/div>\n\t\t\t\t\t\t<\/div>\n\t\t\t\t<div class=\"elementor-element elementor-element-80d9686 elementor-widget elementor-widget-heading\" data-id=\"80d9686\" data-element_type=\"widget\" data-e-type=\"widget\" data-widget_type=\"heading.default\">\n\t\t\t\t\t<h1 class=\"elementor-heading-title elementor-size-default\">Rechtliche Hinweise<\/h1>\t\t\t\t<\/div>\n\t\t\t\t\t<\/div>\n\t\t\t\t<\/div>\n\t\t<div class=\"elementor-element elementor-element-17b601a e-flex e-con-boxed e-con e-parent\" data-id=\"17b601a\" data-element_type=\"container\" data-e-type=\"container\">\n\t\t\t\t\t<div class=\"e-con-inner\">\n\t\t\t\t<div class=\"elementor-element elementor-element-9b10003 elementor-widget elementor-widget-spacer\" data-id=\"9b10003\" data-element_type=\"widget\" data-e-type=\"widget\" data-widget_type=\"spacer.default\">\n\t\t\t\t\t\t\t<div class=\"elementor-spacer\">\n\t\t\t<div class=\"elementor-spacer-inner\"><\/div>\n\t\t<\/div>\n\t\t\t\t\t\t<\/div>\n\t\t\t\t<div class=\"elementor-element elementor-element-2a72df4 elementor-widget elementor-widget-text-editor\" data-id=\"2a72df4\" data-element_type=\"widget\" data-e-type=\"widget\" data-widget_type=\"text-editor.default\">\n\t\t\t\t\t\t\t\t\t<div id=\"content\" class=\"site-content\"><div class=\"ast-container\"><div id=\"primary\" class=\"content-area primary\"><div id=\"content\" class=\"site-content\"><div class=\"ast-container\"><div id=\"primary\" class=\"content-area primary\"><article id=\"post-3269\" class=\"post-3269 page type-page status-publish has-post-thumbnail ast-article-single\"><div class=\"entry-content clear\"><div class=\"vc_row wpb_row vc_row-fluid\"><div class=\"wpb_column vc_column_container vc_col-sm-12\"><div class=\"vc_column-inner\"><div class=\"wpb_wrapper\"><div class=\"wpb_text_column wpb_content_element\"><div class=\"wpb_wrapper\"><h2 class=\"title3\">RECHTLICHE HINWEISE\u00a0<\/h2><p>Solaire (DasLeben)<br \/>8 AV FERNAND JULIEN 13410 LAMBESC<br \/>SAS mit einem Stammkapital von 13500\u20ac.<br \/>Eingetragen im RCS am 02-06-2015<br \/>811565803<\/p><h2 class=\"title3\">URHEBERRECHTE - COPYRIGHT<\/h2><p>Die gesamte Website unterliegt der franz\u00f6sischen und internationalen Gesetzgebung \u00fcber das Urheberrecht und das geistige Eigentum. Alle Vervielf\u00e4ltigungsrechte sind vorbehalten, einschlie\u00dflich der herunterladbaren Dokumente und der ikonografischen und fotografischen Darstellungen.<\/p><p>Die Vervielf\u00e4ltigung dieser Website oder von Teilen davon auf elektronischen Datentr\u00e4gern jeglicher Art ist ohne die ausdr\u00fcckliche Genehmigung des Herausgebers ausdr\u00fccklich verboten.<\/p><p>Die Vervielf\u00e4ltigung der Texte dieser Website auf Papier ist unter bestimmten Bedingungen f\u00fcr den pers\u00f6nlichen Gebrauch oder zu p\u00e4dagogischen Zwecken m\u00f6glich:<\/p><h2 class=\"title3\">KOSTENLOSE VERBREITUNG<\/h2><p>Wahrung der Integrit\u00e4t der reproduzierten Dokumente: keine \u00c4nderungen oder Verf\u00e4lschungen jeglicher Art ;<\/p><p>Klare und sichtbare Zitierung der Informationsquelle in folgender Form, z. B. :<\/p><p>\"Dieses Dokument stammt von der Internetseite www.lavie.bio\".<\/p><p>Die Internetadresse muss unbedingt in der Referenz angegeben werden. F\u00fcr andere Verwendungszwecke wenden Sie sich bitte an uns.<\/p><p>Die Vervielf\u00e4ltigung von Texten, Tabellen, Grafiken, Fotos usw. dieser Website auf Papier oder elektronischen Datentr\u00e4gern ist untersagt:<\/p><ul><li>Zu kommerziellen Zwecken oder zur Verteilung.<\/li><li>Durch wiederholte oder systematische Extraktion von gesch\u00fctzten oder nicht gesch\u00fctzten Elementen der Website www.lavie.bio, die ihr in irgendeiner Weise Schaden zuf\u00fcgen.<\/li><li>Durch den Mechanismus von Links. Insbesondere bei der Darstellung einer Seite der Website www.lavie.bio in Rahmen oder \"Frames\", die nicht zur Website www.lavie.bio geh\u00f6ren, dank der Technik des \"Framing\" oder der Verwendung eines Elements in einer externen Website dank der Technik des \"Inline-Linking\".<\/li><\/ul><h2 class=\"title3\">STANDORT\u00c4NDERUNG<\/h2><p>Solable beh\u00e4lt sich das Recht vor, den Inhalt dieser Website und diesen rechtlichen Hinweis jederzeit und ohne Vorank\u00fcndigung zu \u00e4ndern oder zu korrigieren.<\/p><h2 class=\"title3\">NUTZERKOMMUNIKATION<\/h2><p>Es ist Ihnen ausdr\u00fccklich untersagt, in und an diese Website ungesetzliche, bedrohliche, beleidigende, diffamierende, obsz\u00f6ne, pornografische oder gegen nationale, europ\u00e4ische oder internationale Gesetze versto\u00dfende Mitteilungen aufzunehmen oder zu \u00fcbertragen, unabh\u00e4ngig davon, welches Mittel Sie daf\u00fcr verwenden (E-Mail oder Videodatei ...).<\/p><h2 class=\"title3\">LINKS ZU ANDEREN INTERNETSEITEN<\/h2><p>Die Links zu anderen Websites auf dieser Website werden ausschlie\u00dflich bereitgestellt, um Ihnen m\u00f6glichst umfassende Informationen zu bieten. Wenn Sie diese Links verwenden, verlassen Sie die Website www.lavie.bio. Das Unternehmen Solable hat die Seite, auf die der aktive Link zeigt, \u00fcberpr\u00fcft, kontrolliert jedoch nicht und ist nicht f\u00fcr diese Seiten oder deren Inhalt verantwortlich.<\/p><p>Aus diesem Grund \u00fcbernimmt die Firma Solable keine Verantwortung f\u00fcr diese Websites oder die darin enthaltenen Informationen, Software oder andere Dokumente oder f\u00fcr die Folgen ihrer Nutzung. Wenn Sie sich dazu entschlie\u00dfen, auf externe Websites zuzugreifen, die mit unserer Website verlinkt sind, tun Sie dies auf eigene Verantwortung.<\/p><h2 class=\"title3\">HAFTUNGSBEFREIUNG<\/h2><p>Es obliegt dem Nutzer dieser Website, alle geeigneten Ma\u00dfnahmen zu ergreifen, um seine eigenen Daten und\/oder Software vor einer Kontamination durch m\u00f6gliche Viren zu sch\u00fctzen, die im Internet zirkulieren.<\/p><p>Die Firma Solable kann nicht f\u00fcr direkte oder indirekte Sch\u00e4den haftbar gemacht werden, die sich aus der Nutzung ihrer Website oder anderer mit ihr verbundener Websites ergeben, insbesondere aufgrund des Nicht-Zugriffs auf ihre Website, aufgrund von Funktionsst\u00f6rungen im Zusammenhang mit dem Internet, dem Host der Website oder dem Host eines Teils der Website oder aufgrund einer Unterbrechung des Dienstes aufgrund von Wartungs- oder Aktualisierungsarbeiten.<\/p><p>Diese Website unterliegt dem franz\u00f6sischen Recht.<\/p><\/div><\/div><\/div><\/div><\/div><\/div><\/div><\/article><\/div><\/div><\/div><\/div><\/div><\/div>\t\t\t\t\t\t\t\t<\/div>\n\t\t\t\t\t<\/div>\n\t\t\t\t<\/div>\n\t\t<div class=\"elementor-element elementor-element-b55df53 e-flex e-con-boxed e-con e-parent\" data-id=\"b55df53\" data-element_type=\"container\" data-e-type=\"container\">\n\t\t\t\t\t<div class=\"e-con-inner\">\n\t\t\t\t<div class=\"elementor-element elementor-element-8afa726 elementor-widget elementor-widget-spacer\" data-id=\"8afa726\" data-element_type=\"widget\" data-e-type=\"widget\" data-widget_type=\"spacer.default\">\n\t\t\t\t\t\t\t<div class=\"elementor-spacer\">\n\t\t\t<div class=\"elementor-spacer-inner\"><\/div>\n\t\t<\/div>\n\t\t\t\t\t\t<\/div>\n\t\t\t\t\t<\/div>\n\t\t\t\t<\/div>\n\t\t\t\t<\/div>","protected":false},"excerpt":{"rendered":"<p>Mentions L\u00e9gales MENTIONS L\u00c9GALES\u00a0 Solable (LaVie)8 AV FERNAND JULIEN 13410 LAMBESCSAS au capital social de 13500\u20acImmatricul\u00e9e au RCS le 02-06-2015811565803 DROITS D\u2019AUTEUR \u2013 COPYRIGHT L\u2019ensemble de ce site rel\u00e8ve de la l\u00e9gislation fran\u00e7aise et internationale sur le droit d\u2019auteur et la propri\u00e9t\u00e9 intellectuelle. Tous les droits de reproduction sont r\u00e9serv\u00e9s, y compris les documents t\u00e9l\u00e9chargeables [&hellip;]<\/p>\n","protected":false},"author":3,"featured_media":3186,"parent":0,"menu_order":200,"comment_status":"closed","ping_status":"closed","template":"elementor_header_footer","meta":{"footnotes":""},"class_list":["post-3269","page","type-page","status-publish","has-post-thumbnail","hentry"],"_links":{"self":[{"href":"https:\/\/lavie.bio\/de\/wp-json\/wp\/v2\/pages\/3269","targetHints":{"allow":["GET"]}}],"collection":[{"href":"https:\/\/lavie.bio\/de\/wp-json\/wp\/v2\/pages"}],"about":[{"href":"https:\/\/lavie.bio\/de\/wp-json\/wp\/v2\/types\/page"}],"author":[{"embeddable":true,"href":"https:\/\/lavie.bio\/de\/wp-json\/wp\/v2\/users\/3"}],"replies":[{"embeddable":true,"href":"https:\/\/lavie.bio\/de\/wp-json\/wp\/v2\/comments?post=3269"}],"version-history":[{"count":0,"href":"https:\/\/lavie.bio\/de\/wp-json\/wp\/v2\/pages\/3269\/revisions"}],"wp:featuredmedia":[{"embeddable":true,"href":"https:\/\/lavie.bio\/de\/wp-json\/wp\/v2\/media\/3186"}],"wp:attachment":[{"href":"https:\/\/lavie.bio\/de\/wp-json\/wp\/v2\/media?parent=3269"}],"curies":[{"name":"wp","href":"https:\/\/api.w.org\/{rel}","templated":true}]}}