{"id":3254,"date":"2022-11-30T06:07:25","date_gmt":"2022-11-30T06:07:25","guid":{"rendered":"https:\/\/lavie.bio\/?page_id=3254"},"modified":"2026-02-25T09:20:11","modified_gmt":"2026-02-25T08:20:11","slug":"rgpd-konformitat","status":"publish","type":"page","link":"https:\/\/lavie.bio\/de\/conformite-rgpd\/","title":{"rendered":"Einhaltung der DSGVO"},"content":{"rendered":"<div data-elementor-type=\"wp-page\" data-elementor-id=\"3254\" class=\"elementor elementor-3254\" data-elementor-post-type=\"page\">\n\t\t\t\t<div class=\"elementor-element elementor-element-ba0cf32 e-flex e-con-boxed e-con e-parent\" data-id=\"ba0cf32\" data-element_type=\"container\" data-e-type=\"container\">\n\t\t\t\t\t<div class=\"e-con-inner\">\n\t\t\t\t<div class=\"elementor-element elementor-element-ea2b8e3 elementor-widget elementor-widget-spacer\" data-id=\"ea2b8e3\" data-element_type=\"widget\" data-e-type=\"widget\" data-widget_type=\"spacer.default\">\n\t\t\t\t\t\t\t<div class=\"elementor-spacer\">\n\t\t\t<div class=\"elementor-spacer-inner\"><\/div>\n\t\t<\/div>\n\t\t\t\t\t\t<\/div>\n\t\t\t\t<div class=\"elementor-element elementor-element-21bd7ee elementor-widget elementor-widget-heading\" data-id=\"21bd7ee\" data-element_type=\"widget\" data-e-type=\"widget\" data-widget_type=\"heading.default\">\n\t\t\t\t\t<h1 class=\"elementor-heading-title elementor-size-default\">Einhaltung der DSGVO<\/h1>\t\t\t\t<\/div>\n\t\t\t\t<div class=\"elementor-element elementor-element-a1f1f2d elementor-widget elementor-widget-spacer\" data-id=\"a1f1f2d\" data-element_type=\"widget\" data-e-type=\"widget\" data-widget_type=\"spacer.default\">\n\t\t\t\t\t\t\t<div class=\"elementor-spacer\">\n\t\t\t<div class=\"elementor-spacer-inner\"><\/div>\n\t\t<\/div>\n\t\t\t\t\t\t<\/div>\n\t\t\t\t\t<\/div>\n\t\t\t\t<\/div>\n\t\t<div class=\"elementor-element elementor-element-63a7988d e-flex e-con-boxed e-con e-parent\" data-id=\"63a7988d\" data-element_type=\"container\" data-e-type=\"container\">\n\t\t\t\t\t<div class=\"e-con-inner\">\n\t\t\t\t<div class=\"elementor-element elementor-element-7c9b6d7e elementor-widget elementor-widget-text-editor\" data-id=\"7c9b6d7e\" data-element_type=\"widget\" data-e-type=\"widget\" data-widget_type=\"text-editor.default\">\n\t\t\t\t\t\t\t\t\t<p class=\"tcenter\">Die Anwendung, die verwendet wird, um die Einhaltung der DSGVO\/CCPA auf dieser Website zu gew\u00e4hrleisten, sammelt Ihre IP-Adresse und E-Mail-Adresse, um die Daten zu verarbeiten.\u00a0 <a href=\"https:\/\/lavie.bio\/de\/datenschutzrichtlinie\/\">Datenschutzrichtlinie<\/a>.<\/p><h2 class=\"title3\">Berichtigung von Daten<\/h2><p class=\"tleft\">Sie k\u00f6nnen den unten stehenden Link verwenden, um Ihre Kontodaten zu aktualisieren, falls diese nicht korrekt sind.<\/p><ul><li><a href=\"#\">Bearbeiten Sie Ihre Kontoinformationen<\/a><\/li><\/ul><h2 class=\"title3\">\u00dcbertragbarkeit von Daten<\/h2><p class=\"tleft\">Sie k\u00f6nnen die unten stehenden Links verwenden, um alle Daten herunterzuladen, die wir speichern und f\u00fcr eine bessere Erfahrung in unserem Gesch\u00e4ft verwenden.<\/p><ul><li><a href=\"#\">CCPA-Antrag (Kanada)<\/a><\/li><li><a href=\"#\">Pers\u00f6nliche Informationen<\/a><\/li><li><a href=\"#\">Befehle<\/a><\/li><\/ul><h2 class=\"title3\">Zugang zu pers\u00f6nlichen Daten<\/h2><p class=\"tleft\">Sie k\u00f6nnen den unten stehenden Link verwenden, um einen Bericht anzufordern, der alle pers\u00f6nlichen Informationen enth\u00e4lt, die wir f\u00fcr Sie speichern.<\/p><ul><li><a href=\"#\">Fordern Sie einen Bericht an<\/a><\/li><\/ul><h2 class=\"title3\">Wir verkaufen Ihre Informationen nicht<\/h2><p class=\"tleft\">Aber Sie k\u00f6nnen eine Anfrage einreichen, um uns mitzuteilen, dass Sie nicht damit einverstanden sind, dass Ihre pers\u00f6nlichen Daten gesammelt werden.<\/p><ul><li><a href=\"#\">Sammeln Sie meine Daten nicht<\/a><\/li><\/ul><h2 class=\"title3\">Recht auf Vergessen<\/h2><p class=\"tleft\">Verwende diese Option, wenn du deine pers\u00f6nlichen und anderen Daten aus unserem Shop l\u00f6schen m\u00f6chtest. Bedenke, dass dieser Vorgang dein Konto l\u00f6scht, sodass du nicht mehr darauf zugreifen oder es nutzen kannst.<\/p><ul><li><a href=\"#\">Beantragen Sie die L\u00f6schung Ihrer pers\u00f6nlichen Daten<\/a><\/li><\/ul>\t\t\t\t\t\t\t\t<\/div>\n\t\t\t\t\t<\/div>\n\t\t\t\t<\/div>\n\t\t\t\t<\/div>","protected":false},"excerpt":{"rendered":"<p>Conformit\u00e9 RGPD L&#8217;application utilis\u00e9e pour assurer la conformit\u00e9 RGPD\/CCPA de ce site collecte votre adresse IP et l&#8217;adresse e-mail afin de traiter les donn\u00e9es.\u00a0 Politique de confidentialit\u00e9. Rectification des donn\u00e9es Vous pouvez utiliser le lien ci-dessous pour mettre \u00e0 jour les donn\u00e9es de votre compte si elles ne sont pas exactes. Modifiez les informations de [&hellip;]<\/p>\n","protected":false},"author":3,"featured_media":0,"parent":0,"menu_order":200,"comment_status":"closed","ping_status":"closed","template":"elementor_header_footer","meta":{"footnotes":""},"class_list":["post-3254","page","type-page","status-publish","hentry"],"_links":{"self":[{"href":"https:\/\/lavie.bio\/de\/wp-json\/wp\/v2\/pages\/3254","targetHints":{"allow":["GET"]}}],"collection":[{"href":"https:\/\/lavie.bio\/de\/wp-json\/wp\/v2\/pages"}],"about":[{"href":"https:\/\/lavie.bio\/de\/wp-json\/wp\/v2\/types\/page"}],"author":[{"embeddable":true,"href":"https:\/\/lavie.bio\/de\/wp-json\/wp\/v2\/users\/3"}],"replies":[{"embeddable":true,"href":"https:\/\/lavie.bio\/de\/wp-json\/wp\/v2\/comments?post=3254"}],"version-history":[{"count":3,"href":"https:\/\/lavie.bio\/de\/wp-json\/wp\/v2\/pages\/3254\/revisions"}],"predecessor-version":[{"id":83861,"href":"https:\/\/lavie.bio\/de\/wp-json\/wp\/v2\/pages\/3254\/revisions\/83861"}],"wp:attachment":[{"href":"https:\/\/lavie.bio\/de\/wp-json\/wp\/v2\/media?parent=3254"}],"curies":[{"name":"wp","href":"https:\/\/api.w.org\/{rel}","templated":true}]}}