{"id":3,"date":"2022-11-29T11:21:33","date_gmt":"2022-11-29T11:21:33","guid":{"rendered":"https:\/\/lavie.bio\/?page_id=3"},"modified":"2026-03-16T19:06:12","modified_gmt":"2026-03-16T18:06:12","slug":"kontakt","status":"publish","type":"page","link":"https:\/\/lavie.bio\/de\/contact\/","title":{"rendered":"Kontakt"},"content":{"rendered":"\t\t<div data-elementor-type=\"wp-page\" data-elementor-id=\"3\" class=\"elementor elementor-3\" data-elementor-post-type=\"page\">\n\t\t\t\t<div class=\"elementor-element elementor-element-6b40d3c0 e-flex e-con-boxed e-con e-parent\" data-id=\"6b40d3c0\" data-element_type=\"container\" data-e-type=\"container\">\n\t\t\t\t\t<div class=\"e-con-inner\">\n\t\t\t\t<div class=\"elementor-element elementor-element-3d6149e9 elementor-widget elementor-widget-shortcode\" data-id=\"3d6149e9\" data-element_type=\"widget\" data-e-type=\"widget\" data-widget_type=\"shortcode.default\">\n\t\t\t\t\t\t\t<div class=\"elementor-shortcode\"><style>\/**\n * Breadcrumbs Styles\n *\n * Styles for custom breadcrumbs.\n *\n * @package HelloElementorChild\n *\/\n\nheader + * .lavie-bc-divider,\nheader ~ * .lavie-bc-divider,\n.elementor-location-header + * .lavie-bc-divider,\n.elementor-location-header ~ * .lavie-bc-divider{margin-top:0 !important;padding-bottom:10px}\n.lavie-breadcrumbs{width:100vw;margin-left:calc(50% - 50vw);margin-right:calc(50% - 50vw);padding:0 clamp(16px,5vw,80px) 8px}\n.lavie-bc-inner{max-width:1280px;margin:0 auto;display:flex;align-items:center;justify-content:center;gap:8px;flex-wrap:wrap}\n.lavie-bc-home{display:inline-flex;width:20px;height:20px;align-items:center;justify-content:center}\n.lavie-bc-dot{width:4px;height:4px;background:#8ACFEE;border-radius:50%;display:inline-block}\n.lavie-bc-link{font-family:Nunito,sans-serif;font-weight:700;font-size:14px;line-height:20px;color:#1882B1;text-decoration:none}\n.lavie-bc-link:hover{text-decoration:none}\n.lavie-bc-current{font-family:Nunito,sans-serif;font-weight:700;font-size:14px;line-height:20px;color:rgba(6,48,67,.6)}\n.lavie-bc-divider{width:720px;height:0;border-top:1px solid #C9E1EB;margin:0 auto;flex:none;order:0;flex-grow:0}\n@media(max-width:600px){.lavie-breadcrumbs{padding:0 16px 6px}.lavie-bc-divider{display:none}}\n<\/style><div class=\"lavie-bc-divider\" aria-hidden=\"true\"><\/div><nav class=\"lavie-breadcrumbs\" aria-label=\"Fil d'Ariane\"><div class=\"lavie-bc-inner\"><a class=\"lavie-bc-home\" href=\"https:\/\/lavie.bio\/de\/\" aria-label=\"Accueil\"><svg width=\"20\" height=\"20\" viewBox=\"0 0 20 20\" fill=\"none\" xmlns=\"http:\/\/www.w3.org\/2000\/svg\" aria-hidden=\"true\"><path d=\"M16.6667 6.66666L11.6667 2.28333C11.2084 1.87337 10.615 1.64672 10.0001 1.64672C9.38513 1.64672 8.79176 1.87337 8.33341 2.28333L3.33341 6.66666C3.06872 6.90339 2.8575 7.19379 2.71381 7.51853C2.57012 7.84327 2.49726 8.1949 2.50008 8.55V15.8333C2.50008 16.4964 2.76347 17.1323 3.23231 17.6011C3.70115 18.0699 4.33704 18.3333 5.00008 18.3333H15.0001C15.6631 18.3333 16.299 18.0699 16.7678 17.6011C17.2367 17.1323 17.5001 16.4964 17.5001 15.8333V8.54166C17.5017 8.18797 17.4283 7.83795 17.2846 7.51473C17.141 7.19152 16.9304 6.90246 16.6667 6.66666ZM11.6667 16.6667H8.33341V12.5C8.33341 12.279 8.42121 12.067 8.57749 11.9107C8.73377 11.7545 8.94573 11.6667 9.16675 11.6667H10.8334C11.0544 11.6667 11.2664 11.7545 11.4227 11.9107C11.5789 12.067 11.6667 12.279 11.6667 12.5V16.6667ZM15.8334 15.8333C15.8334 16.0543 15.7456 16.2663 15.5893 16.4226C15.4331 16.5789 15.2211 16.6667 15.0001 16.6667H13.3334V12.5C13.3334 11.837 13.07 11.2011 12.6012 10.7322C12.1323 10.2634 11.4965 10 10.8334 10H9.16675C8.5037 10 7.86782 10.2634 7.39898 10.7322C6.93014 11.2011 6.66675 11.837 6.66675 12.5V16.6667H5.00008C4.77907 16.6667 4.5671 16.5789 4.41082 16.4226C4.25454 16.2663 4.16675 16.0543 4.16675 15.8333V8.54166C4.1669 8.42334 4.19224 8.30641 4.24109 8.19865C4.28995 8.09088 4.36119 7.99476 4.45008 7.91666L9.45008 3.54166C9.60215 3.40806 9.79766 3.33439 10.0001 3.33439C10.2025 3.33439 10.398 3.40806 10.5501 3.54166L15.5501 7.91666C15.639 7.99476 15.7102 8.09088 15.7591 8.19865C15.8079 8.30641 15.8333 8.42334 15.8334 8.54166V15.8333Z\" fill=\"#1882B1\"\/><\/svg><\/a><span class=\"lavie-bc-dot\" aria-hidden=\"true\"><\/span><span class=\"lavie-bc-current\">Contact<\/span><\/div><\/nav><\/div>\n\t\t\t\t\t\t<\/div>\n\t\t\t\t\t<\/div>\n\t\t\t\t<\/div>\n\t\t<div class=\"elementor-element elementor-element-1cc40bfe e-con-full e-flex e-con e-parent\" data-id=\"1cc40bfe\" data-element_type=\"container\" data-e-type=\"container\">\n\t\t<div class=\"elementor-element elementor-element-67cb7849 e-con-full e-flex e-con e-child\" data-id=\"67cb7849\" data-element_type=\"container\" data-e-type=\"container\" data-settings=\"{&quot;background_background&quot;:&quot;classic&quot;}\">\n\t\t\t\t<div class=\"elementor-element elementor-element-7899d0c8 elementor-widget elementor-widget-heading\" data-id=\"7899d0c8\" data-element_type=\"widget\" data-e-type=\"widget\" data-widget_type=\"heading.default\">\n\t\t\t\t\t<h2 class=\"elementor-heading-title elementor-size-default\">\u00c0 votre \u00e9coute<\/h2>\t\t\t\t<\/div>\n\t\t\t\t<div class=\"elementor-element elementor-element-626fbb29 elementor-widget elementor-widget-text-editor\" data-id=\"626fbb29\" data-element_type=\"widget\" data-e-type=\"widget\" data-widget_type=\"text-editor.default\">\n\t\t\t\t\t\t\t\t\t<p>Notre chat en ligne est souvent le moyen le plus rapide d\u2019obtenir une r\u00e9ponse \u2014 pensez \u00e0 lui poser votre question.<\/p><p>Sinon, notre \u00e9quipe vous r\u00e9pond par e-mail sous 24 \u00e0 48 h. Nous sommes l\u00e0 pour vous accompagner, avant comme apr\u00e8s votre achat.<\/p>\t\t\t\t\t\t\t\t<\/div>\n\t\t\t\t<\/div>\n\t\t\t\t<\/div>\n\t\t<div class=\"elementor-element elementor-element-51355483 e-con-full e-flex e-con e-parent\" data-id=\"51355483\" data-element_type=\"container\" data-e-type=\"container\">\n\t\t\t\t<div class=\"elementor-element elementor-element-3b835eeb elementor-widget elementor-widget-heading\" data-id=\"3b835eeb\" data-element_type=\"widget\" data-e-type=\"widget\" data-widget_type=\"heading.default\">\n\t\t\t\t\t<h2 class=\"elementor-heading-title elementor-size-default\">Contactez-nous<\/h2>\t\t\t\t<\/div>\n\t\t\t\t<div class=\"elementor-element elementor-element-8e0924e elementor-button-align-stretch elementor-widget elementor-widget-form\" data-id=\"8e0924e\" data-element_type=\"widget\" data-e-type=\"widget\" data-settings=\"{&quot;step_next_label&quot;:&quot;Suivant&quot;,&quot;step_previous_label&quot;:&quot;Pr\\u00e9c\\u00e9dent&quot;,&quot;button_width&quot;:&quot;100&quot;,&quot;step_type&quot;:&quot;number_text&quot;,&quot;step_icon_shape&quot;:&quot;circle&quot;}\" data-widget_type=\"form.default\">\n\t\t\t\t\t\t\t<form class=\"elementor-form\" method=\"post\" name=\"Nouveau formulaire\" aria-label=\"Nouveau formulaire\">\n\t\t\t<input type=\"hidden\" name=\"post_id\" value=\"3\"\/>\n\t\t\t<input type=\"hidden\" name=\"form_id\" value=\"8e0924e\"\/>\n\t\t\t<input type=\"hidden\" name=\"referer_title\" value=\"Contact | LaVie\" \/>\n\n\t\t\t\t\t\t\t<input type=\"hidden\" name=\"queried_id\" value=\"3\"\/>\n\t\t\t\n\t\t\t<div class=\"elementor-form-fields-wrapper elementor-labels-\">\n\t\t\t\t\t\t\t\t<div class=\"elementor-field-type-text elementor-field-group elementor-column elementor-field-group-name elementor-col-100\">\n\t\t\t\t\t\t\t\t\t\t\t\t<label for=\"form-field-name\" class=\"elementor-field-label elementor-screen-only\">\n\t\t\t\t\t\t\t\tVotre nom\t\t\t\t\t\t\t<\/label>\n\t\t\t\t\t\t\t\t\t\t\t\t\t\t<input size=\"1\" type=\"text\" name=\"form_fields[name]\" id=\"form-field-name\" class=\"elementor-field elementor-size-sm  elementor-field-textual\" placeholder=\"Votre nom\">\n\t\t\t\t\t\t\t\t\t\t\t<\/div>\n\t\t\t\t\t\t\t\t<div class=\"elementor-field-type-tel elementor-field-group elementor-column elementor-field-group-field_44983b8 elementor-col-100\">\n\t\t\t\t\t\t\t\t\t\t\t\t<label for=\"form-field-field_44983b8\" class=\"elementor-field-label elementor-screen-only\">\n\t\t\t\t\t\t\t\tVotre num\u00e9ro de t\u00e9l\u00e9phone\t\t\t\t\t\t\t<\/label>\n\t\t\t\t\t\t\t\t<input size=\"1\" type=\"tel\" name=\"form_fields[field_44983b8]\" id=\"form-field-field_44983b8\" class=\"elementor-field elementor-size-sm  elementor-field-textual\" placeholder=\"Votre num\u00e9ro de t\u00e9l\u00e9phone\" pattern=\"[0-9()#&amp;+*-=.]+\" title=\"Only numbers and phone characters (#, -, *, etc) are accepted.\">\n\n\t\t\t\t\t\t<\/div>\n\t\t\t\t\t\t\t\t<div class=\"elementor-field-type-email elementor-field-group elementor-column elementor-field-group-email elementor-col-100 elementor-field-required\">\n\t\t\t\t\t\t\t\t\t\t\t\t<label for=\"form-field-email\" class=\"elementor-field-label elementor-screen-only\">\n\t\t\t\t\t\t\t\tVotre adresse email\t\t\t\t\t\t\t<\/label>\n\t\t\t\t\t\t\t\t\t\t\t\t\t\t<input size=\"1\" type=\"email\" name=\"form_fields[email]\" id=\"form-field-email\" class=\"elementor-field elementor-size-sm  elementor-field-textual\" placeholder=\"Votre adresse email\" required=\"required\">\n\t\t\t\t\t\t\t\t\t\t\t<\/div>\n\t\t\t\t\t\t\t\t<div class=\"elementor-field-type-textarea elementor-field-group elementor-column elementor-field-group-message elementor-col-100\">\n\t\t\t\t\t\t\t\t\t\t\t\t<label for=\"form-field-message\" class=\"elementor-field-label elementor-screen-only\">\n\t\t\t\t\t\t\t\tVotre message\t\t\t\t\t\t\t<\/label>\n\t\t\t\t\t\t<textarea class=\"elementor-field-textual elementor-field  elementor-size-sm\" name=\"form_fields[message]\" id=\"form-field-message\" rows=\"4\" placeholder=\"Votre message\"><\/textarea>\t\t\t\t<\/div>\n\t\t\t\t\t\t\t\t<div class=\"elementor-field-group elementor-column elementor-field-type-submit elementor-col-100 e-form__buttons\">\n\t\t\t\t\t<button class=\"elementor-button elementor-size-sm\" type=\"submit\">\n\t\t\t\t\t\t<span class=\"elementor-button-content-wrapper\">\n\t\t\t\t\t\t\t\t\t\t\t\t\t\t\t\t\t\t\t\t\t\t<span class=\"elementor-button-text\">Envoyer<\/span>\n\t\t\t\t\t\t\t\t\t\t\t\t\t<\/span>\n\t\t\t\t\t<\/button>\n\t\t\t\t<\/div>\n\t\t\t<\/div>\n\t\t<\/form>\n\t\t\t\t\t\t<\/div>\n\t\t<div class=\"elementor-element elementor-element-76189beb e-flex e-con-boxed e-con e-child\" data-id=\"76189beb\" data-element_type=\"container\" data-e-type=\"container\" data-settings=\"{&quot;background_background&quot;:&quot;gradient&quot;}\">\n\t\t\t\t\t<div class=\"e-con-inner\">\n\t\t<div class=\"elementor-element elementor-element-3f712d4c e-con-full e-flex e-con e-child\" data-id=\"3f712d4c\" data-element_type=\"container\" data-e-type=\"container\">\n\t\t<div class=\"elementor-element elementor-element-14420a17 e-con-full e-flex e-con e-child\" data-id=\"14420a17\" data-element_type=\"container\" data-e-type=\"container\">\n\t\t\t\t<div class=\"elementor-element elementor-element-1b8ad122 elementor-view-default elementor-position-block-start elementor-mobile-position-block-start elementor-widget elementor-widget-icon-box\" data-id=\"1b8ad122\" data-element_type=\"widget\" data-e-type=\"widget\" data-widget_type=\"icon-box.default\">\n\t\t\t\t\t\t\t<div class=\"elementor-icon-box-wrapper\">\n\n\t\t\t\t\t\t<div class=\"elementor-icon-box-icon\">\n\t\t\t\t<a href=\"tel:+33484497120\" class=\"elementor-icon\" tabindex=\"-1\" aria-label=\"Par t\u00e9l\u00e9phone\">\n\t\t\t\t<svg xmlns=\"http:\/\/www.w3.org\/2000\/svg\" width=\"120\" height=\"120\" viewBox=\"0 0 120 120\" fill=\"none\"><rect width=\"120\" height=\"120\" rx=\"60\" fill=\"white\"><\/rect><g clip-path=\"url(#clip0_2047_4738)\"><circle opacity=\"0.4\" cx=\"60\" cy=\"60\" r=\"36\" fill=\"#8ACFEE\"><\/circle><path d=\"M80.0008 69.84V75.84C80.0031 76.397 79.889 76.9483 79.6659 77.4586C79.4427 77.969 79.1154 78.4271 78.705 78.8037C78.2946 79.1802 77.81 79.4669 77.2823 79.6454C76.7547 79.8238 76.1956 79.8901 75.6408 79.84C69.4865 79.1712 63.5748 77.0682 58.3808 73.7C53.5485 70.6293 49.4515 66.5323 46.3808 61.7C43.0008 56.4824 40.8973 50.5419 40.2408 44.3599C40.1909 43.8069 40.2566 43.2495 40.4338 42.7232C40.6111 42.1969 40.896 41.7133 41.2704 41.3032C41.6448 40.8931 42.1005 40.5654 42.6084 40.341C43.1164 40.1166 43.6655 40.0005 44.2208 39.9999H50.2208C51.1915 39.9904 52.1324 40.3341 52.8684 40.967C53.6043 41.5999 54.085 42.4788 54.2208 43.4399C54.4741 45.3601 54.9437 47.2454 55.6208 49.0599C55.8899 49.7758 55.9482 50.5538 55.7887 51.3017C55.6291 52.0496 55.2586 52.7362 54.7208 53.28L52.1808 55.8199C55.028 60.827 59.1738 64.9728 64.1808 67.82L66.7208 65.28C67.2646 64.7422 67.9512 64.3716 68.6991 64.2121C69.447 64.0526 70.225 64.1109 70.9408 64.3799C72.7554 65.0571 74.6407 65.5267 76.5608 65.78C77.5324 65.917 78.4196 66.4064 79.0539 67.1549C79.6882 67.9035 80.0252 68.8591 80.0008 69.84Z\" fill=\"#8ACFEE\" stroke=\"black\" stroke-width=\"2\" stroke-linecap=\"round\" stroke-linejoin=\"round\"><\/path><\/g><defs><clipPath id=\"clip0_2047_4738\"><rect width=\"72\" height=\"72\" fill=\"white\" transform=\"translate(24 24)\"><\/rect><\/clipPath><\/defs><\/svg>\t\t\t\t<\/a>\n\t\t\t<\/div>\n\t\t\t\n\t\t\t\t\t\t<div class=\"elementor-icon-box-content\">\n\n\t\t\t\t\t\t\t\t\t<h3 class=\"elementor-icon-box-title\">\n\t\t\t\t\t\t<a href=\"tel:+33484497120\" >\n\t\t\t\t\t\t\tPar t\u00e9l\u00e9phone\t\t\t\t\t\t<\/a>\n\t\t\t\t\t<\/h3>\n\t\t\t\t\n\t\t\t\t\t\t\t\t\t<p class=\"elementor-icon-box-description\">\n\t\t\t\t\t\t+33 4 84 49 71 20\t\t\t\t\t<\/p>\n\t\t\t\t\n\t\t\t<\/div>\n\t\t\t\n\t\t<\/div>\n\t\t\t\t\t\t<\/div>\n\t\t\t\t<div class=\"elementor-element elementor-element-5fe071b8 elementor-widget elementor-widget-text-editor\" data-id=\"5fe071b8\" data-element_type=\"widget\" data-e-type=\"widget\" data-widget_type=\"text-editor.default\">\n\t\t\t\t\t\t\t\t\t<p>Lundi 14h-17h \u2014 Mar-Ven 9h-17h<\/p>\t\t\t\t\t\t\t\t<\/div>\n\t\t\t\t<\/div>\n\t\t<div class=\"elementor-element elementor-element-67f56e2c e-con-full e-flex e-con e-child\" data-id=\"67f56e2c\" data-element_type=\"container\" data-e-type=\"container\">\n\t\t\t\t<div class=\"elementor-element elementor-element-12c84708 elementor-view-default elementor-position-block-start elementor-mobile-position-block-start elementor-widget elementor-widget-icon-box\" data-id=\"12c84708\" data-element_type=\"widget\" data-e-type=\"widget\" data-widget_type=\"icon-box.default\">\n\t\t\t\t\t\t\t<div class=\"elementor-icon-box-wrapper\">\n\n\t\t\t\t\t\t<div class=\"elementor-icon-box-icon\">\n\t\t\t\t<span  class=\"elementor-icon\">\n\t\t\t\t<svg xmlns=\"http:\/\/www.w3.org\/2000\/svg\" width=\"120\" height=\"120\" viewBox=\"0 0 120 120\" fill=\"none\"><rect width=\"120\" height=\"120\" rx=\"60\" fill=\"white\"><\/rect><g clip-path=\"url(#clip0_2047_4749)\"><circle opacity=\"0.4\" cx=\"60\" cy=\"60\" r=\"36\" fill=\"#8ACFEE\"><\/circle><path d=\"M78 56C78 70 60 82 60 82C60 82 42 70 42 56C42 51.2261 43.8964 46.6477 47.2721 43.2721C50.6477 39.8964 55.2261 38 60 38C64.7739 38 69.3523 39.8964 72.7279 43.2721C76.1036 46.6477 78 51.2261 78 56Z\" fill=\"#8ACFEE\" stroke=\"black\" stroke-width=\"2\" stroke-linecap=\"round\" stroke-linejoin=\"round\"><\/path><path d=\"M60 62C63.3137 62 66 59.3137 66 56C66 52.6863 63.3137 50 60 50C56.6863 50 54 52.6863 54 56C54 59.3137 56.6863 62 60 62Z\" fill=\"white\" stroke=\"black\" stroke-width=\"2\" stroke-linecap=\"round\" stroke-linejoin=\"round\"><\/path><\/g><defs><clipPath id=\"clip0_2047_4749\"><rect width=\"72\" height=\"72\" fill=\"white\" transform=\"translate(24 24)\"><\/rect><\/clipPath><\/defs><\/svg>\t\t\t\t<\/span>\n\t\t\t<\/div>\n\t\t\t\n\t\t\t\t\t\t<div class=\"elementor-icon-box-content\">\n\n\t\t\t\t\t\t\t\t\t<h3 class=\"elementor-icon-box-title\">\n\t\t\t\t\t\t<span  >\n\t\t\t\t\t\t\tNous rencontrer\t\t\t\t\t\t<\/span>\n\t\t\t\t\t<\/h3>\n\t\t\t\t\n\t\t\t\t\t\t\t\t\t<p class=\"elementor-icon-box-description\">\n\t\t\t\t\t\t8, avenue Fernand Julien<br>\nZA de Bertrane \u2014 13410 Lambesc\t\t\t\t\t<\/p>\n\t\t\t\t\n\t\t\t<\/div>\n\t\t\t\n\t\t<\/div>\n\t\t\t\t\t\t<\/div>\n\t\t\t\t<\/div>\n\t\t<div class=\"elementor-element elementor-element-7303a914 e-con-full e-flex e-con e-child\" data-id=\"7303a914\" data-element_type=\"container\" data-e-type=\"container\">\n\t\t\t\t<div class=\"elementor-element elementor-element-2e0d8c26 elementor-view-default elementor-position-block-start elementor-mobile-position-block-start elementor-widget elementor-widget-icon-box\" data-id=\"2e0d8c26\" data-element_type=\"widget\" data-e-type=\"widget\" data-widget_type=\"icon-box.default\">\n\t\t\t\t\t\t\t<div class=\"elementor-icon-box-wrapper\">\n\n\t\t\t\t\t\t<div class=\"elementor-icon-box-icon\">\n\t\t\t\t<a href=\"mailto:contact@lavie.bio\" class=\"elementor-icon\" tabindex=\"-1\" aria-label=\"Par email\">\n\t\t\t\t<svg xmlns=\"http:\/\/www.w3.org\/2000\/svg\" width=\"120\" height=\"120\" viewBox=\"0 0 120 120\" fill=\"none\"><rect width=\"120\" height=\"120\" rx=\"60\" fill=\"white\"><\/rect><g clip-path=\"url(#clip0_2047_4765)\"><circle opacity=\"0.4\" cx=\"60\" cy=\"60\" r=\"36\" fill=\"#8ACFEE\"><\/circle><path d=\"M44 44H76C78.2 44 80 45.8 80 48V72C80 74.2 78.2 76 76 76H44C41.8 76 40 74.2 40 72V48C40 45.8 41.8 44 44 44Z\" fill=\"#8ACFEE\" stroke=\"black\" stroke-width=\"2\" stroke-linecap=\"round\" stroke-linejoin=\"round\"><\/path><path d=\"M60 62L80 48C80 45.7909 78.2091 44 76 44H44C41.7909 44 40 45.7909 40 48L60 62Z\" fill=\"white\" stroke=\"black\" stroke-width=\"2\" stroke-linecap=\"round\" stroke-linejoin=\"round\"><\/path><\/g><defs><clipPath id=\"clip0_2047_4765\"><rect width=\"72\" height=\"72\" fill=\"white\" transform=\"translate(24 24)\"><\/rect><\/clipPath><\/defs><\/svg>\t\t\t\t<\/a>\n\t\t\t<\/div>\n\t\t\t\n\t\t\t\t\t\t<div class=\"elementor-icon-box-content\">\n\n\t\t\t\t\t\t\t\t\t<h3 class=\"elementor-icon-box-title\">\n\t\t\t\t\t\t<a href=\"mailto:contact@lavie.bio\" >\n\t\t\t\t\t\t\tPar email\t\t\t\t\t\t<\/a>\n\t\t\t\t\t<\/h3>\n\t\t\t\t\n\t\t\t\t\t\t\t\t\t<p class=\"elementor-icon-box-description\">\n\t\t\t\t\t\tcontact@lavie.bio\t\t\t\t\t<\/p>\n\t\t\t\t\n\t\t\t<\/div>\n\t\t\t\n\t\t<\/div>\n\t\t\t\t\t\t<\/div>\n\t\t\t\t<\/div>\n\t\t\t\t<\/div>\n\t\t<div class=\"elementor-element elementor-element-68191b0e e-con-full e-flex e-con e-child\" data-id=\"68191b0e\" data-element_type=\"container\" data-e-type=\"container\">\n\t\t\t\t<div class=\"elementor-element elementor-element-6f919ff6 elementor-widget elementor-widget-button\" data-id=\"6f919ff6\" data-element_type=\"widget\" data-e-type=\"widget\" data-widget_type=\"button.default\">\n\t\t\t\t\t\t\t\t\t\t<a class=\"elementor-button elementor-button-link elementor-size-sm\" href=\"https:\/\/lavie.bio\/de\/faq\/\">\n\t\t\t\t\t\t<span class=\"elementor-button-content-wrapper\">\n\t\t\t\t\t\t<span class=\"elementor-button-icon\">\n\t\t\t\t<svg aria-hidden=\"true\" class=\"e-font-icon-svg e-fas-tint\" viewBox=\"0 0 352 512\" xmlns=\"http:\/\/www.w3.org\/2000\/svg\"><path d=\"M205.22 22.09c-7.94-28.78-49.44-30.12-58.44 0C100.01 179.85 0 222.72 0 333.91 0 432.35 78.72 512 176 512s176-79.65 176-178.09c0-111.75-99.79-153.34-146.78-311.82zM176 448c-61.75 0-112-50.25-112-112 0-8.84 7.16-16 16-16s16 7.16 16 16c0 44.11 35.89 80 80 80 8.84 0 16 7.16 16 16s-7.16 16-16 16z\"><\/path><\/svg>\t\t\t<\/span>\n\t\t\t\t\t\t\t\t\t<span class=\"elementor-button-text\">FAQ<\/span>\n\t\t\t\t\t<\/span>\n\t\t\t\t\t<\/a>\n\t\t\t\t\t\t\t\t<\/div>\n\t\t\t\t<div class=\"elementor-element elementor-element-57b317ee elementor-widget elementor-widget-button\" data-id=\"57b317ee\" data-element_type=\"widget\" data-e-type=\"widget\" data-widget_type=\"button.default\">\n\t\t\t\t\t\t\t\t\t\t<a class=\"elementor-button elementor-button-link elementor-size-sm\" href=\"https:\/\/lavie.bio\/de\/boutique\/\">\n\t\t\t\t\t\t<span class=\"elementor-button-content-wrapper\">\n\t\t\t\t\t\t<span class=\"elementor-button-icon\">\n\t\t\t\t<svg aria-hidden=\"true\" class=\"e-font-icon-svg e-fas-tint\" viewBox=\"0 0 352 512\" xmlns=\"http:\/\/www.w3.org\/2000\/svg\"><path d=\"M205.22 22.09c-7.94-28.78-49.44-30.12-58.44 0C100.01 179.85 0 222.72 0 333.91 0 432.35 78.72 512 176 512s176-79.65 176-178.09c0-111.75-99.79-153.34-146.78-311.82zM176 448c-61.75 0-112-50.25-112-112 0-8.84 7.16-16 16-16s16 7.16 16 16c0 44.11 35.89 80 80 80 8.84 0 16 7.16 16 16s-7.16 16-16 16z\"><\/path><\/svg>\t\t\t<\/span>\n\t\t\t\t\t\t\t\t\t<span class=\"elementor-button-text\">Boutique<\/span>\n\t\t\t\t\t<\/span>\n\t\t\t\t\t<\/a>\n\t\t\t\t\t\t\t\t<\/div>\n\t\t\t\t<\/div>\n\t\t\t\t\t<\/div>\n\t\t\t\t<\/div>\n\t\t\t\t<\/div>\n\t\t<div class=\"elementor-element elementor-element-7e8afbff e-flex e-con-boxed e-con e-parent\" data-id=\"7e8afbff\" data-element_type=\"container\" data-e-type=\"container\">\n\t\t\t\t\t<div class=\"e-con-inner\">\n\t\t\t\t<div class=\"elementor-element elementor-element-704bf682 elementor-widget elementor-widget-spacer\" data-id=\"704bf682\" data-element_type=\"widget\" data-e-type=\"widget\" data-widget_type=\"spacer.default\">\n\t\t\t\t\t\t\t<div class=\"elementor-spacer\">\n\t\t\t<div class=\"elementor-spacer-inner\"><\/div>\n\t\t<\/div>\n\t\t\t\t\t\t<\/div>\n\t\t\t\t\t<\/div>\n\t\t\t\t<\/div>\n\t\t\t\t<\/div>\n\t\t","protected":false},"excerpt":{"rendered":"<p>\u00c0 votre \u00e9coute Notre chat en ligne est souvent le moyen le plus rapide d\u2019obtenir une r\u00e9ponse \u2014 pensez \u00e0 lui poser votre question. Sinon, notre \u00e9quipe vous r\u00e9pond par e-mail sous 24 \u00e0 48 h. Nous sommes l\u00e0 pour vous accompagner, avant comme apr\u00e8s votre achat. Contactez-nous Par t\u00e9l\u00e9phone +33 4 84 49 71 [&hellip;]<\/p>\n","protected":false},"author":3,"featured_media":0,"parent":0,"menu_order":90,"comment_status":"closed","ping_status":"closed","template":"","meta":{"footnotes":""},"class_list":["post-3","page","type-page","status-publish","hentry"],"_links":{"self":[{"href":"https:\/\/lavie.bio\/de\/wp-json\/wp\/v2\/pages\/3","targetHints":{"allow":["GET"]}}],"collection":[{"href":"https:\/\/lavie.bio\/de\/wp-json\/wp\/v2\/pages"}],"about":[{"href":"https:\/\/lavie.bio\/de\/wp-json\/wp\/v2\/types\/page"}],"author":[{"embeddable":true,"href":"https:\/\/lavie.bio\/de\/wp-json\/wp\/v2\/users\/3"}],"replies":[{"embeddable":true,"href":"https:\/\/lavie.bio\/de\/wp-json\/wp\/v2\/comments?post=3"}],"version-history":[{"count":87,"href":"https:\/\/lavie.bio\/de\/wp-json\/wp\/v2\/pages\/3\/revisions"}],"predecessor-version":[{"id":85033,"href":"https:\/\/lavie.bio\/de\/wp-json\/wp\/v2\/pages\/3\/revisions\/85033"}],"wp:attachment":[{"href":"https:\/\/lavie.bio\/de\/wp-json\/wp\/v2\/media?parent=3"}],"curies":[{"name":"wp","href":"https:\/\/api.w.org\/{rel}","templated":true}]}}